{"id":966,"date":"2019-01-04T18:09:04","date_gmt":"2019-01-04T18:09:04","guid":{"rendered":"https:\/\/divers.testix.eu\/front-page\/"},"modified":"2025-06-25T18:25:08","modified_gmt":"2025-06-25T15:25:08","slug":"front-page","status":"publish","type":"page","link":"https:\/\/www.diversclub-crete.gr\/fr\/","title":{"rendered":"Front Page FR"},"content":{"rendered":"<h1>Plong\u00e9e en Cr\u00e8te, Gr\u00e8ce<br \/>\navec Diver\u2019s Club Cr\u00e8te<\/h1>\n<h2>Cr\u00e8te Plong\u00e9e Sous Marine avec Diversclub-crete.gr<\/h2>\n<p><strong>Diver&#8217;s Club Crete<\/strong> est un centre de plong\u00e9e (entreprise) avec une vaste exp\u00e9rience dans la formation \u00e0 la plong\u00e9e sous-marine et la plong\u00e9e ludique. Pour pouvoir mettre nos connaissances et notre expertise \u00e0 votre disposition, nous avons \u00e9tabli un centre de plong\u00e9e principal \u00e0 <strong>Agia Pelagia<\/strong> et une succursale \/ magasin de plong\u00e9e au d\u00e9tail \u00e0 <strong>Ammoudara<\/strong>.<\/p>\n<p>Depuis 1995, nous proposons une gamme compl\u00e8te de cours de plong\u00e9e, de cours NITROX, de plong\u00e9es \u00e0 la plage et en bateau dans de nombreux sites diff\u00e9rents du nord de la Cr\u00e8te. Nous proposons \u00e9galement des programmes de plong\u00e9e pour les plongeurs inexp\u00e9riment\u00e9s et les d\u00e9butants.<\/p>\n<p>Nous avons s\u00e9lectionn\u00e9 des sites de plong\u00e9e, id\u00e9aux pour les plongeurs exp\u00e9riment\u00e9s et inexp\u00e9riment\u00e9s, pour la formation \u00e0 la plong\u00e9e sous-marine et pour les plong\u00e9es de nuit. Les plongeurs sont emmen\u00e9s sur les sites de plong\u00e9e par l&#8217;un de nos bateaux. Des excursions de plong\u00e9e quotidiennes le long de la c\u00f4te nord de la Cr\u00e8te et sur &#8220;l&#8217;\u00eele de Dia&#8221; sont propos\u00e9es sur notre <a href=\"https:\/\/www.diversclub-crete.gr\/fr\/crete-boat-diving-fr\/\">bateau sp\u00e9cialement<\/a> con\u00e7u.<\/p>\n<h5>Un <a href=\"https:\/\/www.diversclub-crete.gr\/fr\/transfers\/\">service de transfert<\/a> gratuit est offert \u00e0 tous nos clients s\u00e9journant dans les r\u00e9gions d&#8217;Agia Pelagia, Ammoudara, Analipsi, Anissaras, Fodele, Gouves, H\u00e9raklion, Hersonissos, Karteros, Kokkini Hani, Koutouloufari, Lygaria, Made, Malia, Mononaftis, Piskopiano et Stalis.<\/h5>\n<h3><\/h3>\n<p style=\"text-align: center;\">Notre centre de plong\u00e9e \u00e0 Agia Pelagia et notre bureau\/boutique de plong\u00e9e \u00e0 Ammoudara sont ouverts d&#8217;avril \u00e0 d\u00e9but novembre.<\/p>\n<h3>Vaste exp\u00e9rience dans la formation de plong\u00e9e sous-marine en Cr\u00e8te<\/h3>\n<p align=\"left\"><img decoding=\"async\" class=\"alignleft size-medium wp-image-114\" src=\"https:\/\/www.diversclub-crete.gr\/wp-content\/uploads\/2019\/01\/BBoat-DCC-2-1-500x334.jpg\" alt=\"crete boat diving\" width=\"500\" height=\"334\" \/><\/p>\n<p>Notre centre de plong\u00e9e est \u00e9quip\u00e9 de mat\u00e9riel de plong\u00e9e flambant neuf fabriqu\u00e9 par Aqualung et Cressi.<\/p>\n<p>Les bouteilles d&#8217;air sont FABER en acier et elles sont de 6, 10, 12 et 15 litres avec des vannes DIN et\/ou INT. La qualit\u00e9 de l&#8217;air comprim\u00e9 est garantie par 2 nouveaux compresseurs d&#8217;air fabriqu\u00e9s par COLTRI SUB et PARAMINA.<\/p>\n<p>Notre longue exp\u00e9rience (depuis 1982) dans la plong\u00e9e et la vente d&#8217;\u00e9quipements de plong\u00e9e sous-marine garantit \u00e0 nos clients les m\u00e9thodes d&#8217;enseignement les plus \u00e9lev\u00e9es et des plong\u00e9es s\u00fbres et agr\u00e9ables.<\/p>\n<p>Notre personnel multilingue (anglais, allemand, fran\u00e7ais, n\u00e9erlandais, polonais, russe et &#8211; \u00e0 coup s\u00fbr &#8211; grec), vous aidera avant, pendant et apr\u00e8s vos plong\u00e9es \/ activit\u00e9s.<\/p>\n<p>Des forfaits sp\u00e9ciaux de plong\u00e9e, avec ou sans h\u00e9bergement en Cr\u00e8te, sont propos\u00e9s pendant toute la saison.<\/p>\n<h4>Temp\u00e9ratures de l&#8217;eau en Cr\u00e8te du Nord &#8211; R\u00e9gion d&#8217;Agia Pelagia (en \u00b0C)<\/h4>\n<div  class=\"lgc-column lgc-grid-parent lgc-grid-50 lgc-tablet-grid-50 lgc-mobile-grid-100 lgc-equal-heights \"><div  class=\"inside-grid-column\">\n<table border=\"0\" width=\"100%\" cellspacing=\"5\" cellpadding=\"5\">\n<tbody>\n<tr>\n<td align=\"center\">Jan<\/td>\n<td align=\"center\">Feb<\/td>\n<td align=\"center\">Mar<\/td>\n<td align=\"center\">April<\/td>\n<td align=\"center\">May<\/td>\n<td align=\"center\">Jun<\/td>\n<\/tr>\n<tr>\n<td align=\"center\" width=\"50\">17<\/td>\n<td align=\"center\" width=\"50\">17<\/td>\n<td align=\"center\" width=\"50\">17<\/td>\n<td align=\"center\" width=\"50\">18<\/td>\n<td align=\"center\" width=\"50\">18-20<\/td>\n<td align=\"center\" width=\"80\">21-23<\/td>\n<\/tr>\n<\/tbody>\n<\/table>\n<p><\/p><\/div><\/div>\n<div  class=\"lgc-column lgc-grid-parent lgc-grid-50 lgc-tablet-grid-50 lgc-mobile-grid-100 lgc-equal-heights \"><div  class=\"inside-grid-column\">\n<table border=\"0\" width=\"100%\" cellspacing=\"5\" cellpadding=\"5\">\n<tbody>\n<tr>\n<td align=\"center\">July<\/td>\n<td align=\"center\">Aug<\/td>\n<td align=\"center\">Sep<\/td>\n<td align=\"center\">Oct<\/td>\n<td align=\"center\">Nov<\/td>\n<td align=\"center\">Dec<\/td>\n<\/tr>\n<tr>\n<td align=\"center\" width=\"80\">24-26<\/td>\n<td align=\"center\" width=\"80\">26-27<\/td>\n<td align=\"center\" width=\"80\">26-24<\/td>\n<td align=\"center\" width=\"50\">23-22<\/td>\n<td align=\"center\" width=\"50\">20<\/td>\n<td align=\"center\" width=\"50\">18<\/td>\n<\/tr>\n<\/tbody>\n<\/table>\n<p><\/p><\/div><\/div><div class=\"lgc-clear\"><\/div>\n","protected":false},"excerpt":{"rendered":"<p>Plong\u00e9e en Cr\u00e8te, Gr\u00e8ce avec Diver\u2019s Club Cr\u00e8te Cr\u00e8te Plong\u00e9e Sous Marine avec Diversclub-crete.gr Diver&#8217;s Club Crete est un centre de plong\u00e9e (entreprise) avec une vaste exp\u00e9rience dans la formation \u00e0 la plong\u00e9e sous-marine et la plong\u00e9e ludique. Pour pouvoir mettre nos connaissances et notre expertise \u00e0 votre disposition, nous avons \u00e9tabli un centre de &#8230; <a title=\"Front Page FR\" class=\"read-more\" href=\"https:\/\/www.diversclub-crete.gr\/fr\/\" aria-label=\"Read more about Front Page FR\">Read more<\/a><\/p>\n","protected":false},"author":1,"featured_media":0,"parent":0,"menu_order":0,"comment_status":"closed","ping_status":"closed","template":"","meta":{"footnotes":""},"class_list":["post-966","page","type-page","status-publish"],"_links":{"self":[{"href":"https:\/\/www.diversclub-crete.gr\/fr\/wp-json\/wp\/v2\/pages\/966","targetHints":{"allow":["GET"]}}],"collection":[{"href":"https:\/\/www.diversclub-crete.gr\/fr\/wp-json\/wp\/v2\/pages"}],"about":[{"href":"https:\/\/www.diversclub-crete.gr\/fr\/wp-json\/wp\/v2\/types\/page"}],"author":[{"embeddable":true,"href":"https:\/\/www.diversclub-crete.gr\/fr\/wp-json\/wp\/v2\/users\/1"}],"replies":[{"embeddable":true,"href":"https:\/\/www.diversclub-crete.gr\/fr\/wp-json\/wp\/v2\/comments?post=966"}],"version-history":[{"count":3,"href":"https:\/\/www.diversclub-crete.gr\/fr\/wp-json\/wp\/v2\/pages\/966\/revisions"}],"predecessor-version":[{"id":7607,"href":"https:\/\/www.diversclub-crete.gr\/fr\/wp-json\/wp\/v2\/pages\/966\/revisions\/7607"}],"wp:attachment":[{"href":"https:\/\/www.diversclub-crete.gr\/fr\/wp-json\/wp\/v2\/media?parent=966"}],"curies":[{"name":"wp","href":"https:\/\/api.w.org\/{rel}","templated":true}]}}