{"id":7588,"date":"2025-06-25T18:09:23","date_gmt":"2025-06-25T15:09:23","guid":{"rendered":"https:\/\/www.diversclub-crete.gr\/transfers\/"},"modified":"2025-06-25T18:17:12","modified_gmt":"2025-06-25T15:17:12","slug":"transfers","status":"publish","type":"page","link":"https:\/\/www.diversclub-crete.gr\/fr\/transfers\/","title":{"rendered":"Transfers"},"content":{"rendered":"<h1>Service de transfert<\/h1>\n<p>Nous vous offrons un service de transfert gratuit depuis\/vers les zones suivantes :<br \/>\nAgia Pelagia, Ammoudara, Analipsi, Anissaras, Fodele, Gouves, H\u00e9raklion, Hersonissos, Karteros, Kokkini Hani, Koutouloufari, Lygaria, Made, Malia, Mononaftis, Piskopiano et Stalis.<\/p>\n<p>Nous proposons \u00e9galement, pour celles et ceux s\u00e9journant dans le village de Sissi, un service de transfert moyennant un suppl\u00e9ment de 15 \u20ac par personne.<\/p>\n<p>Le service de prise en charge commence chaque jour \u00e0 08h00 (selon la zone), et le retour vers votreh\u00e9bergement d\u00e9bute aux alentours de 15h30. Pour les personnes log\u00e9es \u00e0 Agia Pelagia, Made, Mononaftis, Lygaria et Fodele, il est \u00e9galement possible de rentrer \u00e0 votre h\u00f4tel ou point de prise en charge vers 13h00.<\/p>\n<p>Nous venons vous chercher devant tous les h\u00f4tels principaux, ainsi qu&#8217;\u00e0 de nombreux autres points de rendez-vous dans les zones mentionn\u00e9es ci-dessus. Une fois votre activit\u00e9 de plong\u00e9e r\u00e9serv\u00e9e, vous recevrez un e-mail de confirmation dans lequel nous vous indiquerons le lieu et l\u2019horaire exacts de votre prise en charge.<\/p>\n<p>Chaque session de plong\u00e9e dure environ 3 heures. Ainsi, si vous avez r\u00e9serv\u00e9 une seule session, vous aurez du temps libre pour profiter de la magnifique baie d\u2019Agia Pelagia, avec sa belle plage de sable et ses eaux cristallines.<\/p>\n<p>Nous mettons gratuitement \u00e0 votre disposition du mat\u00e9riel de snorkeling (masque\/tuba), afin que vous puissiez d\u00e9couvrir encore plus les beaut\u00e9s de notre baie \u00e0 votre rythme. Vous aurez \u00e9galement la possibilit\u00e9 de savourer un en-cas, une boisson ou m\u00eame un repas dans l\u2019un des charmants caf\u00e9s-restaurants avec vue sur la mer, ou tout simplement de vous d\u00e9tendre sur la plage et de profiter du soleil et de la mer !<\/p>\n","protected":false},"excerpt":{"rendered":"<p>Service de transfert Nous vous offrons un service de transfert gratuit depuis\/vers les zones suivantes : Agia Pelagia, Ammoudara, Analipsi, Anissaras, Fodele, Gouves, H\u00e9raklion, Hersonissos, Karteros, Kokkini Hani, Koutouloufari, Lygaria, Made, Malia, Mononaftis, Piskopiano et Stalis. Nous proposons \u00e9galement, pour celles et ceux s\u00e9journant dans le village de Sissi, un service de transfert moyennant un &#8230; <a title=\"Transfers\" class=\"read-more\" href=\"https:\/\/www.diversclub-crete.gr\/fr\/transfers\/\" aria-label=\"Read more about Transfers\">Read more<\/a><\/p>\n","protected":false},"author":2,"featured_media":0,"parent":0,"menu_order":0,"comment_status":"closed","ping_status":"closed","template":"","meta":{"footnotes":""},"class_list":["post-7588","page","type-page","status-publish"],"_links":{"self":[{"href":"https:\/\/www.diversclub-crete.gr\/fr\/wp-json\/wp\/v2\/pages\/7588","targetHints":{"allow":["GET"]}}],"collection":[{"href":"https:\/\/www.diversclub-crete.gr\/fr\/wp-json\/wp\/v2\/pages"}],"about":[{"href":"https:\/\/www.diversclub-crete.gr\/fr\/wp-json\/wp\/v2\/types\/page"}],"author":[{"embeddable":true,"href":"https:\/\/www.diversclub-crete.gr\/fr\/wp-json\/wp\/v2\/users\/2"}],"replies":[{"embeddable":true,"href":"https:\/\/www.diversclub-crete.gr\/fr\/wp-json\/wp\/v2\/comments?post=7588"}],"version-history":[{"count":3,"href":"https:\/\/www.diversclub-crete.gr\/fr\/wp-json\/wp\/v2\/pages\/7588\/revisions"}],"predecessor-version":[{"id":7596,"href":"https:\/\/www.diversclub-crete.gr\/fr\/wp-json\/wp\/v2\/pages\/7588\/revisions\/7596"}],"wp:attachment":[{"href":"https:\/\/www.diversclub-crete.gr\/fr\/wp-json\/wp\/v2\/media?parent=7588"}],"curies":[{"name":"wp","href":"https:\/\/api.w.org\/{rel}","templated":true}]}}