{"id":7284,"date":"2019-02-05T12:32:22","date_gmt":"2019-02-05T12:32:22","guid":{"rendered":"https:\/\/www.diversclub-crete.gr\/diving-in-hersonissos-gouves-stalis-and-malia\/"},"modified":"2025-02-04T09:07:00","modified_gmt":"2025-02-04T07:07:00","slug":"diving-in-hersonissos-gouves-stalis-and-malia","status":"publish","type":"page","link":"https:\/\/www.diversclub-crete.gr\/fr\/diving-in-hersonissos-gouves-stalis-and-malia\/","title":{"rendered":"Plong\u00e9e sous-marine \u00e0 Hersonissos, Gouves, Stalis et Malia"},"content":{"rendered":"<h1>Plong\u00e9e sous-marine \u00e0 Hersonissos, Gouves, Stalis et Malia<\/h1>\n<p>Vous planifiez vos vacances de r\u00eave dans les magnifiques stations baln\u00e9aires d&#8217;Hersonissos, de Gouves, de Stalis ou de Malia ? Ajoutez une dimension exceptionnelle \u00e0 votre exp\u00e9rience cr\u00e9toise en vous lan\u00e7ant dans une aventure de plong\u00e9e sous-marine inoubliable !<\/p>\n<p>Notre centre de plong\u00e9e haut de gamme, situ\u00e9 \u00e0 Agia Pelagia, vous invite \u00e0 explorer le monde sous-marin fascinant de la M\u00e9diterran\u00e9e, quel que soit votre niveau. Profitez de nos <strong>transferts gratuits<\/strong> !<\/p>\n<h2>Transfert gratuit depuis Malia, Stalis, Hersonissos et Gouves vers Agia Pelagia<\/h2>\n<p><iframe style=\"border: 0;\" src=\"https:\/\/www.google.com\/maps\/embed?pb=!1m14!1m12!1m3!1d161392.89995742426!2d25.19418335269222!3d35.37557028153133!2m3!1f0!2f0!3f0!3m2!1i1024!2i768!4f13.1!5e0!3m2!1sen!2sgr!4v1726046440821!5m2!1sen!2sgr\" width=\"100%\" height=\"450\" allowfullscreen=\"allowfullscreen\"><\/iframe><\/p>\n<h2>Une plong\u00e9e pour tous les niveaux<\/h2>\n<p>Que vous soyez d\u00e9butant ou plongeur exp\u00e9riment\u00e9, nos divers sites de plong\u00e9e vous garantissent une exp\u00e9rience adapt\u00e9e \u00e0 vos comp\u00e9tences :<\/p>\n<ul>\n<li><strong>D\u00e9butants<\/strong> : Commencez par des r\u00e9cifs peu profonds pour gagner en confiance et d\u00e9velopper vos comp\u00e9tences.<\/li>\n<li><strong>Plongeurs interm\u00e9diaires<\/strong> : Explorez des sites plus stimulants avec des profondeurs et des caract\u00e9ristiques vari\u00e9es.<\/li>\n<li><strong>Plongeurs confirm\u00e9s<\/strong> : Profitez de plong\u00e9es profondes, explorez des grottes et d\u00e9couvrez des environnements sous-marins captivants.<\/li>\n<\/ul>\n<h2>Installations et formation de classe mondiale<\/h2>\n<p>Dans notre centre de plong\u00e9e d&#8217;Agia Pelagia, nous sommes fiers de fournir des services de qualit\u00e9 sup\u00e9rieure :<\/p>\n<ul>\n<li><strong>Instructeurs exp\u00e9riment\u00e9s<\/strong> : Notre \u00e9quipe de professionnels certifi\u00e9s partage ses connaissances et assure votre s\u00e9curit\u00e9 tout au long de votre exp\u00e9rience de plong\u00e9e.<\/li>\n<li><strong>\u00c9quipement de pointe<\/strong> : Nous fournissons du mat\u00e9riel de plong\u00e9e de haute qualit\u00e9 et bien entretenu pour garantir votre confort et votre s\u00e9curit\u00e9 sous l&#8217;eau.<\/li>\n<li><strong>Programmes personnalis\u00e9s<\/strong> : Des bapt\u00eames de plong\u00e9e pour d\u00e9butants aux plong\u00e9es avanc\u00e9es pour les plongeurs exp\u00e9riment\u00e9s, nous proposons une gamme de programmes adapt\u00e9s \u00e0 votre niveau de comp\u00e9tence et \u00e0 vos centres d&#8217;int\u00e9r\u00eat.<\/li>\n<li><strong>Installations modernes<\/strong> : Notre centre de plong\u00e9e dispose de casiers pour vos effets personnels, de casiers pour votre \u00e9quipement de plong\u00e9e, de toilettes et de douches avec eau chaude.<\/li>\n<\/ul>\n<h2>Les avantages d&#8217;Agia Pelagia<\/h2>\n<p>Ce qui distingue notre zone de plong\u00e9e de sites comme Hersonissos, c&#8217;est la morphologie unique de nos r\u00e9cifs. Agia Pelagia offre :<\/p>\n<ul>\n<li><strong>Plong\u00e9es multi-niveaux<\/strong> : Explorez diff\u00e9rentes profondeurs, de 6 \u00e0 30 m\u00e8tres, en une seule plong\u00e9e.<\/li>\n<li><strong>Paysages sous-marins fascinants<\/strong> : D\u00e9couvrez l&#8217;impressionnante Grotte Bleue et la Grotte d&#8217;El Greco, offrant des exp\u00e9riences inoubliables aux plongeurs confirm\u00e9s. Naviguez \u00e0 travers des canyons complexes, des passages et des tunnels qui font de chaque plong\u00e9e une exploration passionnante.<\/li>\n<li><strong>Vie marine diversifi\u00e9e<\/strong> : D\u00e9couvrez des \u00e9cosyst\u00e8mes vari\u00e9s en traversant diff\u00e9rentes zones de profondeur en une seule plong\u00e9e.<\/li>\n<li><strong>Plong\u00e9es profondes<\/strong> : Pour ceux qui souhaitent obtenir la sp\u00e9cialit\u00e9 Deep Diver, certains sites atteignent une profondeur de 40 m\u00e8tres.<\/li>\n<\/ul>\n<h2>Transferts gratuits : Votre aventure commence en toute s\u00e9r\u00e9nit\u00e9<\/h2>\n<p>Laissez-nous nous occuper des d\u00e9tails logistiques afin que vous puissiez vous d\u00e9tendre et profiter pleinement de votre s\u00e9jour de plong\u00e9e d\u00e8s le d\u00e9but. C&#8217;est pourquoi nous proposons des transferts gratuits vers notre centre de plong\u00e9e d&#8217;Agia Pelagia pour tous nos clients s\u00e9journant \u00e0 :<\/p>\n<ul>\n<li>Malia et Sissi<\/li>\n<li>Stalis<\/li>\n<li>Hersonissos, Analipsis et Anissaras<\/li>\n<li>Gouves<\/li>\n<li>Kokkini Hani et Karteros<\/li>\n<\/ul>\n<h2 class=\"mb-2 mt-6 text-lg first:mt-3\">Explorez la beaut\u00e9 sous-marine de la Cr\u00e8te<\/h2>\n<p>Chaque plong\u00e9e avec nous est une fa\u00e7on fantastique d&#8217;explorer la mer. La diversit\u00e9 de nos sites de plong\u00e9e, les r\u00e9cifs fascinants et notre emplacement magnifique rendent chaque plong\u00e9e unique. Venez vivre la magie des fonds marins cr\u00e9tois. Nous vous guiderons dans un voyage sous-marin passionnant, qui vous laissera de merveilleux souvenirs et une nouvelle appr\u00e9ciation des mers grecques. <strong><a href=\"https:\/\/www.diversclub-crete.gr\/fr\/dive-sites-fr\/\">D\u00e9couvrez nos sites de plong\u00e9e et nos services<\/a> !<\/strong>.<\/p>\n","protected":false},"excerpt":{"rendered":"<p>Plong\u00e9e sous-marine \u00e0 Hersonissos, Gouves, Stalis et Malia Vous planifiez vos vacances de r\u00eave dans les magnifiques stations baln\u00e9aires d&#8217;Hersonissos, de Gouves, de Stalis ou de Malia ? Ajoutez une dimension exceptionnelle \u00e0 votre exp\u00e9rience cr\u00e9toise en vous lan\u00e7ant dans une aventure de plong\u00e9e sous-marine inoubliable ! Notre centre de plong\u00e9e haut de gamme, situ\u00e9 &#8230; <a title=\"Plong\u00e9e sous-marine \u00e0 Hersonissos, Gouves, Stalis et Malia\" class=\"read-more\" href=\"https:\/\/www.diversclub-crete.gr\/fr\/diving-in-hersonissos-gouves-stalis-and-malia\/\" aria-label=\"Read more about Plong\u00e9e sous-marine \u00e0 Hersonissos, Gouves, Stalis et Malia\">Read more<\/a><\/p>\n","protected":false},"author":2,"featured_media":0,"parent":0,"menu_order":0,"comment_status":"closed","ping_status":"closed","template":"","meta":{"footnotes":""},"class_list":["post-7284","page","type-page","status-publish"],"_links":{"self":[{"href":"https:\/\/www.diversclub-crete.gr\/fr\/wp-json\/wp\/v2\/pages\/7284","targetHints":{"allow":["GET"]}}],"collection":[{"href":"https:\/\/www.diversclub-crete.gr\/fr\/wp-json\/wp\/v2\/pages"}],"about":[{"href":"https:\/\/www.diversclub-crete.gr\/fr\/wp-json\/wp\/v2\/types\/page"}],"author":[{"embeddable":true,"href":"https:\/\/www.diversclub-crete.gr\/fr\/wp-json\/wp\/v2\/users\/2"}],"replies":[{"embeddable":true,"href":"https:\/\/www.diversclub-crete.gr\/fr\/wp-json\/wp\/v2\/comments?post=7284"}],"version-history":[{"count":0,"href":"https:\/\/www.diversclub-crete.gr\/fr\/wp-json\/wp\/v2\/pages\/7284\/revisions"}],"wp:attachment":[{"href":"https:\/\/www.diversclub-crete.gr\/fr\/wp-json\/wp\/v2\/media?parent=7284"}],"curies":[{"name":"wp","href":"https:\/\/api.w.org\/{rel}","templated":true}]}}