{"id":5646,"date":"2022-12-29T00:41:49","date_gmt":"2022-12-28T22:41:49","guid":{"rendered":"https:\/\/www.diversclub-crete.gr\/snorkelling-in-agia-pelagia-crete\/"},"modified":"2025-03-19T21:50:26","modified_gmt":"2025-03-19T19:50:26","slug":"snorkeling-in-agia-pelagia-crete","status":"publish","type":"page","link":"https:\/\/www.diversclub-crete.gr\/fr\/snorkeling-in-agia-pelagia-crete\/","title":{"rendered":"Plong\u00e9e en apn\u00e9e \u00e0 Agia Pelagia, Cr\u00e8te"},"content":{"rendered":"<h1>Plong\u00e9e en apn\u00e9e<\/h1>\n<p>Profitez de la plong\u00e9e en apn\u00e9e dans l&#8217;un des plus beaux endroits d&#8217;H\u00e9raklion, \u00e0 partir du village d&#8217;Agia Pelagia. Nous proposons une vari\u00e9t\u00e9 de sites de plong\u00e9e en apn\u00e9e o\u00f9 vous pouvez commencer \u00e0 une faible profondeur pour les d\u00e9butants et des parties plus profondes pour les plongeurs plus exp\u00e9riment\u00e9s.<\/p>\n<p>Vous pouvez choisir entre la plong\u00e9e en apn\u00e9e depuis le rivage dans la baie d&#8217;Agia Pelagia, sans guide inclus, ou en bateau o\u00f9 vous pourrez faire de la plong\u00e9e avec tuba pendant 1 heure dans un magnifique site de plong\u00e9e en apn\u00e9e ou 2 heures en visitant 2 sites diff\u00e9rents.<\/p>\n<p>Saisissez la chance d&#8217;explorer la vie marine et les r\u00e9cifs m\u00e9diterran\u00e9ens et profitez de nos bas prix !<\/p>\n<style>\ntable, th, td {<br \/>  border: 1px solid white;<br \/>}<br \/><\/style>\n<table style=\"width: 100%;\">\n<colgroup>\n<col span=\"1\" \/>\n<col style=\"background-color: #0c68a2;\" span=\"2\" \/> <\/colgroup>\n<tbody>\n<tr>\n<th class=\"tg-kn0u\" style=\"text-align: left;\">Location de mat\u00e9riel de snorkeling (pour 3h) :<\/th>\n<td class=\"tg-o098\" style=\"text-align: left;\">Masque &amp; Tuba 10\u20ac \/ Palmes 10\u20ac \/ Set Masque, Tuba &amp; Palmes 15\u20ac \/ Combinaison 10\u20ac<\/td>\n<\/tr>\n<tr>\n<th style=\"text-align: left;\" rowspan=\"2\">Excursion de plong\u00e9e en apn\u00e9e en bateau\u00a0:<\/th>\n<td class=\"tg-o098\" style=\"text-align: left;\">1 heure sur 1 spot de snorkeling (mat\u00e9riel de snorkeling compris sauf combinaison) 45\u20ac<\/td>\n<\/tr>\n<\/tbody>\n<\/table>\n<div class=\"bookbutton\"><a href=\"https:\/\/diversclubcrete.bloowatch.com\/booking?categoryId=11532\" target=\"_blank\" rel=\"noopener\">Book Now<\/a><\/div>\n<p> <a href=\"https:\/\/www.diversclub-crete.gr\/fr\/politique-dannulation\/\">Politique d\u2019annulation<\/a><\/p>\n<h1>Plong\u00e9e en apn\u00e9e en Scooter des mers<\/h1>\n<p>Cherchez-vous \u00e0 essayer quelque chose de nouveau et d&#8217;excitant?<\/p>\n<p>Les scooters de mer sont le moyen le plus amusant de faire de la plong\u00e9e avec tuba et d&#8217;explorer la baie d&#8217;Agia Pelagia. Avec une vitesse maximale de 3 n\u0153uds nautiques, les scooters peuvent vous aider \u00e0 parcourir une plus grande distance que la plong\u00e9e en apn\u00e9e traditionnelle et vous donner la chance de voir tout ce que notre belle baie a \u00e0 offrir.<\/p>\n<p>Nos scooters de mer Yamaha Explorer conviennent aux enfants \u00e0 partir de 10 ans. La surveillance d&#8217;un parent ou d&#8217;un adulte est obligatoire.<\/p>\n<p>Les scooters de mer Yamaha RDS 250 sont parfaits pour tout le monde \u00e0 partir de 16 ans et plus.<\/p>\n<style>\ntable, th, td {<br \/>  border: 1px solid white;<br \/>}<br \/><\/style>\n<table style=\"width: 100%;\">\n<colgroup>\n<col span=\"1\" \/>\n<col style=\"background-color: #0c68a2;\" span=\"2\" \/> <\/colgroup>\n<tbody>\n<tr>\n<th style=\"text-align: left;\" rowspan=\"2\">Location de scooter de mer<\/th>\n<td class=\"tg-o098\" style=\"text-align: left;\">45 minutes (y compris bou\u00e9e de signalisation et mat\u00e9riel de snorkeling sauf combinaison) 45\u20ac<\/td>\n<\/tr>\n<\/tbody>\n<\/table>\n<p><strong>Pour plus d&#8217;informations et r\u00e9servations, veuillez <a href=\"https:\/\/www.diversclub-crete.gr\/fr\/contact-divers-club-crete\/\">nous contacter<\/a>.<\/strong><\/p>\n","protected":false},"excerpt":{"rendered":"<p>Plong\u00e9e en apn\u00e9e Profitez de la plong\u00e9e en apn\u00e9e dans l&#8217;un des plus beaux endroits d&#8217;H\u00e9raklion, \u00e0 partir du village d&#8217;Agia Pelagia. Nous proposons une vari\u00e9t\u00e9 de sites de plong\u00e9e en apn\u00e9e o\u00f9 vous pouvez commencer \u00e0 une faible profondeur pour les d\u00e9butants et des parties plus profondes pour les plongeurs plus exp\u00e9riment\u00e9s. Vous pouvez &#8230; <a title=\"Plong\u00e9e en apn\u00e9e \u00e0 Agia Pelagia, Cr\u00e8te\" class=\"read-more\" href=\"https:\/\/www.diversclub-crete.gr\/fr\/snorkeling-in-agia-pelagia-crete\/\" aria-label=\"Read more about Plong\u00e9e en apn\u00e9e \u00e0 Agia Pelagia, Cr\u00e8te\">Read more<\/a><\/p>\n","protected":false},"author":2,"featured_media":0,"parent":0,"menu_order":0,"comment_status":"closed","ping_status":"closed","template":"","meta":{"footnotes":""},"class_list":["post-5646","page","type-page","status-publish"],"_links":{"self":[{"href":"https:\/\/www.diversclub-crete.gr\/fr\/wp-json\/wp\/v2\/pages\/5646","targetHints":{"allow":["GET"]}}],"collection":[{"href":"https:\/\/www.diversclub-crete.gr\/fr\/wp-json\/wp\/v2\/pages"}],"about":[{"href":"https:\/\/www.diversclub-crete.gr\/fr\/wp-json\/wp\/v2\/types\/page"}],"author":[{"embeddable":true,"href":"https:\/\/www.diversclub-crete.gr\/fr\/wp-json\/wp\/v2\/users\/2"}],"replies":[{"embeddable":true,"href":"https:\/\/www.diversclub-crete.gr\/fr\/wp-json\/wp\/v2\/comments?post=5646"}],"version-history":[{"count":0,"href":"https:\/\/www.diversclub-crete.gr\/fr\/wp-json\/wp\/v2\/pages\/5646\/revisions"}],"wp:attachment":[{"href":"https:\/\/www.diversclub-crete.gr\/fr\/wp-json\/wp\/v2\/media?parent=5646"}],"curies":[{"name":"wp","href":"https:\/\/api.w.org\/{rel}","templated":true}]}}