{"id":1797,"date":"2021-02-11T12:53:51","date_gmt":"2021-02-11T10:53:51","guid":{"rendered":"https:\/\/divers.testix.eu\/?page_id=1797"},"modified":"2023-09-15T12:03:12","modified_gmt":"2023-09-15T09:03:12","slug":"politique-dannulation","status":"publish","type":"page","link":"https:\/\/www.diversclub-crete.gr\/fr\/politique-dannulation\/","title":{"rendered":"Politique d&#8217;annulation"},"content":{"rendered":"<p>Notre politique d&#8217;annulation de r\u00e9servation est la suivante:<\/p>\n<ul>\n<li>Si l&#8217;annulation est effectu\u00e9e plus de 48 heures avant l&#8217;activit\u00e9 (09h30), vous serez rembours\u00e9 de l&#8217;int\u00e9gralit\u00e9 du co\u00fbt du programme pour lequel vous avez r\u00e9serv\u00e9 (sans compter les frais eLearning qui ne sont pas remboursables).<\/li>\n<li>Si l&#8217;annulation intervient entre 48 et 24 heures avant l&#8217;activit\u00e9 (09h30), vous serez rembours\u00e9 de 50% du co\u00fbt du programme pour lequel vous avez r\u00e9serv\u00e9 (hors frais eLearning qui ne sont pas remboursables).<\/li>\n<li>Si l&#8217;annulation intervient moins de 24 heures avant l&#8217;activit\u00e9 (09h30), quelle qu&#8217;en soit la raison, vous n&#8217;avez droit \u00e0 aucun remboursement.<\/li>\n<li>Si vous annulez votre cours (SD, OWD, AOWD, etc.) plus de 7 jours avant la date de d\u00e9but (09h30), le prix du cours vous sera rembours\u00e9 (hors frais eLearning qui ne sont pas remboursables). Si vous annulez votre cours moins de 7 jours \u00e0 l&#8217;avance, vous n&#8217;avez droit \u00e0 aucun remboursement.<\/li>\n<li>Si l&#8217;annulation est faite par nous, suite \u00e0 une mauvaise m\u00e9t\u00e9o ou un cas de trouble majeur, physologique ou autres, la totalit\u00e9 de ce que vous avez pay\u00e9 vous sera rembours\u00e9.<\/li>\n<li>Si l&#8217;annulation est faite par nous, mais par votre faute, exemple \u00e9tat d&#8217;ivresse ou prise de substances non ad\u00e9quate avec la plong\u00e9e, mauvais comportement envers les autres plongeurs ou membres de l&#8217;\u00e9quipe, si vous ne voulez pas suivre les r\u00e8gles de la plong\u00e9e sous-marine, si suite \u00e0 des ennuis physiologique ou psychologique et que vous d\u00e9cid\u00e9 de ne pas saut\u00e9 du bateau, ou que vous ne pouvez \u00e9quilibr\u00e9 vos espaces a\u00e8rien durant la descente, il n&#8217;y aura pas remboursement.<\/li>\n<\/ul>\n<p>Dans tout les cas de remboursement, il ne vous sera jamais rendu plus que ce que vous avez donn\u00e9.<\/p>\n","protected":false},"excerpt":{"rendered":"<p>Notre politique d&#8217;annulation de r\u00e9servation est la suivante: Si l&#8217;annulation est effectu\u00e9e plus de 48 heures avant l&#8217;activit\u00e9 (09h30), vous serez rembours\u00e9 de l&#8217;int\u00e9gralit\u00e9 du co\u00fbt du programme pour lequel vous avez r\u00e9serv\u00e9 (sans compter les frais eLearning qui ne sont pas remboursables). Si l&#8217;annulation intervient entre 48 et 24 heures avant l&#8217;activit\u00e9 (09h30), vous &#8230; <a title=\"Politique d&#8217;annulation\" class=\"read-more\" href=\"https:\/\/www.diversclub-crete.gr\/fr\/politique-dannulation\/\" aria-label=\"Read more about Politique d&#8217;annulation\">Read more<\/a><\/p>\n","protected":false},"author":1,"featured_media":0,"parent":0,"menu_order":0,"comment_status":"closed","ping_status":"closed","template":"","meta":{"footnotes":""},"class_list":["post-1797","page","type-page","status-publish"],"_links":{"self":[{"href":"https:\/\/www.diversclub-crete.gr\/fr\/wp-json\/wp\/v2\/pages\/1797","targetHints":{"allow":["GET"]}}],"collection":[{"href":"https:\/\/www.diversclub-crete.gr\/fr\/wp-json\/wp\/v2\/pages"}],"about":[{"href":"https:\/\/www.diversclub-crete.gr\/fr\/wp-json\/wp\/v2\/types\/page"}],"author":[{"embeddable":true,"href":"https:\/\/www.diversclub-crete.gr\/fr\/wp-json\/wp\/v2\/users\/1"}],"replies":[{"embeddable":true,"href":"https:\/\/www.diversclub-crete.gr\/fr\/wp-json\/wp\/v2\/comments?post=1797"}],"version-history":[{"count":0,"href":"https:\/\/www.diversclub-crete.gr\/fr\/wp-json\/wp\/v2\/pages\/1797\/revisions"}],"wp:attachment":[{"href":"https:\/\/www.diversclub-crete.gr\/fr\/wp-json\/wp\/v2\/media?parent=1797"}],"curies":[{"name":"wp","href":"https:\/\/api.w.org\/{rel}","templated":true}]}}