{"id":1755,"date":"2021-02-09T12:54:51","date_gmt":"2021-02-09T10:54:51","guid":{"rendered":"https:\/\/divers.testix.eu\/?page_id=1755"},"modified":"2022-06-13T13:39:04","modified_gmt":"2022-06-13T10:39:04","slug":"examen-medical-du-plongeur-questionnaire","status":"publish","type":"page","link":"https:\/\/www.diversclub-crete.gr\/fr\/examen-medical-du-plongeur-questionnaire\/","title":{"rendered":"Examen M\u00e9dical du Plongeur | Questionnaire"},"content":{"rendered":"<p>La plong\u00e9e sous-marine et l\u2019apn\u00e9e r\u00e9cr\u00e9ative n\u00e9cessitent une bonne sant\u00e9 physique et mentale. Il y a quelques conditions m\u00e9dicales qui peuvent \u00eatre dangereuses pendant la plong\u00e9e, \u00e9num\u00e9r\u00e9es ci-dessous. Ceux qui ont ou sont pr\u00e9dispos\u00e9s \u00e0 l\u2019une de ces conditions doivent \u00eatre \u00e9valu\u00e9s par un m\u00e9decin.<\/p>\n<p>Ce questionnaire m\u00e9dical pour plongeurs fournit une base pour d\u00e9terminer si vous devez demander cette \u00e9valuation. Si vous avez des inqui\u00e9tudes concernant votre condition physique pour la plong\u00e9e qui ne sont pas reprises sur ce formulaire, consultez votre m\u00e9decin avant de plonger. Si vous vous sentez mal, \u00e9vitez de plonger. Si vous pensez avoir possiblement une maladie contagieuse, prot\u00e9gez-vous et prot\u00e9gez les autres en ne participant pas \u00e0 la formation et \/ ou aux activit\u00e9s de plong\u00e9e. Les r\u00e9f\u00e9rences \u00e0 la \u00abplong\u00e9e\u00bb sur ce formulaire englobent \u00e0 la fois la plong\u00e9e sous-marine de loisir et l\u2019apn\u00e9e.<\/p>\n<p>Pour votre s\u00e9curit\u00e9 et celle des autres personnes susceptibles de plonger avec vous, r\u00e9pondez honn\u00eatement \u00e0 toutes les questions et comprenez que vous devez accepter la responsabilit\u00e9 des cons\u00e9quences r\u00e9sultant de toute question \u00e0 laquelle vous pourriez avoir r\u00e9pondu de mani\u00e8re inexacte, ou de votre omission de divulguer tout probl\u00e8me de sant\u00e9 existants ou pass\u00e9s.<\/p>\n<p><em>* Le texte ci-dessous est un \u00e9chantillon du Examen Medical du Plongeur | Questionnaire\u00a0du participant qu&#8217;il vous sera demand\u00e9 de lire et de signer au centre de plong\u00e9e avant de plonger.<\/em><\/p>\n<p><strong>Note aux femmes: <\/strong>Si vous \u00eates enceinte ou tentez de devenir enceinte, ne plongez pas.<\/p>\n<h5>1. J&#8217;ai eu des probl\u00e8mes avec mes poumons\/respiration, mon c\u0153ur, mon sang, affectant mes performances physiques ou mentales normales.<\/h5>\n<p>J\u2019ai \/ J\u2019ai eu:<\/p>\n<ul>\n<li>Chirurgie thoracique, chirurgie cardiaque, chirurgie valvulaire cardiaque, pose de stent ou pneumothorax (poumon effondr\u00e9).<\/li>\n<li>Asthme, respiration sifflante, allergies graves, rhume des foins ou voies respiratoires congestionn\u00e9es au cours des 12 derniers mois, qui limitent\u00a0mon activit\u00e9 physique \/ exercice.<\/li>\n<li>Un probl\u00e8me ou une maladie touchant mon coeur tels que: angine de poitrine, douleur thoracique \u00e0 l\u2019effort, insuffisance cardiaque, oed\u00e8me\u00a0pulmonaire d\u2019immersion, crise cardiaque ou accident vasculaire c\u00e9r\u00e9bral; ou: je prends des m\u00e9dicaments pour toute affection cardiaque.<\/li>\n<li>Bronchite r\u00e9currente et toux actuelle au cours des 12 derniers mois; ou: on m\u2019a diagnostiqu\u00e9 d\u2019un emphys\u00e8me.<\/li>\n<li>Sympt\u00f4mes affectant mes poumons, ma respiration, mon c\u0153ur et\/ou mon sang au cours des 30 derniers jours qui alt\u00e8rent mes performances physiques ou mentales.<\/li>\n<\/ul>\n<h5>2. Je suis \u00e2g\u00e9 de plus de 45 ans.<\/h5>\n<p>J\u2019ai \/ J\u2019ai eu:<\/p>\n<ul>\n<li>Je fume ou j\u2019inhale de la nicotine par d\u2019autres moyens.<\/li>\n<li>J\u2019ai une tension art\u00e9rielle \u00e9lev\u00e9e.<\/li>\n<li>J\u2019ai eu un parent proche d\u00e9c\u00e9d\u00e9 subitement ou d\u2019une maladie cardiaque ou d\u2019un accident vasculaire c\u00e9r\u00e9bral avant l\u2019\u00e2ge de 50 ans; ou: j\u2019ai des\u00a0ant\u00e9c\u00e9dents familiaux de maladie cardiaque avant l\u2019\u00e2ge de 50 ans (y compris des troubles du rythme cardiaque, une maladie coronarienne ou\u00a0une cardiomyopathie).<\/li>\n<\/ul>\n<h5>3. J\u2019ai du mal \u00e0 faire des efforts physiques mod\u00e9r\u00e9s (par exemple, marcher 2 km en 15 minutes ou nager 200 m\u00e8tres sans me reposer), ou: je n\u2019ai pas pu participer \u00e0 une activit\u00e9 physique normale pour des raisons de forme physique ou de sant\u00e9 depuis 12 mois.<\/h5>\n<h5>4. J\u2019ai eu des probl\u00e8mes aux yeux, aux oreilles, aux conduites nasales ou sinus.<\/h5>\n<p>J\u2019ai \/ J\u2019ai eu:<\/p>\n<ul>\n<li>Une chirurgie des sinus au cours des 6 derniers mois.<\/li>\n<li>Une maladie ou chirurgie de l\u2019oreille, une perte auditive ou des probl\u00e8mes d\u2019\u00e9quilibre.<\/li>\n<li>Une sinusite r\u00e9currente au cours des 12 derniers mois.<\/li>\n<li>Une chirurgie oculaire au cours des 3 derniers mois.<\/li>\n<\/ul>\n<h5>5. J\u2019ai subi une intervention chirurgicale au cours des 12 derniers mois; ou: j\u2019ai des probl\u00e8mes chroniques li\u00e9s \u00e0 une intervention chirurgicale ant\u00e9rieure.<\/h5>\n<h5>6. J\u2019ai perdu connaissance, j\u2019ai eu des migraines, des convulsions, un accident vasculaire c\u00e9r\u00e9bral, un traumatisme cr\u00e2nien important ou je souffre de l\u00e9sions ou maladies neurologiques persistantes.<\/h5>\n<p>J\u2019ai \/ J\u2019ai eu:<\/p>\n<ul>\n<li>Un traumatisme cr\u00e2nien avec perte de conscience au cours des 5 derni\u00e8res ann\u00e9es.<\/li>\n<li>Une l\u00e9sion ou maladie neurologique persistante.<\/li>\n<li>Des migraines r\u00e9currentes au cours des 12 derniers mois, ou: je prends des m\u00e9dicaments pour les pr\u00e9venir.<\/li>\n<li>Des syncopes, absences ou \u00e9vanouissements (perte totale ou partielle de la conscience) au cours des 5 derni\u00e8res ann\u00e9es.<\/li>\n<li>Une \u00e9pilepsie, ou des convulsions; ou: je prends des m\u00e9dicaments pour les pr\u00e9venir.<\/li>\n<\/ul>\n<h5>7. Je suis actuellement sous traitement (ou j\u2019ai eu besoin d\u2019un traitement au cours des cinq derni\u00e8res ann\u00e9es) pour des probl\u00e8mes psychologiques, des troubles de la personnalit\u00e9, des crises de panique ou une d\u00e9pendance \u00e0 la drogue ou \u00e0 l\u2019alcool; ou, on m\u2019a diagnostiqu\u00e9 un trouble d\u2019apprentissage.<\/h5>\n<p>J\u2019ai \/ J\u2019ai eu:<\/p>\n<ul>\n<li>Des probl\u00e8mes de comportement, des probl\u00e8mes mentaux ou psychologiques n\u00e9cessitant un traitement m\u00e9dical et\/ou psychiatrique.<\/li>\n<li>Une d\u00e9pression majeure, des id\u00e9es suicidaires, des attaques de panique, un trouble bipolaire non contr\u00f4l\u00e9 n\u00e9cessitant un traitement\u00a0m\u00e9dicamenteux ou psychiatrique.<\/li>\n<li>Un diagnostic de probl\u00e8me de la sant\u00e9 mentale ou un trouble d\u2019apprentissage ou de d\u00e9veloppement qui n\u00e9cessite des soins continus.<\/li>\n<li>Une d\u00e9pendance \u00e0 la drogue ou \u00e0 l\u2019alcool n\u00e9cessitant un traitement au cours des 5 derni\u00e8res ann\u00e9es.<\/li>\n<\/ul>\n<h5>8. J\u2019ai eu des probl\u00e8mes de dos, une hernie, des ulc\u00e8res ou du diab\u00e8te.<\/h5>\n<p>J\u2019ai \/ J\u2019ai eu:<\/p>\n<ul>\n<li>Des probl\u00e8mes de dos r\u00e9currents au cours des 6 derniers mois qui limitent mon activit\u00e9 quotidienne..<\/li>\n<li>Une chirurgie du dos ou de la colonne vert\u00e9brale au cours des 12 derniers mois.<\/li>\n<li>Un diab\u00e8te, contr\u00f4l\u00e9 par m\u00e9dicament ou par r\u00e9gime; ou: un diab\u00e8te gestationnel au cours des 12 derniers mois.<\/li>\n<li>Une hernie non corrig\u00e9e qui limite mes capacit\u00e9s physiques.<\/li>\n<li>Des ulc\u00e8res cutan\u00e9s actifs ou non trait\u00e9s, des plaies chroniques ou une intervention chirurgicale pour ulc\u00e8re au cours des 6 derniers mois.<\/li>\n<\/ul>\n<h5>9. J\u2019ai eu des probl\u00e8mes d\u2019estomac ou d\u2019intestin, y compris une diarrh\u00e9e r\u00e9cente.<\/h5>\n<p>J\u2019ai \/ J\u2019ai eu:<\/p>\n<ul>\n<li>Une chirurgie pour stomie (gastrostomie, colostomie ou nephrostomie) sans avoir d\u00e9j\u00e0 l\u2019autorisation m\u00e9dicale pour nager ou faire des activit\u00e9s physiques.<\/li>\n<li>Une d\u00e9shydratation n\u00e9cessitant une intervention m\u00e9dicale au cours des 7 derniers jours.<\/li>\n<li>Des ulc\u00e8res gastriques ou intestinaux actifs ou non trait\u00e9s; ou: traitement chirurgical de ces ulc\u00e8res au cours des 6 derniers mois.<\/li>\n<li>Des br\u00fblures d\u2019estomac fr\u00e9quentes, r\u00e9gurgitation ou reflux gastro-oesophagien (RGO).<\/li>\n<li>Une colite ulc\u00e9reuse active ou non contr\u00f4l\u00e9e; ou: Maladie de Crohn.<\/li>\n<li>Une chirurgie bariatrique au cours des 12 derniers mois.<\/li>\n<\/ul>\n<h5>\u00a010. Je prends des m\u00e9dicaments sur ordonnance m\u00e9dicale (\u00e0 l\u2019exception des contraceptifs ou des antipalud\u00e9ens autres que la m\u00e9floquine (Lariam).<\/h5>\n<hr \/>\n<p><strong>Si vous avez r\u00e9pondu NON <\/strong>pour tous les questions ci-dessus, une \u00e9valuation m\u00e9dicale n\u2019est pas requise.<\/p>\n<p><strong>Si vous avez r\u00e9pondu OUI<\/strong> \u00e0 l&#8217;une des sous-questions, veuillez imprimer, lire et accepter la <a href=\"https:\/\/drive.google.com\/file\/d\/1vTxzGgoeJrnAz4iaZxHSOdb3pODXhGXS\/view?usp=sharing\" target=\"_blank\" rel=\"noopener noreferrer\"><strong>d\u00e9claration originale<\/strong><\/a> en la signant et la datant ET amenez les trois pages de ce formulaire (Questionnaire du participant et Evaluation du m\u00e9decin) \u00e0 votre m\u00e9decin pour une \u00e9valuation m\u00e9dicale. La participation \u00e0 une activit\u00e9 de plong\u00e9e n\u00e9cessite l&#8217;approbation de votre m\u00e9decin.<\/p>\n","protected":false},"excerpt":{"rendered":"<p>La plong\u00e9e sous-marine et l\u2019apn\u00e9e r\u00e9cr\u00e9ative n\u00e9cessitent une bonne sant\u00e9 physique et mentale. Il y a quelques conditions m\u00e9dicales qui peuvent \u00eatre dangereuses pendant la plong\u00e9e, \u00e9num\u00e9r\u00e9es ci-dessous. Ceux qui ont ou sont pr\u00e9dispos\u00e9s \u00e0 l\u2019une de ces conditions doivent \u00eatre \u00e9valu\u00e9s par un m\u00e9decin. Ce questionnaire m\u00e9dical pour plongeurs fournit une base pour d\u00e9terminer &#8230; <a title=\"Examen M\u00e9dical du Plongeur | Questionnaire\" class=\"read-more\" href=\"https:\/\/www.diversclub-crete.gr\/fr\/examen-medical-du-plongeur-questionnaire\/\" aria-label=\"Read more about Examen M\u00e9dical du Plongeur | Questionnaire\">Read more<\/a><\/p>\n","protected":false},"author":1,"featured_media":0,"parent":0,"menu_order":0,"comment_status":"closed","ping_status":"closed","template":"","meta":{"footnotes":""},"class_list":["post-1755","page","type-page","status-publish"],"_links":{"self":[{"href":"https:\/\/www.diversclub-crete.gr\/fr\/wp-json\/wp\/v2\/pages\/1755","targetHints":{"allow":["GET"]}}],"collection":[{"href":"https:\/\/www.diversclub-crete.gr\/fr\/wp-json\/wp\/v2\/pages"}],"about":[{"href":"https:\/\/www.diversclub-crete.gr\/fr\/wp-json\/wp\/v2\/types\/page"}],"author":[{"embeddable":true,"href":"https:\/\/www.diversclub-crete.gr\/fr\/wp-json\/wp\/v2\/users\/1"}],"replies":[{"embeddable":true,"href":"https:\/\/www.diversclub-crete.gr\/fr\/wp-json\/wp\/v2\/comments?post=1755"}],"version-history":[{"count":0,"href":"https:\/\/www.diversclub-crete.gr\/fr\/wp-json\/wp\/v2\/pages\/1755\/revisions"}],"wp:attachment":[{"href":"https:\/\/www.diversclub-crete.gr\/fr\/wp-json\/wp\/v2\/media?parent=1755"}],"curies":[{"name":"wp","href":"https:\/\/api.w.org\/{rel}","templated":true}]}}