{"id":1337,"date":"2020-01-25T07:58:54","date_gmt":"2020-01-25T05:58:54","guid":{"rendered":"https:\/\/divers.testix.eu\/?page_id=1337"},"modified":"2023-05-16T14:26:54","modified_gmt":"2023-05-16T11:26:54","slug":"tarifs","status":"publish","type":"page","link":"https:\/\/www.diversclub-crete.gr\/fr\/tarifs\/","title":{"rendered":"Prix des programmes et cours de plong\u00e9e en Cr\u00e8te"},"content":{"rendered":"<h2>Prix des programmes et cours de plong\u00e9e en Cr\u00e8te<\/h2>\n<ul>\n<li>Remise jusqu&#8217;\u00e0 25% sur les forfaits de plong\u00e9es en bateau !!<\/li>\n<li>Prix sp\u00e9ciaux pour les groupes (6+ plongeurs) <em>*<\/em><\/li>\n<\/ul>\n<p><em>* Aucun rabais ou prix sp\u00e9cial pour juillet et ao\u00fbt. Ces r\u00e9ductions ne peuvent \u00eatre combin\u00e9es.<\/em><\/p>\n<blockquote style=\"font-size: 1.2em;\"><p><em>B&amp;P = Bloc et Plombs<br \/>\n<\/em><em>Tout eq. = Tout l&#8217;\u00e9quipement<\/em><\/p><\/blockquote>\n<h3>Plong\u00e9es en Bateau pour les Plongeurs Certifi\u00e9s<\/h3>\n<ul class=\"pricelist\">\n<li><strong>1 plong\u00e9e<\/strong> : 40 \u20ac (B&amp;P)<\/li>\n<li><strong>2-3 plong\u00e9es<\/strong> : 37,5 \u20ac \/ plong\u00e9e (B&amp;P)<\/li>\n<li><strong>4-5 plong\u00e9es<\/strong> : 35 \u20ac \/ plong\u00e9e (B&amp;P)<\/li>\n<li><strong>6-9 plong\u00e9es<\/strong> : 33 \u20ac \/ plong\u00e9e (B&amp;P)<\/li>\n<li><strong>10+ plong\u00e9es<\/strong> : 30 \u20ac \/ plong\u00e9e (B&amp;P)<\/li>\n<\/ul>\n<h3>Forfaits pour Plong\u00e9es en Bateau pour les Plongeurs Certifi\u00e9s<\/h3>\n<ul class=\"pricelist\">\n<li><strong>1 plong\u00e9e<\/strong> : 40 \u20ac ( <em>B&amp;P)<\/em> \/ 60 \u20ac (tout eq.)<\/li>\n<li><strong>2 plong\u00e9es<\/strong> : 75 \u20ac ( <em>B&amp;P) \/<\/em> 100 \u20ac (tout eq.)<\/li>\n<li><strong>4 plong\u00e9es<\/strong> : 140 \u20ac ( <em>B&amp;P)<\/em> \/ 190 \u20ac (tout eq.)<\/li>\n<li><strong>6 plong\u00e9es<\/strong> : 200 \u20ac (B&amp;P) \/ 275 \u20ac (tout eq.)<\/li>\n<li><strong>8 plong\u00e9es<\/strong> : 265 \u20ac (B&amp;P) \/ 345 \u20ac (tout eq.)<\/li>\n<li><strong>10 plong\u00e9es<\/strong> : 300 \u20ac (B&amp;P) \/ 400 \u20ac (tout eq.)<\/li>\n<\/ul>\n<p><em>La location d&#8217;\u00e9quipement comprend un Gilet Stabilisateur, un Ensemble Complet d\u00e9tendeur, Combinaison. Le Masque, les Bottes et les Palmes sont gratuits.<\/em><\/p>\n<p><em>Extras: Ordinateur de plong\u00e9e 10 \u20ac par jour, Torche 5 \u20ac par plong\u00e9e, Nitrox 7.5 \u20ac par plong\u00e9e, Cam\u00e9ra U \/ W 20 \u20ac par jour<\/em><\/p>\n<h3>Cours de remise \u00e0 niveaux<\/h3>\n<ul class=\"pricelist\">\n<li><strong>Cours de remise \u00e0 niveaux<\/strong> (Th\u00e9orie, Pratique, 1 Plong\u00e9e sur la Plage): 70 \u20ac<\/li>\n<li><strong>Cours de remise \u00e0 niveaux Plus bateau:<\/strong>\u00a0120 \u20ac<\/li>\n<li><strong>SSI Scuba Skills Update \/ PADI ReActivate<\/strong> (comprend la certification): 100 \u20ac \/ 110 \u20ac<\/li>\n<li><strong>SSI Scuba Skills Update \/ PADI ReActivate Plus<\/strong> <strong>Bateau<\/strong>: 150 \u20ac \/ 175 \u20ac<\/li>\n<\/ul>\n<h3>Location d&#8217;\u00e9quipement (par jour)<\/h3>\n<ul>\n<li><strong>Combinaison &#8211; <\/strong>7 \u20ac 1 plongee \/ 9 \u20ac 1-3 jours \/ 7 \u20ac 4 jours+<\/li>\n<li><strong>B.C.D.\u00a0<\/strong>&#8211;\u00a07 \u20ac 1 plongee \/ 9 \u20ac 1-3 jours \/ 7 \u20ac 4 jours+<\/li>\n<li><strong>R\u00e9gulateur (ensemble complet)\u00a0<\/strong>&#8211; 6 \u20ac 1 plongee \/ 7 \u20ac 1-3 jours \/ 6 \u20ac 4 jours+<\/li>\n<\/ul>\n<h5>Extras<\/h5>\n<ul class=\"pricelist\">\n<li><strong>Ordinateur de plong\u00e9e <\/strong>(par jour)- 10 \u20ac<\/li>\n<li><strong>Appareil photo num\u00e9rique<\/strong> U\/W (par jour) &#8211; 20 \u20ac<\/li>\n<li><strong>Torche<\/strong> (par plong\u00e9e) &#8211; 5 \u20ac<\/li>\n<li><strong>Bouteille Nitrox 32%<\/strong> (par plong\u00e9e) &#8211; 7.5 \u20ac<\/li>\n<li><strong>Plong\u00e9e de nuit<\/strong> (La location de la torche n&#8217;est pas incluse) &#8211; 15 \u20ac<\/li>\n<li><strong>Excursion d&#8217;une journ\u00e9e \u00e0 l&#8217;\u00eele de Dia<\/strong> &#8211; 2 plong\u00e9es (boissons non alcoolis\u00e9es, fruits, eau inclus): 50 \u20ac<\/li>\n<li><strong>Excursion d&#8217;une journ\u00e9e \u00e0 l&#8217;\u00e9pave de Messerschmitt<\/strong> &#8211; 1 plong\u00e9e (boissons non alcoolis\u00e9es, fruits, eau inclus): 150 \u20ac<\/li>\n<\/ul>\n<h3>Programmes de d\u00e9couverte (location d&#8217;\u00e9quipement incluse)<\/h3>\n<ul class=\"pricelist\">\n<li><strong>Initiation \u00e0 la plong\u00e9e &#8211; Bubblemaker<\/strong> (Piscine \/ eau confin\u00e9e): 60 \u20ac<\/li>\n<li><strong>D\u00e9couverte de la plong\u00e9e sous-marine<\/strong> (1 Plong\u00e9e sur la Plage): 70 \u20ac<\/li>\n<li><strong>D\u00e9couverte de la plong\u00e9e sous-marine plus<\/strong> (1 Plage + 1 Plong\u00e9e en Bateau): 140 \u20ac<\/li>\n<\/ul>\n<h3>Formations SSI \/ PADI<\/h3>\n<ul class=\"pricelist\">\n<li><strong>Scuba Diver<\/strong> (tout eq.):\u00a0 330 \u20ac \/ 360 \u20ac<\/li>\n<li><strong>Open Water Diver<\/strong> (tout eq.):\u00a0 460 \u20ac \/ 490 \u20ac<\/li>\n<li><strong>Advanced Diver<\/strong> location de mat\u00e9riel non incluse 60 \u20ac:\u00a0 300 \u20ac \/ 330 \u20ac<\/li>\n<li><strong>Stress &amp; Rescue \/ Rescue Diver<\/strong> location de mat\u00e9riel non incluse 80 \u20ac:\u00a0 360 \u20ac (B&amp;P) \/ 390 \u20ac<\/li>\n<li><strong>React Right \/ Emergency First Response<\/strong> : 130 \u20ac \/ 160 \u20ac<\/li>\n<\/ul>\n<h3>&#8220;Passerelle&#8221;pour niveaux sup\u00e9rieurs*<\/h3>\n<ul class=\"pricelist\">\n<li><strong>Open Water Diver<\/strong> (apr\u00e8s Scuba Diver):\u00a0 330 \u20ac \/ 360 \u20ac(tout eq.)<\/li>\n<li><strong>Open Water Diver<\/strong> (reste 4 plong\u00e9es):\u00a0 240 \u20ac (tout eq.)<\/li>\n<li><strong>Open Water Diver<\/strong> (reste 2 plong\u00e9es):\u00a0 140 \u20ac (tout eq.)<\/li>\n<\/ul>\n<p>Si vous ne poss\u00e9dez pas de code PADI eLearning, les frais de certification sont de 90 \u20ac<\/p>\n<p><em> * REMARQUES:<\/em><\/p>\n<ol>\n<li>Les prix incluent les frais d&#8217;e-Learning PADI et ils ne sont valables que si vous achetez l&#8217;e-Learning par notre interm\u00e9diaire.<\/li>\n<li><em>La location d&#8217;\u00e9quipement complet comprend: Gilet Stabilisateur, d\u00e9tendeur, Ordinateur, Combinaison, Masque, Chaussons et Palmes.<\/em><\/li>\n<\/ol>\n<hr \/>\n<h3>Sp\u00e9cialit\u00e9s SSI \/ PADI<\/h3>\n<ul class=\"pricelist\">\n<li><strong>Deep Diver<\/strong> , 3-4 plong\u00e9es:\u00a0 300 \u20ac \/330 \u20ac<\/li>\n<li><strong>Night Diver<\/strong> , 2-3 plong\u00e9es:\u00a0 250 \u20ac \/ 280 \u20ac<\/li>\n<li><strong>Nitrox Diver <\/strong>, 1 plong\u00e9e:\u00a0 160 \u20ac \/ 190 \u20ac<\/li>\n<li><strong>Perfect Buoyancy \/ Peak Performance Buoyancy<\/strong> , 2 plong\u00e9es:\u00a0 200 \u20ac \/ 230 \u20ac<\/li>\n<li><strong>Recherche et r\u00e9cup\u00e9ration<\/strong> , 3-4 plong\u00e9es:\u00a0 300 \u20ac \/ 330 \u20ac<\/li>\n<li><strong>Orientation sous marine<\/strong> , 2-3 plong\u00e9es:\u00a0 250 \u20ac 280 \u20ac<\/li>\n<li><strong>Photographe sous marine<\/strong> , 2 plong\u00e9es:\u00a0 200 \u20ac \/ 230 \u20ac<\/li>\n<li><strong>Diver Propulsion Vehicle<\/strong> , 2 plong\u00e9es:\u00a0 300 \u20ac \/ 330 \u20ac<\/li>\n<\/ul>\n<p>La location de mat\u00e9riel n&#8217;est pas comprise dans ces prix<\/p>\n<hr \/>\n<ol>\n<li><em> Tous les prix ci-dessus incluent la TVA et sont valables pour les paiements en esp\u00e8ces uniquement!<\/em><\/li>\n<li><em>Les prix peuvent changer sans autre pr\u00e9avis.<\/em><\/li>\n<li>Vous trouverez les prix pour <a href=\"https:\/\/www.diversclub-crete.gr\/wp-content\/uploads\/2023\/05\/price-list-2023-fr-diversclub-crete.pdf\" target=\"_blank\" rel=\"noopener\">le paiement par carte de cr\u00e9dit\/d\u00e9bit ici<\/a>.<\/li>\n<\/ol>\n","protected":false},"excerpt":{"rendered":"<p>Prix des programmes et cours de plong\u00e9e en Cr\u00e8te Remise jusqu&#8217;\u00e0 25% sur les forfaits de plong\u00e9es en bateau !! Prix sp\u00e9ciaux pour les groupes (6+ plongeurs) * * Aucun rabais ou prix sp\u00e9cial pour juillet et ao\u00fbt. Ces r\u00e9ductions ne peuvent \u00eatre combin\u00e9es. B&amp;P = Bloc et Plombs Tout eq. = Tout l&#8217;\u00e9quipement Plong\u00e9es &#8230; <a title=\"Prix des programmes et cours de plong\u00e9e en Cr\u00e8te\" class=\"read-more\" href=\"https:\/\/www.diversclub-crete.gr\/fr\/tarifs\/\" aria-label=\"Read more about Prix des programmes et cours de plong\u00e9e en Cr\u00e8te\">Read more<\/a><\/p>\n","protected":false},"author":2,"featured_media":0,"parent":0,"menu_order":0,"comment_status":"closed","ping_status":"closed","template":"","meta":{"footnotes":""},"class_list":["post-1337","page","type-page","status-publish"],"_links":{"self":[{"href":"https:\/\/www.diversclub-crete.gr\/fr\/wp-json\/wp\/v2\/pages\/1337","targetHints":{"allow":["GET"]}}],"collection":[{"href":"https:\/\/www.diversclub-crete.gr\/fr\/wp-json\/wp\/v2\/pages"}],"about":[{"href":"https:\/\/www.diversclub-crete.gr\/fr\/wp-json\/wp\/v2\/types\/page"}],"author":[{"embeddable":true,"href":"https:\/\/www.diversclub-crete.gr\/fr\/wp-json\/wp\/v2\/users\/2"}],"replies":[{"embeddable":true,"href":"https:\/\/www.diversclub-crete.gr\/fr\/wp-json\/wp\/v2\/comments?post=1337"}],"version-history":[{"count":0,"href":"https:\/\/www.diversclub-crete.gr\/fr\/wp-json\/wp\/v2\/pages\/1337\/revisions"}],"wp:attachment":[{"href":"https:\/\/www.diversclub-crete.gr\/fr\/wp-json\/wp\/v2\/media?parent=1337"}],"curies":[{"name":"wp","href":"https:\/\/api.w.org\/{rel}","templated":true}]}}