{"id":1321,"date":"2020-01-25T07:48:13","date_gmt":"2020-01-25T05:48:13","guid":{"rendered":"https:\/\/divers.testix.eu\/?page_id=1321"},"modified":"2020-05-12T21:26:33","modified_gmt":"2020-05-12T18:26:33","slug":"message-sent","status":"publish","type":"page","link":"https:\/\/www.diversclub-crete.gr\/fr\/message-sent\/","title":{"rendered":"Message envoy\u00e9"},"content":{"rendered":"<div style=\"font-size: 20px;\">\n<p>Merci de nous contacter.<\/p>\n<p>Nous r\u00e9pondons g\u00e9n\u00e9ralement dans les 24 heures.<\/p>\n<p><strong>Si vous ne recevez pas de nos nouvelles apr\u00e8s 48 heures, veuillez v\u00e9rifier votre dossier Spam pour un message de diversclub-crete.gr<\/strong><\/p>\n<\/div>\n","protected":false},"excerpt":{"rendered":"<p>Merci de nous contacter. Nous r\u00e9pondons g\u00e9n\u00e9ralement dans les 24 heures. Si vous ne recevez pas de nos nouvelles apr\u00e8s 48 heures, veuillez v\u00e9rifier votre dossier Spam pour un message de diversclub-crete.gr<\/p>\n","protected":false},"author":1,"featured_media":0,"parent":0,"menu_order":0,"comment_status":"closed","ping_status":"closed","template":"","meta":{"footnotes":""},"class_list":["post-1321","page","type-page","status-publish"],"_links":{"self":[{"href":"https:\/\/www.diversclub-crete.gr\/fr\/wp-json\/wp\/v2\/pages\/1321","targetHints":{"allow":["GET"]}}],"collection":[{"href":"https:\/\/www.diversclub-crete.gr\/fr\/wp-json\/wp\/v2\/pages"}],"about":[{"href":"https:\/\/www.diversclub-crete.gr\/fr\/wp-json\/wp\/v2\/types\/page"}],"author":[{"embeddable":true,"href":"https:\/\/www.diversclub-crete.gr\/fr\/wp-json\/wp\/v2\/users\/1"}],"replies":[{"embeddable":true,"href":"https:\/\/www.diversclub-crete.gr\/fr\/wp-json\/wp\/v2\/comments?post=1321"}],"version-history":[{"count":0,"href":"https:\/\/www.diversclub-crete.gr\/fr\/wp-json\/wp\/v2\/pages\/1321\/revisions"}],"wp:attachment":[{"href":"https:\/\/www.diversclub-crete.gr\/fr\/wp-json\/wp\/v2\/media?parent=1321"}],"curies":[{"name":"wp","href":"https:\/\/api.w.org\/{rel}","templated":true}]}}