{"id":1188,"date":"2019-12-09T17:42:23","date_gmt":"2019-12-09T15:42:23","guid":{"rendered":"https:\/\/divers.testix.eu\/sites-shipwrecks\/"},"modified":"2023-09-22T15:54:05","modified_gmt":"2023-09-22T12:54:05","slug":"sites-shipwrecks","status":"publish","type":"page","link":"https:\/\/www.diversclub-crete.gr\/fr\/sites-shipwrecks\/","title":{"rendered":"Shipwrecks"},"content":{"rendered":"<h4>Excursion d&#8217;une journ\u00e9e sp\u00e9ciale plong\u00e9e sur \u00e9pave<\/h4>\n<p>Lorsque les conditions m\u00e9t\u00e9orologiques sont particuli\u00e8rement bonnes et que nous avons suffisamment de plongeurs int\u00e9ress\u00e9s, nous organisons une journ\u00e9e sp\u00e9ciale de plong\u00e9e sur \u00e9pave. <strong>Les 2 plong\u00e9es se d\u00e9roulent sur l&#8217;\u00e9pave d&#8217;un cargo et d&#8217;un bateau \u00e0 vapeur pr\u00e8s d&#8217;une petite \u00eele<\/strong> au large de la c\u00f4te nord de la Cr\u00e8te.<\/p>\n<h1>Naufrage de la Cargaison<\/h1>\n<p>Le <strong>Naufrage de la Cargaison<\/strong>, selon les conditions m\u00e9t\u00e9orologiques, est \u00e0 30 \u00e0 40 minutes de notre centre de plong\u00e9e en bateau. Notre bateau mouille dans une petite baie, \u00e0 20 m\u00e8tres de profondeur.<\/p>\n<table class=\"tg\" width=\"300\">\n<tbody>\n<tr>\n<th class=\"tg-kn0u\">Plongeurs Certifi\u00e9s<\/th>\n<th class=\"tg-o098\"><a href=\"https:\/\/www.diversclub-crete.gr\/fr\/diving-courses\/#open-water-diver\">Niveau 1<\/a><\/th>\n<th class=\"tg-t0da\"><a href=\"https:\/\/www.diversclub-crete.gr\/fr\/diving-courses\/#advanced-open-water\">Niveau 2 et plus<\/a><\/th>\n<\/tr>\n<tr>\n<td class=\"tg-krdq\">Convient \u00e0:<\/td>\n<td class=\"tg-o098\" style=\"text-align: center;\">x<\/td>\n<td class=\"tg-t0da\" style=\"text-align: center;\">\u2713<\/td>\n<\/tr>\n<tr>\n<td class=\"tg-krdq\">Profondeur:<\/td>\n<td class=\"tg-o098\" style=\"text-align: center;\">x<\/td>\n<td class=\"tg-t0da\" style=\"text-align: center;\">30m<\/td>\n<\/tr>\n<\/tbody>\n<\/table>\n<p>Nous commen\u00e7ons notre plong\u00e9e \u00e0 partir de 5 m\u00e8tres o\u00f9 nous pouvons trouver les premi\u00e8res parties plus petites du cargo, qui est cass\u00e9 en deux. Nous descendons ensuite directement \u00e0 22 m\u00e8tres o\u00f9 une grande partie du hall du navire cr\u00e9e une nage d&#8217;environ 15 m\u00e8tres de long. Apr\u00e8s \u00eatre pass\u00e9 sous le grand panneau m\u00e9tallique, on peut voir l&#8217;arri\u00e8re du navire gisant \u00e0 37 m\u00e8tres de profondeur.<\/p>\n<p>Le navire est assis sur son c\u00f4t\u00e9 gauche et atteint 27 m\u00e8tres. Cette partie mesure environ 30 m\u00e8tres de long et est presque intacte, ce qui signifie que la plupart de ses composants m\u00e9caniques comme une grue, la plupart du pont et une sir\u00e8ne\/cloche, et m\u00eame quelques fen\u00eatres en verre sont toujours l\u00e0. Malheureusement, il n&#8217;y a pas d&#8217;acc\u00e8s \u00e0 l&#8217;int\u00e9rieur du navire, mais la plupart de la partie fonctionnelle de celui-ci est encore visible de l&#8217;ext\u00e9rieur.<\/p>\n<p>Apr\u00e8s avoir pass\u00e9 quelques minutes \u00e0 l&#8217;\u00e9pave, nous nous dirigeons vers le r\u00e9cif, o\u00f9 nous restons entre 10 et 14 m\u00e8tres tout en nageant vers notre bateau. Sur ce c\u00f4t\u00e9 moins profond du r\u00e9cif, nous rencontrons de nombreux morceaux cass\u00e9s du navire et de son \u00e9quipement, ainsi qu&#8217;un des gros taquets qui servait \u00e0 l&#8217;amarrage du navire.<\/p>\n<p>De ce point, nous remontons \u00e0 5 m\u00e8tres de profondeur, o\u00f9 nous effectuons notre palier de s\u00e9curit\u00e9, avant de rejoindre \u00e0 nouveau la surface. Sur ce site de plong\u00e9e, nous rencontrons g\u00e9n\u00e9ralement de gros m\u00e9rous, de grands bancs de sardines, de dorades et de demoiselles, ainsi que quelques types diff\u00e9rents de nudibranches.<\/p>\n<h3><\/h3>\n<h1>\u00c9pave de Bateau \u00e0 Vapeur<\/h1>\n<p>Le <strong>Naufrage du Bateau \u00e0 Vapeur<\/strong> est \u00e0 20 minutes du <strong>Naufrage de la Cargaison<\/strong> et est situ\u00e9 dans une magnifique baie aux eaux cristallines, avec une visibilit\u00e9 jusqu&#8217;\u00e0 40 m\u00e8tres. Le r\u00e9cif commence \u00e0 5 m\u00e8tres o\u00f9 il forme un grand plateau et avec des c\u00f4t\u00e9s inclin\u00e9s jusqu&#8217;\u00e0 une profondeur de 20 m\u00e8tres \u00e0 l&#8217;ouest et 50 \u00e0 l&#8217;est.<\/p>\n<table class=\"tg\" width=\"300\">\n<tbody>\n<tr>\n<th class=\"tg-kn0u\">Plongeurs Certifi\u00e9s<\/th>\n<th class=\"tg-o098\"><a href=\"https:\/\/www.diversclub-crete.gr\/fr\/diving-courses\/#open-water-diver\">Niveau 1<\/a><\/th>\n<th class=\"tg-t0da\"><a href=\"https:\/\/www.diversclub-crete.gr\/fr\/diving-courses\/#advanced-open-water\">Niveau 2 et plus<\/a><\/th>\n<\/tr>\n<tr>\n<td class=\"tg-krdq\">Convient \u00e0:<\/td>\n<td class=\"tg-o098\" style=\"text-align: center;\">x<\/td>\n<td class=\"tg-t0da\" style=\"text-align: center;\">\u2713<\/td>\n<\/tr>\n<tr>\n<td class=\"tg-krdq\">Profondeur:<\/td>\n<td class=\"tg-o098\" style=\"text-align: center;\">x<\/td>\n<td class=\"tg-t0da\" style=\"text-align: center;\">20-26m<\/td>\n<\/tr>\n<\/tbody>\n<\/table>\n<p>Le bateau \u00e0 vapeur est situ\u00e9 sur le c\u00f4t\u00e9 ouest du r\u00e9cif, commence \u00e0 10 m\u00e8tres et descend progressivement jusqu&#8217;\u00e0 19. Il mesure environ 5-6 m\u00e8tres de large et 25 m\u00e8tres de long. Ce navire \u00e9tait en bois, mais comme il a plus de 130 ans, on ne peut voir que sa charpente m\u00e9tallique, la partie avant o\u00f9 se trouvait autrefois le moteur \u00e0 charbon et une \u00e9chelle m\u00e9tallique, qui laisse imaginer sa forme et sa beaut\u00e9 d&#8217;antan. Autour de l&#8217;\u00e9pave on trouve encore de nombreux morceaux de charbon, et sur la charpente on trouve g\u00e9n\u00e9ralement plein de nudibranches et quelques pieuvres et de plus gros poissons.<\/p>\n<p>Apr\u00e8s l&#8217;\u00e9pave, nous avan\u00e7ons pour voir le reste du magnifique r\u00e9cif, \u00e0 des profondeurs comprises entre 18 et 12 m\u00e8tres. Cette partie du r\u00e9cif abrite de tr\u00e8s grosses \u00e9ponges, des m\u00e9rous, des mur\u00e8nes et de plus grands bancs de poissons. Sur cette partie particuli\u00e8re de l&#8217;\u00eele vit \u00e9galement le grand concombre de mer synaptide (famille Synaptidae), que l&#8217;on peut voir dans les eaux moins profondes et qui peut mesurer jusqu&#8217;\u00e0 50 centim\u00e8tres. En se dirigeant vers l&#8217;est sur le r\u00e9cif, nous pouvons \u00e9galement voir de nombreux morceaux cass\u00e9s de poteries anciennes. Le palier de s\u00e9curit\u00e9 commence au sommet de la pente raide qui descend \u00e0 50 m\u00e8tres, cr\u00e9ant un beau paysage, et nous terminons notre plong\u00e9e dans la belle eau turquoise de la baie peu profonde.<\/p>\n<p>Pour faire cette excursion d&#8217;une journ\u00e9e, nous avons besoin de bonnes conditions de mer et d&#8217;un nombre minimum de 6 plongeurs.<br \/>\nL&#8217;heure de rendez-vous au centre de plong\u00e9e pour ce voyage est vers 09h00 et l&#8217;heure de retour au centre de plong\u00e9e est vers 16h00. Il y a un co\u00fbt suppl\u00e9mentaire de 30 \u20ac par personne pour cette excursion d&#8217;une journ\u00e9e et cela comprend l&#8217;eau, les rafra\u00eechissements et les fruits mais pas de repas. Les plongeurs peuvent utiliser le mini-r\u00e9frig\u00e9rateur et la cabine du bateau pour stocker les aliments et les boissons suppl\u00e9mentaires qu&#8217;ils souhaitent emporter avec eux pendant le voyage.<\/p>\n<p>Veuillez trouver plus d&#8217;informations sur nos programmes pour plongeurs certifi\u00e9s et faire une r\u00e9servation <a href=\"https:\/\/www.diversclub-crete.gr\/fr\/cert-divers-fr\/\">ici<\/a>.<\/p>\n<p>* nos sites de plong\u00e9e: <a href=\"https:\/\/www.diversclub-crete.gr\/fr\/sites-elgrecocave-fr\/\">Grotte El Greco<\/a> \u2013 <a href=\"https:\/\/www.diversclub-crete.gr\/fr\/sites-elgrecoreef-fr\/\">R\u00e9cif El Greco<\/a> \u2013 <a href=\"https:\/\/www.diversclub-crete.gr\/fr\/sites-stavros-fr\/\">Cap Stavros<\/a> \u2013 <a href=\"https:\/\/www.diversclub-crete.gr\/fr\/sites-dias-rock\/\">Dia\u2019s Rock<\/a> \u2013 <a href=\"https:\/\/www.diversclub-crete.gr\/fr\/sites-neptunes-rock\/\">Neptune\u2019s Rock<\/a> \u2013 <a href=\"https:\/\/www.diversclub-crete.gr\/fr\/sites-mononaftis-fr\/\">Mononaftis<\/a> \u2013 <a href=\"https:\/\/www.diversclub-crete.gr\/fr\/sites-lygaria\/\">Lygaria<\/a> \u2013 <a href=\"https:\/\/www.diversclub-crete.gr\/fr\/sites-anchor\/\">Big Anchor<\/a> \u2013 <a href=\"https:\/\/www.diversclub-crete.gr\/fr\/sites-bluecave-fr\/\">La Grotte Bleue<\/a> \u2013 <a href=\"https:\/\/www.diversclub-crete.gr\/fr\/sites-daedalos-fr\/\">Daedalos<\/a> \u2013 <a href=\"https:\/\/www.diversclub-crete.gr\/fr\/sites-shipwrecks\/\">Epaves<\/a> \u2013 <a href=\"https:\/\/www.diversclub-crete.gr\/fr\/sites-wreck-fr\/\">Epave Messerschmitt<\/a> <\/p>\n<div id='gallery-1' class='gallery galleryid-1188 gallery-columns-3 gallery-size-medium'><figure class='gallery-item'>\n\t\t\t<div class='gallery-icon landscape'>\n\t\t\t\t<a href='https:\/\/www.diversclub-crete.gr\/wp-content\/uploads\/2021\/02\/ship-wreck-cargo-01-1200X900.jpg'><img decoding=\"async\" width=\"445\" height=\"334\" src=\"https:\/\/www.diversclub-crete.gr\/wp-content\/uploads\/2021\/02\/ship-wreck-cargo-01-1200X900-445x334.jpg\" class=\"attachment-medium size-medium\" alt=\"shipwreck cargo in crete\" srcset=\"https:\/\/www.diversclub-crete.gr\/wp-content\/uploads\/2021\/02\/ship-wreck-cargo-01-1200X900-445x334.jpg 445w, https:\/\/www.diversclub-crete.gr\/wp-content\/uploads\/2021\/02\/ship-wreck-cargo-01-1200X900-891x668.jpg 891w, https:\/\/www.diversclub-crete.gr\/wp-content\/uploads\/2021\/02\/ship-wreck-cargo-01-1200X900-768x576.jpg 768w, https:\/\/www.diversclub-crete.gr\/wp-content\/uploads\/2021\/02\/ship-wreck-cargo-01-1200X900.jpg 1200w\" sizes=\"(max-width: 445px) 100vw, 445px\" \/><\/a>\n\t\t\t<\/div><\/figure><figure class='gallery-item'>\n\t\t\t<div class='gallery-icon landscape'>\n\t\t\t\t<a href='https:\/\/www.diversclub-crete.gr\/wp-content\/uploads\/2021\/02\/ship-wreck-cargo-02-1200X900.jpg'><img decoding=\"async\" width=\"445\" height=\"334\" src=\"https:\/\/www.diversclub-crete.gr\/wp-content\/uploads\/2021\/02\/ship-wreck-cargo-02-1200\u03a7900-445x334.jpg\" class=\"attachment-medium size-medium\" alt=\"shipwreck cargo in crete\" srcset=\"https:\/\/www.diversclub-crete.gr\/wp-content\/uploads\/2021\/02\/ship-wreck-cargo-02-1200\u03a7900-445x334.jpg 445w, https:\/\/www.diversclub-crete.gr\/wp-content\/uploads\/2021\/02\/ship-wreck-cargo-02-1200\u03a7900-891x668.jpg 891w, https:\/\/www.diversclub-crete.gr\/wp-content\/uploads\/2021\/02\/ship-wreck-cargo-02-1200\u03a7900-768x576.jpg 768w, https:\/\/www.diversclub-crete.gr\/wp-content\/uploads\/2021\/02\/ship-wreck-cargo-02-1200\u03a7900.jpg 1200w\" sizes=\"(max-width: 445px) 100vw, 445px\" \/><\/a>\n\t\t\t<\/div><\/figure><figure class='gallery-item'>\n\t\t\t<div class='gallery-icon landscape'>\n\t\t\t\t<a href='https:\/\/www.diversclub-crete.gr\/wp-content\/uploads\/2021\/02\/ship-wreck-cargo-03-1200X900.jpg'><img decoding=\"async\" width=\"445\" height=\"334\" src=\"https:\/\/www.diversclub-crete.gr\/wp-content\/uploads\/2021\/02\/ship-wreck-cargo-03-1200X900-445x334.jpg\" class=\"attachment-medium size-medium\" alt=\"shipwreck cargo in crete\" srcset=\"https:\/\/www.diversclub-crete.gr\/wp-content\/uploads\/2021\/02\/ship-wreck-cargo-03-1200X900-445x334.jpg 445w, https:\/\/www.diversclub-crete.gr\/wp-content\/uploads\/2021\/02\/ship-wreck-cargo-03-1200X900-891x668.jpg 891w, https:\/\/www.diversclub-crete.gr\/wp-content\/uploads\/2021\/02\/ship-wreck-cargo-03-1200X900-768x576.jpg 768w, https:\/\/www.diversclub-crete.gr\/wp-content\/uploads\/2021\/02\/ship-wreck-cargo-03-1200X900.jpg 1200w\" sizes=\"(max-width: 445px) 100vw, 445px\" \/><\/a>\n\t\t\t<\/div><\/figure><figure class='gallery-item'>\n\t\t\t<div class='gallery-icon landscape'>\n\t\t\t\t<a href='https:\/\/www.diversclub-crete.gr\/wp-content\/uploads\/2021\/02\/ship-wreck-steam-02-1200X900.jpg'><img decoding=\"async\" width=\"445\" height=\"334\" src=\"https:\/\/www.diversclub-crete.gr\/wp-content\/uploads\/2021\/02\/ship-wreck-steam-02-1200X900-445x334.jpg\" class=\"attachment-medium size-medium\" alt=\"shipwreck steamboat in crete\" srcset=\"https:\/\/www.diversclub-crete.gr\/wp-content\/uploads\/2021\/02\/ship-wreck-steam-02-1200X900-445x334.jpg 445w, https:\/\/www.diversclub-crete.gr\/wp-content\/uploads\/2021\/02\/ship-wreck-steam-02-1200X900-891x668.jpg 891w, https:\/\/www.diversclub-crete.gr\/wp-content\/uploads\/2021\/02\/ship-wreck-steam-02-1200X900-768x576.jpg 768w, https:\/\/www.diversclub-crete.gr\/wp-content\/uploads\/2021\/02\/ship-wreck-steam-02-1200X900.jpg 1200w\" sizes=\"(max-width: 445px) 100vw, 445px\" \/><\/a>\n\t\t\t<\/div><\/figure><figure class='gallery-item'>\n\t\t\t<div class='gallery-icon landscape'>\n\t\t\t\t<a href='https:\/\/www.diversclub-crete.gr\/wp-content\/uploads\/2021\/02\/ship-wreck-steam-03-1200X900.jpg'><img decoding=\"async\" width=\"445\" height=\"334\" src=\"https:\/\/www.diversclub-crete.gr\/wp-content\/uploads\/2021\/02\/ship-wreck-steam-03-1200X900-445x334.jpg\" class=\"attachment-medium size-medium\" alt=\"shipwreck steamboat in crete\" srcset=\"https:\/\/www.diversclub-crete.gr\/wp-content\/uploads\/2021\/02\/ship-wreck-steam-03-1200X900-445x334.jpg 445w, https:\/\/www.diversclub-crete.gr\/wp-content\/uploads\/2021\/02\/ship-wreck-steam-03-1200X900-891x668.jpg 891w, https:\/\/www.diversclub-crete.gr\/wp-content\/uploads\/2021\/02\/ship-wreck-steam-03-1200X900-768x576.jpg 768w, https:\/\/www.diversclub-crete.gr\/wp-content\/uploads\/2021\/02\/ship-wreck-steam-03-1200X900.jpg 1200w\" sizes=\"(max-width: 445px) 100vw, 445px\" \/><\/a>\n\t\t\t<\/div><\/figure><figure class='gallery-item'>\n\t\t\t<div class='gallery-icon landscape'>\n\t\t\t\t<a href='https:\/\/www.diversclub-crete.gr\/wp-content\/uploads\/2021\/02\/ship-wreck-steam-04-1200X900.jpg'><img decoding=\"async\" width=\"445\" height=\"334\" src=\"https:\/\/www.diversclub-crete.gr\/wp-content\/uploads\/2021\/02\/ship-wreck-steam-04-1200X900-445x334.jpg\" class=\"attachment-medium size-medium\" alt=\"shipwreck steamboat in crete\" srcset=\"https:\/\/www.diversclub-crete.gr\/wp-content\/uploads\/2021\/02\/ship-wreck-steam-04-1200X900-445x334.jpg 445w, https:\/\/www.diversclub-crete.gr\/wp-content\/uploads\/2021\/02\/ship-wreck-steam-04-1200X900-891x668.jpg 891w, https:\/\/www.diversclub-crete.gr\/wp-content\/uploads\/2021\/02\/ship-wreck-steam-04-1200X900-768x576.jpg 768w, https:\/\/www.diversclub-crete.gr\/wp-content\/uploads\/2021\/02\/ship-wreck-steam-04-1200X900.jpg 1200w\" sizes=\"(max-width: 445px) 100vw, 445px\" \/><\/a>\n\t\t\t<\/div><\/figure>\n\t\t<\/div>\n\n","protected":false},"excerpt":{"rendered":"<p>Excursion d&#8217;une journ\u00e9e sp\u00e9ciale plong\u00e9e sur \u00e9pave Lorsque les conditions m\u00e9t\u00e9orologiques sont particuli\u00e8rement bonnes et que nous avons suffisamment de plongeurs int\u00e9ress\u00e9s, nous organisons une journ\u00e9e sp\u00e9ciale de plong\u00e9e sur \u00e9pave. Les 2 plong\u00e9es se d\u00e9roulent sur l&#8217;\u00e9pave d&#8217;un cargo et d&#8217;un bateau \u00e0 vapeur pr\u00e8s d&#8217;une petite \u00eele au large de la c\u00f4te nord &#8230; <a title=\"Shipwrecks\" class=\"read-more\" href=\"https:\/\/www.diversclub-crete.gr\/fr\/sites-shipwrecks\/\" aria-label=\"Read more about Shipwrecks\">Read more<\/a><\/p>\n","protected":false},"author":2,"featured_media":0,"parent":0,"menu_order":0,"comment_status":"closed","ping_status":"closed","template":"","meta":{"footnotes":""},"class_list":["post-1188","page","type-page","status-publish"],"_links":{"self":[{"href":"https:\/\/www.diversclub-crete.gr\/fr\/wp-json\/wp\/v2\/pages\/1188","targetHints":{"allow":["GET"]}}],"collection":[{"href":"https:\/\/www.diversclub-crete.gr\/fr\/wp-json\/wp\/v2\/pages"}],"about":[{"href":"https:\/\/www.diversclub-crete.gr\/fr\/wp-json\/wp\/v2\/types\/page"}],"author":[{"embeddable":true,"href":"https:\/\/www.diversclub-crete.gr\/fr\/wp-json\/wp\/v2\/users\/2"}],"replies":[{"embeddable":true,"href":"https:\/\/www.diversclub-crete.gr\/fr\/wp-json\/wp\/v2\/comments?post=1188"}],"version-history":[{"count":0,"href":"https:\/\/www.diversclub-crete.gr\/fr\/wp-json\/wp\/v2\/pages\/1188\/revisions"}],"wp:attachment":[{"href":"https:\/\/www.diversclub-crete.gr\/fr\/wp-json\/wp\/v2\/media?parent=1188"}],"curies":[{"name":"wp","href":"https:\/\/api.w.org\/{rel}","templated":true}]}}