{"id":1183,"date":"2019-12-09T17:21:02","date_gmt":"2019-12-09T15:21:02","guid":{"rendered":"https:\/\/divers.testix.eu\/sites-neptunes-rock\/"},"modified":"2023-09-22T15:51:33","modified_gmt":"2023-09-22T12:51:33","slug":"sites-neptunes-rock","status":"publish","type":"page","link":"https:\/\/www.diversclub-crete.gr\/fr\/sites-neptunes-rock\/","title":{"rendered":"Neptune\u2019s Rock"},"content":{"rendered":"<h1>Neptune&#8217;s Rock<\/h1>\n<p>Neptune\u2019s Rock est un site de plong\u00e9e assez diff\u00e9rent de tous les autres sites de plong\u00e9e de notre r\u00e9gion. Cet endroit a une beaut\u00e9 plus pure et sauvage. Les profondeurs sur ce site de plong\u00e9e varient de 18 m\u00e8tres maximum pour les d\u00e9butants et 28 m\u00e8tres pour les plongeurs plus exp\u00e9riment\u00e9s.<\/p>\n<table class=\"tg\" width=\"300\">\n<tbody>\n<tr>\n<th class=\"tg-kn0u\">Plongeurs Certifi\u00e9s<\/th>\n<th class=\"tg-o098\"><a href=\"https:\/\/www.diversclub-crete.gr\/fr\/diving-courses\/#open-water-diver\">Niveau 1<\/a><\/th>\n<th class=\"tg-t0da\"><a href=\"https:\/\/www.diversclub-crete.gr\/fr\/diving-courses\/#advanced-open-water\">Niveau 2 et plus<\/a><\/th>\n<\/tr>\n<tr>\n<td class=\"tg-krdq\">Convient \u00e0:<\/td>\n<td class=\"tg-o098\" style=\"text-align: center;\">\u2713<\/td>\n<td class=\"tg-t0da\" style=\"text-align: center;\">\u2713<\/td>\n<\/tr>\n<tr>\n<td class=\"tg-krdq\">Profondeur:<\/td>\n<td class=\"tg-o098\" style=\"text-align: center;\">18m<\/td>\n<td class=\"tg-t0da\" style=\"text-align: center;\">28m<\/td>\n<\/tr>\n<\/tbody>\n<\/table>\n<p>La premi\u00e8re partie de notre plong\u00e9e est guid\u00e9e \u00e0 travers de nombreux rochers, grands et petits, reposant sur le fond sablonneux, cr\u00e9ant l&#8217;endroit id\u00e9al pour les m\u00e9rous, ainsi que pour les petits poissons et les an\u00e9mones. D\u00e8s que nous arrivons \u00e0 18 m\u00e8tres de profondeur, nous arrivons sur une pente raide o\u00f9 l&#8217;on rencontre le Rocher de Neptune. Ce rocher massif mesure 25 m\u00e8tres de large et pr\u00e8s de 20 m\u00e8tres de haut, commen\u00e7ant \u00e0 une profondeur de 28 m\u00e8tres et atteignant environ 8. Tout autour du rocher, il y a de nombreuses cavit\u00e9s o\u00f9 homards, crabes, crevettes, mur\u00e8nes, an\u00e9mones et plus encore. vivent des animaux. Cet endroit abrite \u00e9galement des m\u00e9rous, des poulpes et des nudibranches color\u00e9s.<\/p>\n<p>Au retour, nous suivons le m\u00eame itin\u00e9raire \u00e0 travers le mur du r\u00e9cif \u00e0 une profondeur de 12 m\u00e8tres en direction de notre bateau. Terminant notre plong\u00e9e, nous entrons dans un port rond naturellement form\u00e9 avec une profondeur maximale de 7 m\u00e8tres, qui ressemble \u00e0 un lac avec une grande visibilit\u00e9 et une eau tr\u00e8s calme. Cette partie est parfaite pour se d\u00e9tendre l&#8217;esprit, tout en faisant notre arr\u00eat de s\u00e9curit\u00e9, en raison des belles couleurs sur les nombreux rochers de formes et de tailles diff\u00e9rentes et des groupes de petits poissons qui y vivent.<\/p>\n<p>Veuillez trouver plus d&#8217;informations sur nos programmes pour plongeurs certifi\u00e9s et faire une r\u00e9servation <a href=\"https:\/\/www.diversclub-crete.gr\/fr\/cert-divers-fr\/\">ici<\/a>.<\/p>\n<p>* nos sites de plong\u00e9e: <a href=\"https:\/\/www.diversclub-crete.gr\/fr\/sites-elgrecocave-fr\/\">Grotte El Greco<\/a> \u2013 <a href=\"https:\/\/www.diversclub-crete.gr\/fr\/sites-elgrecoreef-fr\/\">R\u00e9cif El Greco<\/a> \u2013 <a href=\"https:\/\/www.diversclub-crete.gr\/fr\/sites-stavros-fr\/\">Cap Stavros<\/a> \u2013 <a href=\"https:\/\/www.diversclub-crete.gr\/fr\/sites-dias-rock\/\">Dia\u2019s Rock<\/a> \u2013 <a href=\"https:\/\/www.diversclub-crete.gr\/fr\/sites-neptunes-rock\/\">Neptune\u2019s Rock<\/a> \u2013 <a href=\"https:\/\/www.diversclub-crete.gr\/fr\/sites-mononaftis-fr\/\">Mononaftis<\/a> \u2013 <a href=\"https:\/\/www.diversclub-crete.gr\/fr\/sites-lygaria\/\">Lygaria<\/a> \u2013 <a href=\"https:\/\/www.diversclub-crete.gr\/fr\/sites-anchor\/\">Big Anchor<\/a> \u2013 <a href=\"https:\/\/www.diversclub-crete.gr\/fr\/sites-bluecave-fr\/\">La Grotte Bleue<\/a> \u2013 <a href=\"https:\/\/www.diversclub-crete.gr\/fr\/sites-daedalos-fr\/\">Daedalos<\/a> \u2013 <a href=\"https:\/\/www.diversclub-crete.gr\/fr\/sites-shipwrecks\/\">Epaves<\/a> \u2013 <a href=\"https:\/\/www.diversclub-crete.gr\/fr\/sites-wreck-fr\/\">Epave Messerschmitt<\/a> <\/p>\n<div id='gallery-1' class='gallery galleryid-1183 gallery-columns-3 gallery-size-medium'><figure class='gallery-item'>\n\t\t\t<div class='gallery-icon landscape'>\n\t\t\t\t<a href='https:\/\/www.diversclub-crete.gr\/wp-content\/uploads\/2021\/02\/neptunes-rock-04-1200X900.jpg'><img decoding=\"async\" width=\"445\" height=\"334\" src=\"https:\/\/www.diversclub-crete.gr\/wp-content\/uploads\/2021\/02\/neptunes-rock-04-1200X900-445x334.jpg\" class=\"attachment-medium size-medium\" alt=\"diving at neptune\u2019s rock\" srcset=\"https:\/\/www.diversclub-crete.gr\/wp-content\/uploads\/2021\/02\/neptunes-rock-04-1200X900-445x334.jpg 445w, https:\/\/www.diversclub-crete.gr\/wp-content\/uploads\/2021\/02\/neptunes-rock-04-1200X900-891x668.jpg 891w, https:\/\/www.diversclub-crete.gr\/wp-content\/uploads\/2021\/02\/neptunes-rock-04-1200X900-768x576.jpg 768w, https:\/\/www.diversclub-crete.gr\/wp-content\/uploads\/2021\/02\/neptunes-rock-04-1200X900.jpg 1200w\" sizes=\"(max-width: 445px) 100vw, 445px\" \/><\/a>\n\t\t\t<\/div><\/figure><figure class='gallery-item'>\n\t\t\t<div class='gallery-icon landscape'>\n\t\t\t\t<a href='https:\/\/www.diversclub-crete.gr\/wp-content\/uploads\/2021\/02\/neptunes-rock-05-1200X900.jpg'><img decoding=\"async\" width=\"445\" height=\"334\" src=\"https:\/\/www.diversclub-crete.gr\/wp-content\/uploads\/2021\/02\/neptunes-rock-05-1200X900-445x334.jpg\" class=\"attachment-medium size-medium\" alt=\"diving at neptune\u2019s rock\" srcset=\"https:\/\/www.diversclub-crete.gr\/wp-content\/uploads\/2021\/02\/neptunes-rock-05-1200X900-445x334.jpg 445w, https:\/\/www.diversclub-crete.gr\/wp-content\/uploads\/2021\/02\/neptunes-rock-05-1200X900-891x668.jpg 891w, https:\/\/www.diversclub-crete.gr\/wp-content\/uploads\/2021\/02\/neptunes-rock-05-1200X900-768x576.jpg 768w, https:\/\/www.diversclub-crete.gr\/wp-content\/uploads\/2021\/02\/neptunes-rock-05-1200X900.jpg 1200w\" sizes=\"(max-width: 445px) 100vw, 445px\" \/><\/a>\n\t\t\t<\/div><\/figure><figure class='gallery-item'>\n\t\t\t<div class='gallery-icon landscape'>\n\t\t\t\t<a href='https:\/\/www.diversclub-crete.gr\/wp-content\/uploads\/2021\/02\/octopus-dp361990018-1200X900.jpg'><img decoding=\"async\" width=\"445\" height=\"334\" src=\"https:\/\/www.diversclub-crete.gr\/wp-content\/uploads\/2021\/02\/octopus-dp361990018-1200X900-445x334.jpg\" class=\"attachment-medium size-medium\" alt=\"octopus at neptune\u2019s rock\" srcset=\"https:\/\/www.diversclub-crete.gr\/wp-content\/uploads\/2021\/02\/octopus-dp361990018-1200X900-445x334.jpg 445w, https:\/\/www.diversclub-crete.gr\/wp-content\/uploads\/2021\/02\/octopus-dp361990018-1200X900-891x668.jpg 891w, https:\/\/www.diversclub-crete.gr\/wp-content\/uploads\/2021\/02\/octopus-dp361990018-1200X900-768x576.jpg 768w, https:\/\/www.diversclub-crete.gr\/wp-content\/uploads\/2021\/02\/octopus-dp361990018-1200X900.jpg 1200w\" sizes=\"(max-width: 445px) 100vw, 445px\" \/><\/a>\n\t\t\t<\/div><\/figure>\n\t\t<\/div>\n\n","protected":false},"excerpt":{"rendered":"<p>Neptune&#8217;s Rock Neptune\u2019s Rock est un site de plong\u00e9e assez diff\u00e9rent de tous les autres sites de plong\u00e9e de notre r\u00e9gion. Cet endroit a une beaut\u00e9 plus pure et sauvage. Les profondeurs sur ce site de plong\u00e9e varient de 18 m\u00e8tres maximum pour les d\u00e9butants et 28 m\u00e8tres pour les plongeurs plus exp\u00e9riment\u00e9s. Plongeurs Certifi\u00e9s &#8230; <a title=\"Neptune\u2019s Rock\" class=\"read-more\" href=\"https:\/\/www.diversclub-crete.gr\/fr\/sites-neptunes-rock\/\" aria-label=\"Read more about Neptune\u2019s Rock\">Read more<\/a><\/p>\n","protected":false},"author":2,"featured_media":0,"parent":0,"menu_order":0,"comment_status":"closed","ping_status":"closed","template":"","meta":{"footnotes":""},"class_list":["post-1183","page","type-page","status-publish"],"_links":{"self":[{"href":"https:\/\/www.diversclub-crete.gr\/fr\/wp-json\/wp\/v2\/pages\/1183","targetHints":{"allow":["GET"]}}],"collection":[{"href":"https:\/\/www.diversclub-crete.gr\/fr\/wp-json\/wp\/v2\/pages"}],"about":[{"href":"https:\/\/www.diversclub-crete.gr\/fr\/wp-json\/wp\/v2\/types\/page"}],"author":[{"embeddable":true,"href":"https:\/\/www.diversclub-crete.gr\/fr\/wp-json\/wp\/v2\/users\/2"}],"replies":[{"embeddable":true,"href":"https:\/\/www.diversclub-crete.gr\/fr\/wp-json\/wp\/v2\/comments?post=1183"}],"version-history":[{"count":0,"href":"https:\/\/www.diversclub-crete.gr\/fr\/wp-json\/wp\/v2\/pages\/1183\/revisions"}],"wp:attachment":[{"href":"https:\/\/www.diversclub-crete.gr\/fr\/wp-json\/wp\/v2\/media?parent=1183"}],"curies":[{"name":"wp","href":"https:\/\/api.w.org\/{rel}","templated":true}]}}