{"id":1135,"date":"2019-12-09T17:16:36","date_gmt":"2019-12-09T15:16:36","guid":{"rendered":"https:\/\/divers.testix.eu\/sites-dias-rock\/"},"modified":"2023-09-22T15:51:06","modified_gmt":"2023-09-22T12:51:06","slug":"sites-dias-rock","status":"publish","type":"page","link":"https:\/\/www.diversclub-crete.gr\/fr\/sites-dias-rock\/","title":{"rendered":"Dia&#8217;s Rock"},"content":{"rendered":"<h1>Dia&#8217;s Rock<\/h1>\n<p><strong>Dia&#8217;s Rock<\/strong> est situ\u00e9 dans une petite baie, \u00e0 1,5 miles nautiques de notre centre de plong\u00e9e \u00e0 Agia Pelagia. Le r\u00e9cif \u00e0 l&#8217;int\u00e9rieur de la baie descend progressivement de 5 m\u00e8tres \u00e0 18, et \u00e0 l&#8217;ext\u00e9rieur il cr\u00e9e une pente qui commence \u00e0 8 m\u00e8tres et peut aller jusqu&#8217;\u00e0 25 m\u00e8tres de profondeur.<\/p>\n<table class=\"tg\" width=\"300\">\n<tbody>\n<tr>\n<th class=\"tg-kn0u\">Plongeurs Certifi\u00e9s<\/th>\n<th class=\"tg-o098\"><a href=\"https:\/\/www.diversclub-crete.gr\/fr\/diving-courses\/#open-water-diver\">Niveau 1<\/a><\/th>\n<th class=\"tg-t0da\"><a href=\"https:\/\/www.diversclub-crete.gr\/fr\/diving-courses\/#advanced-open-water\">Niveau 2 et plus<\/a><\/th>\n<\/tr>\n<tr>\n<td class=\"tg-krdq\">Convient \u00e0:<\/td>\n<td class=\"tg-o098\" style=\"text-align: center;\">\u2713<\/td>\n<td class=\"tg-t0da\" style=\"text-align: center;\">\u2713<\/td>\n<\/tr>\n<tr>\n<td class=\"tg-krdq\">Profondeur:<\/td>\n<td class=\"tg-o098\" style=\"text-align: center;\">18m<\/td>\n<td class=\"tg-t0da\" style=\"text-align: center;\">25m<\/td>\n<\/tr>\n<\/tbody>\n<\/table>\n<p>Notre bateau mouille pr\u00e8s du rivage dans des eaux peu profondes et calmes, \u00e0 une profondeur de 5 m\u00e8tres, ce qui rend notre descente tr\u00e8s facile. Nous commen\u00e7ons notre plong\u00e9e en suivant le r\u00e9cif qui nous m\u00e8ne vers le coin de la baie \u00e0 une profondeur de 18 m\u00e8tres. Juste avant le virage \u00e0 16 m\u00e8tres de profondeur, sous un rocher se trouvent de petites pi\u00e8ces m\u00e9talliques et l&#8217;obus d&#8217;une mine de la Seconde Guerre mondiale.<\/p>\n<p>Apr\u00e8s la mine, nous bifurquons \u00e0 l&#8217;ext\u00e9rieur de la baie qui nous m\u00e8ne \u00e0 un endroit avec de nombreuses cavit\u00e9s o\u00f9 l&#8217;on peut trouver des m\u00e9rous et des mur\u00e8nes. Ce coin abrite de nombreuses sardines, dorades et demoiselles qui forment souvent un beau nuage de diff\u00e9rentes couleurs.<\/p>\n<p>Sur la partie la plus profonde du r\u00e9cif, nous pouvons g\u00e9n\u00e9ralement apercevoir des m\u00e9rous plus gros, des dentis et d&#8217;autres poissons plus gros chassant pour leur pri\u00e8re. D\u00e8s que nous commen\u00e7ons \u00e0 retourner au bateau, nous commen\u00e7ons \u00e0 remonter vers des eaux moins profondes se rapprochant de la paroi du r\u00e9cif \u00e0 12 m\u00e8tres.<\/p>\n<p>C&#8217;est l&#8217;endroit o\u00f9 nous retrouvons les grands groupes de petits poissons ainsi que les crabes, les nudibranches et parfois les poissons trompettes et les barracudas. Nous terminons notre plong\u00e9e en effectuant le palier de s\u00e9curit\u00e9 sous notre bateau dans l&#8217;eau cristalline de cette magnifique baie, o\u00f9 nous pouvons trouver des poulpes cach\u00e9s dans de petits trous dans les rochers.<\/p>\n<p>Veuillez trouver plus d&#8217;informations sur nos programmes pour plongeurs certifi\u00e9s et faire une r\u00e9servation <a href=\"https:\/\/www.diversclub-crete.gr\/fr\/cert-divers-fr\/\">ici<\/a>.<\/p>\n<p>* nos sites de plong\u00e9e: <a href=\"https:\/\/www.diversclub-crete.gr\/fr\/sites-elgrecocave-fr\/\">Grotte El Greco<\/a> \u2013 <a href=\"https:\/\/www.diversclub-crete.gr\/fr\/sites-elgrecoreef-fr\/\">R\u00e9cif El Greco<\/a> \u2013 <a href=\"https:\/\/www.diversclub-crete.gr\/fr\/sites-stavros-fr\/\">Cap Stavros<\/a> \u2013 <a href=\"https:\/\/www.diversclub-crete.gr\/fr\/sites-dias-rock\/\">Dia\u2019s Rock<\/a> \u2013 <a href=\"https:\/\/www.diversclub-crete.gr\/fr\/sites-neptunes-rock\/\">Neptune\u2019s Rock<\/a> \u2013 <a href=\"https:\/\/www.diversclub-crete.gr\/fr\/sites-mononaftis-fr\/\">Mononaftis<\/a> \u2013 <a href=\"https:\/\/www.diversclub-crete.gr\/fr\/sites-lygaria\/\">Lygaria<\/a> \u2013 <a href=\"https:\/\/www.diversclub-crete.gr\/fr\/sites-anchor\/\">Big Anchor<\/a> \u2013 <a href=\"https:\/\/www.diversclub-crete.gr\/fr\/sites-bluecave-fr\/\">La Grotte Bleue<\/a> \u2013 <a href=\"https:\/\/www.diversclub-crete.gr\/fr\/sites-daedalos-fr\/\">Daedalos<\/a> \u2013 <a href=\"https:\/\/www.diversclub-crete.gr\/fr\/sites-shipwrecks\/\">Epaves<\/a> \u2013 <a href=\"https:\/\/www.diversclub-crete.gr\/fr\/sites-wreck-fr\/\">Epave Messerschmitt<\/a> <\/p>\n<div id='gallery-1' class='gallery galleryid-1135 gallery-columns-3 gallery-size-medium'><figure class='gallery-item'>\n\t\t\t<div class='gallery-icon landscape'>\n\t\t\t\t<a href='https:\/\/www.diversclub-crete.gr\/wp-content\/uploads\/2021\/02\/dias-rock-04-1200X900.jpg'><img decoding=\"async\" width=\"445\" height=\"334\" src=\"https:\/\/www.diversclub-crete.gr\/wp-content\/uploads\/2021\/02\/dias-rock-04-1200\u03a7900-445x334.jpg\" class=\"attachment-medium size-medium\" alt=\"fish at ntia\u2019s rock\" srcset=\"https:\/\/www.diversclub-crete.gr\/wp-content\/uploads\/2021\/02\/dias-rock-04-1200\u03a7900-445x334.jpg 445w, https:\/\/www.diversclub-crete.gr\/wp-content\/uploads\/2021\/02\/dias-rock-04-1200\u03a7900-891x668.jpg 891w, https:\/\/www.diversclub-crete.gr\/wp-content\/uploads\/2021\/02\/dias-rock-04-1200\u03a7900-768x576.jpg 768w, https:\/\/www.diversclub-crete.gr\/wp-content\/uploads\/2021\/02\/dias-rock-04-1200\u03a7900.jpg 1200w\" sizes=\"(max-width: 445px) 100vw, 445px\" \/><\/a>\n\t\t\t<\/div><\/figure><figure class='gallery-item'>\n\t\t\t<div class='gallery-icon landscape'>\n\t\t\t\t<a href='https:\/\/www.diversclub-crete.gr\/wp-content\/uploads\/2021\/02\/dias-rock-05-1200X900.jpg'><img decoding=\"async\" width=\"445\" height=\"334\" src=\"https:\/\/www.diversclub-crete.gr\/wp-content\/uploads\/2021\/02\/dias-rock-05-1200\u03a7900-445x334.jpg\" class=\"attachment-medium size-medium\" alt=\"ntia\u2019s rock\" srcset=\"https:\/\/www.diversclub-crete.gr\/wp-content\/uploads\/2021\/02\/dias-rock-05-1200\u03a7900-445x334.jpg 445w, https:\/\/www.diversclub-crete.gr\/wp-content\/uploads\/2021\/02\/dias-rock-05-1200\u03a7900-891x668.jpg 891w, https:\/\/www.diversclub-crete.gr\/wp-content\/uploads\/2021\/02\/dias-rock-05-1200\u03a7900-768x576.jpg 768w, https:\/\/www.diversclub-crete.gr\/wp-content\/uploads\/2021\/02\/dias-rock-05-1200\u03a7900.jpg 1200w\" sizes=\"(max-width: 445px) 100vw, 445px\" \/><\/a>\n\t\t\t<\/div><\/figure><figure class='gallery-item'>\n\t\t\t<div class='gallery-icon landscape'>\n\t\t\t\t<a href='https:\/\/www.diversclub-crete.gr\/wp-content\/uploads\/2021\/02\/dias-rock-03-1200X900.jpg'><img decoding=\"async\" width=\"445\" height=\"334\" src=\"https:\/\/www.diversclub-crete.gr\/wp-content\/uploads\/2021\/02\/dias-rock-03-1200\u03a7900-445x334.jpg\" class=\"attachment-medium size-medium\" alt=\"fish at ntia\u2019s rock\" srcset=\"https:\/\/www.diversclub-crete.gr\/wp-content\/uploads\/2021\/02\/dias-rock-03-1200\u03a7900-445x334.jpg 445w, https:\/\/www.diversclub-crete.gr\/wp-content\/uploads\/2021\/02\/dias-rock-03-1200\u03a7900-891x668.jpg 891w, https:\/\/www.diversclub-crete.gr\/wp-content\/uploads\/2021\/02\/dias-rock-03-1200\u03a7900-768x576.jpg 768w, https:\/\/www.diversclub-crete.gr\/wp-content\/uploads\/2021\/02\/dias-rock-03-1200\u03a7900.jpg 1200w\" sizes=\"(max-width: 445px) 100vw, 445px\" \/><\/a>\n\t\t\t<\/div><\/figure>\n\t\t<\/div>\n\n","protected":false},"excerpt":{"rendered":"<p>Dia&#8217;s Rock Dia&#8217;s Rock est situ\u00e9 dans une petite baie, \u00e0 1,5 miles nautiques de notre centre de plong\u00e9e \u00e0 Agia Pelagia. Le r\u00e9cif \u00e0 l&#8217;int\u00e9rieur de la baie descend progressivement de 5 m\u00e8tres \u00e0 18, et \u00e0 l&#8217;ext\u00e9rieur il cr\u00e9e une pente qui commence \u00e0 8 m\u00e8tres et peut aller jusqu&#8217;\u00e0 25 m\u00e8tres de &#8230; <a title=\"Dia&#8217;s Rock\" class=\"read-more\" href=\"https:\/\/www.diversclub-crete.gr\/fr\/sites-dias-rock\/\" aria-label=\"Read more about Dia&#8217;s Rock\">Read more<\/a><\/p>\n","protected":false},"author":2,"featured_media":0,"parent":0,"menu_order":0,"comment_status":"closed","ping_status":"closed","template":"","meta":{"footnotes":""},"class_list":["post-1135","page","type-page","status-publish"],"_links":{"self":[{"href":"https:\/\/www.diversclub-crete.gr\/fr\/wp-json\/wp\/v2\/pages\/1135","targetHints":{"allow":["GET"]}}],"collection":[{"href":"https:\/\/www.diversclub-crete.gr\/fr\/wp-json\/wp\/v2\/pages"}],"about":[{"href":"https:\/\/www.diversclub-crete.gr\/fr\/wp-json\/wp\/v2\/types\/page"}],"author":[{"embeddable":true,"href":"https:\/\/www.diversclub-crete.gr\/fr\/wp-json\/wp\/v2\/users\/2"}],"replies":[{"embeddable":true,"href":"https:\/\/www.diversclub-crete.gr\/fr\/wp-json\/wp\/v2\/comments?post=1135"}],"version-history":[{"count":0,"href":"https:\/\/www.diversclub-crete.gr\/fr\/wp-json\/wp\/v2\/pages\/1135\/revisions"}],"wp:attachment":[{"href":"https:\/\/www.diversclub-crete.gr\/fr\/wp-json\/wp\/v2\/media?parent=1135"}],"curies":[{"name":"wp","href":"https:\/\/api.w.org\/{rel}","templated":true}]}}