{"id":1095,"date":"2019-02-05T16:00:53","date_gmt":"2019-02-05T16:00:53","guid":{"rendered":"https:\/\/divers.testix.eu\/nitrox-diving-crete\/"},"modified":"2026-03-02T23:33:58","modified_gmt":"2026-03-02T21:33:58","slug":"nitrox-fr","status":"publish","type":"page","link":"https:\/\/www.diversclub-crete.gr\/fr\/nitrox-fr\/","title":{"rendered":"Plong\u00e9e au Nitrox en Cr\u00e8te"},"content":{"rendered":"<h1>Plong\u00e9e au Nitrox en Cr\u00e8te<\/h1>\n<p><strong>Nitrox<\/strong>, un mot que la plupart des plongeurs associent encore \u00e0 Tech Diving, fait son chemin dans la plong\u00e9e r\u00e9cr\u00e9ative. Depuis 2002, au <strong>Diver&#8217;s Club Crete<\/strong>, nous sommes l&#8217;un des centres de plong\u00e9e pionniers en Cr\u00e8te pour diriger l&#8217;\u00e9volution du Nitrox dans la plong\u00e9e r\u00e9cr\u00e9ative.<\/p>\n<h3>Plonger au Nitrox augmente votre s\u00e9curit\u00e9<\/h3>\n<p>Bienvenue dans l\u2019une des sp\u00e9cialit\u00e9s les plus populaires : le cours <strong>Enriched Air Diver<\/strong>. Plonger avec <strong>Enriched Air Nitrox<\/strong> vous permet de prolonger en toute s\u00e9curit\u00e9 votre temps de plong\u00e9e au-del\u00e0 des limites de non-d\u00e9compression pour l&#8217;air. Plonger avec de l&#8217;air enrichi signifie la s\u00e9curit\u00e9 et plus de temps sous l&#8217;eau. Le nitrox est un gaz dans lequel le pourcentage d&#8217;oxyg\u00e8ne est plus \u00e9lev\u00e9 que dans l&#8217;air normal. Par cons\u00e9quent <strong>Nitrox<\/strong> r\u00e9duit consid\u00e9rablement la saturation en azote lors d&#8217;une plong\u00e9e.<\/p>\n<p>Le cours <strong>EANx Diver<\/strong> est con\u00e7u pour qualifier les plongeurs r\u00e9cr\u00e9atifs \u00e0 utiliser de l&#8217;air enrichi pour la plong\u00e9e r\u00e9cr\u00e9ative sans palier de d\u00e9compression. Le programme aborde l&#8217;utilisation d&#8217;air enrichi avec 22 % \u00e0 40 % d&#8217;oxyg\u00e8ne, en mettant l&#8217;accent sur l&#8217;air enrichi avec 32 % et 36 % d&#8217;oxyg\u00e8ne.<\/p>\n<p>Le cours <strong>EANx Diver<\/strong> met l&#8217;accent sur la pratique th\u00e9orique et pratique associ\u00e9e \u00e0 la plong\u00e9e \u00e0 l&#8217;air enrichi. Outre les cours th\u00e9oriques et les examens \u00e9crits, le cours <strong>Nitrox<\/strong> comprend une formation \u00e0 l&#8217;analyse des gaz et \u00e0 l&#8217;identification et au marquage des bouteilles <strong>Nitrox<\/strong> !<\/p>\n<p>Pour se qualifier pour le cours <strong>Enriched Air Diver<\/strong>, un plongeur doit :<\/p>\n<ul>\n<li>\u00catre certifi\u00e9 Open Water Diver ou avoir une certification de qualification d&#8217;un autre organisme de formation reconnu.<\/li>\n<li>Avoir 12 ans ou plus.<\/li>\n<\/ul>\n<p>Le <strong>cours Nitrox<\/strong> est un cours th\u00e9orique qui peut se faire en <strong>eLearning<\/strong>, depuis votre ordinateur ou appareil mobile (smartphone ou tablette) et peut se faire avant m\u00eame votre arriv\u00e9e \u00e0 notre centre de plong\u00e9e.<\/p>\n<div class=\"bookbutton\"><a href=\"https:\/\/diversclubcrete.bloowatch.com\/booking?categoryId=12067\" target=\"_blank\" rel=\"noopener\">Book Now<\/a><\/div>\n<p><a href=\"https:\/\/www.diversclub-crete.gr\/wp-content\/uploads\/2026\/03\/price-list-2026-diversclub-crete.pdf\">Liste de prix<\/a> &#8211; <a href=\"https:\/\/www.diversclub-crete.gr\/fr\/examen-medical-du-plongeur-questionnaire\/\">Questionnaire m\u00e9dical<\/a> &#8211;\u00a0<a href=\"https:\/\/www.diversclub-crete.gr\/fr\/politique-dannulation\/\">Politique d\u2019annulation<\/a><\/p>\n","protected":false},"excerpt":{"rendered":"<p>Plong\u00e9e au Nitrox en Cr\u00e8te Nitrox, un mot que la plupart des plongeurs associent encore \u00e0 Tech Diving, fait son chemin dans la plong\u00e9e r\u00e9cr\u00e9ative. Depuis 2002, au Diver&#8217;s Club Crete, nous sommes l&#8217;un des centres de plong\u00e9e pionniers en Cr\u00e8te pour diriger l&#8217;\u00e9volution du Nitrox dans la plong\u00e9e r\u00e9cr\u00e9ative. Plonger au Nitrox augmente votre &#8230; <a title=\"Plong\u00e9e au Nitrox en Cr\u00e8te\" class=\"read-more\" href=\"https:\/\/www.diversclub-crete.gr\/fr\/nitrox-fr\/\" aria-label=\"Read more about Plong\u00e9e au Nitrox en Cr\u00e8te\">Read more<\/a><\/p>\n","protected":false},"author":2,"featured_media":0,"parent":0,"menu_order":0,"comment_status":"closed","ping_status":"closed","template":"","meta":{"footnotes":""},"class_list":["post-1095","page","type-page","status-publish"],"_links":{"self":[{"href":"https:\/\/www.diversclub-crete.gr\/fr\/wp-json\/wp\/v2\/pages\/1095","targetHints":{"allow":["GET"]}}],"collection":[{"href":"https:\/\/www.diversclub-crete.gr\/fr\/wp-json\/wp\/v2\/pages"}],"about":[{"href":"https:\/\/www.diversclub-crete.gr\/fr\/wp-json\/wp\/v2\/types\/page"}],"author":[{"embeddable":true,"href":"https:\/\/www.diversclub-crete.gr\/fr\/wp-json\/wp\/v2\/users\/2"}],"replies":[{"embeddable":true,"href":"https:\/\/www.diversclub-crete.gr\/fr\/wp-json\/wp\/v2\/comments?post=1095"}],"version-history":[{"count":3,"href":"https:\/\/www.diversclub-crete.gr\/fr\/wp-json\/wp\/v2\/pages\/1095\/revisions"}],"predecessor-version":[{"id":7773,"href":"https:\/\/www.diversclub-crete.gr\/fr\/wp-json\/wp\/v2\/pages\/1095\/revisions\/7773"}],"wp:attachment":[{"href":"https:\/\/www.diversclub-crete.gr\/fr\/wp-json\/wp\/v2\/media?parent=1095"}],"curies":[{"name":"wp","href":"https:\/\/api.w.org\/{rel}","templated":true}]}}