{"id":1091,"date":"2019-03-27T16:17:23","date_gmt":"2019-03-27T14:17:23","guid":{"rendered":"https:\/\/divers.testix.eu\/?page_id=1091"},"modified":"2026-03-02T23:32:04","modified_gmt":"2026-03-02T21:32:04","slug":"plongee-de-readaptation-refresher-course","status":"publish","type":"page","link":"https:\/\/www.diversclub-crete.gr\/fr\/plongee-de-readaptation-refresher-course\/","title":{"rendered":"Plong\u00e9e de R\u00e9adaptation"},"content":{"rendered":"<h4>Vous n&#8217;avez pas plong\u00e9 derni\u00e8rement ?<\/h4>\n<p>Votre certificat de plong\u00e9e n&#8217;expire pas. La participation \u00e0 un programme de remise \u00e0 niveau n&#8217;est pas obligatoire, mais recommand\u00e9e comme moyen simple de rafra\u00eechir vos connaissances et comp\u00e9tences fondamentales en mati\u00e8re de s\u00e9curit\u00e9 en plong\u00e9e si vous n&#8217;avez pas plong\u00e9 depuis un certain temps.<\/p>\n<p>Nous vous proposons trois options diff\u00e9rentes pour choisir celle qui vous convient le mieux !<\/p>\n<h1>Refresher Cours<\/h1>\n<p>Le programme de remise \u00e0 niveau est le moyen id\u00e9al pour mettre \u00e0 jour vos comp\u00e9tences et connaissances en plong\u00e9e sous-marine acquises lors du cours Open Water Diver avant de vous remettre \u00e0 l&#8217;eau. C&#8217;est rapide et facile, et c&#8217;est un bon moyen de vous pr\u00e9parer pour votre prochain cours SSI ou de vous pr\u00e9parer pour une plong\u00e9e en bateau.<\/p>\n<p>Avec l&#8217;un de nos professionnels SSI, vous passerez en revue les connaissances de base de la plong\u00e9e sous-marine, vous entra\u00eenerez \u00e0 assembler votre \u00e9quipement et \u00e0 effectuer un contr\u00f4le de s\u00e9curit\u00e9 avant la plong\u00e9e. Dans l&#8217;eau, vous passerez en revue toutes les comp\u00e9tences de base et les plus importantes en plong\u00e9e, en vous concentrant sur un bon contr\u00f4le de la flottabilit\u00e9, y compris le retrait du masque, le d\u00e9gagement et la r\u00e9cup\u00e9ration du d\u00e9tendeur, l&#8217;utilisation du poulpe, etc. et une courte plong\u00e9e une fois les comp\u00e9tences termin\u00e9es. Le programme se d\u00e9roule depuis le rivage et dans une profondeur maximale de 10 m\u00e8tres.<\/p>\n<p>Nous contactons g\u00e9n\u00e9ralement ce programme le matin, qui dure environ deux heures et demie \u00e0 trois heures et qui peut \u00eatre combin\u00e9 avec une plong\u00e9e suppl\u00e9mentaire en bateau l&#8217;apr\u00e8s-midi !<\/p>\n<div class=\"attention\">\n<p><strong>Prix du cours de remise \u00e0 niveau<\/strong> : 60\u20ac location de mat\u00e9riel non incluse<\/p>\n<p><strong>Cours de remise \u00e0 niveau + 1 plong\u00e9e en bateau suppl\u00e9mentaire prix<\/strong> : 105\u20ac location de mat\u00e9riel non incluse<\/p>\n<\/div>\n<div class=\"bookbutton\"><a href=\"https:\/\/diversclubcrete.bloowatch.com\/booking?categoryId=11533\" target=\"_blank\" rel=\"noopener\">Book Now<\/a><\/div>\n<p><a href=\"https:\/\/www.diversclub-crete.gr\/wp-content\/uploads\/2026\/03\/price-list-2026-diversclub-crete.pdf\">Liste de prix<\/a> &#8211; <a href=\"https:\/\/www.diversclub-crete.gr\/fr\/examen-medical-du-plongeur-questionnaire\/\">Questionnaire m\u00e9dical<\/a> &#8211;\u00a0<a href=\"https:\/\/www.diversclub-crete.gr\/fr\/politique-dannulation\/\">Politique d\u2019annulation<\/a><\/p>\n<h1>Beach Check Dive<\/h1>\n<p>Si vous n&#8217;avez pas plong\u00e9 depuis un certain temps, mais que vous sentez que vous n&#8217;avez pas besoin d&#8217;une r\u00e9vision de la th\u00e9orie et des comp\u00e9tences de plong\u00e9e, c&#8217;est la bonne option pour recommencer \u00e0 plonger, avant de vous lancer dans une plong\u00e9e en bateau plus exigeante.<\/p>\n<p>Avec votre instructeur, vous installerez votre \u00e9quipement de plong\u00e9e et apr\u00e8s un bref briefing, vous vous mettrez \u00e0 l&#8217;eau pour une plong\u00e9e de 40 minutes depuis le rivage, \u00e0 une profondeur maximale de 12 m\u00e8tres. Cependant, avant de commencer votre plong\u00e9e, vous aurez la chance de pratiquer en eau peu profonde trois comp\u00e9tences de base en plong\u00e9e\u00a0: le d\u00e9gagement du masque, le d\u00e9gagement du r\u00e9gulateur et la r\u00e9cup\u00e9ration du r\u00e9gulateur\u00a0!<\/p>\n<p>Nous contactons g\u00e9n\u00e9ralement ce programme le matin et vous pouvez le combiner avec une plong\u00e9e suppl\u00e9mentaire en bateau l&#8217;apr\u00e8s-midi !<\/p>\n<div class=\"attention\">\n<p><strong>Beach Check Dive<\/strong>: 45 \u20ac location de mat\u00e9riel non incluse<\/p>\n<\/div>\n<div class=\"bookbutton\"><a href=\"https:\/\/diversclubcrete.bloowatch.com\/booking?categoryId=11533\" target=\"_blank\" rel=\"noopener\">Book Now<\/a><\/div>\n<p><a href=\"https:\/\/www.diversclub-crete.gr\/wp-content\/uploads\/2026\/03\/price-list-2026-diversclub-crete.pdf\">Liste de prix<\/a> &#8211; <a href=\"https:\/\/www.diversclub-crete.gr\/fr\/examen-medical-du-plongeur-questionnaire\/\">Questionnaire m\u00e9dical<\/a> &#8211;\u00a0<a href=\"https:\/\/www.diversclub-crete.gr\/fr\/politique-dannulation\/\">Politique d\u2019annulation<\/a><\/p>\n","protected":false},"excerpt":{"rendered":"<p>Vous n&#8217;avez pas plong\u00e9 derni\u00e8rement ? Votre certificat de plong\u00e9e n&#8217;expire pas. La participation \u00e0 un programme de remise \u00e0 niveau n&#8217;est pas obligatoire, mais recommand\u00e9e comme moyen simple de rafra\u00eechir vos connaissances et comp\u00e9tences fondamentales en mati\u00e8re de s\u00e9curit\u00e9 en plong\u00e9e si vous n&#8217;avez pas plong\u00e9 depuis un certain temps. Nous vous proposons trois &#8230; <a title=\"Plong\u00e9e de R\u00e9adaptation\" class=\"read-more\" href=\"https:\/\/www.diversclub-crete.gr\/fr\/plongee-de-readaptation-refresher-course\/\" aria-label=\"Read more about Plong\u00e9e de R\u00e9adaptation\">Read more<\/a><\/p>\n","protected":false},"author":2,"featured_media":0,"parent":0,"menu_order":0,"comment_status":"closed","ping_status":"closed","template":"","meta":{"footnotes":""},"class_list":["post-1091","page","type-page","status-publish"],"_links":{"self":[{"href":"https:\/\/www.diversclub-crete.gr\/fr\/wp-json\/wp\/v2\/pages\/1091","targetHints":{"allow":["GET"]}}],"collection":[{"href":"https:\/\/www.diversclub-crete.gr\/fr\/wp-json\/wp\/v2\/pages"}],"about":[{"href":"https:\/\/www.diversclub-crete.gr\/fr\/wp-json\/wp\/v2\/types\/page"}],"author":[{"embeddable":true,"href":"https:\/\/www.diversclub-crete.gr\/fr\/wp-json\/wp\/v2\/users\/2"}],"replies":[{"embeddable":true,"href":"https:\/\/www.diversclub-crete.gr\/fr\/wp-json\/wp\/v2\/comments?post=1091"}],"version-history":[{"count":3,"href":"https:\/\/www.diversclub-crete.gr\/fr\/wp-json\/wp\/v2\/pages\/1091\/revisions"}],"predecessor-version":[{"id":7769,"href":"https:\/\/www.diversclub-crete.gr\/fr\/wp-json\/wp\/v2\/pages\/1091\/revisions\/7769"}],"wp:attachment":[{"href":"https:\/\/www.diversclub-crete.gr\/fr\/wp-json\/wp\/v2\/media?parent=1091"}],"curies":[{"name":"wp","href":"https:\/\/api.w.org\/{rel}","templated":true}]}}