{"id":1082,"date":"2019-02-05T15:58:40","date_gmt":"2019-02-05T15:58:40","guid":{"rendered":"https:\/\/divers.testix.eu\/padi\/"},"modified":"2026-03-02T23:30:00","modified_gmt":"2026-03-02T21:30:00","slug":"diving-courses","status":"publish","type":"page","link":"https:\/\/www.diversclub-crete.gr\/fr\/diving-courses\/","title":{"rendered":"Cours de Plong\u00e9e"},"content":{"rendered":"<h1>Cours de Plong\u00e9e<\/h1>\n<p><img decoding=\"async\" class=\"alignleft size-medium wp-image-7134\" src=\"https:\/\/www.diversclub-crete.gr\/wp-content\/uploads\/2024\/12\/horizontal-white-diversclub-crete-500x119.png\" alt=\"\" width=\"500\" height=\"119\" \/><\/p>\n<ul style=\"display: inline-block;\">\n<li><a href=\"#scuba-diver\">Scuba Diver<\/a><\/li>\n<li><a href=\"#open-water-diver\">Open Water Diver<\/a><\/li>\n<li><a href=\"#specialties\">Sp\u00e9cialit\u00e9s<\/a><\/li>\n<li><a href=\"#advanced-open-water\">Advanced Open Water Diver<\/a><\/li>\n<li><a href=\"#rescue-diver\">Stress &amp; Rescue Diver<\/a><\/li>\n<li><a href=\"#emergency\">React Right &#8211; First Aid<\/a><\/li>\n<\/ul>\n<div id=\"scuba-diver\" class=\"anchor\">&#8230;<\/div>\n<h1>Scuba Diver<\/h1>\n<p>Un raccourci pour profiter des premiers pas de la plong\u00e9e sous-marine. Aucune exp\u00e9rience de plong\u00e9e n&#8217;est requise. Si vous avez toujours voulu essayer les joies de la plong\u00e9e mais que vous n&#8217;avez pas encore trouv\u00e9 le temps de le faire, voici votre chance : En seulement 2 jours, vous pourrez plonger en pleine mer et d\u00e9couvrir le &#8220;vrai plaisir sous-marin&#8221;. C&#8217;est votre chance d&#8217;enfiler des palmes, d&#8217;enfiler un masque et de vivre une aventure intense. Le cours <strong>Scuba Diver<\/strong> est une certification de niveau pr\u00e9-entr\u00e9e qui est parfaite pour les vacanciers.<\/p>\n<p>La formation se compose des cours-sessions suivants :<\/p>\n<ul>\n<li>4 s\u00e9ances th\u00e9oriques (environ 40min chacune)<\/li>\n<li>4 sessions en eau confin\u00e9e (souvent combin\u00e9es)<\/li>\n<li>2 plong\u00e9es en eau libre (2 par jour)<\/li>\n<\/ul>\n<p>Le niveau<strong>\u00a0Scuba Diver<\/strong> vous permet d&#8217;obtenir une certification rapidement et facilement car il s&#8217;agit d&#8217;un sous-programme du cours <strong>Open Water Diver<\/strong>. Avec la certification <strong>Scuba Diver<\/strong>, vous pouvez plonger sous la supervision directe d&#8217;un Divemaster, Assistant Instructor ou Instructor SSI jusqu&#8217;\u00e0 une profondeur maximale de 12 m\u00e8tres. Ce programme est une merveilleuse opportunit\u00e9 d&#8217;explorer le monde sous-marin avec le confort et la s\u00e9curit\u00e9 d&#8217;avoir un guide exp\u00e9riment\u00e9 avec vous \u00e0 tout moment.<\/p>\n<p>D\u00e8s que vous en avez l&#8217;occasion, vous pouvez poursuivre votre formation \u00e0 la plong\u00e9e dans n&#8217;importe quel centre de plong\u00e9e SSI et devenir <strong>Open Water Diver<\/strong>. Afin de remplir les conditions requises pour la certification <strong>Open Water Diver<\/strong>, en tant que plongeur autonome, tout ce que vous devez faire, c&#8217;est encore deux le\u00e7ons th\u00e9oriques, deux s\u00e9ances en piscine et deux plong\u00e9es en mer .<\/p>\n<div class=\"bookbutton\"><a href=\"https:\/\/diversclubcrete.bloowatch.com\/booking?categoryId=12067\" target=\"_blank\" rel=\"noopener\">Book Now<\/a><\/div>\n<p><a href=\"https:\/\/www.diversclub-crete.gr\/wp-content\/uploads\/2026\/03\/price-list-2026-diversclub-crete.pdf\">Liste de prix<\/a> &#8211; <a href=\"https:\/\/www.diversclub-crete.gr\/fr\/examen-medical-du-plongeur-questionnaire\/\">Questionnaire m\u00e9dical<\/a> &#8211;\u00a0<a href=\"https:\/\/www.diversclub-crete.gr\/fr\/politique-dannulation\/\">Politique d\u2019annulation<\/a><\/p>\n<div style=\"position: relative; aspect-ratio: 9\/16; max-width: 500px; margin-left: auto; margin-right: auto; margin-bottom: 30px;\"><iframe style=\"border: none; position: absolute; top: 0; left: 0; height: 100%; width: 100%;\" title=\"Gumlet video player\" src=\"https:\/\/play.gumlet.io\/embed\/67a1cace31cb129377b09069\"><br \/>\n<\/iframe><\/div>\n<div id=\"open-water-diver\" class=\"anchor\">&#8230;<\/div>\n<h1>Open Water Diver<\/h1>\n<p>Il est maintenant temps de plonger dans le cours <strong>Open Water Diver<\/strong>, le cours de plong\u00e9e le plus populaire au monde !<\/p>\n<p>Tout au long du cours, vous apprendrez les bases de la plong\u00e9e sous-marine, y compris tout ce que vous devez savoir sur l&#8217;\u00e9quipement et les techniques de plong\u00e9e.<\/p>\n<p>Vous obtiendrez \u00e9galement une certification <strong>Open Water Diver<\/strong> reconnue dans le monde entier. En tant que plongeur Open Water certifi\u00e9, vous avez la libert\u00e9 de plonger avec un bin\u00f4me sans qu&#8217;un professionnel SSI ne vous accompagne.<\/p>\n<p>Les eaux chaudes et claires de la Cr\u00e8te, le tout nouvel \u00e9quipement qui vous est r\u00e9serv\u00e9 et notre \u00e9quipe d&#8217;instructeurs de plong\u00e9e professionnels vous garantissent une p\u00e9riode de formation agr\u00e9able et passionnante.<\/p>\n<p>Ce cours dure <strong>3 jours<\/strong> et comprend :<\/p>\n<ul>\n<li>6 s\u00e9ances th\u00e9oriques (environ 40min chacune)<\/li>\n<li>6 s\u00e9ances en eau confin\u00e9e (souvent combin\u00e9es en 2 plong\u00e9es)<\/li>\n<li>4 plong\u00e9es en eau libre (2 par jour et au moins une ou deux depuis le bateau)<\/li>\n<\/ul>\n<p>Si vous avez entre 10 et 14 ans ou si vous avez un enfant entre ces \u00e2ges, un cours <strong>Junior Open Water Diver<\/strong> est disponible.<\/p>\n<p>Le prix du forfait comprend \u00e9galement l&#8217;utilisation compl\u00e8te de la location du mat\u00e9riel de plong\u00e9e, le transport vers les sites de plong\u00e9e avec nos bateaux et la carte de certification. Toutes les journ\u00e9es de formation commencent \u00e0 09h30 et se terminent \u00e0 15h30-16h00.<\/p>\n<div class=\"bookbutton\"><a href=\"https:\/\/diversclubcrete.bloowatch.com\/booking?categoryId=12067\" target=\"_blank\" rel=\"noopener\">Book Now<\/a><\/div>\n<p><a href=\"https:\/\/www.diversclub-crete.gr\/wp-content\/uploads\/2026\/03\/price-list-2026-diversclub-crete.pdf\">Liste de prix<\/a> &#8211; <a href=\"https:\/\/www.diversclub-crete.gr\/fr\/examen-medical-du-plongeur-questionnaire\/\">Questionnaire m\u00e9dical<\/a> &#8211;\u00a0<a href=\"https:\/\/www.diversclub-crete.gr\/fr\/politique-dannulation\/\">Politique d\u2019annulation<\/a><\/p>\n<div id=\"specialties\" class=\"anchor\">&#8230;<\/div>\n<h1>Sp\u00e9cialit\u00e9s<\/h1>\n<p>Nous proposons \u00e9galement une s\u00e9lection de cours de sp\u00e9cialit\u00e9, que vous pouvez suivre en tant que plongeur Open Water ou niveau sup\u00e9rieur.<\/p>\n<p>N&#8217;h\u00e9sitez pas \u00e0 nous <a href=\"https:\/\/www.diversclub-crete.gr\/fr\/contact-divers-club-crete\/\">contacter<\/a> pour plus d&#8217;informations si vous \u00eates int\u00e9ress\u00e9 par l&#8217;une des sp\u00e9cialit\u00e9s ci-dessous.<\/p>\n<div class=\"attention\">\n<ul>\n<li>Plongeur Profond (3 Plong\u00e9es )<\/li>\n<li>Plongeur de Nuit (2 Plong\u00e9es)<\/li>\n<li><a href=\"https:\/\/www.diversclub-crete.gr\/fr\/nitrox-fr\/\">Nitrox Diver<\/a> (aucune plong\u00e9e requise)<\/li>\n<li>Perfect Buoyancy (2 Plong\u00e9es)<\/li>\n<li>Recherche et R\u00e9cup\u00e9ration (3 Plong\u00e9es)<\/li>\n<li>U\/W Navigation (2 Plong\u00e9es)<\/li>\n<li>Photo &amp; Video (2 Plong\u00e9es)<\/li>\n<li>V\u00e9hicule de Propulsion de Plong\u00e9e (2 Plong\u00e9es)<\/li>\n<\/ul>\n<\/div>\n<div class=\"bookbutton\"><a href=\"https:\/\/diversclubcrete.bloowatch.com\/booking?categoryId=12067\" target=\"_blank\" rel=\"noopener\">Book Now<\/a><\/div>\n<p><a href=\"https:\/\/www.diversclub-crete.gr\/wp-content\/uploads\/2026\/03\/price-list-2026-diversclub-crete.pdf\">Liste de prix<\/a> &#8211; <a href=\"https:\/\/www.diversclub-crete.gr\/fr\/examen-medical-du-plongeur-questionnaire\/\">Questionnaire m\u00e9dical<\/a> &#8211;\u00a0<a href=\"https:\/\/www.diversclub-crete.gr\/fr\/politique-dannulation\/\">Politique d\u2019annulation<\/a><\/p>\n<div id=\"advanced-open-water\" class=\"anchor\">&#8230;<\/div>\n<h1>Advanced Open Water Diver<\/h1>\n<p>Si vous \u00eates un plongeur certifi\u00e9<strong>\u00a0Open Water Diver<\/strong>, CMAS Niveau 1, BSAC Novice, etc. et que vous recherchez de nouvelles exp\u00e9riences, de nouvelles comp\u00e9tences et du plaisir, le cours <strong>Advanced Open Water Diver <\/strong>est fait pour vous.<\/p>\n<p>Le cours <strong>Advanced Open Water Diver <\/strong>affine vos comp\u00e9tences en plong\u00e9e et vous permet d&#8217;explorer tout ce que la plong\u00e9e a \u00e0 offrir.<br \/>\nCe cours\u00a0vous offre un programme structur\u00e9 o\u00f9 vous acqu\u00e9rez une exp\u00e9rience et des comp\u00e9tences suppl\u00e9mentaires sous la direction d&#8217;un professionnel SSI.<\/p>\n<p>La formation dure <strong>2 \u00e0 3 jours<\/strong> et comprend :<\/p>\n<ul>\n<li>5 plong\u00e9es sp\u00e9cialis\u00e9es<\/li>\n<li>Les plong\u00e9es de sp\u00e9cialit\u00e9 obligatoires sont la plong\u00e9e de navigation et la plong\u00e9e profonde<\/li>\n<li>Pour les trois derni\u00e8res plong\u00e9es sp\u00e9cialis\u00e9es, vous pouvez choisir parmi les options suivantes\u00a0: plong\u00e9e de nuit, recherche et r\u00e9cup\u00e9ration, plong\u00e9e en bateau, photographie U\/W, naturaliste U\/W, flottabilit\u00e9 maximale, Fish ID.<\/li>\n<\/ul>\n<p>Au total, cinq plong\u00e9es sont n\u00e9cessaires pour terminer le cours et chaque plong\u00e9e dure environ trois heures, y compris le briefing, la pr\u00e9paration de l&#8217;\u00e9quipement et la pratique. Apr\u00e8s avoir obtenu la certification <strong>Advanced Open Water Diver <\/strong>, vous obtiendrez une certification vous permettant de plonger \u00e0 une profondeur maximale de 30\u00a0m\u00e8tres.<\/p>\n<p>Alors, qu&#8217;est-ce que ce cours vous offre ? De nouvelles exp\u00e9riences, de nouvelles comp\u00e9tences, de nombreuses plong\u00e9es et des aventures palpitantes. L&#8217;\u00e2ge minimum pour la certification <strong>Junior Advanced Open Water Diver <\/strong>est de 12 ans et pour l&#8217;<strong>Advanced Open Water Diver <\/strong>est de 15 ans.<\/p>\n<div class=\"bookbutton\"><a href=\"https:\/\/diversclubcrete.bloowatch.com\/booking?categoryId=12067\" target=\"_blank\" rel=\"noopener\">Book Now<\/a><\/div>\n<p><a href=\"https:\/\/www.diversclub-crete.gr\/wp-content\/uploads\/2026\/03\/price-list-2026-diversclub-crete.pdf\">Liste de prix<\/a> &#8211; <a href=\"https:\/\/www.diversclub-crete.gr\/fr\/examen-medical-du-plongeur-questionnaire\/\">Questionnaire m\u00e9dical<\/a> &#8211;\u00a0<a href=\"https:\/\/www.diversclub-crete.gr\/fr\/politique-dannulation\/\">Politique d\u2019annulation<\/a><\/p>\n<div id=\"rescue-diver\" class=\"anchor\">&#8230;<\/div>\n<h1>Stress &amp; Rescue Diver<\/h1>\n<p>Apprenez \u00e0 pr\u00e9venir et \u00e0 g\u00e9rer les probl\u00e8mes dans l&#8217;eau et gagnez en confiance en vos comp\u00e9tences de plongeur. C&#8217;est difficile, mais tr\u00e8s gratifiant.<\/p>\n<p>Le cours <strong>Stress &amp; <\/strong><strong>Rescue Diver<\/strong> d\u00e9veloppe vos connaissances et vos comp\u00e9tences afin que vous puissiez effectuer efficacement des assistances et des sauvetages de plongeurs, g\u00e9rer des situations d&#8217;accident de plong\u00e9e et donner les premiers soins. Le cours <strong>Stress &amp; <\/strong><strong>Rescue Diver<\/strong> est une \u00e9tape importante dans l&#8217;\u00e9largissement de vos connaissances et de votre exp\u00e9rience en tant que plongeur. Malgr\u00e9 le calendrier d&#8217;entra\u00eenement serr\u00e9, le parcours est tr\u00e8s amusant du d\u00e9but \u00e0 la fin.<\/p>\n<p>Il s&#8217;agit d&#8217;un cours de 3 \u00e0 4 jours qui couvre : l&#8217;auto-sauvetage et le stress du plongeur, les premiers secours en plong\u00e9e, la gestion et le contr\u00f4le des urgences, les aides \u00e0 la natation et \u00e0 la non-nage, la r\u00e9ponse du plongeur paniqu\u00e9, les probl\u00e8mes sous-marins, les proc\u00e9dures de plongeur manquant, la remont\u00e9e \u00e0 la surface du plongeur inconscient, l&#8217;in- respiration artificielle dans l&#8217;eau, \u00e9vacuation (sorties), proc\u00e9dures de premiers secours pour les accidents li\u00e9s \u00e0 la pression, sc\u00e9narios d&#8217;accident de plong\u00e9e.<\/p>\n<p>Pour acc\u00e9der au cours <strong>Stress &amp; <\/strong><strong>Rescue Diver<\/strong>, vous devez \u00eatre certifi\u00e9 <strong>Advanced Open Water Diver<\/strong> ou \u00e9quivalent et avoir au moins 15 ans.<\/p>\n<p>Vous devrez \u00e9galement avoir suivi avec succ\u00e8s le cours <strong>React Right<\/strong> ou un programme approuv\u00e9 en secourisme et en r\u00e9animation cardio-pulmonaire au cours des 24 derniers mois.<\/p>\n<div class=\"bookbutton\"><a href=\"https:\/\/diversclubcrete.bloowatch.com\/booking?categoryId=12067\" target=\"_blank\" rel=\"noopener\">Book Now<\/a><\/div>\n<p><a href=\"https:\/\/www.diversclub-crete.gr\/wp-content\/uploads\/2026\/03\/price-list-2026-diversclub-crete.pdf\">Liste de prix<\/a> &#8211; <a href=\"https:\/\/www.diversclub-crete.gr\/fr\/examen-medical-du-plongeur-questionnaire\/\">Questionnaire m\u00e9dical<\/a> &#8211;\u00a0<a href=\"https:\/\/www.diversclub-crete.gr\/fr\/politique-dannulation\/\">Politique d\u2019annulation<\/a><\/p>\n<div id=\"emergency\" class=\"anchor\">&#8230;<\/div>\n<h1>React Right<\/h1>\n<p>Faites un pas vers la pr\u00e9paration aux situations d&#8217;urgence et remplissez les conditions pr\u00e9alables du <strong>Stress &amp; Rescue Diver<\/strong> avec la <strong>sp\u00e9cialit\u00e9 React Right<\/strong>.<\/p>\n<p><strong>React Right<\/strong> est un cours de premiers secours sp\u00e9cialis\u00e9 dans l\u2019enseignement de ces comp\u00e9tences de sauvetage \u2013 et il s\u2019adresse \u00e0 tous, pas seulement aux plongeurs.<\/p>\n<p>En tant que l&#8217;une des principales soci\u00e9t\u00e9s internationales de formation en RCR et en secourisme, <strong>SSI React Right<\/strong> vous donne la confiance n\u00e9cessaire pour r\u00e9pondre aux urgences m\u00e9dicales, non seulement dans le monde de la plong\u00e9e, mais aussi dans votre monde quotidien avec votre famille, vos amis, vos voisins et vos coll\u00e8gues.<\/p>\n<p>L&#8217;aspect amusant de la formation <strong>React Right<\/strong> est d&#8217;acqu\u00e9rir de s\u00e9rieuses comp\u00e9tences en mati\u00e8re d&#8217;intervention m\u00e9dicale d&#8217;urgence dans un environnement positif et optimiste. Vous acqu\u00e9rez la confiance n\u00e9cessaire pour \u00eatre pr\u00eat \u00e0 aider en cas d&#8217;urgence.<\/p>\n<p>Pour vous inscrire \u00e0 ce cours, vous devez vous soucier des autres et vouloir pouvoir les aider en cas d&#8217;urgence m\u00e9dicale.<\/p>\n<p><strong>Ce que vous apprendrez dans le cours React Right:<\/strong><\/p>\n<ul>\n<li>BLS (Basic Life Support) RCR et respiration artificielle au niveau profane<\/li>\n<li>Utilisation du DEA (d\u00e9fibrillateur externe automatis\u00e9) (facultatif)<\/li>\n<li>Pr\u00e9venir et soigner le choc<\/li>\n<li>Gestion des blessures \u00e0 la colonne vert\u00e9brale<\/li>\n<li>Utilisation de barri\u00e8res pour r\u00e9duire le risque de transmission de maladies<\/li>\n<li>Consid\u00e9rations de base sur les premiers soins et la trousse de premiers soins<\/li>\n<\/ul>\n<div class=\"bookbutton\"><a href=\"https:\/\/diversclubcrete.bloowatch.com\/booking?categoryId=12067\" target=\"_blank\" rel=\"noopener\">Book Now<\/a><\/div>\n<p><a href=\"https:\/\/www.diversclub-crete.gr\/wp-content\/uploads\/2026\/03\/price-list-2026-diversclub-crete.pdf\">Liste de prix<\/a> &#8211; <a href=\"https:\/\/www.diversclub-crete.gr\/fr\/examen-medical-du-plongeur-questionnaire\/\">Questionnaire m\u00e9dical<\/a> &#8211;\u00a0<a href=\"https:\/\/www.diversclub-crete.gr\/fr\/politique-dannulation\/\">Politique d\u2019annulation<\/a><\/p>\n","protected":false},"excerpt":{"rendered":"<p>Cours de Plong\u00e9e Scuba Diver Open Water Diver Sp\u00e9cialit\u00e9s Advanced Open Water Diver Stress &amp; Rescue Diver React Right &#8211; First Aid &#8230; Scuba Diver Un raccourci pour profiter des premiers pas de la plong\u00e9e sous-marine. Aucune exp\u00e9rience de plong\u00e9e n&#8217;est requise. Si vous avez toujours voulu essayer les joies de la plong\u00e9e mais que &#8230; <a title=\"Cours de Plong\u00e9e\" class=\"read-more\" href=\"https:\/\/www.diversclub-crete.gr\/fr\/diving-courses\/\" aria-label=\"Read more about Cours de Plong\u00e9e\">Read more<\/a><\/p>\n","protected":false},"author":2,"featured_media":0,"parent":0,"menu_order":0,"comment_status":"closed","ping_status":"closed","template":"","meta":{"footnotes":""},"class_list":["post-1082","page","type-page","status-publish"],"_links":{"self":[{"href":"https:\/\/www.diversclub-crete.gr\/fr\/wp-json\/wp\/v2\/pages\/1082","targetHints":{"allow":["GET"]}}],"collection":[{"href":"https:\/\/www.diversclub-crete.gr\/fr\/wp-json\/wp\/v2\/pages"}],"about":[{"href":"https:\/\/www.diversclub-crete.gr\/fr\/wp-json\/wp\/v2\/types\/page"}],"author":[{"embeddable":true,"href":"https:\/\/www.diversclub-crete.gr\/fr\/wp-json\/wp\/v2\/users\/2"}],"replies":[{"embeddable":true,"href":"https:\/\/www.diversclub-crete.gr\/fr\/wp-json\/wp\/v2\/comments?post=1082"}],"version-history":[{"count":11,"href":"https:\/\/www.diversclub-crete.gr\/fr\/wp-json\/wp\/v2\/pages\/1082\/revisions"}],"predecessor-version":[{"id":7767,"href":"https:\/\/www.diversclub-crete.gr\/fr\/wp-json\/wp\/v2\/pages\/1082\/revisions\/7767"}],"wp:attachment":[{"href":"https:\/\/www.diversclub-crete.gr\/fr\/wp-json\/wp\/v2\/media?parent=1082"}],"curies":[{"name":"wp","href":"https:\/\/api.w.org\/{rel}","templated":true}]}}