{"id":1079,"date":"2019-02-05T15:56:39","date_gmt":"2019-02-05T15:56:39","guid":{"rendered":"https:\/\/divers.testix.eu\/certified-divers\/"},"modified":"2026-03-02T23:25:30","modified_gmt":"2026-03-02T21:25:30","slug":"cert-divers-fr","status":"publish","type":"page","link":"https:\/\/www.diversclub-crete.gr\/fr\/cert-divers-fr\/","title":{"rendered":"Plong\u00e9e sous-marine pour plongeurs certifi\u00e9s en Cr\u00e8te"},"content":{"rendered":"\n<p>Profitez du merveilleux monde sous-marin de Cr\u00e8te avec Diver&#8217;s Club Crete. Il n&#8217;y a pas de plus grande aventure que la plong\u00e9e sous-marine. Que ce soit votre premi\u00e8re plong\u00e9e ou que vous plongiez depuis vingt ans, il y a toujours quelque chose de nouveau, d&#8217;excitant et de magique dans la beaut\u00e9 des profondeurs.<\/p>\n<p><strong>Diver&#8217;s Club Crete<\/strong> offre aux plongeurs certifi\u00e9s de toutes les organisations de plong\u00e9e mondialement reconnues (SSI, PADI, YMCA, NAUI, CMAS, IANTD, etc.) la possibilit\u00e9 de plonger \u00e0 des profondeurs allant de 6 \u00e0 40 m\u00e8tres. Nous avons s\u00e9lectionn\u00e9 de nombreux <a href=\"https:\/\/www.diversclub-crete.gr\/fr\/dive-sites-fr\/\">sites de plong\u00e9e<\/a> diff\u00e9rents qui se distinguent par leur beaut\u00e9 et leurs diff\u00e9rents types de fonds marins. Tous les sites de plong\u00e9e se trouvent le long de la c\u00f4te nord de la Cr\u00e8te \u00e0 une distance maximale de 20 kilom\u00e8tres d&#8217;Agia Pelagia-H\u00e9raklion.<\/p>\n<p>Nous proposons chaque jour 2 plong\u00e9es en bateau sur diff\u00e9rents sites de plong\u00e9e.<\/p>\n<p>Une plong\u00e9e le matin \u00e0 9h30 (heure du rendez-vous) et une plong\u00e9e l&#8217;apr\u00e8s-midi \u00e0 12h30 (heure du rendez-vous) avec une pause de retour au centre de plong\u00e9e entre les deux. Pour la premi\u00e8re plong\u00e9e, nous partons \u00e0 10h30 et retournons au centre de plong\u00e9e entre 12h00 et 12h30. Pour la deuxi\u00e8me plong\u00e9e, nous partons \u00e0 13h15 \u2013 13h30 et nous revenons \u00e0 15h00 \u2013 15h30.<\/p>\n<div style=\"position: relative; aspect-ratio: 9\/16; max-width: 500px; margin-left: auto; margin-right: auto; margin-bottom: 30px;\"><iframe style=\"border: none; position: absolute; top: 0; left: 0; height: 100%; width: 100%;\" title=\"Gumlet video player\" src=\"https:\/\/play.gumlet.io\/embed\/67a1cacec9afcbb7ca6f876f\"><br \/>\n<\/iframe><\/div>\n\n<h4>De nombreux sites de plong\u00e9e diff\u00e9rents en Cr\u00e8te pour les plongeurs certifi\u00e9s<\/h4>\n<p>Notre \u00e9quipe professionnellement form\u00e9e vous guidera \u00e0 travers la riche vari\u00e9t\u00e9 de sites de plong\u00e9e le long de la c\u00f4te nord de la Cr\u00e8te, en s&#8217;effor\u00e7ant de choisir un lieu de plong\u00e9e et un objectif qui correspondent \u00e0 votre exp\u00e9rience, vos besoins de formation et vos envies de plong\u00e9e.<\/p>\n<p>Pour les plongeurs qui n&#8217;ont pas eu l&#8217;occasion de plonger au cours des 12 derniers mois ou les plongeurs l\u00e9g\u00e8rement moins exp\u00e9riment\u00e9s, nous vous proposons un cours de remise \u00e0 niveau rapide depuis la plage qui ne prend que 3 heures de votre temps et vous donne l&#8217;opportunit\u00e9 de rejoindre notre \u00e9quipe tr\u00e8s exp\u00e9riment\u00e9e. \u00e9quipe pour une plong\u00e9e incroyable depuis l&#8217;un de nos bateaux de plong\u00e9e dans l&#8217;apr\u00e8s-midi.<\/p>\n<p>Les eaux cristallines de la mer de Cr\u00e8te, les temp\u00e9ratures id\u00e9ales de l&#8217;eau (mai 20\u00b0C, juin 22\u00b0C, juillet 24\u00b0C, ao\u00fbt 27\u00b0C, septembre 25\u00b0C) et l&#8217;excellente visibilit\u00e9 (15-30 m\u00e8tres) constituent conditions de plong\u00e9e optimales.<\/p>\n<p>Nos deux bateaux emm\u00e8nent les plongeurs au large vers les sites de plong\u00e9e. La faune et la flore marines que vous rencontrerez sont constitu\u00e9es d&#8217;an\u00e9mones de mer, d&#8217;\u00e9ponges, de petits coraux, d&#8217;\u00e9toiles de mer, de poissons noirs, de s\u00e9bastes, de poulpes, de mur\u00e8nes, de perches, de langoustes, de nudibranches, etc. De plus, vous pourrez tr\u00e9bucher sur de vieilles ancres coul\u00e9es et des fragments d&#8217;amphores anciennes.<\/p>\n<p>Toutes les exp\u00e9ditions de plong\u00e9e se d\u00e9roulent sous la direction d&#8217;un Divemaster. Des forfaits de plong\u00e9e sp\u00e9ciaux sont disponibles.<\/p>\n<div class=\"bookbutton\"><a href=\"https:\/\/diversclubcrete.bloowatch.com\/booking?categoryId=11533\" target=\"_blank\" rel=\"noopener\">Book Now<\/a><\/div>\n<p><a href=\"https:\/\/www.diversclub-crete.gr\/wp-content\/uploads\/2026\/03\/price-list-2026-diversclub-crete.pdf\">Liste de prix<\/a> &#8211; <a href=\"https:\/\/www.diversclub-crete.gr\/fr\/examen-medical-du-plongeur-questionnaire\/\">Questionnaire m\u00e9dical<\/a> &#8211;\u00a0<a href=\"https:\/\/www.diversclub-crete.gr\/fr\/politique-dannulation\/\">Politique d\u2019annulation<\/a><\/p>\n","protected":false},"excerpt":{"rendered":"<p>Profitez du merveilleux monde sous-marin de Cr\u00e8te avec Diver&#8217;s Club Crete. Il n&#8217;y a pas de plus grande aventure que la plong\u00e9e sous-marine. Que ce soit votre premi\u00e8re plong\u00e9e ou que vous plongiez depuis vingt ans, il y a toujours quelque chose de nouveau, d&#8217;excitant et de magique dans la beaut\u00e9 des profondeurs. Diver&#8217;s Club &#8230; <a title=\"Plong\u00e9e sous-marine pour plongeurs certifi\u00e9s en Cr\u00e8te\" class=\"read-more\" href=\"https:\/\/www.diversclub-crete.gr\/fr\/cert-divers-fr\/\" aria-label=\"Read more about Plong\u00e9e sous-marine pour plongeurs certifi\u00e9s en Cr\u00e8te\">Read more<\/a><\/p>\n","protected":false},"author":2,"featured_media":0,"parent":0,"menu_order":0,"comment_status":"closed","ping_status":"closed","template":"","meta":{"footnotes":""},"class_list":["post-1079","page","type-page","status-publish"],"_links":{"self":[{"href":"https:\/\/www.diversclub-crete.gr\/fr\/wp-json\/wp\/v2\/pages\/1079","targetHints":{"allow":["GET"]}}],"collection":[{"href":"https:\/\/www.diversclub-crete.gr\/fr\/wp-json\/wp\/v2\/pages"}],"about":[{"href":"https:\/\/www.diversclub-crete.gr\/fr\/wp-json\/wp\/v2\/types\/page"}],"author":[{"embeddable":true,"href":"https:\/\/www.diversclub-crete.gr\/fr\/wp-json\/wp\/v2\/users\/2"}],"replies":[{"embeddable":true,"href":"https:\/\/www.diversclub-crete.gr\/fr\/wp-json\/wp\/v2\/comments?post=1079"}],"version-history":[{"count":4,"href":"https:\/\/www.diversclub-crete.gr\/fr\/wp-json\/wp\/v2\/pages\/1079\/revisions"}],"predecessor-version":[{"id":7760,"href":"https:\/\/www.diversclub-crete.gr\/fr\/wp-json\/wp\/v2\/pages\/1079\/revisions\/7760"}],"wp:attachment":[{"href":"https:\/\/www.diversclub-crete.gr\/fr\/wp-json\/wp\/v2\/media?parent=1079"}],"curies":[{"name":"wp","href":"https:\/\/api.w.org\/{rel}","templated":true}]}}