{"id":1074,"date":"2019-02-05T15:55:27","date_gmt":"2019-02-05T15:55:27","guid":{"rendered":"https:\/\/divers.testix.eu\/non-divers\/"},"modified":"2026-03-02T23:22:11","modified_gmt":"2026-03-02T21:22:11","slug":"non-divers-fr","status":"publish","type":"page","link":"https:\/\/www.diversclub-crete.gr\/fr\/non-divers-fr\/","title":{"rendered":"D\u00e9couverte De La Plong\u00e9e Sous-Marine Pour Les Non-Plongeurs"},"content":{"rendered":"<h1>D\u00e9couverte De La Plong\u00e9e Sous-Marine Pour Les Non-Plongeurs<\/h1>\n<p>Pour tous ceux d&#8217;entre vous qui sont attir\u00e9s par la mer d&#8217;un bleu profond, mais qui n&#8217;ont jamais eu l&#8217;occasion de tenter une rencontre rapproch\u00e9e avec la magie sous-marine, voici votre chance de d\u00e9couvrir l&#8217;excitation de la plong\u00e9e sous-marine, l&#8217;aventure, la libert\u00e9 et la s\u00e9r\u00e9nit\u00e9 des mers de Cr\u00e8te.<\/p>\n\n<p class=\"textinimage\">Try Scuba Diving<\/p>\n\n<h2>Try Scuba Diving<\/h2>\n<ul>\n<li>Le programme <strong>Try Scuba Diving<\/strong> dure environ 1 heure et demie, comprenant une s\u00e9ance th\u00e9orique de 30 minutes men\u00e9e par l&#8217;un de nos professionnels. Il est suivi d&#8217;une plong\u00e9e dans notre piscine ou en eau confin\u00e9e (eau peu profonde devant notre centre de plong\u00e9e) o\u00f9 les plongeurs pratiquent quelques techniques de plong\u00e9e de base. Le programme comprend ensuite une plong\u00e9e en eau confin\u00e9e \u00e0 une profondeur maximale de 5 m\u00e8tres pendant environ 30 minutes.<\/li>\n<\/ul>\n<p><!-- \/wp:post-content -->\n\n<!-- wp:paragraph --><\/p>\n<p>Le programme <strong>Try Scuba Diving<\/strong> vous permet de vivre le frisson de la plong\u00e9e sous la supervision d&#8217;un instructeur SSI dans des conditions id\u00e9ales.<\/p>\n<p>&nbsp;<\/p>\n<ul>\n<li>Le programme <strong>Try Scuba Kids<\/strong> pr\u00e9sente la plong\u00e9e sous-marine comme une activit\u00e9 qui permet aux enfants de 8 \u00e0 10 ans de d\u00e9couvrir le monde sous-marin. C&#8217;est amusant, facile et s\u00e9curitaire !<\/li>\n<\/ul>\n<p><!-- \/wp:paragraph -->\n\n<!-- wp:paragraph --><\/p>\n<p>Sous la surveillance \u00e9troite d&#8217;un professionnel SSI, les participants nagent en scaphandre autonome dans des eaux peu profondes et confin\u00e9es jusqu&#8217;\u00e0 2 m maximum. La plong\u00e9e se d\u00e9roule dans la baie d&#8217;Agia Pelagia, juste en face de notre centre de plong\u00e9e et l&#8217;ensemble du programme dure environ une heure.<\/p>\n<p><!-- \/wp:paragraph -->\n\n<!-- wp:paragraph --><\/p>\n<p><!-- \/wp:paragraph -->\n\n<!-- wp:paragraph --><\/p>\n<p>&nbsp;<\/p>\n<div class=\"attention\">\n<p><strong>Try Scuba Diving:<\/strong> Prix \u200b\u200b65\u20ac incluant la location du mat\u00e9riel de plong\u00e9e et l&#8217;assurance DAN Diving<\/p>\n<p><strong>Try Scuba Kids:<\/strong> Prix \u200b\u200b65\u20ac incluant la location du mat\u00e9riel de plong\u00e9e et l&#8217;assurance DAN Diving<\/p>\n<div class=\"bookbutton\"><a href=\"https:\/\/diversclubcrete.bloowatch.com\/booking?categoryId=12066\" target=\"_blank\" rel=\"noopener\">Book Now<\/a><\/div>\n<p><a href=\"https:\/\/www.diversclub-crete.gr\/wp-content\/uploads\/2026\/03\/price-list-2026-diversclub-crete.pdf\">Liste de prix<\/a> &#8211; <a href=\"https:\/\/www.diversclub-crete.gr\/fr\/examen-medical-du-plongeur-questionnaire\/\">Questionnaire m\u00e9dical<\/a> &#8211;\u00a0<a href=\"https:\/\/www.diversclub-crete.gr\/fr\/politique-dannulation\/\">Politique d\u2019annulation<\/a><\/p>\n<\/div>\n\n<p class=\"textinimage\">Basic Diver<\/p>\n\n<h2>Basic Diver<\/h2>\n<ul>\n<li>Le programme <strong>Basic Diver<\/strong> est un programme que nous proposons deux fois par jour, \u00e0 9h30 puis \u00e0 12h45, et qui ne vous prendra que trois heures. Il comprend une p\u00e9riode d&#8217;instruction de 30 minutes sur les principes de base de la plong\u00e9e et l&#8217;utilisation de l&#8217;\u00e9quipement de base requis.<\/li>\n<\/ul>\n<p>Ensuite, une plong\u00e9e en piscine ou en eau confin\u00e9e (eau peu profonde devant notre centre de plong\u00e9e) permet aux plongeurs de pratiquer quelques techniques de plong\u00e9e de base. Le programme comprend ensuite une plong\u00e9e en eau libre \u00e0 une profondeur maximale de 10 m\u00e8tres pendant environ 45 minutes.<\/p>\n<p>L&#8217;exp\u00e9rience <strong>Basic Diver<\/strong> est un excellent moyen de prendre une longueur d&#8217;avance sur votre certification <strong>Scuba Diver<\/strong> ou <strong>Open Water Diver<\/strong>.<\/p>\n<p>&nbsp;<\/p>\n<ul>\n<li><strong>Basic Diver plus Boat<\/strong> est le choix parfait si vous souhaitez profiter d&#8217;une journ\u00e9e pleine de plong\u00e9e.<\/li>\n<\/ul>\n<p><!-- \/wp:paragraph -->\n\n<!-- wp:paragraph --><\/p>\n<p>Ce programme est le m\u00eame que le <strong>Basic Diver<\/strong> et en plus il vous donne la possibilit\u00e9 de faire une plong\u00e9e en bateau sur l&#8217;un de nos magnifiques r\u00e9cifs \u00e0 une profondeur maximale de 12 m\u00e8tres.<\/p>\n<p><!-- \/wp:paragraph -->\n\n<!-- wp:paragraph --><\/p>\n<p>Les sites de plong\u00e9e les plus courants qu&#8217;un d\u00e9butant peut visiter apr\u00e8s avoir termin\u00e9 le programme <strong>Basic Diver<\/strong> sont <a href=\"https:\/\/www.diversclub-crete.gr\/fr\/sites-daedalos-fr\/\">Daedalos<\/a>, <a href=\"https:\/\/www.diversclub-crete.gr\/fr\/sites-mononaftis-fr\/\">Mononaftis<\/a> ou <a href=\"https:\/\/www.diversclub-crete.gr\/fr\/sites-lygaria\/\">Lygaria<\/a>.<\/p>\n<div class=\"attention\">\n<p><strong>Basic Diver: <\/strong>Prix \u200b\u200b85\u20ac incluant la location du mat\u00e9riel de plong\u00e9e et l&#8217;assurance DAN Diving<\/p>\n<p><strong>Basic Diver + Boat: <\/strong>Prix 160\u20ac incluant la location du mat\u00e9riel de plong\u00e9e et l&#8217;assurance DAN Diving<\/p>\n<div class=\"bookbutton\"><a href=\"https:\/\/diversclubcrete.bloowatch.com\/booking?categoryId=12066\" target=\"_blank\" rel=\"noopener\">Book Now<\/a><\/div>\n<p><a href=\"https:\/\/www.diversclub-crete.gr\/wp-content\/uploads\/2026\/03\/price-list-2026-diversclub-crete.pdf\">Liste de prix<\/a> &#8211; <a href=\"https:\/\/www.diversclub-crete.gr\/fr\/examen-medical-du-plongeur-questionnaire\/\">Questionnaire m\u00e9dical<\/a> &#8211;\u00a0<a href=\"https:\/\/www.diversclub-crete.gr\/fr\/politique-dannulation\/\">Politique d\u2019annulation<\/a><\/p>\n<\/div>\n\n","protected":false},"excerpt":{"rendered":"<p>D\u00e9couverte De La Plong\u00e9e Sous-Marine Pour Les Non-Plongeurs Pour tous ceux d&#8217;entre vous qui sont attir\u00e9s par la mer d&#8217;un bleu profond, mais qui n&#8217;ont jamais eu l&#8217;occasion de tenter une rencontre rapproch\u00e9e avec la magie sous-marine, voici votre chance de d\u00e9couvrir l&#8217;excitation de la plong\u00e9e sous-marine, l&#8217;aventure, la libert\u00e9 et la s\u00e9r\u00e9nit\u00e9 des mers &#8230; <a title=\"D\u00e9couverte De La Plong\u00e9e Sous-Marine Pour Les Non-Plongeurs\" class=\"read-more\" href=\"https:\/\/www.diversclub-crete.gr\/fr\/non-divers-fr\/\" aria-label=\"Read more about D\u00e9couverte De La Plong\u00e9e Sous-Marine Pour Les Non-Plongeurs\">Read more<\/a><\/p>\n","protected":false},"author":2,"featured_media":0,"parent":0,"menu_order":0,"comment_status":"closed","ping_status":"closed","template":"","meta":{"footnotes":""},"class_list":["post-1074","page","type-page","status-publish"],"_links":{"self":[{"href":"https:\/\/www.diversclub-crete.gr\/fr\/wp-json\/wp\/v2\/pages\/1074","targetHints":{"allow":["GET"]}}],"collection":[{"href":"https:\/\/www.diversclub-crete.gr\/fr\/wp-json\/wp\/v2\/pages"}],"about":[{"href":"https:\/\/www.diversclub-crete.gr\/fr\/wp-json\/wp\/v2\/types\/page"}],"author":[{"embeddable":true,"href":"https:\/\/www.diversclub-crete.gr\/fr\/wp-json\/wp\/v2\/users\/2"}],"replies":[{"embeddable":true,"href":"https:\/\/www.diversclub-crete.gr\/fr\/wp-json\/wp\/v2\/comments?post=1074"}],"version-history":[{"count":3,"href":"https:\/\/www.diversclub-crete.gr\/fr\/wp-json\/wp\/v2\/pages\/1074\/revisions"}],"predecessor-version":[{"id":7756,"href":"https:\/\/www.diversclub-crete.gr\/fr\/wp-json\/wp\/v2\/pages\/1074\/revisions\/7756"}],"wp:attachment":[{"href":"https:\/\/www.diversclub-crete.gr\/fr\/wp-json\/wp\/v2\/media?parent=1074"}],"curies":[{"name":"wp","href":"https:\/\/api.w.org\/{rel}","templated":true}]}}