{"id":1070,"date":"2019-01-24T07:59:36","date_gmt":"2019-01-24T07:59:36","guid":{"rendered":"https:\/\/divers.testix.eu\/crete-boat-diving\/"},"modified":"2025-10-30T11:48:08","modified_gmt":"2025-10-30T09:48:08","slug":"crete-boat-diving-fr","status":"publish","type":"page","link":"https:\/\/www.diversclub-crete.gr\/fr\/crete-boat-diving-fr\/","title":{"rendered":"Cr\u00e8te Sorties plong\u00e9e bateau"},"content":{"rendered":"<p>Les trois bateaux de plong\u00e9e du <strong>Diver&#8217;s Club Crete<\/strong> sont sp\u00e9cialement con\u00e7us pour garantir le meilleur confort lors de vos sorties plong\u00e9e. Nos bateaux servent au transfert des plongeurs vers les sites de plong\u00e9e que nous avons soigneusement s\u00e9lectionn\u00e9s pour nos plongeurs.<\/p>\n\n<p>Profitez d&#8217;excursions de plong\u00e9e quotidiennes sur notre nouveau bateau de croisi\u00e8re le long de la c\u00f4te nord de la Cr\u00e8te et sur<strong> l&#8217;\u00eele de Dia<\/strong>\u00a0! Il s&#8217;agit d&#8217;un bateau de plong\u00e9e de 10 m de long et 3,5 m de large, sp\u00e9cialement construit. Il a une capacit\u00e9 de 16 plongeurs et il est con\u00e7u pour offrir un confort moderne et garantir un voyage s\u00fbr et agr\u00e9able pour nos plongeurs.<\/p>\n<p>Propuls\u00e9 par un moteur turbo-diesel inboard <strong>IVECO AIFO<\/strong>, le bateau se d\u00e9place rapidement vers diff\u00e9rentes destinations chaque jour sur une distance maximale de 20 milles (pour les visites quotidiennes de 10h00 \u00e0 16h00).<\/p>\n<p>Tous les voyages sont navigu\u00e9s le long de la c\u00f4te nord de la Cr\u00e8te pr\u00e8s du rivage, o\u00f9 nous pouvons facilement ancrer et plonger dans de nombreux sites de plong\u00e9e diff\u00e9rents. \u00c0 l&#8217;aide de ce bateau, nous visitons \u00e9galement l&#8217;\u00eele de Dia lors d&#8217;une excursion d&#8217;une journ\u00e9e de 10h \u00e0 16h, o\u00f9 nous plongeons dans 2 sites de plong\u00e9e diff\u00e9rents. Selon la m\u00e9t\u00e9o, il y a la possibilit\u00e9 de plonger dans 2 \u00e9paves diff\u00e9rentes et de nombreux r\u00e9cifs diff\u00e9rents !<\/p>\n<p>Les excursions de plong\u00e9e en bateau partent du rivage, juste en face du centre de plong\u00e9e. L&#8217;heure de rendez-vous est \u00e0 09h15 du matin, l&#8217;heure de d\u00e9part vers 10h00 et l&#8217;heure de retour pr\u00e9vue vers 16h00.<\/p>\n<p>Veuillez trouver plus d&#8217;informations sur nos programmes pour les plongeurs certifi\u00e9s\u00a0<a href=\"https:\/\/www.diversclub-crete.gr\/fr\/cert-divers-fr\/\">ici<\/a> et sur nos voyages de plong\u00e9e en apn\u00e9e que nous proposons <a href=\"https:\/\/www.diversclub-crete.gr\/fr\/snorkeling-in-agia-pelagia-crete\/\">ici<\/a>.<\/p>\n<h1>Nereida<\/h1>\n<h2>Plongez dans le confort et le style avec Nereida\u00a0!<\/h2>\n<div style=\"position: relative; aspect-ratio: 16\/9;\"><iframe style=\"border: none; position: absolute; top: 0; left: 0; height: 100%; width: 100%;\" title=\"Gumlet video player\" src=\"https:\/\/play.gumlet.io\/embed\/67a1c7f2b1df5bb4939c13c2\"><br \/>\n<\/iframe><\/div>\n<p>&nbsp;<\/p>\n<p>Notre nouveau hors-bord \u00e0 pont rigide de 8\u00a0m\u00e8tres (2024), Nereida, est pr\u00eat \u00e0 vous emmener dans des voyages sous-marins inoubliables. Fabriqu\u00e9 par des constructeurs de bateaux grecs experts, Nereida b\u00e9n\u00e9ficie d&#8217;un design spacieux, pouvant accueillir confortablement jusqu&#8217;\u00e0 12 plongeurs. Avec un puissant moteur Yamaha de 300\u00a0ch, nous vous emm\u00e8nerons vers les sites de plong\u00e9e les plus spectaculaires en un rien de temps.<\/p>\n<p>Nereida est plus qu&#8217;un simple bateau de plong\u00e9e\u00a0; c&#8217;est votre porte d&#8217;entr\u00e9e vers l&#8217;exploration aquatique. Des sorties de plong\u00e9e exaltantes aux cours de plong\u00e9e complets en passant par des excursions de plong\u00e9e en apn\u00e9e relaxantes, Nereida garantit une exp\u00e9rience s\u00fbre, confortable et agr\u00e9able pour tous.<\/p>\n<p>Veuillez trouver plus d&#8217;informations sur nos programmes pour les plongeurs certifi\u00e9s\u00a0<a href=\"https:\/\/www.diversclub-crete.gr\/fr\/cert-divers-fr\/\">ici<\/a> et sur nos voyages de plong\u00e9e en apn\u00e9e que nous proposons <a href=\"https:\/\/www.diversclub-crete.gr\/fr\/snorkeling-in-agia-pelagia-crete\/\">ici<\/a>.<\/p>\n\n<h2>Speed Boat &#8220;Iro&#8221;<\/h2>\n<p>Notre hors-bord mesure 7,5 m de long et est \u00e9quip\u00e9 d&#8217;un tout nouveau moteur hors-bord Mercury 150CV 4 temps. Le bateau peut transporter jusqu&#8217;\u00e0 9 plongeurs certifi\u00e9s ou d\u00e9butants et est \u00e9galement id\u00e9al pour la formation <a href=\"https:\/\/www.diversclub-crete.gr\/fr\/padi-fr\/#open-water-diver\">Open Water Diver<\/a>.<\/p>\n<p>Le hors-bord part deux fois par jour vers diff\u00e9rents sites locaux pour la plong\u00e9e sous-marine ou la plong\u00e9e en apn\u00e9e. La premi\u00e8re plong\u00e9e de la journ\u00e9e est pr\u00e9vue \u00e0 10h00 et la deuxi\u00e8me plong\u00e9e \u00e0 13h00. Tous les plongeurs doivent \u00eatre au centre de plong\u00e9e 30 minutes avant le d\u00e9part pour remplir toutes les formalit\u00e9s pr\u00e9alables \u00e0 la plong\u00e9e et assister au briefing de plong\u00e9e.<\/p>\n<p>Veuillez trouver plus d&#8217;informations sur nos programmes pour les plongeurs certifi\u00e9s\u00a0<a href=\"https:\/\/www.diversclub-crete.gr\/fr\/cert-divers-fr\/\">ici<\/a> et sur nos voyages de plong\u00e9e en apn\u00e9e que nous proposons <a href=\"https:\/\/www.diversclub-crete.gr\/fr\/snorkeling-in-agia-pelagia-crete\/\">ici<\/a>.<\/p>\n","protected":false},"excerpt":{"rendered":"<p>Les trois bateaux de plong\u00e9e du Diver&#8217;s Club Crete sont sp\u00e9cialement con\u00e7us pour garantir le meilleur confort lors de vos sorties plong\u00e9e. Nos bateaux servent au transfert des plongeurs vers les sites de plong\u00e9e que nous avons soigneusement s\u00e9lectionn\u00e9s pour nos plongeurs. Profitez d&#8217;excursions de plong\u00e9e quotidiennes sur notre nouveau bateau de croisi\u00e8re le long &#8230; <a title=\"Cr\u00e8te Sorties plong\u00e9e bateau\" class=\"read-more\" href=\"https:\/\/www.diversclub-crete.gr\/fr\/crete-boat-diving-fr\/\" aria-label=\"Read more about Cr\u00e8te Sorties plong\u00e9e bateau\">Read more<\/a><\/p>\n","protected":false},"author":2,"featured_media":0,"parent":0,"menu_order":0,"comment_status":"closed","ping_status":"closed","template":"","meta":{"footnotes":""},"class_list":["post-1070","page","type-page","status-publish"],"_links":{"self":[{"href":"https:\/\/www.diversclub-crete.gr\/fr\/wp-json\/wp\/v2\/pages\/1070","targetHints":{"allow":["GET"]}}],"collection":[{"href":"https:\/\/www.diversclub-crete.gr\/fr\/wp-json\/wp\/v2\/pages"}],"about":[{"href":"https:\/\/www.diversclub-crete.gr\/fr\/wp-json\/wp\/v2\/types\/page"}],"author":[{"embeddable":true,"href":"https:\/\/www.diversclub-crete.gr\/fr\/wp-json\/wp\/v2\/users\/2"}],"replies":[{"embeddable":true,"href":"https:\/\/www.diversclub-crete.gr\/fr\/wp-json\/wp\/v2\/comments?post=1070"}],"version-history":[{"count":1,"href":"https:\/\/www.diversclub-crete.gr\/fr\/wp-json\/wp\/v2\/pages\/1070\/revisions"}],"predecessor-version":[{"id":7713,"href":"https:\/\/www.diversclub-crete.gr\/fr\/wp-json\/wp\/v2\/pages\/1070\/revisions\/7713"}],"wp:attachment":[{"href":"https:\/\/www.diversclub-crete.gr\/fr\/wp-json\/wp\/v2\/media?parent=1070"}],"curies":[{"name":"wp","href":"https:\/\/api.w.org\/{rel}","templated":true}]}}