{"id":1037,"date":"2019-02-26T13:44:27","date_gmt":"2019-02-26T11:44:27","guid":{"rendered":"https:\/\/divers.testix.eu\/sites-boat-dia\/"},"modified":"2023-09-22T15:55:19","modified_gmt":"2023-09-22T12:55:19","slug":"sites-boat-dia-fr","status":"publish","type":"page","link":"https:\/\/www.diversclub-crete.gr\/fr\/sites-boat-dia-fr\/","title":{"rendered":"\u00cele de Dia"},"content":{"rendered":"<h1>\u00cele de Dia<\/h1>\n<p>L&#8217;un de nos forfaits de plong\u00e9e d&#8217;une journ\u00e9e les plus populaires est le voyage vers la <strong>magnifique \u00eele de Dia<\/strong>, situ\u00e9e \u00e0 environ 9 miles au nord-est d&#8217;Agia Pelagia.<\/p>\n<table class=\"tg\" width=\"300\">\n<tbody>\n<tr>\n<th class=\"tg-kn0u\">Plongeurs Certifi\u00e9s<\/th>\n<th class=\"tg-o098\"><a href=\"https:\/\/www.diversclub-crete.gr\/fr\/diving-courses\/#open-water-diver\">Niveau 1<\/a><\/th>\n<th class=\"tg-t0da\"><a href=\"https:\/\/www.diversclub-crete.gr\/fr\/diving-courses\/#advanced-open-water\">Niveau 2 et plus<\/a><\/th>\n<\/tr>\n<tr>\n<td class=\"tg-krdq\">Convient \u00e0:<\/td>\n<td class=\"tg-o098\">\n<p style=\"text-align: center;\">x<\/p>\n<\/td>\n<td class=\"tg-t0da\">\n<p style=\"text-align: center;\">\u2713<\/p>\n<\/td>\n<\/tr>\n<tr>\n<td class=\"tg-krdq\">Profondeur:<\/td>\n<td class=\"tg-o098\" style=\"text-align: center;\">x<\/td>\n<td class=\"tg-t0da\" style=\"text-align: center;\">21-40m<\/td>\n<\/tr>\n<\/tbody>\n<\/table>\n<p>Le trajet en bateau \u00e0 bord de \u00ab Petros-Iro \u00bb dure environ trente \u00e0 quarante minutes.<\/p>\n<p>Nous faisons ici deux plong\u00e9es, une autour de l&#8217;\u00eelot Petalidi qui se trouve du c\u00f4t\u00e9 nord-ouest et une dans l&#8217;\u00eelot Paksimadi qui se trouve du c\u00f4t\u00e9 est de l&#8217;\u00eele de Dia.<\/p>\n<p>Les deux sites de plong\u00e9e sont populaires pour l&#8217;eau cristalline qui les entoure avec une visibilit\u00e9 pouvant atteindre plus de 50 m\u00e8tres la plupart du temps de l&#8217;ann\u00e9e, et les tombants \u00e0 couper le souffle. Ces sites de plong\u00e9e conviennent aux plongeurs certifi\u00e9s exp\u00e9riment\u00e9s et non exp\u00e9riment\u00e9s car les profondeurs varient de 7-8 m\u00e8tres \u00e0 plus de 30 m\u00e8tres.<\/p>\n<p>Les deux \u00eelots abritent une grande partie de la vie marine, y compris des m\u00e9rous, de grands poissons p\u00e9lagiques (selon la saison), des petits poissons, des \u00e9ponges et une grande vari\u00e9t\u00e9 de coquillages, nudibranches et pharaon se r\u00e9chauffe. La morphologie du fond est fantastique et la grande visibilit\u00e9 laisse les plongeurs \u00e0 bout de souffle. Au cours de notre parcours, nous rencontrons d&#8217;\u00e9normes rochers et de petites grottes le long des parois verticales.<\/p>\n<p>Il est certain que les plongeurs passeront une journ\u00e9e de plong\u00e9e inoubliable, car le paysage sauvage de l&#8217;\u00eele de Dia accomplira la fascination du paysage entre les plong\u00e9es.<\/p>\n<p>Pour faire ce voyage, nous avons besoin de bonnes conditions de mer et d&#8217;un nombre minimum de 6 plongeurs.<\/p>\n<p>L&#8217;heure de rendez-vous au centre de plong\u00e9e pour ce voyage est vers 09h00 et l&#8217;heure de retour au centre de plong\u00e9e est vers 16h00. Il y a un co\u00fbt suppl\u00e9mentaire de 50 \u20ac par personne pour cette excursion d&#8217;une journ\u00e9e et cela comprend l&#8217;eau, les rafra\u00eechissements et les fruits mais pas de repas. Les plongeurs peuvent utiliser le mini-r\u00e9frig\u00e9rateur et la cabine du bateau pour stocker les aliments et les boissons suppl\u00e9mentaires qu&#8217;ils pourraient souhaiter emporter avec eux pendant le voyage.<\/p>\n<p>Veuillez trouver plus d&#8217;informations sur nos programmes pour plongeurs certifi\u00e9s et faire une r\u00e9servation <a href=\"https:\/\/www.diversclub-crete.gr\/fr\/cert-divers-fr\/\">ici<\/a>.<\/p>\n<p>* nos sites de plong\u00e9e: <a href=\"https:\/\/www.diversclub-crete.gr\/fr\/sites-elgrecocave-fr\/\">Grotte El Greco<\/a> \u2013 <a href=\"https:\/\/www.diversclub-crete.gr\/fr\/sites-elgrecoreef-fr\/\">R\u00e9cif El Greco<\/a> \u2013 <a href=\"https:\/\/www.diversclub-crete.gr\/fr\/sites-stavros-fr\/\">Cap Stavros<\/a> \u2013 <a href=\"https:\/\/www.diversclub-crete.gr\/fr\/sites-dias-rock\/\">Dia\u2019s Rock<\/a> \u2013 <a href=\"https:\/\/www.diversclub-crete.gr\/fr\/sites-neptunes-rock\/\">Neptune\u2019s Rock<\/a> \u2013 <a href=\"https:\/\/www.diversclub-crete.gr\/fr\/sites-mononaftis-fr\/\">Mononaftis<\/a> \u2013 <a href=\"https:\/\/www.diversclub-crete.gr\/fr\/sites-lygaria\/\">Lygaria<\/a> \u2013 <a href=\"https:\/\/www.diversclub-crete.gr\/fr\/sites-anchor\/\">Big Anchor<\/a> \u2013 <a href=\"https:\/\/www.diversclub-crete.gr\/fr\/sites-bluecave-fr\/\">La Grotte Bleue<\/a> \u2013 <a href=\"https:\/\/www.diversclub-crete.gr\/fr\/sites-daedalos-fr\/\">Daedalos<\/a> \u2013 <a href=\"https:\/\/www.diversclub-crete.gr\/fr\/sites-shipwrecks\/\">Epaves<\/a> \u2013 <a href=\"https:\/\/www.diversclub-crete.gr\/fr\/sites-wreck-fr\/\">Epave Messerschmitt<\/a> <\/p>\n<div id='gallery-1' class='gallery galleryid-1037 gallery-columns-3 gallery-size-medium'><figure class='gallery-item'>\n\t\t\t<div class='gallery-icon landscape'>\n\t\t\t\t<a href='https:\/\/www.diversclub-crete.gr\/wp-content\/uploads\/2021\/02\/dia-island-02-1200X900.jpg'><img decoding=\"async\" width=\"445\" height=\"334\" src=\"https:\/\/www.diversclub-crete.gr\/wp-content\/uploads\/2021\/02\/dia-island-02-1200\u03a7900-445x334.jpg\" class=\"attachment-medium size-medium\" alt=\"fish at dia island crete\" srcset=\"https:\/\/www.diversclub-crete.gr\/wp-content\/uploads\/2021\/02\/dia-island-02-1200\u03a7900-445x334.jpg 445w, https:\/\/www.diversclub-crete.gr\/wp-content\/uploads\/2021\/02\/dia-island-02-1200\u03a7900-891x668.jpg 891w, https:\/\/www.diversclub-crete.gr\/wp-content\/uploads\/2021\/02\/dia-island-02-1200\u03a7900-768x576.jpg 768w, https:\/\/www.diversclub-crete.gr\/wp-content\/uploads\/2021\/02\/dia-island-02-1200\u03a7900.jpg 1200w\" sizes=\"(max-width: 445px) 100vw, 445px\" \/><\/a>\n\t\t\t<\/div><\/figure><figure class='gallery-item'>\n\t\t\t<div class='gallery-icon landscape'>\n\t\t\t\t<a href='https:\/\/www.diversclub-crete.gr\/wp-content\/uploads\/2021\/02\/dia-island-04-1200X900.jpg'><img decoding=\"async\" width=\"445\" height=\"334\" src=\"https:\/\/www.diversclub-crete.gr\/wp-content\/uploads\/2021\/02\/dia-island-04-1200\u03a7900-445x334.jpg\" class=\"attachment-medium size-medium\" alt=\"sea animal at dia island crete\" srcset=\"https:\/\/www.diversclub-crete.gr\/wp-content\/uploads\/2021\/02\/dia-island-04-1200\u03a7900-445x334.jpg 445w, https:\/\/www.diversclub-crete.gr\/wp-content\/uploads\/2021\/02\/dia-island-04-1200\u03a7900-891x668.jpg 891w, https:\/\/www.diversclub-crete.gr\/wp-content\/uploads\/2021\/02\/dia-island-04-1200\u03a7900-768x576.jpg 768w, https:\/\/www.diversclub-crete.gr\/wp-content\/uploads\/2021\/02\/dia-island-04-1200\u03a7900.jpg 1200w\" sizes=\"(max-width: 445px) 100vw, 445px\" \/><\/a>\n\t\t\t<\/div><\/figure><figure class='gallery-item'>\n\t\t\t<div class='gallery-icon landscape'>\n\t\t\t\t<a href='https:\/\/www.diversclub-crete.gr\/wp-content\/uploads\/2021\/02\/dia-island-05-1200X900.jpg'><img decoding=\"async\" width=\"445\" height=\"334\" src=\"https:\/\/www.diversclub-crete.gr\/wp-content\/uploads\/2021\/02\/dia-island-05.-1200\u03a7900jpg-445x334.jpg\" class=\"attachment-medium size-medium\" alt=\"sea animal at dia island crete\" srcset=\"https:\/\/www.diversclub-crete.gr\/wp-content\/uploads\/2021\/02\/dia-island-05.-1200\u03a7900jpg-445x334.jpg 445w, https:\/\/www.diversclub-crete.gr\/wp-content\/uploads\/2021\/02\/dia-island-05.-1200\u03a7900jpg-891x668.jpg 891w, https:\/\/www.diversclub-crete.gr\/wp-content\/uploads\/2021\/02\/dia-island-05.-1200\u03a7900jpg-768x576.jpg 768w, https:\/\/www.diversclub-crete.gr\/wp-content\/uploads\/2021\/02\/dia-island-05.-1200\u03a7900jpg.jpg 1200w\" sizes=\"(max-width: 445px) 100vw, 445px\" \/><\/a>\n\t\t\t<\/div><\/figure>\n\t\t<\/div>\n\n","protected":false},"excerpt":{"rendered":"<p>\u00cele de Dia L&#8217;un de nos forfaits de plong\u00e9e d&#8217;une journ\u00e9e les plus populaires est le voyage vers la magnifique \u00eele de Dia, situ\u00e9e \u00e0 environ 9 miles au nord-est d&#8217;Agia Pelagia. Plongeurs Certifi\u00e9s Niveau 1 Niveau 2 et plus Convient \u00e0: x \u2713 Profondeur: x 21-40m Le trajet en bateau \u00e0 bord de \u00ab &#8230; <a title=\"\u00cele de Dia\" class=\"read-more\" href=\"https:\/\/www.diversclub-crete.gr\/fr\/sites-boat-dia-fr\/\" aria-label=\"Read more about \u00cele de Dia\">Read more<\/a><\/p>\n","protected":false},"author":2,"featured_media":0,"parent":0,"menu_order":0,"comment_status":"closed","ping_status":"closed","template":"","meta":{"footnotes":""},"class_list":["post-1037","page","type-page","status-publish"],"_links":{"self":[{"href":"https:\/\/www.diversclub-crete.gr\/fr\/wp-json\/wp\/v2\/pages\/1037","targetHints":{"allow":["GET"]}}],"collection":[{"href":"https:\/\/www.diversclub-crete.gr\/fr\/wp-json\/wp\/v2\/pages"}],"about":[{"href":"https:\/\/www.diversclub-crete.gr\/fr\/wp-json\/wp\/v2\/types\/page"}],"author":[{"embeddable":true,"href":"https:\/\/www.diversclub-crete.gr\/fr\/wp-json\/wp\/v2\/users\/2"}],"replies":[{"embeddable":true,"href":"https:\/\/www.diversclub-crete.gr\/fr\/wp-json\/wp\/v2\/comments?post=1037"}],"version-history":[{"count":0,"href":"https:\/\/www.diversclub-crete.gr\/fr\/wp-json\/wp\/v2\/pages\/1037\/revisions"}],"wp:attachment":[{"href":"https:\/\/www.diversclub-crete.gr\/fr\/wp-json\/wp\/v2\/media?parent=1037"}],"curies":[{"name":"wp","href":"https:\/\/api.w.org\/{rel}","templated":true}]}}