{"id":1035,"date":"2019-02-26T14:25:08","date_gmt":"2019-02-26T12:25:08","guid":{"rendered":"https:\/\/divers.testix.eu\/sites-wreck\/"},"modified":"2023-09-22T15:54:29","modified_gmt":"2023-09-22T12:54:29","slug":"sites-wreck-fr","status":"publish","type":"page","link":"https:\/\/www.diversclub-crete.gr\/fr\/sites-wreck-fr\/","title":{"rendered":"\u00c9pave de Messerschmitt"},"content":{"rendered":"<h1>\u00c9pave de Messerschmitt<\/h1>\n<p>L&#8217;un des sites de plong\u00e9e les plus c\u00e9l\u00e8bres est l&#8217;\u00e9pave du <strong>MESSERSCHMITT 109<\/strong>, un chasseur allemand de la Seconde Guerre mondiale, gisant \u00e0 800 m au large, par 24 m de profondeur. Cette \u00e9pave se trouve \u00e0 environ 18 milles de notre centre de plong\u00e9e \u00e0 Agia Pelagia et le tour en bateau (\u00e0 bord du \u00ab Petros-Iro \u00bb) dure environ 60 \u00e0 80 minutes.<\/p>\n<table class=\"tg\" width=\"300\">\n<tbody>\n<tr>\n<th class=\"tg-kn0u\">Plongeurs Certifi\u00e9s<\/th>\n<th class=\"tg-o098\"><a href=\"https:\/\/www.diversclub-crete.gr\/fr\/diving-courses\/#open-water-diver\">Niveau 1<\/a><\/th>\n<th class=\"tg-t0da\"><a href=\"https:\/\/www.diversclub-crete.gr\/fr\/diving-courses\/#advanced-open-water\">Niveau 2 et plus<\/a><\/th>\n<\/tr>\n<tr>\n<td class=\"tg-krdq\">Convient \u00e0:<\/td>\n<td class=\"tg-o098\" style=\"text-align: center;\">x<\/td>\n<td class=\"tg-t0da\">\n<p style=\"text-align: center;\">\u2713<\/p>\n<\/td>\n<\/tr>\n<tr>\n<td class=\"tg-krdq\">Profondeur:<\/td>\n<td class=\"tg-o098\" style=\"text-align: center;\">x<\/td>\n<td class=\"tg-t0da\" style=\"text-align: center;\">30m<\/td>\n<\/tr>\n<\/tbody>\n<\/table>\n<p>Pour faire ce voyage, nous avons besoin de tr\u00e8s bonnes conditions de mer et d&#8217;un nombre minimum de 6 plongeurs. L&#8217;heure de rendez-vous au centre de plong\u00e9e pour ce voyage est vers 09h00 et l&#8217;heure de retour au centre de plong\u00e9e est vers 17h00. Cette plong\u00e9e sp\u00e9ciale co\u00fbte 150 \u20ac par personne qui comprend \u00e9galement l&#8217;eau, les rafra\u00eechissements et les fruits mais pas de repas. Les plongeurs peuvent utiliser le mini-r\u00e9frig\u00e9rateur et la cabine du bateau pour stocker les aliments et les boissons suppl\u00e9mentaires qu&#8217;ils pourraient souhaiter emporter avec eux pendant le voyage.<\/p>\n<p>L&#8217;\u00e9pave de l&#8217;avion Messerschmitt est retrouv\u00e9e renvers\u00e9e, bris\u00e9e en plusieurs morceaux. Les ailes et le fuselage sont intacts et vous pouvez voir \u00e0 l&#8217;int\u00e9rieur du cockpit. L&#8217;une des mitrailleuses est clairement visible et l&#8217;une des ceintures de munitions repose sur le fond marin.<\/p>\n<p>Une roue est encore attach\u00e9e et l&#8217;autre g\u00eet \u00e0 quelques m\u00e8tres de l&#8217;\u00e9pave. La queue de l&#8217;avion a \u00e9videmment \u00e9t\u00e9 cisaill\u00e9e lors de l&#8217;impact car elle se trouve \u00e0 environ 50 m du fuselage \u00e0 une profondeur l\u00e9g\u00e8rement plus profonde de 30 m. La cause exacte de l&#8217;accident n&#8217;a pas encore \u00e9t\u00e9 d\u00e9couverte.<\/p>\n<p>Au fil des ans, l&#8217;\u00e9pave s&#8217;est peu \u00e0 peu constitu\u00e9e une couverture v\u00e9g\u00e9tale et est devenue l&#8217;h\u00f4te de grands m\u00e9rous et de mur\u00e8nes. La zone entourant l&#8217;\u00e9pave est sablonneuse, mais il y a un petit r\u00e9cif \u00e0 environ 20 m, \u00e0 une profondeur de 24 m.<\/p>\n<p>Le site de plong\u00e9e est localis\u00e9 par GPS, car il n&#8217;y a pas d&#8217;ancrage et est plong\u00e9 comme la premi\u00e8re plong\u00e9e de la journ\u00e9e. En raison de la profondeur et des conditions de plong\u00e9e difficiles (mauvaise visibilit\u00e9 et courants parfois) sur ce site de plong\u00e9e, il est recommand\u00e9 aux plongeurs exp\u00e9riment\u00e9s uniquement !<\/p>\n<p>Veuillez trouver plus d&#8217;informations sur nos programmes pour plongeurs certifi\u00e9s et faire une r\u00e9servation <a href=\"https:\/\/www.diversclub-crete.gr\/fr\/cert-divers-fr\/\">ici<\/a>.<\/p>\n<p>* nos sites de plong\u00e9e: <a href=\"https:\/\/www.diversclub-crete.gr\/fr\/sites-elgrecocave-fr\/\">Grotte El Greco<\/a> \u2013 <a href=\"https:\/\/www.diversclub-crete.gr\/fr\/sites-elgrecoreef-fr\/\">R\u00e9cif El Greco<\/a> \u2013 <a href=\"https:\/\/www.diversclub-crete.gr\/fr\/sites-stavros-fr\/\">Cap Stavros<\/a> \u2013 <a href=\"https:\/\/www.diversclub-crete.gr\/fr\/sites-dias-rock\/\">Dia\u2019s Rock<\/a> \u2013 <a href=\"https:\/\/www.diversclub-crete.gr\/fr\/sites-neptunes-rock\/\">Neptune\u2019s Rock<\/a> \u2013 <a href=\"https:\/\/www.diversclub-crete.gr\/fr\/sites-mononaftis-fr\/\">Mononaftis<\/a> \u2013 <a href=\"https:\/\/www.diversclub-crete.gr\/fr\/sites-lygaria\/\">Lygaria<\/a> \u2013 <a href=\"https:\/\/www.diversclub-crete.gr\/fr\/sites-anchor\/\">Big Anchor<\/a> \u2013 <a href=\"https:\/\/www.diversclub-crete.gr\/fr\/sites-bluecave-fr\/\">La Grotte Bleue<\/a> \u2013 <a href=\"https:\/\/www.diversclub-crete.gr\/fr\/sites-daedalos-fr\/\">Daedalos<\/a> \u2013 <a href=\"https:\/\/www.diversclub-crete.gr\/fr\/sites-shipwrecks\/\">Epaves<\/a> \u2013 <a href=\"https:\/\/www.diversclub-crete.gr\/fr\/sites-wreck-fr\/\">Epave Messerschmitt<\/a> <\/p>\n<div id='gallery-1' class='gallery galleryid-1035 gallery-columns-3 gallery-size-medium'><figure class='gallery-item'>\n\t\t\t<div class='gallery-icon landscape'>\n\t\t\t\t<a href='https:\/\/www.diversclub-crete.gr\/wp-content\/uploads\/2021\/02\/messerschmitt-02-1200X900.jpg'><img decoding=\"async\" width=\"445\" height=\"334\" src=\"https:\/\/www.diversclub-crete.gr\/wp-content\/uploads\/2021\/02\/messerschmitt-02-1200X900-445x334.jpg\" class=\"attachment-medium size-medium\" alt=\"scuba diving at messerschmidt wreck in crete\" srcset=\"https:\/\/www.diversclub-crete.gr\/wp-content\/uploads\/2021\/02\/messerschmitt-02-1200X900-445x334.jpg 445w, https:\/\/www.diversclub-crete.gr\/wp-content\/uploads\/2021\/02\/messerschmitt-02-1200X900-891x668.jpg 891w, https:\/\/www.diversclub-crete.gr\/wp-content\/uploads\/2021\/02\/messerschmitt-02-1200X900-768x576.jpg 768w, https:\/\/www.diversclub-crete.gr\/wp-content\/uploads\/2021\/02\/messerschmitt-02-1200X900.jpg 1200w\" sizes=\"(max-width: 445px) 100vw, 445px\" \/><\/a>\n\t\t\t<\/div><\/figure><figure class='gallery-item'>\n\t\t\t<div class='gallery-icon landscape'>\n\t\t\t\t<a href='https:\/\/www.diversclub-crete.gr\/wp-content\/uploads\/2021\/02\/messerschmitt-03-1200X900.jpg'><img decoding=\"async\" width=\"445\" height=\"334\" src=\"https:\/\/www.diversclub-crete.gr\/wp-content\/uploads\/2021\/02\/messerschmitt-03-1200X900-445x334.jpg\" class=\"attachment-medium size-medium\" alt=\"scuba diving at messerschmidt wreck in crete\" srcset=\"https:\/\/www.diversclub-crete.gr\/wp-content\/uploads\/2021\/02\/messerschmitt-03-1200X900-445x334.jpg 445w, https:\/\/www.diversclub-crete.gr\/wp-content\/uploads\/2021\/02\/messerschmitt-03-1200X900-891x668.jpg 891w, https:\/\/www.diversclub-crete.gr\/wp-content\/uploads\/2021\/02\/messerschmitt-03-1200X900-768x576.jpg 768w, https:\/\/www.diversclub-crete.gr\/wp-content\/uploads\/2021\/02\/messerschmitt-03-1200X900.jpg 1200w\" sizes=\"(max-width: 445px) 100vw, 445px\" \/><\/a>\n\t\t\t<\/div><\/figure><figure class='gallery-item'>\n\t\t\t<div class='gallery-icon landscape'>\n\t\t\t\t<a href='https:\/\/www.diversclub-crete.gr\/wp-content\/uploads\/2021\/02\/messerschmitt-04-1200X900.jpg'><img decoding=\"async\" width=\"445\" height=\"334\" src=\"https:\/\/www.diversclub-crete.gr\/wp-content\/uploads\/2021\/02\/messerschmitt-04-1200X900-445x334.jpg\" class=\"attachment-medium size-medium\" alt=\"scuba diving at messerschmidt wreck in crete\" srcset=\"https:\/\/www.diversclub-crete.gr\/wp-content\/uploads\/2021\/02\/messerschmitt-04-1200X900-445x334.jpg 445w, https:\/\/www.diversclub-crete.gr\/wp-content\/uploads\/2021\/02\/messerschmitt-04-1200X900-891x668.jpg 891w, https:\/\/www.diversclub-crete.gr\/wp-content\/uploads\/2021\/02\/messerschmitt-04-1200X900-768x576.jpg 768w, https:\/\/www.diversclub-crete.gr\/wp-content\/uploads\/2021\/02\/messerschmitt-04-1200X900.jpg 1200w\" sizes=\"(max-width: 445px) 100vw, 445px\" \/><\/a>\n\t\t\t<\/div><\/figure>\n\t\t<\/div>\n\n","protected":false},"excerpt":{"rendered":"<p>\u00c9pave de Messerschmitt L&#8217;un des sites de plong\u00e9e les plus c\u00e9l\u00e8bres est l&#8217;\u00e9pave du MESSERSCHMITT 109, un chasseur allemand de la Seconde Guerre mondiale, gisant \u00e0 800 m au large, par 24 m de profondeur. Cette \u00e9pave se trouve \u00e0 environ 18 milles de notre centre de plong\u00e9e \u00e0 Agia Pelagia et le tour en &#8230; <a title=\"\u00c9pave de Messerschmitt\" class=\"read-more\" href=\"https:\/\/www.diversclub-crete.gr\/fr\/sites-wreck-fr\/\" aria-label=\"Read more about \u00c9pave de Messerschmitt\">Read more<\/a><\/p>\n","protected":false},"author":2,"featured_media":0,"parent":0,"menu_order":0,"comment_status":"closed","ping_status":"closed","template":"","meta":{"footnotes":""},"class_list":["post-1035","page","type-page","status-publish"],"_links":{"self":[{"href":"https:\/\/www.diversclub-crete.gr\/fr\/wp-json\/wp\/v2\/pages\/1035","targetHints":{"allow":["GET"]}}],"collection":[{"href":"https:\/\/www.diversclub-crete.gr\/fr\/wp-json\/wp\/v2\/pages"}],"about":[{"href":"https:\/\/www.diversclub-crete.gr\/fr\/wp-json\/wp\/v2\/types\/page"}],"author":[{"embeddable":true,"href":"https:\/\/www.diversclub-crete.gr\/fr\/wp-json\/wp\/v2\/users\/2"}],"replies":[{"embeddable":true,"href":"https:\/\/www.diversclub-crete.gr\/fr\/wp-json\/wp\/v2\/comments?post=1035"}],"version-history":[{"count":0,"href":"https:\/\/www.diversclub-crete.gr\/fr\/wp-json\/wp\/v2\/pages\/1035\/revisions"}],"wp:attachment":[{"href":"https:\/\/www.diversclub-crete.gr\/fr\/wp-json\/wp\/v2\/media?parent=1035"}],"curies":[{"name":"wp","href":"https:\/\/api.w.org\/{rel}","templated":true}]}}