{"id":1033,"date":"2019-02-26T14:30:38","date_gmt":"2019-02-26T12:30:38","guid":{"rendered":"https:\/\/divers.testix.eu\/sites-daedalos\/"},"modified":"2023-03-11T22:23:21","modified_gmt":"2023-03-11T20:23:21","slug":"sites-daedalos-fr","status":"publish","type":"page","link":"https:\/\/www.diversclub-crete.gr\/fr\/sites-daedalos-fr\/","title":{"rendered":"Daedalos dive site in Crete"},"content":{"rendered":"<h1>Daedalos<\/h1>\n<p>Le site de plong\u00e9e de <strong>Daedalos<\/strong> est \u00e0 seulement 800 m\u00e8tres de notre centre de plong\u00e9e \u00e0 Agia Pelagia.<\/p>\n<table class=\"tg\" width=\"300\">\n<tbody>\n<tr>\n<th class=\"tg-kn0u\">Plongeurs Certifi\u00e9s<\/th>\n<th class=\"tg-o098\">Niveau 1<\/th>\n<th class=\"tg-t0da\">Niveau 2 et plus<\/th>\n<\/tr>\n<tr>\n<td class=\"tg-krdq\">Convient \u00e0:<\/td>\n<td class=\"tg-o098\" style=\"text-align: center;\">\u2713<\/td>\n<td class=\"tg-t0da\" style=\"text-align: center;\">\u2713<\/td>\n<\/tr>\n<tr>\n<td class=\"tg-krdq\">Profondeur:<\/td>\n<td class=\"tg-o098\" style=\"text-align: center;\">18m<\/td>\n<td class=\"tg-t0da\" style=\"text-align: center;\">27m<\/td>\n<\/tr>\n<\/tbody>\n<\/table>\n<p>\u00c0 22 m\u00e8tres de profondeur, nous rencontrons le premier \u00e9norme rocher qui, avec une hauteur de 14 m\u00e8tres et un p\u00e9rim\u00e8tre de 30 m\u00e8tres, abrite une abondance de vie aquatique.<\/p>\n<p>A l&#8217;aide d&#8217;une torche, on peut voir de nombreux animaux et plantes \u00e0 l&#8217;int\u00e9rieur des cavit\u00e9s de la roche : crevettes, crabes, petits homards, poulpes, an\u00e9mones de mer, etc. Le parcours suivant le long du r\u00e9cif \u00e0 Daedalos est tr\u00e8s impressionnant.<\/p>\n<p>Nous plongeons \u00e0 une profondeur maximale de 27 m\u00e8tres. De l\u00e0, des parties du r\u00e9cif s&#8217;\u00e9tendent jusqu&#8217;\u00e0 la surface, ainsi un charmant contour montagneux s&#8217;\u00e9l\u00e8ve au-dessus des plongeurs qui poursuivent leur course le long des vall\u00e9es marines de Daedalos.<\/p>\n<p>Parmi le r\u00e9cif, nous rencontrons des m\u00e9rous, des vivaneaux, des carangues rouges, des poulpes, des mur\u00e8nes, des bancs de petits poissons m\u00e9diterran\u00e9ens et de nombreuses esp\u00e8ces d&#8217;\u00e9ponges.<\/p>\n<p>Un cours sp\u00e9cial sur ce site de plong\u00e9e est \u00e9galement propos\u00e9 au plongeur inexp\u00e9riment\u00e9. Ici, les plongeurs sont soigneusement guid\u00e9s le long d&#8217;un chemin o\u00f9 la profondeur augmente lentement jusqu&#8217;\u00e0 un maximum de 18 m\u00e8tres.<\/p>\n<p>C&#8217;est un parcours facile entour\u00e9 d&#8217;une belle faune et flore et donc id\u00e9al pour les d\u00e9butants.<\/p>\n<p>Veuillez trouver plus d\u2019informations sur nos programmes pour les plongeurs certifi\u00e9s\u00a0<a href=\"https:\/\/www.diversclub-crete.gr\/fr\/cert-divers-fr\/\">ici<\/a>.<\/p>\n<p>* nos sites de plong\u00e9e: <a href=\"https:\/\/www.diversclub-crete.gr\/fr\/sites-elgrecocave-fr\/\">Grotte El Greco<\/a> \u2013 <a href=\"https:\/\/www.diversclub-crete.gr\/fr\/sites-elgrecoreef-fr\/\">R\u00e9cif El Greco<\/a> \u2013 <a href=\"https:\/\/www.diversclub-crete.gr\/fr\/sites-stavros-fr\/\">Cap Stavros<\/a> \u2013 <a href=\"https:\/\/www.diversclub-crete.gr\/fr\/sites-dias-rock\/\">Dia\u2019s Rock<\/a> \u2013 <a href=\"https:\/\/www.diversclub-crete.gr\/fr\/sites-neptunes-rock\/\">Neptune\u2019s Rock<\/a> \u2013 <a href=\"https:\/\/www.diversclub-crete.gr\/fr\/sites-mononaftis-fr\/\">Mononaftis<\/a> \u2013 <a href=\"https:\/\/www.diversclub-crete.gr\/fr\/sites-lygaria\/\">Lygaria<\/a> \u2013 <a href=\"https:\/\/www.diversclub-crete.gr\/fr\/sites-anchor\/\">Big Anchor<\/a> \u2013 <a href=\"https:\/\/www.diversclub-crete.gr\/fr\/sites-bluecave-fr\/\">La Grotte Bleue<\/a> \u2013 <a href=\"https:\/\/www.diversclub-crete.gr\/fr\/sites-daedalos-fr\/\">Daedalos<\/a> \u2013 <a href=\"https:\/\/www.diversclub-crete.gr\/fr\/sites-shipwrecks\/\">Epaves<\/a> \u2013 <a href=\"https:\/\/www.diversclub-crete.gr\/fr\/sites-wreck-fr\/\">Epave Messerschmitt<\/a> <\/p>\n<div id='gallery-1' class='gallery galleryid-1033 gallery-columns-3 gallery-size-medium'><figure class='gallery-item'>\n\t\t\t<div class='gallery-icon landscape'>\n\t\t\t\t<a href='https:\/\/www.diversclub-crete.gr\/wp-content\/uploads\/2021\/02\/daedalos-04-1200X900.jpg'><img decoding=\"async\" width=\"445\" height=\"334\" src=\"https:\/\/www.diversclub-crete.gr\/wp-content\/uploads\/2021\/02\/daedalos-04-1200X900-445x334.jpg\" class=\"attachment-medium size-medium\" alt=\"fish at daedalos site in agia pelagia crete\" srcset=\"https:\/\/www.diversclub-crete.gr\/wp-content\/uploads\/2021\/02\/daedalos-04-1200X900-445x334.jpg 445w, https:\/\/www.diversclub-crete.gr\/wp-content\/uploads\/2021\/02\/daedalos-04-1200X900-891x668.jpg 891w, https:\/\/www.diversclub-crete.gr\/wp-content\/uploads\/2021\/02\/daedalos-04-1200X900-768x576.jpg 768w, https:\/\/www.diversclub-crete.gr\/wp-content\/uploads\/2021\/02\/daedalos-04-1200X900.jpg 1200w\" sizes=\"(max-width: 445px) 100vw, 445px\" \/><\/a>\n\t\t\t<\/div><\/figure><figure class='gallery-item'>\n\t\t\t<div class='gallery-icon landscape'>\n\t\t\t\t<a href='https:\/\/www.diversclub-crete.gr\/wp-content\/uploads\/2021\/02\/daedalos-01-1200X900.jpg'><img decoding=\"async\" width=\"445\" height=\"334\" src=\"https:\/\/www.diversclub-crete.gr\/wp-content\/uploads\/2021\/02\/daedalos-01-1200X900-445x334.jpg\" class=\"attachment-medium size-medium\" alt=\"fish at daedalos site in agia pelagia crete\" srcset=\"https:\/\/www.diversclub-crete.gr\/wp-content\/uploads\/2021\/02\/daedalos-01-1200X900-445x334.jpg 445w, https:\/\/www.diversclub-crete.gr\/wp-content\/uploads\/2021\/02\/daedalos-01-1200X900-891x668.jpg 891w, https:\/\/www.diversclub-crete.gr\/wp-content\/uploads\/2021\/02\/daedalos-01-1200X900-768x576.jpg 768w, https:\/\/www.diversclub-crete.gr\/wp-content\/uploads\/2021\/02\/daedalos-01-1200X900.jpg 1200w\" sizes=\"(max-width: 445px) 100vw, 445px\" \/><\/a>\n\t\t\t<\/div><\/figure><figure class='gallery-item'>\n\t\t\t<div class='gallery-icon landscape'>\n\t\t\t\t<a href='https:\/\/www.diversclub-crete.gr\/wp-content\/uploads\/2021\/02\/daedalos-02-1200X900.jpg'><img decoding=\"async\" width=\"445\" height=\"334\" src=\"https:\/\/www.diversclub-crete.gr\/wp-content\/uploads\/2021\/02\/daedalos-02-1200X900-445x334.jpg\" class=\"attachment-medium size-medium\" alt=\"fish at daedalos site in agia pelagia crete\" srcset=\"https:\/\/www.diversclub-crete.gr\/wp-content\/uploads\/2021\/02\/daedalos-02-1200X900-445x334.jpg 445w, https:\/\/www.diversclub-crete.gr\/wp-content\/uploads\/2021\/02\/daedalos-02-1200X900-891x668.jpg 891w, https:\/\/www.diversclub-crete.gr\/wp-content\/uploads\/2021\/02\/daedalos-02-1200X900-768x576.jpg 768w, https:\/\/www.diversclub-crete.gr\/wp-content\/uploads\/2021\/02\/daedalos-02-1200X900.jpg 1200w\" sizes=\"(max-width: 445px) 100vw, 445px\" \/><\/a>\n\t\t\t<\/div><\/figure>\n\t\t<\/div>\n\n","protected":false},"excerpt":{"rendered":"<p>Daedalos Le site de plong\u00e9e de Daedalos est \u00e0 seulement 800 m\u00e8tres de notre centre de plong\u00e9e \u00e0 Agia Pelagia. Plongeurs Certifi\u00e9s Niveau 1 Niveau 2 et plus Convient \u00e0: \u2713 \u2713 Profondeur: 18m 27m \u00c0 22 m\u00e8tres de profondeur, nous rencontrons le premier \u00e9norme rocher qui, avec une hauteur de 14 m\u00e8tres et un &#8230; <a title=\"Daedalos dive site in Crete\" class=\"read-more\" href=\"https:\/\/www.diversclub-crete.gr\/fr\/sites-daedalos-fr\/\" aria-label=\"Read more about Daedalos dive site in Crete\">Read more<\/a><\/p>\n","protected":false},"author":2,"featured_media":0,"parent":0,"menu_order":0,"comment_status":"closed","ping_status":"closed","template":"","meta":{"footnotes":""},"class_list":["post-1033","page","type-page","status-publish"],"_links":{"self":[{"href":"https:\/\/www.diversclub-crete.gr\/fr\/wp-json\/wp\/v2\/pages\/1033","targetHints":{"allow":["GET"]}}],"collection":[{"href":"https:\/\/www.diversclub-crete.gr\/fr\/wp-json\/wp\/v2\/pages"}],"about":[{"href":"https:\/\/www.diversclub-crete.gr\/fr\/wp-json\/wp\/v2\/types\/page"}],"author":[{"embeddable":true,"href":"https:\/\/www.diversclub-crete.gr\/fr\/wp-json\/wp\/v2\/users\/2"}],"replies":[{"embeddable":true,"href":"https:\/\/www.diversclub-crete.gr\/fr\/wp-json\/wp\/v2\/comments?post=1033"}],"version-history":[{"count":0,"href":"https:\/\/www.diversclub-crete.gr\/fr\/wp-json\/wp\/v2\/pages\/1033\/revisions"}],"wp:attachment":[{"href":"https:\/\/www.diversclub-crete.gr\/fr\/wp-json\/wp\/v2\/media?parent=1033"}],"curies":[{"name":"wp","href":"https:\/\/api.w.org\/{rel}","templated":true}]}}