{"id":1029,"date":"2019-02-26T13:34:29","date_gmt":"2019-02-26T11:34:29","guid":{"rendered":"https:\/\/divers.testix.eu\/sites-anchor\/"},"modified":"2023-09-22T15:52:27","modified_gmt":"2023-09-22T12:52:27","slug":"sites-anchor","status":"publish","type":"page","link":"https:\/\/www.diversclub-crete.gr\/fr\/sites-anchor\/","title":{"rendered":"Big Anchor"},"content":{"rendered":"<h1>Big Anchor<\/h1>\n<p>&#8220;<strong>Big Anchor<\/strong>&#8221; est l&#8217;un des r\u00e9cifs les plus merveilleux que nous ayons dans la r\u00e9gion d&#8217;Agia Pelagia, et il se trouve \u00e0 seulement 1,2 mille \u00e0 l&#8217;ouest de notre centre de plong\u00e9e.<\/p>\n<table class=\"tg\" width=\"300\">\n<tbody>\n<tr>\n<th class=\"tg-kn0u\">Plongeurs Certifi\u00e9s<\/th>\n<th class=\"tg-o098\"><a href=\"https:\/\/www.diversclub-crete.gr\/fr\/diving-courses\/#open-water-diver\">Niveau 1<\/a><\/th>\n<th class=\"tg-t0da\"><a href=\"https:\/\/www.diversclub-crete.gr\/fr\/diving-courses\/#advanced-open-water\">Niveau 2 et plus<\/a><\/th>\n<\/tr>\n<tr>\n<td class=\"tg-krdq\">Convient \u00e0:<\/td>\n<td class=\"tg-o098\" style=\"text-align: center;\">x<\/td>\n<td class=\"tg-t0da\" style=\"text-align: center;\">\u2713<\/td>\n<\/tr>\n<tr>\n<td class=\"tg-krdq\">Profondeur:<\/td>\n<td class=\"tg-o098\" style=\"text-align: center;\">x<\/td>\n<td class=\"tg-t0da\" style=\"text-align: center;\">33m<\/td>\n<\/tr>\n<\/tbody>\n<\/table>\n<p>Sur ce parcours, les grands m\u00e9rous, les m\u00e9rous ray\u00e9s et les vivaneaux toujours curieux accompagnent les plongeurs de pr\u00e8s.<\/p>\n<p>\u00c0 une profondeur de 27 m\u00e8tres, on voit le grand anneau d&#8217;une ancienne ancre dress\u00e9e majestueusement du fond marin. L&#8217;ancre date de plus de 400 ans et avec une port\u00e9e de 3 m\u00e8tres de hauteur et de deux m\u00e8tres de largeur, elle offre une vue impressionnante.<\/p>\n<p>Comme si ces points forts ne suffisaient pas, le paysage autour de &#8220;Big Anchor&#8221; est \u00e9galement d&#8217;une beaut\u00e9 \u00e9poustouflante. \u00c0 une profondeur d&#8217;environ 33 m\u00e8tres, vous trouverez d&#8217;\u00e9normes \u00e9ponges, des morceaux d&#8217;amphores bris\u00e9es et continuez \u00e0 profiter d&#8217;interactions impromptues avec des vivaneaux, qui semblent surgir de nulle part, juste pour satisfaire leur propre curiosit\u00e9. Une grande vari\u00e9t\u00e9 de plantes et de beaux poissons (parfois m\u00eame des danseurs espagnols) trouvent leur lieu de vie dans et le long du r\u00e9cif \u00e0 &#8220;Big Anchor&#8221;.<\/p>\n<p>L&#8217;eau autour de ce r\u00e9cif est limpide avec une visibilit\u00e9 atteignant r\u00e9guli\u00e8rement jusqu&#8217;\u00e0 30 m\u00e8tres.<\/p>\n<p>Veuillez trouver plus d&#8217;informations sur nos programmes pour plongeurs certifi\u00e9s et faire une r\u00e9servation <a href=\"https:\/\/www.diversclub-crete.gr\/fr\/cert-divers-fr\/\">ici<\/a>.<\/p>\n<p>* nos sites de plong\u00e9e: <a href=\"https:\/\/www.diversclub-crete.gr\/fr\/sites-elgrecocave-fr\/\">Grotte El Greco<\/a> \u2013 <a href=\"https:\/\/www.diversclub-crete.gr\/fr\/sites-elgrecoreef-fr\/\">R\u00e9cif El Greco<\/a> \u2013 <a href=\"https:\/\/www.diversclub-crete.gr\/fr\/sites-stavros-fr\/\">Cap Stavros<\/a> \u2013 <a href=\"https:\/\/www.diversclub-crete.gr\/fr\/sites-dias-rock\/\">Dia\u2019s Rock<\/a> \u2013 <a href=\"https:\/\/www.diversclub-crete.gr\/fr\/sites-neptunes-rock\/\">Neptune\u2019s Rock<\/a> \u2013 <a href=\"https:\/\/www.diversclub-crete.gr\/fr\/sites-mononaftis-fr\/\">Mononaftis<\/a> \u2013 <a href=\"https:\/\/www.diversclub-crete.gr\/fr\/sites-lygaria\/\">Lygaria<\/a> \u2013 <a href=\"https:\/\/www.diversclub-crete.gr\/fr\/sites-anchor\/\">Big Anchor<\/a> \u2013 <a href=\"https:\/\/www.diversclub-crete.gr\/fr\/sites-bluecave-fr\/\">La Grotte Bleue<\/a> \u2013 <a href=\"https:\/\/www.diversclub-crete.gr\/fr\/sites-daedalos-fr\/\">Daedalos<\/a> \u2013 <a href=\"https:\/\/www.diversclub-crete.gr\/fr\/sites-shipwrecks\/\">Epaves<\/a> \u2013 <a href=\"https:\/\/www.diversclub-crete.gr\/fr\/sites-wreck-fr\/\">Epave Messerschmitt<\/a> <\/p>\n<div id='gallery-1' class='gallery galleryid-1029 gallery-columns-4 gallery-size-full'><figure class='gallery-item'>\n\t\t\t<div class='gallery-icon portrait'>\n\t\t\t\t<a href='https:\/\/www.diversclub-crete.gr\/wp-content\/uploads\/2019\/01\/Big-Anchor.jpg'><img decoding=\"async\" width=\"1440\" height=\"2151\" src=\"https:\/\/www.diversclub-crete.gr\/wp-content\/uploads\/2019\/01\/Big-Anchor.jpg\" class=\"attachment-full size-full\" alt=\"\" srcset=\"https:\/\/www.diversclub-crete.gr\/wp-content\/uploads\/2019\/01\/Big-Anchor.jpg 1440w, https:\/\/www.diversclub-crete.gr\/wp-content\/uploads\/2019\/01\/Big-Anchor-224x334.jpg 224w, https:\/\/www.diversclub-crete.gr\/wp-content\/uploads\/2019\/01\/Big-Anchor-768x1147.jpg 768w, https:\/\/www.diversclub-crete.gr\/wp-content\/uploads\/2019\/01\/Big-Anchor-447x668.jpg 447w\" sizes=\"(max-width: 1440px) 100vw, 1440px\" \/><\/a>\n\t\t\t<\/div><\/figure><figure class='gallery-item'>\n\t\t\t<div class='gallery-icon portrait'>\n\t\t\t\t<a href='https:\/\/www.diversclub-crete.gr\/wp-content\/uploads\/2021\/02\/daedalos-05-750X1000.jpg'><img decoding=\"async\" width=\"750\" height=\"1000\" src=\"https:\/\/www.diversclub-crete.gr\/wp-content\/uploads\/2021\/02\/daedalos-05-750X1000.jpg\" class=\"attachment-full size-full\" alt=\"fish at daedalos site in agia pelagia crete\" \/><\/a>\n\t\t\t<\/div><\/figure><figure class='gallery-item'>\n\t\t\t<div class='gallery-icon landscape'>\n\t\t\t\t<a href='https:\/\/www.diversclub-crete.gr\/wp-content\/uploads\/2021\/02\/lygaria-03-1200X900.jpg'><img decoding=\"async\" width=\"1200\" height=\"900\" src=\"https:\/\/www.diversclub-crete.gr\/wp-content\/uploads\/2021\/02\/lygaria-03-1200X900.jpg\" class=\"attachment-full size-full\" alt=\"diving in lygaria crete\" srcset=\"https:\/\/www.diversclub-crete.gr\/wp-content\/uploads\/2021\/02\/lygaria-03-1200X900.jpg 1200w, https:\/\/www.diversclub-crete.gr\/wp-content\/uploads\/2021\/02\/lygaria-03-1200X900-445x334.jpg 445w, https:\/\/www.diversclub-crete.gr\/wp-content\/uploads\/2021\/02\/lygaria-03-1200X900-891x668.jpg 891w, https:\/\/www.diversclub-crete.gr\/wp-content\/uploads\/2021\/02\/lygaria-03-1200X900-768x576.jpg 768w\" sizes=\"(max-width: 1200px) 100vw, 1200px\" \/><\/a>\n\t\t\t<\/div><\/figure><figure class='gallery-item'>\n\t\t\t<div class='gallery-icon landscape'>\n\t\t\t\t<a href='https:\/\/www.diversclub-crete.gr\/wp-content\/uploads\/2022\/02\/stenopus-spinos-golden-coral-shrimp-1-diversclub-crete.jpg'><img decoding=\"async\" width=\"1200\" height=\"800\" src=\"https:\/\/www.diversclub-crete.gr\/wp-content\/uploads\/2022\/02\/stenopus-spinos-golden-coral-shrimp-1-diversclub-crete.jpg\" class=\"attachment-full size-full\" alt=\"\" srcset=\"https:\/\/www.diversclub-crete.gr\/wp-content\/uploads\/2022\/02\/stenopus-spinos-golden-coral-shrimp-1-diversclub-crete.jpg 1200w, https:\/\/www.diversclub-crete.gr\/wp-content\/uploads\/2022\/02\/stenopus-spinos-golden-coral-shrimp-1-diversclub-crete-500x334.jpg 500w, https:\/\/www.diversclub-crete.gr\/wp-content\/uploads\/2022\/02\/stenopus-spinos-golden-coral-shrimp-1-diversclub-crete-1000x668.jpg 1000w, https:\/\/www.diversclub-crete.gr\/wp-content\/uploads\/2022\/02\/stenopus-spinos-golden-coral-shrimp-1-diversclub-crete-768x512.jpg 768w\" sizes=\"(max-width: 1200px) 100vw, 1200px\" \/><\/a>\n\t\t\t<\/div><\/figure>\n\t\t<\/div>\n\n","protected":false},"excerpt":{"rendered":"<p>Big Anchor &#8220;Big Anchor&#8221; est l&#8217;un des r\u00e9cifs les plus merveilleux que nous ayons dans la r\u00e9gion d&#8217;Agia Pelagia, et il se trouve \u00e0 seulement 1,2 mille \u00e0 l&#8217;ouest de notre centre de plong\u00e9e. Plongeurs Certifi\u00e9s Niveau 1 Niveau 2 et plus Convient \u00e0: x \u2713 Profondeur: x 33m Sur ce parcours, les grands m\u00e9rous, &#8230; <a title=\"Big Anchor\" class=\"read-more\" href=\"https:\/\/www.diversclub-crete.gr\/fr\/sites-anchor\/\" aria-label=\"Read more about Big Anchor\">Read more<\/a><\/p>\n","protected":false},"author":2,"featured_media":0,"parent":0,"menu_order":0,"comment_status":"closed","ping_status":"closed","template":"","meta":{"footnotes":""},"class_list":["post-1029","page","type-page","status-publish"],"_links":{"self":[{"href":"https:\/\/www.diversclub-crete.gr\/fr\/wp-json\/wp\/v2\/pages\/1029","targetHints":{"allow":["GET"]}}],"collection":[{"href":"https:\/\/www.diversclub-crete.gr\/fr\/wp-json\/wp\/v2\/pages"}],"about":[{"href":"https:\/\/www.diversclub-crete.gr\/fr\/wp-json\/wp\/v2\/types\/page"}],"author":[{"embeddable":true,"href":"https:\/\/www.diversclub-crete.gr\/fr\/wp-json\/wp\/v2\/users\/2"}],"replies":[{"embeddable":true,"href":"https:\/\/www.diversclub-crete.gr\/fr\/wp-json\/wp\/v2\/comments?post=1029"}],"version-history":[{"count":0,"href":"https:\/\/www.diversclub-crete.gr\/fr\/wp-json\/wp\/v2\/pages\/1029\/revisions"}],"wp:attachment":[{"href":"https:\/\/www.diversclub-crete.gr\/fr\/wp-json\/wp\/v2\/media?parent=1029"}],"curies":[{"name":"wp","href":"https:\/\/api.w.org\/{rel}","templated":true}]}}