{"id":1027,"date":"2019-02-26T14:33:10","date_gmt":"2019-02-26T12:33:10","guid":{"rendered":"https:\/\/divers.testix.eu\/sites-mononaftis\/"},"modified":"2023-03-11T21:56:37","modified_gmt":"2023-03-11T19:56:37","slug":"sites-mononaftis-fr","status":"publish","type":"page","link":"https:\/\/www.diversclub-crete.gr\/fr\/sites-mononaftis-fr\/","title":{"rendered":"Mononaftis"},"content":{"rendered":"<h1>Mononaftis<\/h1>\n<p>&#8220;<strong>Mononaftis<\/strong>&#8221; (marin solitaire) est un \u00e9norme rocher sortant de la mer \u00e0 environ 50 m\u00e8tres du rivage. Cette zone offre le plus grand nombre et la plus grande vari\u00e9t\u00e9 de poissons et de plantes autour d&#8217;Agia Pelagia en Cr\u00e8te.<\/p>\n<table class=\"tg\" width=\"300\">\n<tbody>\n<tr>\n<th class=\"tg-kn0u\">Plongeurs Certifi\u00e9s<\/th>\n<th class=\"tg-o098\">Niveau 1<\/th>\n<th class=\"tg-t0da\">Niveau 2 et plus<\/th>\n<\/tr>\n<tr>\n<td class=\"tg-krdq\">Convient \u00e0:<\/td>\n<td class=\"tg-o098\" style=\"text-align: center;\">\u2713<\/td>\n<td class=\"tg-t0da\" style=\"text-align: center;\">\u2713<\/td>\n<\/tr>\n<tr>\n<td class=\"tg-krdq\">Profondeur:<\/td>\n<td class=\"tg-o098\" style=\"text-align: center;\">18m<\/td>\n<td class=\"tg-t0da\" style=\"text-align: center;\">32m<\/td>\n<\/tr>\n<\/tbody>\n<\/table>\n<p>En tant que plus grand de nos sites de plong\u00e9e, \u00abMononaftis\u00bb peut proposer un certain nombre de circuits de plong\u00e9e et d&#8217;objectifs de plong\u00e9e diff\u00e9rents. La profondeur maximale varie entre 18 et 35 m\u00e8tres. Pour cette raison, il est possible pour tout le monde, plongeurs exp\u00e9riment\u00e9s ou inexp\u00e9riment\u00e9s, de profiter de la beaut\u00e9 marine de cette r\u00e9gion.<\/p>\n<p>Au cours de ces visites, nous pouvons choisir de longer un r\u00e9cif \u00e9tonnant, de petits canyons et de grands trous, de d\u00e9couvrir de petites grottes et d&#8217;explorer les nombreuses cavit\u00e9s sous les rochers.<\/p>\n<p>La riche vie aquatique que l&#8217;on trouve \u00e0 Mononaftis comprend des m\u00e9rous, des poulpes, des mur\u00e8nes, des bancs de salemas, des dorades bagu\u00e9es et sell\u00e9es, des raies pastenagues, des lapins de mer, des rascasses rouges et noires, des \u00e9ponges, des an\u00e9mones de mer et de nombreux jolis coquillages.<\/p>\n<p>Une excursion de plong\u00e9e en particulier nous conduit le long du r\u00e9cif \u00e0 une profondeur de 30 m\u00e8tres, puis nous ram\u00e8ne au rivage. Ici, les plongeurs peuvent r\u00e9guli\u00e8rement rencontrer de grands bancs de barracudas, avec lesquels vous pouvez nager ou m\u00eame animer en tournant de grands cercles autour de vous. De cette fa\u00e7on, tout le monde &#8211; poissons et plongeurs &#8211; peut satisfaire sa curiosit\u00e9.<\/p>\n<p>Veuillez trouver plus d\u2019informations sur nos programmes pour les plongeurs certifi\u00e9s\u00a0<a href=\"https:\/\/www.diversclub-crete.gr\/fr\/cert-divers-fr\/\">ici<\/a>.<\/p>\n<p>* nos sites de plong\u00e9e: <a href=\"https:\/\/www.diversclub-crete.gr\/fr\/sites-elgrecocave-fr\/\">Grotte El Greco<\/a> \u2013 <a href=\"https:\/\/www.diversclub-crete.gr\/fr\/sites-elgrecoreef-fr\/\">R\u00e9cif El Greco<\/a> \u2013 <a href=\"https:\/\/www.diversclub-crete.gr\/fr\/sites-stavros-fr\/\">Cap Stavros<\/a> \u2013 <a href=\"https:\/\/www.diversclub-crete.gr\/fr\/sites-dias-rock\/\">Dia\u2019s Rock<\/a> \u2013 <a href=\"https:\/\/www.diversclub-crete.gr\/fr\/sites-neptunes-rock\/\">Neptune\u2019s Rock<\/a> \u2013 <a href=\"https:\/\/www.diversclub-crete.gr\/fr\/sites-mononaftis-fr\/\">Mononaftis<\/a> \u2013 <a href=\"https:\/\/www.diversclub-crete.gr\/fr\/sites-lygaria\/\">Lygaria<\/a> \u2013 <a href=\"https:\/\/www.diversclub-crete.gr\/fr\/sites-anchor\/\">Big Anchor<\/a> \u2013 <a href=\"https:\/\/www.diversclub-crete.gr\/fr\/sites-bluecave-fr\/\">La Grotte Bleue<\/a> \u2013 <a href=\"https:\/\/www.diversclub-crete.gr\/fr\/sites-daedalos-fr\/\">Daedalos<\/a> \u2013 <a href=\"https:\/\/www.diversclub-crete.gr\/fr\/sites-shipwrecks\/\">Epaves<\/a> \u2013 <a href=\"https:\/\/www.diversclub-crete.gr\/fr\/sites-wreck-fr\/\">Epave Messerschmitt<\/a> <\/p>\n<div id='gallery-1' class='gallery galleryid-1027 gallery-columns-3 gallery-size-medium'><figure class='gallery-item'>\n\t\t\t<div class='gallery-icon landscape'>\n\t\t\t\t<a href='https:\/\/www.diversclub-crete.gr\/wp-content\/uploads\/2021\/02\/mononaftis-02-1200X900.jpg'><img decoding=\"async\" width=\"445\" height=\"334\" src=\"https:\/\/www.diversclub-crete.gr\/wp-content\/uploads\/2021\/02\/mononaftis-02-1200\u03a7900-445x334.jpg\" class=\"attachment-medium size-medium\" alt=\"fish at mononaftis crete\" srcset=\"https:\/\/www.diversclub-crete.gr\/wp-content\/uploads\/2021\/02\/mononaftis-02-1200\u03a7900-445x334.jpg 445w, https:\/\/www.diversclub-crete.gr\/wp-content\/uploads\/2021\/02\/mononaftis-02-1200\u03a7900-891x668.jpg 891w, https:\/\/www.diversclub-crete.gr\/wp-content\/uploads\/2021\/02\/mononaftis-02-1200\u03a7900-768x576.jpg 768w, https:\/\/www.diversclub-crete.gr\/wp-content\/uploads\/2021\/02\/mononaftis-02-1200\u03a7900.jpg 1200w\" sizes=\"(max-width: 445px) 100vw, 445px\" \/><\/a>\n\t\t\t<\/div><\/figure><figure class='gallery-item'>\n\t\t\t<div class='gallery-icon landscape'>\n\t\t\t\t<a href='https:\/\/www.diversclub-crete.gr\/wp-content\/uploads\/2021\/02\/mononaftis-01-1200X900.jpg'><img decoding=\"async\" width=\"445\" height=\"334\" src=\"https:\/\/www.diversclub-crete.gr\/wp-content\/uploads\/2021\/02\/mononaftis-01-1200\u03a7900-445x334.jpg\" class=\"attachment-medium size-medium\" alt=\"fish at mononaftis crete\" srcset=\"https:\/\/www.diversclub-crete.gr\/wp-content\/uploads\/2021\/02\/mononaftis-01-1200\u03a7900-445x334.jpg 445w, https:\/\/www.diversclub-crete.gr\/wp-content\/uploads\/2021\/02\/mononaftis-01-1200\u03a7900-891x668.jpg 891w, https:\/\/www.diversclub-crete.gr\/wp-content\/uploads\/2021\/02\/mononaftis-01-1200\u03a7900-768x576.jpg 768w, https:\/\/www.diversclub-crete.gr\/wp-content\/uploads\/2021\/02\/mononaftis-01-1200\u03a7900.jpg 1200w\" sizes=\"(max-width: 445px) 100vw, 445px\" \/><\/a>\n\t\t\t<\/div><\/figure><figure class='gallery-item'>\n\t\t\t<div class='gallery-icon landscape'>\n\t\t\t\t<a href='https:\/\/www.diversclub-crete.gr\/wp-content\/uploads\/2021\/02\/mononaftis-05-1200X900.jpg'><img decoding=\"async\" width=\"445\" height=\"334\" src=\"https:\/\/www.diversclub-crete.gr\/wp-content\/uploads\/2021\/02\/mononaftis-05-1200\u03a7900-445x334.jpg\" class=\"attachment-medium size-medium\" alt=\"fish at mononaftis crete\" srcset=\"https:\/\/www.diversclub-crete.gr\/wp-content\/uploads\/2021\/02\/mononaftis-05-1200\u03a7900-445x334.jpg 445w, https:\/\/www.diversclub-crete.gr\/wp-content\/uploads\/2021\/02\/mononaftis-05-1200\u03a7900-891x668.jpg 891w, https:\/\/www.diversclub-crete.gr\/wp-content\/uploads\/2021\/02\/mononaftis-05-1200\u03a7900-768x576.jpg 768w, https:\/\/www.diversclub-crete.gr\/wp-content\/uploads\/2021\/02\/mononaftis-05-1200\u03a7900.jpg 1200w\" sizes=\"(max-width: 445px) 100vw, 445px\" \/><\/a>\n\t\t\t<\/div><\/figure>\n\t\t<\/div>\n\n","protected":false},"excerpt":{"rendered":"<p>Mononaftis &#8220;Mononaftis&#8221; (marin solitaire) est un \u00e9norme rocher sortant de la mer \u00e0 environ 50 m\u00e8tres du rivage. Cette zone offre le plus grand nombre et la plus grande vari\u00e9t\u00e9 de poissons et de plantes autour d&#8217;Agia Pelagia en Cr\u00e8te. Plongeurs Certifi\u00e9s Niveau 1 Niveau 2 et plus Convient \u00e0: \u2713 \u2713 Profondeur: 18m 32m &#8230; <a title=\"Mononaftis\" class=\"read-more\" href=\"https:\/\/www.diversclub-crete.gr\/fr\/sites-mononaftis-fr\/\" aria-label=\"Read more about Mononaftis\">Read more<\/a><\/p>\n","protected":false},"author":2,"featured_media":0,"parent":0,"menu_order":0,"comment_status":"closed","ping_status":"closed","template":"","meta":{"footnotes":""},"class_list":["post-1027","page","type-page","status-publish"],"_links":{"self":[{"href":"https:\/\/www.diversclub-crete.gr\/fr\/wp-json\/wp\/v2\/pages\/1027","targetHints":{"allow":["GET"]}}],"collection":[{"href":"https:\/\/www.diversclub-crete.gr\/fr\/wp-json\/wp\/v2\/pages"}],"about":[{"href":"https:\/\/www.diversclub-crete.gr\/fr\/wp-json\/wp\/v2\/types\/page"}],"author":[{"embeddable":true,"href":"https:\/\/www.diversclub-crete.gr\/fr\/wp-json\/wp\/v2\/users\/2"}],"replies":[{"embeddable":true,"href":"https:\/\/www.diversclub-crete.gr\/fr\/wp-json\/wp\/v2\/comments?post=1027"}],"version-history":[{"count":0,"href":"https:\/\/www.diversclub-crete.gr\/fr\/wp-json\/wp\/v2\/pages\/1027\/revisions"}],"wp:attachment":[{"href":"https:\/\/www.diversclub-crete.gr\/fr\/wp-json\/wp\/v2\/media?parent=1027"}],"curies":[{"name":"wp","href":"https:\/\/api.w.org\/{rel}","templated":true}]}}