{"id":1025,"date":"2019-02-26T14:50:09","date_gmt":"2019-02-26T12:50:09","guid":{"rendered":"https:\/\/divers.testix.eu\/sites-stavros\/"},"modified":"2023-09-22T15:50:40","modified_gmt":"2023-09-22T12:50:40","slug":"sites-stavros-fr","status":"publish","type":"page","link":"https:\/\/www.diversclub-crete.gr\/fr\/sites-stavros-fr\/","title":{"rendered":"Cap Stavros"},"content":{"rendered":"<h1>Cap Stavros<\/h1>\n<p>\u00c0 une distance de 2,8 miles \u00e0 l&#8217;ouest du centre de plong\u00e9e d&#8217;Agia Pelagia, nous rencontrons le <strong>Cap Stavros<\/strong>. Notre bateau mouille du c\u00f4t\u00e9 est du cap, toujours prot\u00e9g\u00e9 du vent.<\/p>\n<table class=\"tg\" width=\"300\">\n<tbody>\n<tr>\n<th class=\"tg-kn0u\">Plongeurs Certifi\u00e9s<\/th>\n<th class=\"tg-o098\"><a href=\"https:\/\/www.diversclub-crete.gr\/fr\/diving-courses\/#open-water-diver\">Niveau 1<\/a><\/th>\n<th class=\"tg-t0da\"><a href=\"https:\/\/www.diversclub-crete.gr\/fr\/diving-courses\/#advanced-open-water\">Niveau 2 et plus<\/a><\/th>\n<\/tr>\n<tr>\n<td class=\"tg-krdq\">Convient \u00e0:<\/td>\n<td class=\"tg-o098\" style=\"text-align: center;\">x<\/td>\n<td class=\"tg-t0da\" style=\"text-align: center;\">\u2713<\/td>\n<\/tr>\n<tr>\n<td class=\"tg-krdq\">Profondeur:<\/td>\n<td class=\"tg-o098\" style=\"text-align: center;\">x<\/td>\n<td class=\"tg-t0da\" style=\"text-align: center;\">40m<\/td>\n<\/tr>\n<\/tbody>\n<\/table>\n<p>La plong\u00e9e en tombant dans la &#8220;Grande Bleue&#8221; de ce cap est vraiment passionnante. La magie de la profondeur et de l&#8217;eau cristalline vous fascine d\u00e8s le d\u00e9but.<\/p>\n<p>La plong\u00e9e commence \u00e0 partir de la ligne d&#8217;ancrage jusqu&#8217;\u00e0 une profondeur de 30 m. Des bancs de petits poissons vivent autour des gros rochers que nous croisons sur ce parcours.<\/p>\n<p>La profondeur augmente jusqu&#8217;\u00e0 75 m\u00e8tres tr\u00e8s rapidement, cependant soyez assur\u00e9 que nous vous guidons toujours dans une profondeur maximale de 40 m\u00e8tres.<\/p>\n<p>Par temps calme, le bateau peut suivre le cours du plongeur, ce qui donne la possibilit\u00e9 de plonger sur une plus longue distance et de voir davantage le merveilleux monde sous-marin du cap Stavros.<\/p>\n<p>Le cap Stavros est le lieu de vie des m\u00e9rous, des vivaneaux, des mur\u00e8nes et des carangues rouges. Les grands attraits pour les plongeurs ici sont la profondeur, la &#8220;grande eau bleue&#8221; et l&#8217;incroyable visibilit\u00e9, souvent sup\u00e9rieure \u00e0 35 m\u00e8tres. Naturellement, cette plong\u00e9e ne peut \u00eatre propos\u00e9e qu&#8217;aux plongeurs exp\u00e9riment\u00e9s.<\/p>\n<p>Veuillez trouver plus d&#8217;informations sur nos programmes pour plongeurs certifi\u00e9s et faire une r\u00e9servation <a href=\"https:\/\/www.diversclub-crete.gr\/fr\/cert-divers-fr\/\">ici<\/a>.<\/p>\n<p>* nos sites de plong\u00e9e: <a href=\"https:\/\/www.diversclub-crete.gr\/fr\/sites-elgrecocave-fr\/\">Grotte El Greco<\/a> \u2013 <a href=\"https:\/\/www.diversclub-crete.gr\/fr\/sites-elgrecoreef-fr\/\">R\u00e9cif El Greco<\/a> \u2013 <a href=\"https:\/\/www.diversclub-crete.gr\/fr\/sites-stavros-fr\/\">Cap Stavros<\/a> \u2013 <a href=\"https:\/\/www.diversclub-crete.gr\/fr\/sites-dias-rock\/\">Dia\u2019s Rock<\/a> \u2013 <a href=\"https:\/\/www.diversclub-crete.gr\/fr\/sites-neptunes-rock\/\">Neptune\u2019s Rock<\/a> \u2013 <a href=\"https:\/\/www.diversclub-crete.gr\/fr\/sites-mononaftis-fr\/\">Mononaftis<\/a> \u2013 <a href=\"https:\/\/www.diversclub-crete.gr\/fr\/sites-lygaria\/\">Lygaria<\/a> \u2013 <a href=\"https:\/\/www.diversclub-crete.gr\/fr\/sites-anchor\/\">Big Anchor<\/a> \u2013 <a href=\"https:\/\/www.diversclub-crete.gr\/fr\/sites-bluecave-fr\/\">La Grotte Bleue<\/a> \u2013 <a href=\"https:\/\/www.diversclub-crete.gr\/fr\/sites-daedalos-fr\/\">Daedalos<\/a> \u2013 <a href=\"https:\/\/www.diversclub-crete.gr\/fr\/sites-shipwrecks\/\">Epaves<\/a> \u2013 <a href=\"https:\/\/www.diversclub-crete.gr\/fr\/sites-wreck-fr\/\">Epave Messerschmitt<\/a> <\/p>\n<div id='gallery-1' class='gallery galleryid-1025 gallery-columns-3 gallery-size-full'><figure class='gallery-item'>\n\t\t\t<div class='gallery-icon portrait'>\n\t\t\t\t<a href='https:\/\/www.diversclub-crete.gr\/fr\/sites-stavros-fr\/dcim100media-2\/#main'><img decoding=\"async\" width=\"1440\" height=\"1920\" src=\"https:\/\/www.diversclub-crete.gr\/wp-content\/uploads\/2019\/04\/stavros.jpg\" class=\"attachment-full size-full\" alt=\"Stavros Cape\" aria-describedby=\"gallery-1-930\" srcset=\"https:\/\/www.diversclub-crete.gr\/wp-content\/uploads\/2019\/04\/stavros.jpg 1440w, https:\/\/www.diversclub-crete.gr\/wp-content\/uploads\/2019\/04\/stavros-251x334.jpg 251w, https:\/\/www.diversclub-crete.gr\/wp-content\/uploads\/2019\/04\/stavros-768x1024.jpg 768w, https:\/\/www.diversclub-crete.gr\/wp-content\/uploads\/2019\/04\/stavros-501x668.jpg 501w\" sizes=\"(max-width: 1440px) 100vw, 1440px\" \/><\/a>\n\t\t\t<\/div>\n\t\t\t\t<figcaption class='wp-caption-text gallery-caption' id='gallery-1-930'>\n\t\t\t\tDCIM100MEDIA\n\t\t\t\t<\/figcaption><\/figure><figure class='gallery-item'>\n\t\t\t<div class='gallery-icon landscape'>\n\t\t\t\t<a href='https:\/\/www.diversclub-crete.gr\/fr\/crete-diving-pictures\/dardanus-calidus-with-calliactis-parasitica-2\/#main'><img decoding=\"async\" width=\"1200\" height=\"800\" src=\"https:\/\/www.diversclub-crete.gr\/wp-content\/uploads\/2022\/02\/dardanus-calidus-with-calliactis-parasitica-diversclub-crete.jpg\" class=\"attachment-full size-full\" alt=\"\" srcset=\"https:\/\/www.diversclub-crete.gr\/wp-content\/uploads\/2022\/02\/dardanus-calidus-with-calliactis-parasitica-diversclub-crete.jpg 1200w, https:\/\/www.diversclub-crete.gr\/wp-content\/uploads\/2022\/02\/dardanus-calidus-with-calliactis-parasitica-diversclub-crete-500x334.jpg 500w, https:\/\/www.diversclub-crete.gr\/wp-content\/uploads\/2022\/02\/dardanus-calidus-with-calliactis-parasitica-diversclub-crete-1000x668.jpg 1000w, https:\/\/www.diversclub-crete.gr\/wp-content\/uploads\/2022\/02\/dardanus-calidus-with-calliactis-parasitica-diversclub-crete-768x512.jpg 768w\" sizes=\"(max-width: 1200px) 100vw, 1200px\" \/><\/a>\n\t\t\t<\/div><\/figure><figure class='gallery-item'>\n\t\t\t<div class='gallery-icon portrait'>\n\t\t\t\t<a href='https:\/\/www.diversclub-crete.gr\/fr\/crete-diving-pictures\/boat-divers-underwater-2\/#main'><img decoding=\"async\" width=\"1200\" height=\"1800\" src=\"https:\/\/www.diversclub-crete.gr\/wp-content\/uploads\/2022\/02\/boat-divers-underwater-diversclub-crete.jpg\" class=\"attachment-full size-full\" alt=\"Boat Divers underwater\" srcset=\"https:\/\/www.diversclub-crete.gr\/wp-content\/uploads\/2022\/02\/boat-divers-underwater-diversclub-crete.jpg 1200w, https:\/\/www.diversclub-crete.gr\/wp-content\/uploads\/2022\/02\/boat-divers-underwater-diversclub-crete-223x334.jpg 223w, https:\/\/www.diversclub-crete.gr\/wp-content\/uploads\/2022\/02\/boat-divers-underwater-diversclub-crete-445x668.jpg 445w, https:\/\/www.diversclub-crete.gr\/wp-content\/uploads\/2022\/02\/boat-divers-underwater-diversclub-crete-768x1152.jpg 768w, https:\/\/www.diversclub-crete.gr\/wp-content\/uploads\/2022\/02\/boat-divers-underwater-diversclub-crete-1024x1536.jpg 1024w\" sizes=\"(max-width: 1200px) 100vw, 1200px\" \/><\/a>\n\t\t\t<\/div><\/figure><figure class='gallery-item'>\n\t\t\t<div class='gallery-icon landscape'>\n\t\t\t\t<a href='https:\/\/www.diversclub-crete.gr\/fr\/crete-diving-pictures\/flabellina-affinis-2\/#main'><img decoding=\"async\" width=\"1200\" height=\"800\" src=\"https:\/\/www.diversclub-crete.gr\/wp-content\/uploads\/2022\/02\/flabellina-affinis-diversclub-crete.jpg\" class=\"attachment-full size-full\" alt=\"\" srcset=\"https:\/\/www.diversclub-crete.gr\/wp-content\/uploads\/2022\/02\/flabellina-affinis-diversclub-crete.jpg 1200w, https:\/\/www.diversclub-crete.gr\/wp-content\/uploads\/2022\/02\/flabellina-affinis-diversclub-crete-500x334.jpg 500w, https:\/\/www.diversclub-crete.gr\/wp-content\/uploads\/2022\/02\/flabellina-affinis-diversclub-crete-1000x668.jpg 1000w, https:\/\/www.diversclub-crete.gr\/wp-content\/uploads\/2022\/02\/flabellina-affinis-diversclub-crete-768x512.jpg 768w\" sizes=\"(max-width: 1200px) 100vw, 1200px\" \/><\/a>\n\t\t\t<\/div><\/figure>\n\t\t<\/div>\n\n","protected":false},"excerpt":{"rendered":"<p>Cap Stavros \u00c0 une distance de 2,8 miles \u00e0 l&#8217;ouest du centre de plong\u00e9e d&#8217;Agia Pelagia, nous rencontrons le Cap Stavros. Notre bateau mouille du c\u00f4t\u00e9 est du cap, toujours prot\u00e9g\u00e9 du vent. Plongeurs Certifi\u00e9s Niveau 1 Niveau 2 et plus Convient \u00e0: x \u2713 Profondeur: x 40m La plong\u00e9e en tombant dans la &#8220;Grande &#8230; <a title=\"Cap Stavros\" class=\"read-more\" href=\"https:\/\/www.diversclub-crete.gr\/fr\/sites-stavros-fr\/\" aria-label=\"Read more about Cap Stavros\">Read more<\/a><\/p>\n","protected":false},"author":2,"featured_media":0,"parent":0,"menu_order":0,"comment_status":"closed","ping_status":"closed","template":"","meta":{"footnotes":""},"class_list":["post-1025","page","type-page","status-publish"],"_links":{"self":[{"href":"https:\/\/www.diversclub-crete.gr\/fr\/wp-json\/wp\/v2\/pages\/1025","targetHints":{"allow":["GET"]}}],"collection":[{"href":"https:\/\/www.diversclub-crete.gr\/fr\/wp-json\/wp\/v2\/pages"}],"about":[{"href":"https:\/\/www.diversclub-crete.gr\/fr\/wp-json\/wp\/v2\/types\/page"}],"author":[{"embeddable":true,"href":"https:\/\/www.diversclub-crete.gr\/fr\/wp-json\/wp\/v2\/users\/2"}],"replies":[{"embeddable":true,"href":"https:\/\/www.diversclub-crete.gr\/fr\/wp-json\/wp\/v2\/comments?post=1025"}],"version-history":[{"count":0,"href":"https:\/\/www.diversclub-crete.gr\/fr\/wp-json\/wp\/v2\/pages\/1025\/revisions"}],"wp:attachment":[{"href":"https:\/\/www.diversclub-crete.gr\/fr\/wp-json\/wp\/v2\/media?parent=1025"}],"curies":[{"name":"wp","href":"https:\/\/api.w.org\/{rel}","templated":true}]}}