{"id":1023,"date":"2019-02-26T15:21:36","date_gmt":"2019-02-26T13:21:36","guid":{"rendered":"https:\/\/divers.testix.eu\/sites-elgrecoreef\/"},"modified":"2023-09-22T15:50:21","modified_gmt":"2023-09-22T12:50:21","slug":"sites-elgrecoreef-fr","status":"publish","type":"page","link":"https:\/\/www.diversclub-crete.gr\/fr\/sites-elgrecoreef-fr\/","title":{"rendered":"R\u00e9cif El Greco"},"content":{"rendered":"<h1>R\u00e9cif El Greco<\/h1>\n<p>Ce site de plong\u00e9e offre des possibilit\u00e9s de plong\u00e9e profonde \u00e0 plusieurs niveaux (profondeur max. 40 m\u00e8tres), ainsi que de plong\u00e9e peu profonde (profondeur max. 18 m\u00e8tres).<\/p>\n<table class=\"tg\" width=\"300\">\n<tbody>\n<tr>\n<th class=\"tg-kn0u\">Plongeurs Certifi\u00e9s<\/th>\n<td class=\"tg-o098\"><a href=\"https:\/\/www.diversclub-crete.gr\/fr\/diving-courses\/#open-water-diver\">Niveau 1<\/a><\/td>\n<td class=\"tg-t0da\"><a href=\"https:\/\/www.diversclub-crete.gr\/fr\/diving-courses\/#advanced-open-water\">Niveau 2 et plus<\/a><\/td>\n<\/tr>\n<tr>\n<td class=\"tg-krdq\">Convient \u00e0:<\/td>\n<td class=\"tg-o098\" style=\"text-align: center;\">\u2713<\/td>\n<td class=\"tg-t0da\" style=\"text-align: center;\">\u2713<\/td>\n<\/tr>\n<tr>\n<td class=\"tg-krdq\" style=\"text-align: left;\">Profondeur:<\/td>\n<td class=\"tg-o098\" style=\"text-align: center;\">18m<\/td>\n<td class=\"tg-t0da\" style=\"text-align: center;\">40m<\/td>\n<\/tr>\n<\/tbody>\n<\/table>\n<p>En descendant le long de la ligne de mouillage les plongeurs se retrouvent au milieu d&#8217;une configuration impressionnante construite par des rochers gigantesques. Ici la mer pr\u00e9sente une excellente visibilit\u00e9 qui d\u00e9passe les 25 m\u00e8tres la plupart du temps.<\/p>\n<p>Le parcours suivant nous m\u00e8ne au r\u00e9cif El Greco. D\u00e8s le d\u00e9but, il y a une cavit\u00e9 fascinante pleine de plantes qui impressionnent l&#8217;\u0153il par leur vari\u00e9t\u00e9 de formes et de couleurs.<\/p>\n<p>Une autre grotte plus petite au fond sablonneux peut \u00eatre observ\u00e9e sur notre chemin. La grotte est assez grande pour quatre plongeurs. Bien que beaucoup de soleil \u00e9claire l&#8217;int\u00e9rieur de la grotte avec une torche, vous pouvez faire un tour de d\u00e9couverte des cavit\u00e9s, des trous et des rebords rocheux et de leurs habitants marins int\u00e9ressants.<\/p>\n<p>Autour du r\u00e9cif, vous rencontrerez des m\u00e9rous, des poulpes, des langoustes, des thons, des mur\u00e8nes, ainsi que des an\u00e9mones de mer, des spirographes et une grande vari\u00e9t\u00e9 d&#8217;\u00e9ponges et de coquillages. La combinaison fascinante d&#8217;une grotte et d&#8217;un r\u00e9cif rend le r\u00e9cif El Greco si attrayant pour de nombreux plongeurs.<\/p>\n<p>Veuillez trouver plus d&#8217;informations sur nos programmes pour plongeurs certifi\u00e9s et faire une r\u00e9servation <a href=\"https:\/\/www.diversclub-crete.gr\/fr\/cert-divers-fr\/\">ici<\/a>.<\/p>\n<p>* nos sites de plong\u00e9e: <a href=\"https:\/\/www.diversclub-crete.gr\/fr\/sites-elgrecocave-fr\/\">Grotte El Greco<\/a> \u2013 <a href=\"https:\/\/www.diversclub-crete.gr\/fr\/sites-elgrecoreef-fr\/\">R\u00e9cif El Greco<\/a> \u2013 <a href=\"https:\/\/www.diversclub-crete.gr\/fr\/sites-stavros-fr\/\">Cap Stavros<\/a> \u2013 <a href=\"https:\/\/www.diversclub-crete.gr\/fr\/sites-dias-rock\/\">Dia\u2019s Rock<\/a> \u2013 <a href=\"https:\/\/www.diversclub-crete.gr\/fr\/sites-neptunes-rock\/\">Neptune\u2019s Rock<\/a> \u2013 <a href=\"https:\/\/www.diversclub-crete.gr\/fr\/sites-mononaftis-fr\/\">Mononaftis<\/a> \u2013 <a href=\"https:\/\/www.diversclub-crete.gr\/fr\/sites-lygaria\/\">Lygaria<\/a> \u2013 <a href=\"https:\/\/www.diversclub-crete.gr\/fr\/sites-anchor\/\">Big Anchor<\/a> \u2013 <a href=\"https:\/\/www.diversclub-crete.gr\/fr\/sites-bluecave-fr\/\">La Grotte Bleue<\/a> \u2013 <a href=\"https:\/\/www.diversclub-crete.gr\/fr\/sites-daedalos-fr\/\">Daedalos<\/a> \u2013 <a href=\"https:\/\/www.diversclub-crete.gr\/fr\/sites-shipwrecks\/\">Epaves<\/a> \u2013 <a href=\"https:\/\/www.diversclub-crete.gr\/fr\/sites-wreck-fr\/\">Epave Messerschmitt<\/a> <\/p>\n<div id='gallery-1' class='gallery galleryid-1023 gallery-columns-3 gallery-size-medium'><figure class='gallery-item'>\n\t\t\t<div class='gallery-icon landscape'>\n\t\t\t\t<a href='https:\/\/www.diversclub-crete.gr\/wp-content\/uploads\/2021\/02\/el-greco-reef-01-1200X800.jpg'><img decoding=\"async\" width=\"500\" height=\"334\" src=\"https:\/\/www.diversclub-crete.gr\/wp-content\/uploads\/2021\/02\/el-greco-reef-01-1200X800-500x334.jpg\" class=\"attachment-medium size-medium\" alt=\"diving in el greco reef in crete\" srcset=\"https:\/\/www.diversclub-crete.gr\/wp-content\/uploads\/2021\/02\/el-greco-reef-01-1200X800-500x334.jpg 500w, https:\/\/www.diversclub-crete.gr\/wp-content\/uploads\/2021\/02\/el-greco-reef-01-1200X800-1000x668.jpg 1000w, https:\/\/www.diversclub-crete.gr\/wp-content\/uploads\/2021\/02\/el-greco-reef-01-1200X800-768x512.jpg 768w, https:\/\/www.diversclub-crete.gr\/wp-content\/uploads\/2021\/02\/el-greco-reef-01-1200X800.jpg 1200w\" sizes=\"(max-width: 500px) 100vw, 500px\" \/><\/a>\n\t\t\t<\/div><\/figure><figure class='gallery-item'>\n\t\t\t<div class='gallery-icon landscape'>\n\t\t\t\t<a href='https:\/\/www.diversclub-crete.gr\/wp-content\/uploads\/2021\/02\/el-greco-reef-02-1200X800-1.jpg'><img decoding=\"async\" width=\"500\" height=\"334\" src=\"https:\/\/www.diversclub-crete.gr\/wp-content\/uploads\/2021\/02\/el-greco-reef-02-1200X800-1-500x334.jpg\" class=\"attachment-medium size-medium\" alt=\"diving in el greco reef in crete\" srcset=\"https:\/\/www.diversclub-crete.gr\/wp-content\/uploads\/2021\/02\/el-greco-reef-02-1200X800-1-500x334.jpg 500w, https:\/\/www.diversclub-crete.gr\/wp-content\/uploads\/2021\/02\/el-greco-reef-02-1200X800-1-1000x668.jpg 1000w, https:\/\/www.diversclub-crete.gr\/wp-content\/uploads\/2021\/02\/el-greco-reef-02-1200X800-1-768x512.jpg 768w, https:\/\/www.diversclub-crete.gr\/wp-content\/uploads\/2021\/02\/el-greco-reef-02-1200X800-1.jpg 1200w\" sizes=\"(max-width: 500px) 100vw, 500px\" \/><\/a>\n\t\t\t<\/div><\/figure><figure class='gallery-item'>\n\t\t\t<div class='gallery-icon landscape'>\n\t\t\t\t<a href='https:\/\/www.diversclub-crete.gr\/wp-content\/uploads\/2021\/02\/el-greco-reef-03-1200X800.jpg'><img decoding=\"async\" width=\"500\" height=\"334\" src=\"https:\/\/www.diversclub-crete.gr\/wp-content\/uploads\/2021\/02\/el-greco-reef-03-1200X800-500x334.jpg\" class=\"attachment-medium size-medium\" alt=\"diving in el greco reef in crete\" srcset=\"https:\/\/www.diversclub-crete.gr\/wp-content\/uploads\/2021\/02\/el-greco-reef-03-1200X800-500x334.jpg 500w, https:\/\/www.diversclub-crete.gr\/wp-content\/uploads\/2021\/02\/el-greco-reef-03-1200X800-1000x668.jpg 1000w, https:\/\/www.diversclub-crete.gr\/wp-content\/uploads\/2021\/02\/el-greco-reef-03-1200X800-768x512.jpg 768w, https:\/\/www.diversclub-crete.gr\/wp-content\/uploads\/2021\/02\/el-greco-reef-03-1200X800.jpg 1200w\" sizes=\"(max-width: 500px) 100vw, 500px\" \/><\/a>\n\t\t\t<\/div><\/figure>\n\t\t<\/div>\n\n<p>&nbsp;<\/p>\n","protected":false},"excerpt":{"rendered":"<p>R\u00e9cif El Greco Ce site de plong\u00e9e offre des possibilit\u00e9s de plong\u00e9e profonde \u00e0 plusieurs niveaux (profondeur max. 40 m\u00e8tres), ainsi que de plong\u00e9e peu profonde (profondeur max. 18 m\u00e8tres). Plongeurs Certifi\u00e9s Niveau 1 Niveau 2 et plus Convient \u00e0: \u2713 \u2713 Profondeur: 18m 40m En descendant le long de la ligne de mouillage les &#8230; <a title=\"R\u00e9cif El Greco\" class=\"read-more\" href=\"https:\/\/www.diversclub-crete.gr\/fr\/sites-elgrecoreef-fr\/\" aria-label=\"Read more about R\u00e9cif El Greco\">Read more<\/a><\/p>\n","protected":false},"author":2,"featured_media":0,"parent":0,"menu_order":0,"comment_status":"closed","ping_status":"closed","template":"","meta":{"footnotes":""},"class_list":["post-1023","page","type-page","status-publish"],"_links":{"self":[{"href":"https:\/\/www.diversclub-crete.gr\/fr\/wp-json\/wp\/v2\/pages\/1023","targetHints":{"allow":["GET"]}}],"collection":[{"href":"https:\/\/www.diversclub-crete.gr\/fr\/wp-json\/wp\/v2\/pages"}],"about":[{"href":"https:\/\/www.diversclub-crete.gr\/fr\/wp-json\/wp\/v2\/types\/page"}],"author":[{"embeddable":true,"href":"https:\/\/www.diversclub-crete.gr\/fr\/wp-json\/wp\/v2\/users\/2"}],"replies":[{"embeddable":true,"href":"https:\/\/www.diversclub-crete.gr\/fr\/wp-json\/wp\/v2\/comments?post=1023"}],"version-history":[{"count":0,"href":"https:\/\/www.diversclub-crete.gr\/fr\/wp-json\/wp\/v2\/pages\/1023\/revisions"}],"wp:attachment":[{"href":"https:\/\/www.diversclub-crete.gr\/fr\/wp-json\/wp\/v2\/media?parent=1023"}],"curies":[{"name":"wp","href":"https:\/\/api.w.org\/{rel}","templated":true}]}}