{"id":1021,"date":"2019-02-26T13:37:43","date_gmt":"2019-02-26T11:37:43","guid":{"rendered":"https:\/\/divers.testix.eu\/sites-elgrecocave\/"},"modified":"2023-09-22T15:49:42","modified_gmt":"2023-09-22T12:49:42","slug":"sites-elgrecocave-fr","status":"publish","type":"page","link":"https:\/\/www.diversclub-crete.gr\/fr\/sites-elgrecocave-fr\/","title":{"rendered":"Grotte El Greco"},"content":{"rendered":"<h1>Grotte El Greco<\/h1>\n<p>\u00cates-vous un plongeur confirm\u00e9 avec de l&#8217;exp\u00e9rience en plong\u00e9e souterraine ? Alors <strong>Grotte <\/strong><strong>El Greco<\/strong>\u00a0est la plong\u00e9e id\u00e9ale pour vous !<\/p>\n<p>La plong\u00e9e commence \u00e0 descendre \u00e0 c\u00f4t\u00e9 du mur dans les eaux bleues d&#8217;El Greco. Nous arrivons \u00e0 l&#8217;entr\u00e9e de cette fascinante grotte marine \u00e0 17 m\u00e8tres de profondeur.<\/p>\n<p>La grotte mesure environ 30 m\u00e8tres de long, avec une hauteur d&#8217;ouverture de 8 m et une largeur de 5 m et une hauteur et une profondeur de noyau d&#8217;environ 7 m. Ce passage progressif dans la grotte permet aux plongeurs novices et exp\u00e9riment\u00e9s de s&#8217;adapter \u00e0 leur nouvel environnement et de profiter d&#8217;un spectacle \u00e9tonnant pour les yeux alors que nous rencontrons l&#8217;incroyable vari\u00e9t\u00e9 de faune et de flore color\u00e9es qu&#8217;elle a \u00e0 offrir.<\/p>\n<p>De belles stalagmites et stalactites peuvent \u00eatre trouv\u00e9es. A d&#8217;autres endroits, de l&#8217;eau douce flotte du plafond et cr\u00e9e une irisation optique vraiment fascinante au contact de l&#8217;eau sal\u00e9e.<\/p>\n<p>\u00c0 l&#8217;arri\u00e8re, vous trouverez un siphon vertical (ouverture). En utilisant une corde, vous montez \u00e0 travers le tunnel jusqu&#8217;\u00e0 ce que vous atteigniez le sommet de la grotte qui comprend une pi\u00e8ce remplie d&#8217;air. Vous pouvez m\u00eame vous asseoir ici et profiter de la vue fascinante !<\/p>\n<table class=\"tg\" width=\"300\">\n<tbody>\n<tr>\n<th class=\"tg-krdq\">Plongeurs Certifi\u00e9s<\/th>\n<td class=\"tg-o098\"><a href=\"https:\/\/www.diversclub-crete.gr\/fr\/diving-courses\/#open-water-diver\">Niveau 1<\/a><\/td>\n<td class=\"tg-t0da\"><a href=\"https:\/\/www.diversclub-crete.gr\/fr\/diving-courses\/#advanced-open-water\">Niveau 2 et plus<\/a><\/td>\n<\/tr>\n<tr>\n<td class=\"tg-krdq\">Convient \u00e0:<\/td>\n<td class=\"tg-o098\" style=\"text-align: center;\">x<\/td>\n<td class=\"tg-t0da\" style=\"text-align: center;\">\u2713<\/td>\n<\/tr>\n<tr>\n<td class=\"tg-krdq\" style=\"text-align: left;\">Profondeur:<\/td>\n<td class=\"tg-o098\" style=\"text-align: center;\">x<\/td>\n<td class=\"tg-t0da\" style=\"text-align: center;\">26m<\/td>\n<\/tr>\n<\/tbody>\n<\/table>\n<p>Cette grotte est \u00e9galement un point de d\u00e9part id\u00e9al pour les plongeurs avanc\u00e9s exp\u00e9riment\u00e9s, ayant une exp\u00e9rience de la plong\u00e9e de nuit, qui s&#8217;int\u00e9ressent \u00e0 la plong\u00e9e souterraine :<\/p>\n<ol>\n<li>La grande taille de cette grotte permet l&#8217;entr\u00e9e simultan\u00e9e d&#8217;au moins 8 plongeurs.<\/li>\n<li>Le parcours rectiligne \u00e0 travers la grotte permet un contact optique constant avec la sortie, presque de chaque point \u00e0 l&#8217;int\u00e9rieur de la grotte.<\/li>\n<li>Le fond est constitu\u00e9 de sable de pierre dur, de sorte que la visibilit\u00e9 reste d\u00e9gag\u00e9e du sable tourbillonnant.<br \/>\nIl n&#8217;y a aucun danger pour le plongeur de se coincer ou de s&#8217;emm\u00ealer.<\/li>\n<li>Nous terminons notre plong\u00e9e \u00e0 l&#8217;ext\u00e9rieur de la grotte, o\u00f9 le r\u00e9cif et le mur vertical \u00e0 c\u00f4t\u00e9 ont beaucoup \u00e0 nous offrir !<\/li>\n<\/ol>\n<p>Veuillez trouver plus d&#8217;informations sur nos programmes pour plongeurs certifi\u00e9s et faire une r\u00e9servation <a href=\"https:\/\/www.diversclub-crete.gr\/fr\/cert-divers-fr\/\">ici<\/a>.<\/p>\n<p>* nos sites de plong\u00e9e: <a href=\"https:\/\/www.diversclub-crete.gr\/fr\/sites-elgrecocave-fr\/\">Grotte El Greco<\/a> \u2013 <a href=\"https:\/\/www.diversclub-crete.gr\/fr\/sites-elgrecoreef-fr\/\">R\u00e9cif El Greco<\/a> \u2013 <a href=\"https:\/\/www.diversclub-crete.gr\/fr\/sites-stavros-fr\/\">Cap Stavros<\/a> \u2013 <a href=\"https:\/\/www.diversclub-crete.gr\/fr\/sites-dias-rock\/\">Dia\u2019s Rock<\/a> \u2013 <a href=\"https:\/\/www.diversclub-crete.gr\/fr\/sites-neptunes-rock\/\">Neptune\u2019s Rock<\/a> \u2013 <a href=\"https:\/\/www.diversclub-crete.gr\/fr\/sites-mononaftis-fr\/\">Mononaftis<\/a> \u2013 <a href=\"https:\/\/www.diversclub-crete.gr\/fr\/sites-lygaria\/\">Lygaria<\/a> \u2013 <a href=\"https:\/\/www.diversclub-crete.gr\/fr\/sites-anchor\/\">Big Anchor<\/a> \u2013 <a href=\"https:\/\/www.diversclub-crete.gr\/fr\/sites-bluecave-fr\/\">La Grotte Bleue<\/a> \u2013 <a href=\"https:\/\/www.diversclub-crete.gr\/fr\/sites-daedalos-fr\/\">Daedalos<\/a> \u2013 <a href=\"https:\/\/www.diversclub-crete.gr\/fr\/sites-shipwrecks\/\">Epaves<\/a> \u2013 <a href=\"https:\/\/www.diversclub-crete.gr\/fr\/sites-wreck-fr\/\">Epave Messerschmitt<\/a> <\/p>\n<div id='gallery-1' class='gallery galleryid-1021 gallery-columns-3 gallery-size-medium'><figure class='gallery-item'>\n\t\t\t<div class='gallery-icon landscape'>\n\t\t\t\t<a href='https:\/\/www.diversclub-crete.gr\/wp-content\/uploads\/2021\/02\/el-greco-cave-02-1200X900.jpg'><img decoding=\"async\" width=\"445\" height=\"334\" src=\"https:\/\/www.diversclub-crete.gr\/wp-content\/uploads\/2021\/02\/el-greco-cave-02-1200X900-445x334.jpg\" class=\"attachment-medium size-medium\" alt=\"diving in el greco cave in crete\" srcset=\"https:\/\/www.diversclub-crete.gr\/wp-content\/uploads\/2021\/02\/el-greco-cave-02-1200X900-445x334.jpg 445w, https:\/\/www.diversclub-crete.gr\/wp-content\/uploads\/2021\/02\/el-greco-cave-02-1200X900-891x668.jpg 891w, https:\/\/www.diversclub-crete.gr\/wp-content\/uploads\/2021\/02\/el-greco-cave-02-1200X900-768x576.jpg 768w, https:\/\/www.diversclub-crete.gr\/wp-content\/uploads\/2021\/02\/el-greco-cave-02-1200X900.jpg 1200w\" sizes=\"(max-width: 445px) 100vw, 445px\" \/><\/a>\n\t\t\t<\/div><\/figure><figure class='gallery-item'>\n\t\t\t<div class='gallery-icon landscape'>\n\t\t\t\t<a href='https:\/\/www.diversclub-crete.gr\/wp-content\/uploads\/2021\/02\/el-greco-cave-04-1200X900.jpg'><img decoding=\"async\" width=\"445\" height=\"334\" src=\"https:\/\/www.diversclub-crete.gr\/wp-content\/uploads\/2021\/02\/el-greco-cave-04-1200X900-445x334.jpg\" class=\"attachment-medium size-medium\" alt=\"diving in el greco cave in crete\" srcset=\"https:\/\/www.diversclub-crete.gr\/wp-content\/uploads\/2021\/02\/el-greco-cave-04-1200X900-445x334.jpg 445w, https:\/\/www.diversclub-crete.gr\/wp-content\/uploads\/2021\/02\/el-greco-cave-04-1200X900-891x668.jpg 891w, https:\/\/www.diversclub-crete.gr\/wp-content\/uploads\/2021\/02\/el-greco-cave-04-1200X900-768x576.jpg 768w, https:\/\/www.diversclub-crete.gr\/wp-content\/uploads\/2021\/02\/el-greco-cave-04-1200X900.jpg 1200w\" sizes=\"(max-width: 445px) 100vw, 445px\" \/><\/a>\n\t\t\t<\/div><\/figure><figure class='gallery-item'>\n\t\t\t<div class='gallery-icon landscape'>\n\t\t\t\t<a href='https:\/\/www.diversclub-crete.gr\/wp-content\/uploads\/2021\/02\/el-greco-cave-05-1200X900.jpg'><img decoding=\"async\" width=\"445\" height=\"334\" src=\"https:\/\/www.diversclub-crete.gr\/wp-content\/uploads\/2021\/02\/el-greco-cave-05-1200X900-445x334.jpg\" class=\"attachment-medium size-medium\" alt=\"cave diving in crete\" srcset=\"https:\/\/www.diversclub-crete.gr\/wp-content\/uploads\/2021\/02\/el-greco-cave-05-1200X900-445x334.jpg 445w, https:\/\/www.diversclub-crete.gr\/wp-content\/uploads\/2021\/02\/el-greco-cave-05-1200X900-891x668.jpg 891w, https:\/\/www.diversclub-crete.gr\/wp-content\/uploads\/2021\/02\/el-greco-cave-05-1200X900-768x576.jpg 768w, https:\/\/www.diversclub-crete.gr\/wp-content\/uploads\/2021\/02\/el-greco-cave-05-1200X900.jpg 1200w\" sizes=\"(max-width: 445px) 100vw, 445px\" \/><\/a>\n\t\t\t<\/div><\/figure>\n\t\t<\/div>\n\n","protected":false},"excerpt":{"rendered":"<p>Grotte El Greco \u00cates-vous un plongeur confirm\u00e9 avec de l&#8217;exp\u00e9rience en plong\u00e9e souterraine ? Alors Grotte El Greco\u00a0est la plong\u00e9e id\u00e9ale pour vous ! La plong\u00e9e commence \u00e0 descendre \u00e0 c\u00f4t\u00e9 du mur dans les eaux bleues d&#8217;El Greco. Nous arrivons \u00e0 l&#8217;entr\u00e9e de cette fascinante grotte marine \u00e0 17 m\u00e8tres de profondeur. La grotte &#8230; <a title=\"Grotte El Greco\" class=\"read-more\" href=\"https:\/\/www.diversclub-crete.gr\/fr\/sites-elgrecocave-fr\/\" aria-label=\"Read more about Grotte El Greco\">Read more<\/a><\/p>\n","protected":false},"author":2,"featured_media":0,"parent":0,"menu_order":0,"comment_status":"closed","ping_status":"closed","template":"","meta":{"footnotes":""},"class_list":["post-1021","page","type-page","status-publish"],"_links":{"self":[{"href":"https:\/\/www.diversclub-crete.gr\/fr\/wp-json\/wp\/v2\/pages\/1021","targetHints":{"allow":["GET"]}}],"collection":[{"href":"https:\/\/www.diversclub-crete.gr\/fr\/wp-json\/wp\/v2\/pages"}],"about":[{"href":"https:\/\/www.diversclub-crete.gr\/fr\/wp-json\/wp\/v2\/types\/page"}],"author":[{"embeddable":true,"href":"https:\/\/www.diversclub-crete.gr\/fr\/wp-json\/wp\/v2\/users\/2"}],"replies":[{"embeddable":true,"href":"https:\/\/www.diversclub-crete.gr\/fr\/wp-json\/wp\/v2\/comments?post=1021"}],"version-history":[{"count":0,"href":"https:\/\/www.diversclub-crete.gr\/fr\/wp-json\/wp\/v2\/pages\/1021\/revisions"}],"wp:attachment":[{"href":"https:\/\/www.diversclub-crete.gr\/fr\/wp-json\/wp\/v2\/media?parent=1021"}],"curies":[{"name":"wp","href":"https:\/\/api.w.org\/{rel}","templated":true}]}}