{"id":1020,"date":"2019-02-05T12:44:15","date_gmt":"2019-02-05T10:44:15","guid":{"rendered":"https:\/\/divers.testix.eu\/dive-sites\/"},"modified":"2025-12-25T13:12:13","modified_gmt":"2025-12-25T11:12:13","slug":"dive-sites-fr","status":"publish","type":"page","link":"https:\/\/www.diversclub-crete.gr\/fr\/dive-sites-fr\/","title":{"rendered":"Sites de plong\u00e9e en Cr\u00e8te"},"content":{"rendered":"\n<p>Profitez du merveilleux monde sous-marin de la Cr\u00e8te avec DIVER&#8217;S CLUB. Il n&#8217;y a pas de plus grande aventure que la plong\u00e9e sous-marine. Que ce soit votre premi\u00e8re plong\u00e9e ou que vous plongiez depuis de nombreuses ann\u00e9es, il y a toujours quelque chose de nouveau, d&#8217;excitant et de magique dans la beaut\u00e9 des profondeurs.<\/p>\n<p>Avec notre \u00e9quipe, nous vous montrerons les magnifiques sites de plong\u00e9e le long de la c\u00f4te nord de la Cr\u00e8te, qui offrent une excellente vari\u00e9t\u00e9 pour les plongeurs. Lors d&#8217;excursions de plong\u00e9e ou de nos excursions quotidiennes en bateau, nous emmenons les plongeurs au large vers de nombreux sites de plong\u00e9e diff\u00e9rents.<\/p>\n<h3>Nos sites de plong\u00e9e en Cr\u00e8te<\/h3>\n<p>Choisissez un site de plong\u00e9e dans la liste ci-dessous pour en savoir plus :<\/p>\n<div  class=\"lgc-column lgc-grid-parent lgc-grid-50 lgc-tablet-grid-50 lgc-mobile-grid-100 lgc-equal-heights \"><div  class=\"inside-grid-column\">\n<p><a href=\"https:\/\/www.diversclub-crete.gr\/fr\/sites-elgrecocave-fr\/\">Grotte El Greco<\/a><\/p>\n<p><a href=\"https:\/\/www.diversclub-crete.gr\/fr\/sites-elgrecoreef-fr\/\">R\u00e9cif El Greco<\/a><\/p>\n<p><a href=\"https:\/\/www.diversclub-crete.gr\/fr\/sites-stavros-fr\/\">Cap Stavros<\/a><\/p>\n<p><a href=\"https:\/\/www.diversclub-crete.gr\/fr\/sites-dias-rock\/\">Dia\u2019s Rock<\/a><\/p>\n<p><a href=\"https:\/\/www.diversclub-crete.gr\/fr\/sites-neptunes-rock\/\">Neptune\u2019s Rock<\/a><\/p>\n<p><a href=\"https:\/\/www.diversclub-crete.gr\/fr\/sites-mononaftis-fr\/\">Mononaftis<\/a><\/p>\n<p><\/p><\/div><\/div>\n<p><a href=\"https:\/\/www.diversclub-crete.gr\/fr\/sites-lygaria\/\">Lygaria<\/a><\/p>\n<p><a href=\"https:\/\/www.diversclub-crete.gr\/fr\/sites-anchor\/\">Big Anchor<\/a><\/p>\n<p><a href=\"https:\/\/www.diversclub-crete.gr\/fr\/sites-bluecave-fr\/\">La Grotte Bleue<\/a><\/p>\n<p><a href=\"https:\/\/www.diversclub-crete.gr\/fr\/sites-daedalos-fr\/\">Daedalos<\/a><\/p>\n<p><a href=\"https:\/\/www.diversclub-crete.gr\/fr\/sites-shipwrecks\/\">Epaves<\/a><\/p>\n<p><a href=\"https:\/\/www.diversclub-crete.gr\/fr\/sites-wreck-fr\/\">Epave Messerschmitt<\/a><\/p>\n<h2>Services et programmes de plong\u00e9e<\/h2>\n<ul>\n<li><a href=\"https:\/\/www.diversclub-crete.gr\/fr\/non-divers-fr\/\">Plong\u00e9e pour d\u00e9butants<\/a><\/li>\n<li><a href=\"https:\/\/www.diversclub-crete.gr\/fr\/cert-divers-fr\/\">Plong\u00e9e pour plongeurs certifi\u00e9s<\/a><\/li>\n<li><a href=\"https:\/\/www.diversclub-crete.gr\/fr\/diving-courses\/\">Cours de plong\u00e9e<\/a><\/li>\n<\/ul>\n","protected":false},"excerpt":{"rendered":"<p>Profitez du merveilleux monde sous-marin de la Cr\u00e8te avec DIVER&#8217;S CLUB. Il n&#8217;y a pas de plus grande aventure que la plong\u00e9e sous-marine. Que ce soit votre premi\u00e8re plong\u00e9e ou que vous plongiez depuis de nombreuses ann\u00e9es, il y a toujours quelque chose de nouveau, d&#8217;excitant et de magique dans la beaut\u00e9 des profondeurs. Avec &#8230; <a title=\"Sites de plong\u00e9e en Cr\u00e8te\" class=\"read-more\" href=\"https:\/\/www.diversclub-crete.gr\/fr\/dive-sites-fr\/\" aria-label=\"Read more about Sites de plong\u00e9e en Cr\u00e8te\">Read more<\/a><\/p>\n","protected":false},"author":2,"featured_media":0,"parent":0,"menu_order":0,"comment_status":"closed","ping_status":"closed","template":"","meta":{"footnotes":""},"class_list":["post-1020","page","type-page","status-publish"],"_links":{"self":[{"href":"https:\/\/www.diversclub-crete.gr\/fr\/wp-json\/wp\/v2\/pages\/1020","targetHints":{"allow":["GET"]}}],"collection":[{"href":"https:\/\/www.diversclub-crete.gr\/fr\/wp-json\/wp\/v2\/pages"}],"about":[{"href":"https:\/\/www.diversclub-crete.gr\/fr\/wp-json\/wp\/v2\/types\/page"}],"author":[{"embeddable":true,"href":"https:\/\/www.diversclub-crete.gr\/fr\/wp-json\/wp\/v2\/users\/2"}],"replies":[{"embeddable":true,"href":"https:\/\/www.diversclub-crete.gr\/fr\/wp-json\/wp\/v2\/comments?post=1020"}],"version-history":[{"count":1,"href":"https:\/\/www.diversclub-crete.gr\/fr\/wp-json\/wp\/v2\/pages\/1020\/revisions"}],"predecessor-version":[{"id":7718,"href":"https:\/\/www.diversclub-crete.gr\/fr\/wp-json\/wp\/v2\/pages\/1020\/revisions\/7718"}],"wp:attachment":[{"href":"https:\/\/www.diversclub-crete.gr\/fr\/wp-json\/wp\/v2\/media?parent=1020"}],"curies":[{"name":"wp","href":"https:\/\/api.w.org\/{rel}","templated":true}]}}