{"id":1014,"date":"2019-02-05T12:29:03","date_gmt":"2019-02-05T12:29:03","guid":{"rendered":"https:\/\/divers.testix.eu\/agia-pelagia-diving-center\/"},"modified":"2025-10-30T11:17:10","modified_gmt":"2025-10-30T09:17:10","slug":"agia-pelagia-diving-center-fr","status":"publish","type":"page","link":"https:\/\/www.diversclub-crete.gr\/fr\/agia-pelagia-diving-center-fr\/","title":{"rendered":"Centre de plong\u00e9e d\u2019Agia Pelagia"},"content":{"rendered":"<h1 class=\"entry-title\">Centre de plong\u00e9e Agia Pelagia<\/h1>\n<p>Depuis 1995 DIVER&#8217;S CLUB CRETE est situ\u00e9 \u00e0 20 km \u00e0 l&#8217;ouest de la ville d&#8217;H\u00e9raklion, dans le village d&#8217;Agia Pelagia, qui est l&#8217;un des plus beaux endroits pour la plong\u00e9e sous-marine en Cr\u00e8te.<\/p>\n<p>En avril 2007, nous avons d\u00e9m\u00e9nag\u00e9 dans notre nouveau centre de plong\u00e9e, situ\u00e9 au milieu de la plage principale d&#8217;Agia Pelagia, \u00e0 seulement 5 m\u00e8tres de la mer. Le centre de plong\u00e9e est facile d&#8217;acc\u00e8s et le parking public est \u00e0 seulement 100 m\u00e8tres.<\/p>\n<p>\u00a0<\/p>\n<div style=\"position:relative;aspect-ratio:16\/9;\">\n      <iframe \n            loading=\"lazy\" title=\"Gumlet video player\"\n            src=\"https:\/\/play.gumlet.io\/embed\/67e12bfdd03bc5330d21516f?preload=false&#038;autoplay=false&#038;loop=true&#038;background=false&#038;disable_player_controls=false\"\n            style=\"border:none; position: absolute; top: 0; left: 0; height: 100%; width: 100%;\"\n          allow=\"accelerometer; gyroscope; autoplay; encrypted-media; picture-in-picture; fullscreen;\"><br \/>\n          <\/iframe>\n    <\/div>\n<p>\u00a0<\/p>\n<p>Notre centre de plong\u00e9e Agia Pelagia est ouvert d&#8217;avril \u00e0 fin octobre ou d\u00e9but novembre. Les plongeurs sont emmen\u00e9s sur les sites de plong\u00e9e par l&#8217;un de nos deux bateaux de plong\u00e9e.<\/p>\n<p>Le &#8220;House Reef&#8221; est propos\u00e9 pour la plong\u00e9e sous-marine pour les d\u00e9butants (non plongeurs), les plongeurs inexp\u00e9riment\u00e9s, la formation \u00e0 la plong\u00e9e sous-marine, les cours de plong\u00e9e sous-marine avanc\u00e9s et les plong\u00e9es de nuit.<\/p>\n<p>* nos sites de plong\u00e9e: <a href=\"https:\/\/www.diversclub-crete.gr\/fr\/sites-elgrecocave-fr\/\">Grotte El Greco<\/a> \u2013 <a href=\"https:\/\/www.diversclub-crete.gr\/fr\/sites-elgrecoreef-fr\/\">R\u00e9cif El Greco<\/a> \u2013 <a href=\"https:\/\/www.diversclub-crete.gr\/fr\/sites-stavros-fr\/\">Cap Stavros<\/a> \u2013 <a href=\"https:\/\/www.diversclub-crete.gr\/fr\/sites-dias-rock\/\">Dia\u2019s Rock<\/a> \u2013 <a href=\"https:\/\/www.diversclub-crete.gr\/fr\/sites-neptunes-rock\/\">Neptune\u2019s Rock<\/a> \u2013 <a href=\"https:\/\/www.diversclub-crete.gr\/fr\/sites-mononaftis-fr\/\">Mononaftis<\/a> \u2013 <a href=\"https:\/\/www.diversclub-crete.gr\/fr\/sites-lygaria\/\">Lygaria<\/a> \u2013 <a href=\"https:\/\/www.diversclub-crete.gr\/fr\/sites-anchor\/\">Big Anchor<\/a> \u2013 <a href=\"https:\/\/www.diversclub-crete.gr\/fr\/sites-bluecave-fr\/\">La Grotte Bleue<\/a> \u2013 <a href=\"https:\/\/www.diversclub-crete.gr\/fr\/sites-daedalos-fr\/\">Daedalos<\/a> \u2013 <a href=\"https:\/\/www.diversclub-crete.gr\/fr\/sites-shipwrecks\/\">Epaves<\/a> \u2013 <a href=\"https:\/\/www.diversclub-crete.gr\/fr\/sites-wreck-fr\/\">Epave Messerschmitt<\/a> <\/p>\n<p>Agia Pelagia poss\u00e8de une belle plage bien organis\u00e9e et une grande vari\u00e9t\u00e9 de caf\u00e9s, restaurants, tavernes et bars. Il y a aussi quelques petites plages situ\u00e9es \u00e0 proximit\u00e9 et de nombreuses commodit\u00e9s dans le village d&#8217;Agia Pelagia lui-m\u00eame.<\/p>\n<p>Des excursions vers des lieux d&#8217;int\u00e9r\u00eat autour de l&#8217;\u00eele de Cr\u00e8te peuvent \u00eatre r\u00e9serv\u00e9es dans l&#8217;une des agences de voyages locales. Celles-ci incluent des visites de mus\u00e9es historiques et de sites arch\u00e9ologiques, ainsi que d&#8217;autres villes.<\/p>\n<p>SERVICE DE TRANSFERT : Entre les villages Malia et Fodele, nous proposons des transferts gratuits depuis\/vers le centre de plong\u00e9e. Les plongeurs sont r\u00e9cup\u00e9r\u00e9s le matin et sont de retour \u00e0 l&#8217;h\u00f4tel entre 16h30 et 17h30 selon l&#8217;endroit o\u00f9 ils s\u00e9journent.<\/p>\n<h3>Distances de notre centre de plong\u00e9e \u00e0 Agia Pelagia<\/h3>\n<div  class=\"lgc-column lgc-grid-parent lgc-grid-25 lgc-tablet-grid-30 lgc-mobile-grid-100 lgc-equal-heights \"><div  class=\"inside-grid-column\">\n<p><strong>A l&#8217;ouest d&#8217;Agia Pelagia :<\/strong><\/p>\n<p>Fodele: 7 km<br \/>\nBali: 20 km<br \/>\nPanormo: 30 km<br \/>\nRethymno: 55 km<br \/>\nChania: 110 km<\/p>\n<p><\/p><\/div><\/div>\n<div  class=\"lgc-column lgc-grid-parent lgc-grid-50 lgc-tablet-grid-40 lgc-mobile-grid-100 lgc-equal-heights \"><div  class=\"inside-grid-column\">\n<p><img decoding=\"async\" class=\"aligncenter size-full wp-image-89\" src=\"https:\/\/www.diversclub-crete.gr\/wp-content\/uploads\/2019\/01\/map-transfer.gif\" alt=\"crete transfer map\" width=\"420\" height=\"358\" \/><\/p>\n<p><\/p><\/div><\/div>\n<div  class=\"lgc-column lgc-grid-parent lgc-grid-25 lgc-tablet-grid-30 lgc-mobile-grid-100 lgc-equal-heights \"><div  class=\"inside-grid-column\">\n<p><strong>A l&#8217;est d&#8217;Agia Pelagia :<\/strong><\/p>\n<p>Heraklion Airport: 25 km<br \/>\nHeraklion: 23 km<br \/>\nKnossos: 25 km<br \/>\nAmoudara: 12 km<br \/>\nKokini Hani: 30 km<br \/>\nGouves: 36 km<br \/>\nHersonissos: 48 km<br \/>\nMalia: 53 km<br \/>\nSissi: 55 km<br \/>\nAgios Nikolaos: 80km<\/p>\n<p><\/p><\/div><\/div><div class=\"lgc-clear\"><\/div>\n<h4>Emplacement du centre de plong\u00e9e Agia Pelagia<\/h4>\n<p><iframe style=\"border: 0;\" src=\"https:\/\/www.google.com\/maps\/embed?pb=!1m14!1m8!1m3!1d540.9313569106546!2d25.018194!3d35.406748!3m2!1i1024!2i768!4f13.1!3m3!1m2!1s0x149a51996ae90c85%3A0x6241d136e5555e38!2sDivers+Club+Crete!5e1!3m2!1sen!2sgr!4v1552039755850\" width=\"100%\" height=\"450\" frameborder=\"0\" allowfullscreen=\"allowfullscreen\" data-mce-fragment=\"1\"><\/iframe><\/p>\n<h3>Photos de notre centre de plong\u00e9e \u00e0 Agia Pelagia<\/h3>\n<div id='gallery-1' class='gallery galleryid-1014 gallery-columns-3 gallery-size-medium'><figure class='gallery-item'>\n\t\t\t<div class='gallery-icon landscape'>\n\t\t\t\t<a href='https:\/\/www.diversclub-crete.gr\/wp-content\/uploads\/2025\/10\/1761380858102-diversclub-crete-scaled.jpg'><img decoding=\"async\" width=\"500\" height=\"247\" src=\"https:\/\/www.diversclub-crete.gr\/wp-content\/uploads\/2025\/10\/1761380858102-diversclub-crete-500x247.jpg\" class=\"attachment-medium size-medium\" alt=\"\" srcset=\"https:\/\/www.diversclub-crete.gr\/wp-content\/uploads\/2025\/10\/1761380858102-diversclub-crete-500x247.jpg 500w, https:\/\/www.diversclub-crete.gr\/wp-content\/uploads\/2025\/10\/1761380858102-diversclub-crete-1000x494.jpg 1000w, https:\/\/www.diversclub-crete.gr\/wp-content\/uploads\/2025\/10\/1761380858102-diversclub-crete-768x380.jpg 768w, https:\/\/www.diversclub-crete.gr\/wp-content\/uploads\/2025\/10\/1761380858102-diversclub-crete-1536x760.jpg 1536w, https:\/\/www.diversclub-crete.gr\/wp-content\/uploads\/2025\/10\/1761380858102-diversclub-crete-2048x1013.jpg 2048w\" sizes=\"(max-width: 500px) 100vw, 500px\" \/><\/a>\n\t\t\t<\/div><\/figure><figure class='gallery-item'>\n\t\t\t<div class='gallery-icon landscape'>\n\t\t\t\t<a href='https:\/\/www.diversclub-crete.gr\/wp-content\/uploads\/2023\/01\/img-20220923-103651-diversclub-crete.jpg'><img decoding=\"async\" width=\"446\" height=\"334\" src=\"https:\/\/www.diversclub-crete.gr\/wp-content\/uploads\/2023\/01\/img-20220923-103651-diversclub-crete-446x334.jpg\" class=\"attachment-medium size-medium\" alt=\"\" srcset=\"https:\/\/www.diversclub-crete.gr\/wp-content\/uploads\/2023\/01\/img-20220923-103651-diversclub-crete-446x334.jpg 446w, https:\/\/www.diversclub-crete.gr\/wp-content\/uploads\/2023\/01\/img-20220923-103651-diversclub-crete-893x668.jpg 893w, https:\/\/www.diversclub-crete.gr\/wp-content\/uploads\/2023\/01\/img-20220923-103651-diversclub-crete-768x575.jpg 768w, https:\/\/www.diversclub-crete.gr\/wp-content\/uploads\/2023\/01\/img-20220923-103651-diversclub-crete.jpg 1280w\" sizes=\"(max-width: 446px) 100vw, 446px\" \/><\/a>\n\t\t\t<\/div><\/figure><figure class='gallery-item'>\n\t\t\t<div class='gallery-icon landscape'>\n\t\t\t\t<a href='https:\/\/www.diversclub-crete.gr\/wp-content\/uploads\/2023\/01\/img-20220923-103613-diversclub-crete.jpg'><img decoding=\"async\" width=\"334\" height=\"334\" src=\"https:\/\/www.diversclub-crete.gr\/wp-content\/uploads\/2023\/01\/img-20220923-103613-diversclub-crete-334x334.jpg\" class=\"attachment-medium size-medium\" alt=\"\" srcset=\"https:\/\/www.diversclub-crete.gr\/wp-content\/uploads\/2023\/01\/img-20220923-103613-diversclub-crete-334x334.jpg 334w, https:\/\/www.diversclub-crete.gr\/wp-content\/uploads\/2023\/01\/img-20220923-103613-diversclub-crete-668x668.jpg 668w, https:\/\/www.diversclub-crete.gr\/wp-content\/uploads\/2023\/01\/img-20220923-103613-diversclub-crete-150x150.jpg 150w, https:\/\/www.diversclub-crete.gr\/wp-content\/uploads\/2023\/01\/img-20220923-103613-diversclub-crete-768x768.jpg 768w, https:\/\/www.diversclub-crete.gr\/wp-content\/uploads\/2023\/01\/img-20220923-103613-diversclub-crete.jpg 900w\" sizes=\"(max-width: 334px) 100vw, 334px\" \/><\/a>\n\t\t\t<\/div><\/figure><figure class='gallery-item'>\n\t\t\t<div class='gallery-icon landscape'>\n\t\t\t\t<a href='https:\/\/www.diversclub-crete.gr\/wp-content\/uploads\/2021\/02\/agia-pelagia-diving-center-04.jpg'><img decoding=\"async\" width=\"445\" height=\"334\" src=\"https:\/\/www.diversclub-crete.gr\/wp-content\/uploads\/2021\/02\/agia-pelagia-diving-center-04-445x334.jpg\" class=\"attachment-medium size-medium\" alt=\"diving center in agia pelagia crete\" srcset=\"https:\/\/www.diversclub-crete.gr\/wp-content\/uploads\/2021\/02\/agia-pelagia-diving-center-04-445x334.jpg 445w, https:\/\/www.diversclub-crete.gr\/wp-content\/uploads\/2021\/02\/agia-pelagia-diving-center-04-891x668.jpg 891w, https:\/\/www.diversclub-crete.gr\/wp-content\/uploads\/2021\/02\/agia-pelagia-diving-center-04-768x576.jpg 768w, https:\/\/www.diversclub-crete.gr\/wp-content\/uploads\/2021\/02\/agia-pelagia-diving-center-04.jpg 1200w\" sizes=\"(max-width: 445px) 100vw, 445px\" \/><\/a>\n\t\t\t<\/div><\/figure><figure class='gallery-item'>\n\t\t\t<div class='gallery-icon landscape'>\n\t\t\t\t<a href='https:\/\/www.diversclub-crete.gr\/wp-content\/uploads\/2025\/10\/1761380858091-diversclub-crete-scaled.jpg'><img decoding=\"async\" width=\"500\" height=\"165\" src=\"https:\/\/www.diversclub-crete.gr\/wp-content\/uploads\/2025\/10\/1761380858091-diversclub-crete-500x165.jpg\" class=\"attachment-medium size-medium\" alt=\"\" srcset=\"https:\/\/www.diversclub-crete.gr\/wp-content\/uploads\/2025\/10\/1761380858091-diversclub-crete-500x165.jpg 500w, https:\/\/www.diversclub-crete.gr\/wp-content\/uploads\/2025\/10\/1761380858091-diversclub-crete-1000x331.jpg 1000w, https:\/\/www.diversclub-crete.gr\/wp-content\/uploads\/2025\/10\/1761380858091-diversclub-crete-768x254.jpg 768w, https:\/\/www.diversclub-crete.gr\/wp-content\/uploads\/2025\/10\/1761380858091-diversclub-crete-1536x508.jpg 1536w, https:\/\/www.diversclub-crete.gr\/wp-content\/uploads\/2025\/10\/1761380858091-diversclub-crete-2048x678.jpg 2048w\" sizes=\"(max-width: 500px) 100vw, 500px\" \/><\/a>\n\t\t\t<\/div><\/figure><figure class='gallery-item'>\n\t\t\t<div class='gallery-icon landscape'>\n\t\t\t\t<a href='https:\/\/www.diversclub-crete.gr\/wp-content\/uploads\/2023\/01\/img-20220923-103859-diversclub-crete.jpg'><img decoding=\"async\" width=\"446\" height=\"334\" src=\"https:\/\/www.diversclub-crete.gr\/wp-content\/uploads\/2023\/01\/img-20220923-103859-diversclub-crete-446x334.jpg\" class=\"attachment-medium size-medium\" alt=\"\" srcset=\"https:\/\/www.diversclub-crete.gr\/wp-content\/uploads\/2023\/01\/img-20220923-103859-diversclub-crete-446x334.jpg 446w, https:\/\/www.diversclub-crete.gr\/wp-content\/uploads\/2023\/01\/img-20220923-103859-diversclub-crete-893x668.jpg 893w, https:\/\/www.diversclub-crete.gr\/wp-content\/uploads\/2023\/01\/img-20220923-103859-diversclub-crete-768x575.jpg 768w, https:\/\/www.diversclub-crete.gr\/wp-content\/uploads\/2023\/01\/img-20220923-103859-diversclub-crete.jpg 1280w\" sizes=\"(max-width: 446px) 100vw, 446px\" \/><\/a>\n\t\t\t<\/div><\/figure><figure class='gallery-item'>\n\t\t\t<div class='gallery-icon landscape'>\n\t\t\t\t<a href='https:\/\/www.diversclub-crete.gr\/wp-content\/uploads\/2023\/01\/img-20220923-103955-diversclub-crete.jpg'><img decoding=\"async\" width=\"446\" height=\"334\" src=\"https:\/\/www.diversclub-crete.gr\/wp-content\/uploads\/2023\/01\/img-20220923-103955-diversclub-crete-446x334.jpg\" class=\"attachment-medium size-medium\" alt=\"\" srcset=\"https:\/\/www.diversclub-crete.gr\/wp-content\/uploads\/2023\/01\/img-20220923-103955-diversclub-crete-446x334.jpg 446w, https:\/\/www.diversclub-crete.gr\/wp-content\/uploads\/2023\/01\/img-20220923-103955-diversclub-crete-893x668.jpg 893w, https:\/\/www.diversclub-crete.gr\/wp-content\/uploads\/2023\/01\/img-20220923-103955-diversclub-crete-768x575.jpg 768w, https:\/\/www.diversclub-crete.gr\/wp-content\/uploads\/2023\/01\/img-20220923-103955-diversclub-crete.jpg 1280w\" sizes=\"(max-width: 446px) 100vw, 446px\" \/><\/a>\n\t\t\t<\/div><\/figure><figure class='gallery-item'>\n\t\t\t<div class='gallery-icon landscape'>\n\t\t\t\t<a href='https:\/\/www.diversclub-crete.gr\/wp-content\/uploads\/2023\/01\/img-20220923-104139-diversclub-crete.jpg'><img decoding=\"async\" width=\"446\" height=\"334\" src=\"https:\/\/www.diversclub-crete.gr\/wp-content\/uploads\/2023\/01\/img-20220923-104139-diversclub-crete-446x334.jpg\" class=\"attachment-medium size-medium\" alt=\"\" srcset=\"https:\/\/www.diversclub-crete.gr\/wp-content\/uploads\/2023\/01\/img-20220923-104139-diversclub-crete-446x334.jpg 446w, https:\/\/www.diversclub-crete.gr\/wp-content\/uploads\/2023\/01\/img-20220923-104139-diversclub-crete-893x668.jpg 893w, https:\/\/www.diversclub-crete.gr\/wp-content\/uploads\/2023\/01\/img-20220923-104139-diversclub-crete-768x575.jpg 768w, https:\/\/www.diversclub-crete.gr\/wp-content\/uploads\/2023\/01\/img-20220923-104139-diversclub-crete.jpg 1280w\" sizes=\"(max-width: 446px) 100vw, 446px\" \/><\/a>\n\t\t\t<\/div><\/figure><figure class='gallery-item'>\n\t\t\t<div class='gallery-icon landscape'>\n\t\t\t\t<a href='https:\/\/www.diversclub-crete.gr\/wp-content\/uploads\/2023\/01\/img-20220923-104201-diversclub-crete.jpg'><img decoding=\"async\" width=\"446\" height=\"334\" src=\"https:\/\/www.diversclub-crete.gr\/wp-content\/uploads\/2023\/01\/img-20220923-104201-diversclub-crete-446x334.jpg\" class=\"attachment-medium size-medium\" alt=\"\" srcset=\"https:\/\/www.diversclub-crete.gr\/wp-content\/uploads\/2023\/01\/img-20220923-104201-diversclub-crete-446x334.jpg 446w, https:\/\/www.diversclub-crete.gr\/wp-content\/uploads\/2023\/01\/img-20220923-104201-diversclub-crete-893x668.jpg 893w, https:\/\/www.diversclub-crete.gr\/wp-content\/uploads\/2023\/01\/img-20220923-104201-diversclub-crete-768x575.jpg 768w, https:\/\/www.diversclub-crete.gr\/wp-content\/uploads\/2023\/01\/img-20220923-104201-diversclub-crete.jpg 1280w\" sizes=\"(max-width: 446px) 100vw, 446px\" \/><\/a>\n\t\t\t<\/div><\/figure><figure class='gallery-item'>\n\t\t\t<div class='gallery-icon landscape'>\n\t\t\t\t<a href='https:\/\/www.diversclub-crete.gr\/wp-content\/uploads\/2023\/01\/img-20220923-104224-diversclub-crete.jpg'><img decoding=\"async\" width=\"446\" height=\"334\" src=\"https:\/\/www.diversclub-crete.gr\/wp-content\/uploads\/2023\/01\/img-20220923-104224-diversclub-crete-446x334.jpg\" class=\"attachment-medium size-medium\" alt=\"\" srcset=\"https:\/\/www.diversclub-crete.gr\/wp-content\/uploads\/2023\/01\/img-20220923-104224-diversclub-crete-446x334.jpg 446w, https:\/\/www.diversclub-crete.gr\/wp-content\/uploads\/2023\/01\/img-20220923-104224-diversclub-crete-893x668.jpg 893w, https:\/\/www.diversclub-crete.gr\/wp-content\/uploads\/2023\/01\/img-20220923-104224-diversclub-crete-768x575.jpg 768w, https:\/\/www.diversclub-crete.gr\/wp-content\/uploads\/2023\/01\/img-20220923-104224-diversclub-crete.jpg 1280w\" sizes=\"(max-width: 446px) 100vw, 446px\" \/><\/a>\n\t\t\t<\/div><\/figure><figure class='gallery-item'>\n\t\t\t<div class='gallery-icon landscape'>\n\t\t\t\t<a href='https:\/\/www.diversclub-crete.gr\/wp-content\/uploads\/2023\/01\/img-20220923-104316-diversclub-crete.jpg'><img decoding=\"async\" width=\"446\" height=\"334\" src=\"https:\/\/www.diversclub-crete.gr\/wp-content\/uploads\/2023\/01\/img-20220923-104316-diversclub-crete-446x334.jpg\" class=\"attachment-medium size-medium\" alt=\"\" srcset=\"https:\/\/www.diversclub-crete.gr\/wp-content\/uploads\/2023\/01\/img-20220923-104316-diversclub-crete-446x334.jpg 446w, https:\/\/www.diversclub-crete.gr\/wp-content\/uploads\/2023\/01\/img-20220923-104316-diversclub-crete-893x668.jpg 893w, https:\/\/www.diversclub-crete.gr\/wp-content\/uploads\/2023\/01\/img-20220923-104316-diversclub-crete-768x575.jpg 768w, https:\/\/www.diversclub-crete.gr\/wp-content\/uploads\/2023\/01\/img-20220923-104316-diversclub-crete.jpg 1280w\" sizes=\"(max-width: 446px) 100vw, 446px\" \/><\/a>\n\t\t\t<\/div><\/figure><figure class='gallery-item'>\n\t\t\t<div class='gallery-icon landscape'>\n\t\t\t\t<a href='https:\/\/www.diversclub-crete.gr\/wp-content\/uploads\/2023\/01\/img-20220923-104426-diversclub-crete.jpg'><img decoding=\"async\" width=\"446\" height=\"334\" src=\"https:\/\/www.diversclub-crete.gr\/wp-content\/uploads\/2023\/01\/img-20220923-104426-diversclub-crete-446x334.jpg\" class=\"attachment-medium size-medium\" alt=\"\" srcset=\"https:\/\/www.diversclub-crete.gr\/wp-content\/uploads\/2023\/01\/img-20220923-104426-diversclub-crete-446x334.jpg 446w, https:\/\/www.diversclub-crete.gr\/wp-content\/uploads\/2023\/01\/img-20220923-104426-diversclub-crete-893x668.jpg 893w, https:\/\/www.diversclub-crete.gr\/wp-content\/uploads\/2023\/01\/img-20220923-104426-diversclub-crete-768x575.jpg 768w, https:\/\/www.diversclub-crete.gr\/wp-content\/uploads\/2023\/01\/img-20220923-104426-diversclub-crete.jpg 1280w\" sizes=\"(max-width: 446px) 100vw, 446px\" \/><\/a>\n\t\t\t<\/div><\/figure><figure class='gallery-item'>\n\t\t\t<div class='gallery-icon landscape'>\n\t\t\t\t<a href='https:\/\/www.diversclub-crete.gr\/wp-content\/uploads\/2021\/02\/dive-boats-01-750X1000.jpg'><img decoding=\"async\" width=\"445\" height=\"334\" src=\"https:\/\/www.diversclub-crete.gr\/wp-content\/uploads\/2021\/02\/dive-boats-01-750X1000-445x334.jpg\" class=\"attachment-medium size-medium\" alt=\"divers on our speed boat\" srcset=\"https:\/\/www.diversclub-crete.gr\/wp-content\/uploads\/2021\/02\/dive-boats-01-750X1000-445x334.jpg 445w, https:\/\/www.diversclub-crete.gr\/wp-content\/uploads\/2021\/02\/dive-boats-01-750X1000-891x668.jpg 891w, https:\/\/www.diversclub-crete.gr\/wp-content\/uploads\/2021\/02\/dive-boats-01-750X1000-768x576.jpg 768w, https:\/\/www.diversclub-crete.gr\/wp-content\/uploads\/2021\/02\/dive-boats-01-750X1000.jpg 1200w\" sizes=\"(max-width: 445px) 100vw, 445px\" \/><\/a>\n\t\t\t<\/div><\/figure>\n\t\t<\/div>\n\n","protected":false},"excerpt":{"rendered":"<p>Centre de plong\u00e9e Agia Pelagia Depuis 1995 DIVER&#8217;S CLUB CRETE est situ\u00e9 \u00e0 20 km \u00e0 l&#8217;ouest de la ville d&#8217;H\u00e9raklion, dans le village d&#8217;Agia Pelagia, qui est l&#8217;un des plus beaux endroits pour la plong\u00e9e sous-marine en Cr\u00e8te. En avril 2007, nous avons d\u00e9m\u00e9nag\u00e9 dans notre nouveau centre de plong\u00e9e, situ\u00e9 au milieu de &#8230; <a title=\"Centre de plong\u00e9e d\u2019Agia Pelagia\" class=\"read-more\" href=\"https:\/\/www.diversclub-crete.gr\/fr\/agia-pelagia-diving-center-fr\/\" aria-label=\"Read more about Centre de plong\u00e9e d\u2019Agia Pelagia\">Read more<\/a><\/p>\n","protected":false},"author":1,"featured_media":0,"parent":0,"menu_order":0,"comment_status":"closed","ping_status":"closed","template":"","meta":{"footnotes":""},"class_list":["post-1014","page","type-page","status-publish"],"_links":{"self":[{"href":"https:\/\/www.diversclub-crete.gr\/fr\/wp-json\/wp\/v2\/pages\/1014","targetHints":{"allow":["GET"]}}],"collection":[{"href":"https:\/\/www.diversclub-crete.gr\/fr\/wp-json\/wp\/v2\/pages"}],"about":[{"href":"https:\/\/www.diversclub-crete.gr\/fr\/wp-json\/wp\/v2\/types\/page"}],"author":[{"embeddable":true,"href":"https:\/\/www.diversclub-crete.gr\/fr\/wp-json\/wp\/v2\/users\/1"}],"replies":[{"embeddable":true,"href":"https:\/\/www.diversclub-crete.gr\/fr\/wp-json\/wp\/v2\/comments?post=1014"}],"version-history":[{"count":2,"href":"https:\/\/www.diversclub-crete.gr\/fr\/wp-json\/wp\/v2\/pages\/1014\/revisions"}],"predecessor-version":[{"id":7676,"href":"https:\/\/www.diversclub-crete.gr\/fr\/wp-json\/wp\/v2\/pages\/1014\/revisions\/7676"}],"wp:attachment":[{"href":"https:\/\/www.diversclub-crete.gr\/fr\/wp-json\/wp\/v2\/media?parent=1014"}],"curies":[{"name":"wp","href":"https:\/\/api.w.org\/{rel}","templated":true}]}}