{"id":990,"date":"2019-02-26T14:30:38","date_gmt":"2019-02-26T12:30:38","guid":{"rendered":"https:\/\/divers.testix.eu\/sites-daedalos\/"},"modified":"2023-09-22T16:39:21","modified_gmt":"2023-09-22T13:39:21","slug":"sites-daedalos-ger","status":"publish","type":"page","link":"https:\/\/www.diversclub-crete.gr\/de\/sites-daedalos-ger\/","title":{"rendered":"Daedalos Tauchplatz"},"content":{"rendered":"<h1>Daedalos<\/h1>\n<p>Der Tauchplatz <strong>Daedalos<\/strong> ist nur 0,5 Meilen von unserer Tauchbasis in Agia Pelagia entfernt.<\/p>\n<table class=\"tg\" width=\"300\">\n<tbody>\n<tr>\n<th class=\"tg-kn0u\">Zertifizierte Taucher<\/th>\n<th class=\"tg-o098\"><a href=\"https:\/\/www.diversclub-crete.gr\/de\/tauchkurse\/#open-water-diver\"><span style=\"font-weight: normal;\">Level 1<\/span><\/a><\/th>\n<th class=\"tg-t0da\"><span style=\"font-weight: normal;\"><a href=\"https:\/\/www.diversclub-crete.gr\/de\/tauchkurse\/#advanced-open-water\">Level 2<\/a> oder h\u00f6her<\/span><\/th>\n<\/tr>\n<tr>\n<td class=\"tg-krdq\">Passend f\u00fcr:<\/td>\n<td class=\"tg-o098\" style=\"text-align: center;\">\u2713<\/td>\n<td class=\"tg-t0da\" style=\"text-align: center;\">\u2713<\/td>\n<\/tr>\n<tr>\n<td class=\"tg-krdq\">Tiefe:<\/td>\n<td class=\"tg-o098\" style=\"text-align: center;\">18m<\/td>\n<td class=\"tg-t0da\" style=\"text-align: center;\">27m<\/td>\n<\/tr>\n<\/tbody>\n<\/table>\n<p>In 22 Metern Tiefe treffen wir auf den ersten riesigen Felsen, der mit einer H\u00f6he von 14 Metern und einem Umfang von 30 Metern eine F\u00fclle von Wasserlebewesen beherbergt.<\/p>\n<p>Mit einer Taschenlampe k\u00f6nnen wir viele Tiere und Pflanzen in den H\u00f6hlen des Felsens sehen: Garnelen, Krebse, kleine Hummer, Tintenfische, Seeanemonen usw. Die folgende Strecke entlang des Riffs bei Daedalos ist sehr beeindruckend.<\/p>\n<p>Wir tauchen in einer maximalen Tiefe von 27 Metern. Von hier aus erstrecken sich Teile des Riffs hoch bis an die Oberfl\u00e4che, so erhebt sich eine bezaubernde bergartige Kontur \u00fcber den Tauchern, die ihren Kurs entlang der Meerest\u00e4ler von Daedalos fortsetzen.<\/p>\n<p>Zwischen den Riffen treffen wir auf Zackenbarsche, Schnapper, Blauflossen-Makrelen, Oktopusse, Mur\u00e4nen, Schw\u00e4rme kleiner mediterraner Fische und viele verschiedene Arten von Schw\u00e4mmen.<\/p>\n<p>Auch f\u00fcr unerfahrene Taucher wird an diesem Tauchplatz ein Spezialkurs angeboten. Hier werden die Taucher vorsichtig entlang eines Pfades gef\u00fchrt, auf dem die Tiefe langsam auf maximal 18 Meter zunimmt.<\/p>\n<p>Es ist ein einfacher Kurs, umgeben von einer wundersch\u00f6nen Fauna und Flora und daher ideal f\u00fcr Anf\u00e4nger.<\/p>\n<p>Weitere Informationen zu unseren Programmen f\u00fcr zertifizierte Taucher und die M\u00f6glichkeit zur Reservierung finden Sie <a href=\"https:\/\/www.diversclub-crete.gr\/de\/cert-divers-ger\/\">hier<\/a>.<\/p>\n<p>* unsere Tauchpl\u00e4tze: <a href=\"https:\/\/www.diversclub-crete.gr\/de\/sites-elgrecocave-ger\/\">El Greco H\u00f6hle<\/a> \u2013 <a href=\"https:\/\/www.diversclub-crete.gr\/de\/sites-elgrecoreef-ger\/\">El Greco Riff<\/a> \u2013 <a href=\"https:\/\/www.diversclub-crete.gr\/de\/sites-stavros-ger\/\">Stavros Cape<\/a> \u2013 <a href=\"https:\/\/www.diversclub-crete.gr\/de\/sites-dias-rock\/\">Dia\u2019s Rock<\/a> \u2013 <a href=\"https:\/\/www.diversclub-crete.gr\/de\/sites-neptunes-rock\/\">Neptune\u2019s Rock<\/a> \u2013 <a href=\"https:\/\/www.diversclub-crete.gr\/de\/sites-mononaftis-ger\/\">Mononaftis<\/a> \u2013 <a href=\"https:\/\/www.diversclub-crete.gr\/de\/sites-lygaria\/\">Lygaria<\/a> \u2013 <a href=\"https:\/\/www.diversclub-crete.gr\/de\/sites-anchor-ger\/\">Big Anchor<\/a> \u2013 <a href=\"https:\/\/www.diversclub-crete.gr\/de\/sites-bluecave\/\">Blue Cave<\/a> \u2013 <a href=\"https:\/\/www.diversclub-crete.gr\/de\/sites-daedalos-ger\/\">Daedalos<\/a> \u2013 <a href=\"https:\/\/www.diversclub-crete.gr\/de\/sites-shipwrecks\/\">Schiffswracks<\/a> \u2013 <a href=\"https:\/\/www.diversclub-crete.gr\/de\/sites-wreck-ger\/\">Messerschmitt Wrack<\/a><\/p>\n<div id='gallery-1' class='gallery galleryid-990 gallery-columns-3 gallery-size-medium'><figure class='gallery-item'>\n\t\t\t<div class='gallery-icon landscape'>\n\t\t\t\t<a href='https:\/\/www.diversclub-crete.gr\/wp-content\/uploads\/2021\/02\/daedalos-04-1200X900.jpg'><img decoding=\"async\" width=\"445\" height=\"334\" src=\"https:\/\/www.diversclub-crete.gr\/wp-content\/uploads\/2021\/02\/daedalos-04-1200X900-445x334.jpg\" class=\"attachment-medium size-medium\" alt=\"fish at daedalos site in agia pelagia crete\" srcset=\"https:\/\/www.diversclub-crete.gr\/wp-content\/uploads\/2021\/02\/daedalos-04-1200X900-445x334.jpg 445w, https:\/\/www.diversclub-crete.gr\/wp-content\/uploads\/2021\/02\/daedalos-04-1200X900-891x668.jpg 891w, https:\/\/www.diversclub-crete.gr\/wp-content\/uploads\/2021\/02\/daedalos-04-1200X900-768x576.jpg 768w, https:\/\/www.diversclub-crete.gr\/wp-content\/uploads\/2021\/02\/daedalos-04-1200X900.jpg 1200w\" sizes=\"(max-width: 445px) 100vw, 445px\" \/><\/a>\n\t\t\t<\/div><\/figure><figure class='gallery-item'>\n\t\t\t<div class='gallery-icon landscape'>\n\t\t\t\t<a href='https:\/\/www.diversclub-crete.gr\/wp-content\/uploads\/2021\/02\/daedalos-01-1200X900.jpg'><img decoding=\"async\" width=\"445\" height=\"334\" src=\"https:\/\/www.diversclub-crete.gr\/wp-content\/uploads\/2021\/02\/daedalos-01-1200X900-445x334.jpg\" class=\"attachment-medium size-medium\" alt=\"fish at daedalos site in agia pelagia crete\" srcset=\"https:\/\/www.diversclub-crete.gr\/wp-content\/uploads\/2021\/02\/daedalos-01-1200X900-445x334.jpg 445w, https:\/\/www.diversclub-crete.gr\/wp-content\/uploads\/2021\/02\/daedalos-01-1200X900-891x668.jpg 891w, https:\/\/www.diversclub-crete.gr\/wp-content\/uploads\/2021\/02\/daedalos-01-1200X900-768x576.jpg 768w, https:\/\/www.diversclub-crete.gr\/wp-content\/uploads\/2021\/02\/daedalos-01-1200X900.jpg 1200w\" sizes=\"(max-width: 445px) 100vw, 445px\" \/><\/a>\n\t\t\t<\/div><\/figure><figure class='gallery-item'>\n\t\t\t<div class='gallery-icon landscape'>\n\t\t\t\t<a href='https:\/\/www.diversclub-crete.gr\/wp-content\/uploads\/2021\/02\/daedalos-02-1200X900.jpg'><img decoding=\"async\" width=\"445\" height=\"334\" src=\"https:\/\/www.diversclub-crete.gr\/wp-content\/uploads\/2021\/02\/daedalos-02-1200X900-445x334.jpg\" class=\"attachment-medium size-medium\" alt=\"fish at daedalos site in agia pelagia crete\" srcset=\"https:\/\/www.diversclub-crete.gr\/wp-content\/uploads\/2021\/02\/daedalos-02-1200X900-445x334.jpg 445w, https:\/\/www.diversclub-crete.gr\/wp-content\/uploads\/2021\/02\/daedalos-02-1200X900-891x668.jpg 891w, https:\/\/www.diversclub-crete.gr\/wp-content\/uploads\/2021\/02\/daedalos-02-1200X900-768x576.jpg 768w, https:\/\/www.diversclub-crete.gr\/wp-content\/uploads\/2021\/02\/daedalos-02-1200X900.jpg 1200w\" sizes=\"(max-width: 445px) 100vw, 445px\" \/><\/a>\n\t\t\t<\/div><\/figure>\n\t\t<\/div>\n\n","protected":false},"excerpt":{"rendered":"<p>Daedalos Der Tauchplatz Daedalos ist nur 0,5 Meilen von unserer Tauchbasis in Agia Pelagia entfernt. Zertifizierte Taucher Level 1 Level 2 oder h\u00f6her Passend f\u00fcr: \u2713 \u2713 Tiefe: 18m 27m In 22 Metern Tiefe treffen wir auf den ersten riesigen Felsen, der mit einer H\u00f6he von 14 Metern und einem Umfang von 30 Metern eine &#8230; <a title=\"Daedalos Tauchplatz\" class=\"read-more\" href=\"https:\/\/www.diversclub-crete.gr\/de\/sites-daedalos-ger\/\" aria-label=\"Read more about Daedalos Tauchplatz\">Read more<\/a><\/p>\n","protected":false},"author":2,"featured_media":0,"parent":0,"menu_order":0,"comment_status":"closed","ping_status":"closed","template":"","meta":{"footnotes":""},"class_list":["post-990","page","type-page","status-publish"],"_links":{"self":[{"href":"https:\/\/www.diversclub-crete.gr\/de\/wp-json\/wp\/v2\/pages\/990","targetHints":{"allow":["GET"]}}],"collection":[{"href":"https:\/\/www.diversclub-crete.gr\/de\/wp-json\/wp\/v2\/pages"}],"about":[{"href":"https:\/\/www.diversclub-crete.gr\/de\/wp-json\/wp\/v2\/types\/page"}],"author":[{"embeddable":true,"href":"https:\/\/www.diversclub-crete.gr\/de\/wp-json\/wp\/v2\/users\/2"}],"replies":[{"embeddable":true,"href":"https:\/\/www.diversclub-crete.gr\/de\/wp-json\/wp\/v2\/comments?post=990"}],"version-history":[{"count":0,"href":"https:\/\/www.diversclub-crete.gr\/de\/wp-json\/wp\/v2\/pages\/990\/revisions"}],"wp:attachment":[{"href":"https:\/\/www.diversclub-crete.gr\/de\/wp-json\/wp\/v2\/media?parent=990"}],"curies":[{"name":"wp","href":"https:\/\/api.w.org\/{rel}","templated":true}]}}