{"id":987,"date":"2019-02-26T11:29:18","date_gmt":"2019-02-26T09:29:18","guid":{"rendered":"https:\/\/divers.testix.eu\/sites-bluecave\/"},"modified":"2023-09-22T16:39:04","modified_gmt":"2023-09-22T13:39:04","slug":"sites-bluecave","status":"publish","type":"page","link":"https:\/\/www.diversclub-crete.gr\/de\/sites-bluecave\/","title":{"rendered":"Blue Cave Tauchplatz"},"content":{"rendered":"<h1>Blue Cave<\/h1>\n<p>Die <strong>Blue Cave<\/strong> ist einer der faszinierendsten H\u00f6hlentauchg\u00e4nge auf Kreta und liegt in der N\u00e4he von Agia Pelagia.<\/p>\n<table class=\"tg\" width=\"300\">\n<tbody>\n<tr>\n<th class=\"tg-kn0u\">Zertifizierte Taucher<\/th>\n<th class=\"tg-o098\"><a href=\"https:\/\/www.diversclub-crete.gr\/de\/tauchkurse\/#open-water-diver\"><span style=\"font-weight: normal;\">Level 1<\/span><\/a><\/th>\n<th class=\"tg-t0da\"><span style=\"font-weight: normal;\"><a href=\"https:\/\/www.diversclub-crete.gr\/de\/tauchkurse\/#advanced-open-water\">Level 2<\/a> oder h\u00f6her<\/span><\/th>\n<\/tr>\n<tr>\n<td class=\"tg-krdq\">Passend f\u00fcr:<\/td>\n<td class=\"tg-o098\" style=\"text-align: center;\">x<\/td>\n<td class=\"tg-t0da\" style=\"text-align: center;\">\u2713<\/td>\n<\/tr>\n<tr>\n<td class=\"tg-krdq\">Tiefe:<\/td>\n<td class=\"tg-o098\" style=\"text-align: center;\">x<\/td>\n<td class=\"tg-t0da\" style=\"text-align: center;\">31m<\/td>\n<\/tr>\n<\/tbody>\n<\/table>\n<p>2,3 Meilen westlich der Tauchbasis Agia Pelagia ankert das Boot direkt vor dem Eingang der H\u00f6hle. Schon vor dem Betreten des Wassers sind die Taucher beeindruckt von der riesigen Felswand, die sich senkrecht von der Oberfl\u00e4che bis auf 100 Meter hinab erstreckt.<\/p>\n<p>Je nach Erfahrung des Tauchers variiert die maximale Tiefe dieses Tauchgangs zwischen 22 und 31 Metern.<\/p>\n<p>Direkt vor der H\u00f6hle befinden sich mehrere gro\u00dfe Felsen und ein Riff, die einen attraktiven Lebensraum f\u00fcr die in der Gegend heimischen Wei\u00dfbrassen, Makrelen und Schnapper bieten. Auch die Vegetation ist sehr sch\u00f6n mit einer beeindruckenden Vielfalt an Schw\u00e4mmen sowie Rot- und Weichkorallen. Von April bis Juni wird das Gebiet auch zu einer &#8220;Heimat&#8221; f\u00fcr eine Reihe von Hummer.<\/p>\n<p>Als wir n\u00e4her zum Eingang der H\u00f6hle tauchen, ist die Wand um sie herum voller kleiner L\u00f6cher und Hohlr\u00e4ume, in denen die Taucher im Licht der Taschenlampe Muscheln, Garnelen, Pflanzen und andere Meeresorganismen beobachten k\u00f6nnen.<\/p>\n<p>Wir betreten die H\u00f6hle in einer Tiefe von 12 Metern. Die H\u00f6hle ist 11 Meter breit und 15 Meter lang. Die Decke der Eingangshalle der H\u00f6hle ist so hoch, dass sie die Oberfl\u00e4che durchbricht und wir die Wellen sehen k\u00f6nnen, die \u00fcber uns hereinbrechen. Die erstaunlichen Farben der typischen Flora und Fauna der H\u00f6hle k\u00f6nnen im Schein der Fackeln beobachtet werden.<\/p>\n<p>Das hintere Ende der H\u00f6hle ist so eng, dass nur ein Taucher dort bequem bleiben kann. An diesem letzten Kernpunkt der H\u00f6hle trifft das Salzwasser des Meeres auf das S\u00fc\u00dfwasser, das in die H\u00f6hle kommt, und Sie k\u00f6nnen durch die fabelhafte Halokline auf wundersch\u00f6ne Stalagmiten und Stalaktiten blicken.<\/p>\n<p>F\u00fcr den erfahreneren Taucher bietet die Natur eine sch\u00f6ne \u00dcberraschung: Auf der rechten Seite der H\u00f6hle befindet sich ein Siphon, der einem halbkreisf\u00f6rmigen Verlauf von 15 Metern folgt und die Taucher hinter der Wand in eine weitere Halle f\u00fchrt, die gro\u00df genug f\u00fcr vier Taucher ist. In diesem Hallenbereich k\u00f6nnen wir durch kleine \u00d6ffnungen in der H\u00f6hlenwand nach hinten blicken, was uns einen wunderbaren \u201eRaum mit Aussicht\u201c in das tiefe Blau des offenen Meeres erm\u00f6glicht\u2026 ein Anblick, den man sich nicht entgehen lassen sollte!<\/p>\n<p>Dies ist ein sehr beeindruckender Tauchplatz f\u00fcr alle Taucher; au\u00dfer dem &#8220;Siphon&#8221;, der nat\u00fcrlich nur dem erfahrenen Taucher angeboten werden kann. Der Siphon, wie auch die H\u00f6hle, birgt keinerlei Verstrickungsm\u00f6glichkeiten oder sonstige Gefahren.<\/p>\n<p>Weitere Informationen zu unseren Programmen f\u00fcr zertifizierte Taucher und die M\u00f6glichkeit zur Reservierung finden Sie <a href=\"https:\/\/www.diversclub-crete.gr\/de\/cert-divers-ger\/\">hier<\/a>.<\/p>\n<p>* unsere Tauchpl\u00e4tze: <a href=\"https:\/\/www.diversclub-crete.gr\/de\/sites-elgrecocave-ger\/\">El Greco H\u00f6hle<\/a> \u2013 <a href=\"https:\/\/www.diversclub-crete.gr\/de\/sites-elgrecoreef-ger\/\">El Greco Riff<\/a> \u2013 <a href=\"https:\/\/www.diversclub-crete.gr\/de\/sites-stavros-ger\/\">Stavros Cape<\/a> \u2013 <a href=\"https:\/\/www.diversclub-crete.gr\/de\/sites-dias-rock\/\">Dia\u2019s Rock<\/a> \u2013 <a href=\"https:\/\/www.diversclub-crete.gr\/de\/sites-neptunes-rock\/\">Neptune\u2019s Rock<\/a> \u2013 <a href=\"https:\/\/www.diversclub-crete.gr\/de\/sites-mononaftis-ger\/\">Mononaftis<\/a> \u2013 <a href=\"https:\/\/www.diversclub-crete.gr\/de\/sites-lygaria\/\">Lygaria<\/a> \u2013 <a href=\"https:\/\/www.diversclub-crete.gr\/de\/sites-anchor-ger\/\">Big Anchor<\/a> \u2013 <a href=\"https:\/\/www.diversclub-crete.gr\/de\/sites-bluecave\/\">Blue Cave<\/a> \u2013 <a href=\"https:\/\/www.diversclub-crete.gr\/de\/sites-daedalos-ger\/\">Daedalos<\/a> \u2013 <a href=\"https:\/\/www.diversclub-crete.gr\/de\/sites-shipwrecks\/\">Schiffswracks<\/a> \u2013 <a href=\"https:\/\/www.diversclub-crete.gr\/de\/sites-wreck-ger\/\">Messerschmitt Wrack<\/a><\/p>\n<div id='gallery-1' class='gallery galleryid-987 gallery-columns-3 gallery-size-medium'><figure class='gallery-item'>\n\t\t\t<div class='gallery-icon landscape'>\n\t\t\t\t<a href='https:\/\/www.diversclub-crete.gr\/wp-content\/uploads\/2021\/02\/blue-cave-03-1200X900.jpg'><img decoding=\"async\" width=\"445\" height=\"334\" src=\"https:\/\/www.diversclub-crete.gr\/wp-content\/uploads\/2021\/02\/blue-cave-03-1200X900-445x334.jpg\" class=\"attachment-medium size-medium\" alt=\"crab in blue cave crete\" srcset=\"https:\/\/www.diversclub-crete.gr\/wp-content\/uploads\/2021\/02\/blue-cave-03-1200X900-445x334.jpg 445w, https:\/\/www.diversclub-crete.gr\/wp-content\/uploads\/2021\/02\/blue-cave-03-1200X900-891x668.jpg 891w, https:\/\/www.diversclub-crete.gr\/wp-content\/uploads\/2021\/02\/blue-cave-03-1200X900-768x576.jpg 768w, https:\/\/www.diversclub-crete.gr\/wp-content\/uploads\/2021\/02\/blue-cave-03-1200X900.jpg 1200w\" sizes=\"(max-width: 445px) 100vw, 445px\" \/><\/a>\n\t\t\t<\/div><\/figure><figure class='gallery-item'>\n\t\t\t<div class='gallery-icon landscape'>\n\t\t\t\t<a href='https:\/\/www.diversclub-crete.gr\/wp-content\/uploads\/2021\/02\/blue-cave-07-1200X900.jpg'><img decoding=\"async\" width=\"445\" height=\"334\" src=\"https:\/\/www.diversclub-crete.gr\/wp-content\/uploads\/2021\/02\/blue-cave-07-1200X900-445x334.jpg\" class=\"attachment-medium size-medium\" alt=\"lobster in blue cave crete\" srcset=\"https:\/\/www.diversclub-crete.gr\/wp-content\/uploads\/2021\/02\/blue-cave-07-1200X900-445x334.jpg 445w, https:\/\/www.diversclub-crete.gr\/wp-content\/uploads\/2021\/02\/blue-cave-07-1200X900-891x668.jpg 891w, https:\/\/www.diversclub-crete.gr\/wp-content\/uploads\/2021\/02\/blue-cave-07-1200X900-768x576.jpg 768w, https:\/\/www.diversclub-crete.gr\/wp-content\/uploads\/2021\/02\/blue-cave-07-1200X900.jpg 1200w\" sizes=\"(max-width: 445px) 100vw, 445px\" \/><\/a>\n\t\t\t<\/div><\/figure><figure class='gallery-item'>\n\t\t\t<div class='gallery-icon landscape'>\n\t\t\t\t<a href='https:\/\/www.diversclub-crete.gr\/wp-content\/uploads\/2021\/02\/blue-cave-05-1200X900.jpg'><img decoding=\"async\" width=\"445\" height=\"334\" src=\"https:\/\/www.diversclub-crete.gr\/wp-content\/uploads\/2021\/02\/blue-cave-05-1200X900-445x334.jpg\" class=\"attachment-medium size-medium\" alt=\"divers in blue cave crete\" srcset=\"https:\/\/www.diversclub-crete.gr\/wp-content\/uploads\/2021\/02\/blue-cave-05-1200X900-445x334.jpg 445w, https:\/\/www.diversclub-crete.gr\/wp-content\/uploads\/2021\/02\/blue-cave-05-1200X900-891x668.jpg 891w, https:\/\/www.diversclub-crete.gr\/wp-content\/uploads\/2021\/02\/blue-cave-05-1200X900-768x576.jpg 768w, https:\/\/www.diversclub-crete.gr\/wp-content\/uploads\/2021\/02\/blue-cave-05-1200X900.jpg 1200w\" sizes=\"(max-width: 445px) 100vw, 445px\" \/><\/a>\n\t\t\t<\/div><\/figure>\n\t\t<\/div>\n\n","protected":false},"excerpt":{"rendered":"<p>Blue Cave Die Blue Cave ist einer der faszinierendsten H\u00f6hlentauchg\u00e4nge auf Kreta und liegt in der N\u00e4he von Agia Pelagia. Zertifizierte Taucher Level 1 Level 2 oder h\u00f6her Passend f\u00fcr: x \u2713 Tiefe: x 31m 2,3 Meilen westlich der Tauchbasis Agia Pelagia ankert das Boot direkt vor dem Eingang der H\u00f6hle. Schon vor dem Betreten &#8230; <a title=\"Blue Cave Tauchplatz\" class=\"read-more\" href=\"https:\/\/www.diversclub-crete.gr\/de\/sites-bluecave\/\" aria-label=\"Read more about Blue Cave Tauchplatz\">Read more<\/a><\/p>\n","protected":false},"author":2,"featured_media":0,"parent":0,"menu_order":0,"comment_status":"closed","ping_status":"closed","template":"","meta":{"footnotes":""},"class_list":["post-987","page","type-page","status-publish"],"_links":{"self":[{"href":"https:\/\/www.diversclub-crete.gr\/de\/wp-json\/wp\/v2\/pages\/987","targetHints":{"allow":["GET"]}}],"collection":[{"href":"https:\/\/www.diversclub-crete.gr\/de\/wp-json\/wp\/v2\/pages"}],"about":[{"href":"https:\/\/www.diversclub-crete.gr\/de\/wp-json\/wp\/v2\/types\/page"}],"author":[{"embeddable":true,"href":"https:\/\/www.diversclub-crete.gr\/de\/wp-json\/wp\/v2\/users\/2"}],"replies":[{"embeddable":true,"href":"https:\/\/www.diversclub-crete.gr\/de\/wp-json\/wp\/v2\/comments?post=987"}],"version-history":[{"count":0,"href":"https:\/\/www.diversclub-crete.gr\/de\/wp-json\/wp\/v2\/pages\/987\/revisions"}],"wp:attachment":[{"href":"https:\/\/www.diversclub-crete.gr\/de\/wp-json\/wp\/v2\/media?parent=987"}],"curies":[{"name":"wp","href":"https:\/\/api.w.org\/{rel}","templated":true}]}}