{"id":984,"date":"2019-02-26T13:34:29","date_gmt":"2019-02-26T11:34:29","guid":{"rendered":"https:\/\/divers.testix.eu\/sites-anchor\/"},"modified":"2023-09-22T16:38:38","modified_gmt":"2023-09-22T13:38:38","slug":"sites-anchor-ger","status":"publish","type":"page","link":"https:\/\/www.diversclub-crete.gr\/de\/sites-anchor-ger\/","title":{"rendered":"Big Anchor Tauchplatz"},"content":{"rendered":"<h1>Big Anchor<\/h1>\n<p>&#8220;<strong>Big Anchor<\/strong>&#8221; ist eines der wunderbarsten Riffe, die wir in der Gegend von Agia Pelagia haben, und es ist nur 1,2 Meilen westlich von unserer Tauchbasis.<\/p>\n<table class=\"tg\" width=\"300\">\n<tbody>\n<tr>\n<th class=\"tg-kn0u\">Zertifizierte Taucher<\/th>\n<th class=\"tg-o098\"><a href=\"https:\/\/www.diversclub-crete.gr\/de\/tauchkurse\/#open-water-diver\"><span style=\"font-weight: normal;\">Level 1<\/span><\/a><\/th>\n<th class=\"tg-t0da\"><span style=\"font-weight: normal;\"><a href=\"https:\/\/www.diversclub-crete.gr\/de\/tauchkurse\/#advanced-open-water\">Level 2<\/a> oder h\u00f6her<\/span><\/th>\n<\/tr>\n<tr>\n<td class=\"tg-krdq\">Passend f\u00fcr:<\/td>\n<td class=\"tg-o098\" style=\"text-align: center;\">x<\/td>\n<td class=\"tg-t0da\" style=\"text-align: center;\">\u2713<\/td>\n<\/tr>\n<tr>\n<td class=\"tg-krdq\">Tiefe:<\/td>\n<td class=\"tg-o098\" style=\"text-align: center;\">x<\/td>\n<td class=\"tg-t0da\" style=\"text-align: center;\">33m<\/td>\n<\/tr>\n<\/tbody>\n<\/table>\n<p>Auf diesem Kurs begleiten gro\u00dfe Zackenbarsche, gestreifte Zackenbarsche und die stets neugierigen Schnapper die Taucher aus n\u00e4chster N\u00e4he.<\/p>\n<p>In einer Tiefe von 27 Metern sehen wir den gro\u00dfen Ring eines alten Ankers, der majest\u00e4tisch aufrecht vom Meeresboden steht. Der Anker ist \u00fcber 400 Jahre alt und mit einer Spannweite von 3 Metern H\u00f6he und 2 Metern Breite ein beeindruckender Anblick.<\/p>\n<p>Als ob diese Highlights nicht genug w\u00e4ren, ist auch die Landschaft rund um \u201eBig Anchor\u201c umwerfend sch\u00f6n. In einer Tiefe von etwa 33 Metern finden Sie riesige Schw\u00e4mme, Teile zerbrochener Amphoren und genie\u00dfen weiterhin spontane Interaktionen mit Schnappern, die scheinbar aus dem Nichts auftauchen, nur um ihre eigene Neugier zu befriedigen. Eine gro\u00dfe Vielfalt an Pflanzen und wundersch\u00f6nen Fischen (manchmal sogar Spanische T\u00e4nzer) finden ihren Lebensraum im und neben dem Riff bei &#8220;Big Anchor&#8221;.<\/p>\n<p>Das Wasser rund um dieses Riff ist kristallklar mit einer Sichtweite von regelm\u00e4\u00dfig bis zu 30 Metern.<\/p>\n<p>Weitere Informationen zu unseren Programmen f\u00fcr zertifizierte Taucher und die M\u00f6glichkeit zur Reservierung finden Sie <a href=\"https:\/\/www.diversclub-crete.gr\/de\/cert-divers-ger\/\">hier<\/a>.<\/p>\n<p>* unsere Tauchpl\u00e4tze: <a href=\"https:\/\/www.diversclub-crete.gr\/de\/sites-elgrecocave-ger\/\">El Greco H\u00f6hle<\/a> \u2013 <a href=\"https:\/\/www.diversclub-crete.gr\/de\/sites-elgrecoreef-ger\/\">El Greco Riff<\/a> \u2013 <a href=\"https:\/\/www.diversclub-crete.gr\/de\/sites-stavros-ger\/\">Stavros Cape<\/a> \u2013 <a href=\"https:\/\/www.diversclub-crete.gr\/de\/sites-dias-rock\/\">Dia\u2019s Rock<\/a> \u2013 <a href=\"https:\/\/www.diversclub-crete.gr\/de\/sites-neptunes-rock\/\">Neptune\u2019s Rock<\/a> \u2013 <a href=\"https:\/\/www.diversclub-crete.gr\/de\/sites-mononaftis-ger\/\">Mononaftis<\/a> \u2013 <a href=\"https:\/\/www.diversclub-crete.gr\/de\/sites-lygaria\/\">Lygaria<\/a> \u2013 <a href=\"https:\/\/www.diversclub-crete.gr\/de\/sites-anchor-ger\/\">Big Anchor<\/a> \u2013 <a href=\"https:\/\/www.diversclub-crete.gr\/de\/sites-bluecave\/\">Blue Cave<\/a> \u2013 <a href=\"https:\/\/www.diversclub-crete.gr\/de\/sites-daedalos-ger\/\">Daedalos<\/a> \u2013 <a href=\"https:\/\/www.diversclub-crete.gr\/de\/sites-shipwrecks\/\">Schiffswracks<\/a> \u2013 <a href=\"https:\/\/www.diversclub-crete.gr\/de\/sites-wreck-ger\/\">Messerschmitt Wrack<\/a><\/p>\n<div id='gallery-1' class='gallery galleryid-984 gallery-columns-4 gallery-size-full'><figure class='gallery-item'>\n\t\t\t<div class='gallery-icon portrait'>\n\t\t\t\t<a href='https:\/\/www.diversclub-crete.gr\/wp-content\/uploads\/2019\/01\/Big-Anchor.jpg'><img decoding=\"async\" width=\"1440\" height=\"2151\" src=\"https:\/\/www.diversclub-crete.gr\/wp-content\/uploads\/2019\/01\/Big-Anchor.jpg\" class=\"attachment-full size-full\" alt=\"\" srcset=\"https:\/\/www.diversclub-crete.gr\/wp-content\/uploads\/2019\/01\/Big-Anchor.jpg 1440w, https:\/\/www.diversclub-crete.gr\/wp-content\/uploads\/2019\/01\/Big-Anchor-224x334.jpg 224w, https:\/\/www.diversclub-crete.gr\/wp-content\/uploads\/2019\/01\/Big-Anchor-768x1147.jpg 768w, https:\/\/www.diversclub-crete.gr\/wp-content\/uploads\/2019\/01\/Big-Anchor-447x668.jpg 447w\" sizes=\"(max-width: 1440px) 100vw, 1440px\" \/><\/a>\n\t\t\t<\/div><\/figure><figure class='gallery-item'>\n\t\t\t<div class='gallery-icon portrait'>\n\t\t\t\t<a href='https:\/\/www.diversclub-crete.gr\/wp-content\/uploads\/2021\/02\/daedalos-05-750X1000.jpg'><img decoding=\"async\" width=\"750\" height=\"1000\" src=\"https:\/\/www.diversclub-crete.gr\/wp-content\/uploads\/2021\/02\/daedalos-05-750X1000.jpg\" class=\"attachment-full size-full\" alt=\"fish at daedalos site in agia pelagia crete\" \/><\/a>\n\t\t\t<\/div><\/figure><figure class='gallery-item'>\n\t\t\t<div class='gallery-icon landscape'>\n\t\t\t\t<a href='https:\/\/www.diversclub-crete.gr\/wp-content\/uploads\/2021\/02\/lygaria-03-1200X900.jpg'><img decoding=\"async\" width=\"1200\" height=\"900\" src=\"https:\/\/www.diversclub-crete.gr\/wp-content\/uploads\/2021\/02\/lygaria-03-1200X900.jpg\" class=\"attachment-full size-full\" alt=\"diving in lygaria crete\" srcset=\"https:\/\/www.diversclub-crete.gr\/wp-content\/uploads\/2021\/02\/lygaria-03-1200X900.jpg 1200w, https:\/\/www.diversclub-crete.gr\/wp-content\/uploads\/2021\/02\/lygaria-03-1200X900-445x334.jpg 445w, https:\/\/www.diversclub-crete.gr\/wp-content\/uploads\/2021\/02\/lygaria-03-1200X900-891x668.jpg 891w, https:\/\/www.diversclub-crete.gr\/wp-content\/uploads\/2021\/02\/lygaria-03-1200X900-768x576.jpg 768w\" sizes=\"(max-width: 1200px) 100vw, 1200px\" \/><\/a>\n\t\t\t<\/div><\/figure><figure class='gallery-item'>\n\t\t\t<div class='gallery-icon landscape'>\n\t\t\t\t<a href='https:\/\/www.diversclub-crete.gr\/wp-content\/uploads\/2022\/02\/stenopus-spinos-golden-coral-shrimp-1-diversclub-crete.jpg'><img decoding=\"async\" width=\"1200\" height=\"800\" src=\"https:\/\/www.diversclub-crete.gr\/wp-content\/uploads\/2022\/02\/stenopus-spinos-golden-coral-shrimp-1-diversclub-crete.jpg\" class=\"attachment-full size-full\" alt=\"\" srcset=\"https:\/\/www.diversclub-crete.gr\/wp-content\/uploads\/2022\/02\/stenopus-spinos-golden-coral-shrimp-1-diversclub-crete.jpg 1200w, https:\/\/www.diversclub-crete.gr\/wp-content\/uploads\/2022\/02\/stenopus-spinos-golden-coral-shrimp-1-diversclub-crete-500x334.jpg 500w, https:\/\/www.diversclub-crete.gr\/wp-content\/uploads\/2022\/02\/stenopus-spinos-golden-coral-shrimp-1-diversclub-crete-1000x668.jpg 1000w, https:\/\/www.diversclub-crete.gr\/wp-content\/uploads\/2022\/02\/stenopus-spinos-golden-coral-shrimp-1-diversclub-crete-768x512.jpg 768w\" sizes=\"(max-width: 1200px) 100vw, 1200px\" \/><\/a>\n\t\t\t<\/div><\/figure>\n\t\t<\/div>\n\n","protected":false},"excerpt":{"rendered":"<p>Big Anchor &#8220;Big Anchor&#8221; ist eines der wunderbarsten Riffe, die wir in der Gegend von Agia Pelagia haben, und es ist nur 1,2 Meilen westlich von unserer Tauchbasis. Zertifizierte Taucher Level 1 Level 2 oder h\u00f6her Passend f\u00fcr: x \u2713 Tiefe: x 33m Auf diesem Kurs begleiten gro\u00dfe Zackenbarsche, gestreifte Zackenbarsche und die stets neugierigen &#8230; <a title=\"Big Anchor Tauchplatz\" class=\"read-more\" href=\"https:\/\/www.diversclub-crete.gr\/de\/sites-anchor-ger\/\" aria-label=\"Read more about Big Anchor Tauchplatz\">Read more<\/a><\/p>\n","protected":false},"author":2,"featured_media":0,"parent":0,"menu_order":0,"comment_status":"closed","ping_status":"closed","template":"","meta":{"footnotes":""},"class_list":["post-984","page","type-page","status-publish"],"_links":{"self":[{"href":"https:\/\/www.diversclub-crete.gr\/de\/wp-json\/wp\/v2\/pages\/984","targetHints":{"allow":["GET"]}}],"collection":[{"href":"https:\/\/www.diversclub-crete.gr\/de\/wp-json\/wp\/v2\/pages"}],"about":[{"href":"https:\/\/www.diversclub-crete.gr\/de\/wp-json\/wp\/v2\/types\/page"}],"author":[{"embeddable":true,"href":"https:\/\/www.diversclub-crete.gr\/de\/wp-json\/wp\/v2\/users\/2"}],"replies":[{"embeddable":true,"href":"https:\/\/www.diversclub-crete.gr\/de\/wp-json\/wp\/v2\/comments?post=984"}],"version-history":[{"count":0,"href":"https:\/\/www.diversclub-crete.gr\/de\/wp-json\/wp\/v2\/pages\/984\/revisions"}],"wp:attachment":[{"href":"https:\/\/www.diversclub-crete.gr\/de\/wp-json\/wp\/v2\/media?parent=984"}],"curies":[{"name":"wp","href":"https:\/\/api.w.org\/{rel}","templated":true}]}}