{"id":981,"date":"2019-02-26T14:33:10","date_gmt":"2019-02-26T12:33:10","guid":{"rendered":"https:\/\/divers.testix.eu\/sites-mononaftis\/"},"modified":"2023-09-22T16:38:04","modified_gmt":"2023-09-22T13:38:04","slug":"sites-mononaftis-ger","status":"publish","type":"page","link":"https:\/\/www.diversclub-crete.gr\/de\/sites-mononaftis-ger\/","title":{"rendered":"Mononaftis Tauchplatz"},"content":{"rendered":"<h1>Mononaftis<\/h1>\n<p>&#8220;<strong>Mononaftis<\/strong>&#8221; (einsamer Seemann) ist ein riesiger Felsen, der etwa 50 Meter vom Ufer entfernt aus dem Meer ragt. Dieses Gebiet bietet die gr\u00f6\u00dfte Anzahl und Vielfalt an Fischen und Pflanzen rund um Agia Pelagia auf Kreta.<\/p>\n<table class=\"tg\" width=\"300\">\n<tbody>\n<tr>\n<th class=\"tg-kn0u\">Zertifizierte Taucher<\/th>\n<th class=\"tg-o098\"><a href=\"https:\/\/www.diversclub-crete.gr\/de\/tauchkurse\/#open-water-diver\"><span style=\"font-weight: normal;\">Level 1<\/span><\/a><\/th>\n<th class=\"tg-t0da\"><span style=\"font-weight: normal;\"><a href=\"https:\/\/www.diversclub-crete.gr\/de\/tauchkurse\/#advanced-open-water\">Level 2<\/a> oder h\u00f6her<\/span><\/th>\n<\/tr>\n<tr>\n<td class=\"tg-krdq\">Passend f\u00fcr:<\/td>\n<td class=\"tg-o098\" style=\"text-align: center;\">\u2713<\/td>\n<td class=\"tg-t0da\" style=\"text-align: center;\">\u2713<\/td>\n<\/tr>\n<tr>\n<td class=\"tg-krdq\">Tiefe:<\/td>\n<td class=\"tg-o098\" style=\"text-align: center;\">18m<\/td>\n<td class=\"tg-t0da\" style=\"text-align: center;\">32m<\/td>\n<\/tr>\n<\/tbody>\n<\/table>\n<p>Als gr\u00f6\u00dfter unserer Tauchpl\u00e4tze kann \u201eMononaftis\u201c eine Reihe verschiedener Tauchtouren und Tauchziele anbieten. Die maximale Tiefe variiert zwischen 18 und 35 Metern. Aus diesem Grund ist es sowohl erfahrenen als auch unerfahrenen Tauchern m\u00f6glich, die Meeressch\u00f6nheiten dieser Gegend zu genie\u00dfen.<\/p>\n<p>W\u00e4hrend dieser Touren k\u00f6nnen wir uns entscheiden, entlang eines erstaunlichen Riffs, durch kleine Schluchten und gro\u00dfe L\u00f6cher zu fahren, kleine H\u00f6hlen zu entdecken und die vielen Hohlr\u00e4ume unter den Felsen zu untersuchen.<\/p>\n<p>Das reiche Wasserleben in Mononaftis umfasst Zackenbarsche, Tintenfische, Mur\u00e4nen, Schw\u00e4rme von Salemas, geb\u00e4nderte und gesattelte Brassen, Stachelrochen, Seekaninchen, rote und schwarze Drachenk\u00f6pfe, Schw\u00e4mme, Seeanemonen und viele h\u00fcbsche Muscheln.<\/p>\n<p>Insbesondere eine Tauchtour f\u00fchrt uns am Riff entlang in 30 Meter Tiefe und dann wieder zur\u00fcck ans Ufer. Hier treffen die Taucher regelm\u00e4\u00dfig auf gro\u00dfe Barrakudaschw\u00e4rme, mit denen Sie schwimmen oder sich sogar animieren k\u00f6nnen, gro\u00dfe Kreise um sich zu ziehen. So kann jeder \u2013 Fisch und Taucher \u2013 seine Neugier befriedigen.<\/p>\n<p>Weitere Informationen zu unseren Programmen f\u00fcr zertifizierte Taucher und die M\u00f6glichkeit zur Reservierung finden Sie <a href=\"https:\/\/www.diversclub-crete.gr\/de\/cert-divers-ger\/\">hier<\/a>.<\/p>\n<p>* unsere Tauchpl\u00e4tze: <a href=\"https:\/\/www.diversclub-crete.gr\/de\/sites-elgrecocave-ger\/\">El Greco H\u00f6hle<\/a> \u2013 <a href=\"https:\/\/www.diversclub-crete.gr\/de\/sites-elgrecoreef-ger\/\">El Greco Riff<\/a> \u2013 <a href=\"https:\/\/www.diversclub-crete.gr\/de\/sites-stavros-ger\/\">Stavros Cape<\/a> \u2013 <a href=\"https:\/\/www.diversclub-crete.gr\/de\/sites-dias-rock\/\">Dia\u2019s Rock<\/a> \u2013 <a href=\"https:\/\/www.diversclub-crete.gr\/de\/sites-neptunes-rock\/\">Neptune\u2019s Rock<\/a> \u2013 <a href=\"https:\/\/www.diversclub-crete.gr\/de\/sites-mononaftis-ger\/\">Mononaftis<\/a> \u2013 <a href=\"https:\/\/www.diversclub-crete.gr\/de\/sites-lygaria\/\">Lygaria<\/a> \u2013 <a href=\"https:\/\/www.diversclub-crete.gr\/de\/sites-anchor-ger\/\">Big Anchor<\/a> \u2013 <a href=\"https:\/\/www.diversclub-crete.gr\/de\/sites-bluecave\/\">Blue Cave<\/a> \u2013 <a href=\"https:\/\/www.diversclub-crete.gr\/de\/sites-daedalos-ger\/\">Daedalos<\/a> \u2013 <a href=\"https:\/\/www.diversclub-crete.gr\/de\/sites-shipwrecks\/\">Schiffswracks<\/a> \u2013 <a href=\"https:\/\/www.diversclub-crete.gr\/de\/sites-wreck-ger\/\">Messerschmitt Wrack<\/a><\/p>\n<div id='gallery-1' class='gallery galleryid-981 gallery-columns-3 gallery-size-medium'><figure class='gallery-item'>\n\t\t\t<div class='gallery-icon landscape'>\n\t\t\t\t<a href='https:\/\/www.diversclub-crete.gr\/wp-content\/uploads\/2021\/02\/mononaftis-02-1200X900.jpg'><img decoding=\"async\" width=\"445\" height=\"334\" src=\"https:\/\/www.diversclub-crete.gr\/wp-content\/uploads\/2021\/02\/mononaftis-02-1200\u03a7900-445x334.jpg\" class=\"attachment-medium size-medium\" alt=\"fish at mononaftis crete\" srcset=\"https:\/\/www.diversclub-crete.gr\/wp-content\/uploads\/2021\/02\/mononaftis-02-1200\u03a7900-445x334.jpg 445w, https:\/\/www.diversclub-crete.gr\/wp-content\/uploads\/2021\/02\/mononaftis-02-1200\u03a7900-891x668.jpg 891w, https:\/\/www.diversclub-crete.gr\/wp-content\/uploads\/2021\/02\/mononaftis-02-1200\u03a7900-768x576.jpg 768w, https:\/\/www.diversclub-crete.gr\/wp-content\/uploads\/2021\/02\/mononaftis-02-1200\u03a7900.jpg 1200w\" sizes=\"(max-width: 445px) 100vw, 445px\" \/><\/a>\n\t\t\t<\/div><\/figure><figure class='gallery-item'>\n\t\t\t<div class='gallery-icon landscape'>\n\t\t\t\t<a href='https:\/\/www.diversclub-crete.gr\/wp-content\/uploads\/2021\/02\/mononaftis-01-1200X900.jpg'><img decoding=\"async\" width=\"445\" height=\"334\" src=\"https:\/\/www.diversclub-crete.gr\/wp-content\/uploads\/2021\/02\/mononaftis-01-1200\u03a7900-445x334.jpg\" class=\"attachment-medium size-medium\" alt=\"fish at mononaftis crete\" srcset=\"https:\/\/www.diversclub-crete.gr\/wp-content\/uploads\/2021\/02\/mononaftis-01-1200\u03a7900-445x334.jpg 445w, https:\/\/www.diversclub-crete.gr\/wp-content\/uploads\/2021\/02\/mononaftis-01-1200\u03a7900-891x668.jpg 891w, https:\/\/www.diversclub-crete.gr\/wp-content\/uploads\/2021\/02\/mononaftis-01-1200\u03a7900-768x576.jpg 768w, https:\/\/www.diversclub-crete.gr\/wp-content\/uploads\/2021\/02\/mononaftis-01-1200\u03a7900.jpg 1200w\" sizes=\"(max-width: 445px) 100vw, 445px\" \/><\/a>\n\t\t\t<\/div><\/figure><figure class='gallery-item'>\n\t\t\t<div class='gallery-icon landscape'>\n\t\t\t\t<a href='https:\/\/www.diversclub-crete.gr\/wp-content\/uploads\/2021\/02\/mononaftis-05-1200X900.jpg'><img decoding=\"async\" width=\"445\" height=\"334\" src=\"https:\/\/www.diversclub-crete.gr\/wp-content\/uploads\/2021\/02\/mononaftis-05-1200\u03a7900-445x334.jpg\" class=\"attachment-medium size-medium\" alt=\"fish at mononaftis crete\" srcset=\"https:\/\/www.diversclub-crete.gr\/wp-content\/uploads\/2021\/02\/mononaftis-05-1200\u03a7900-445x334.jpg 445w, https:\/\/www.diversclub-crete.gr\/wp-content\/uploads\/2021\/02\/mononaftis-05-1200\u03a7900-891x668.jpg 891w, https:\/\/www.diversclub-crete.gr\/wp-content\/uploads\/2021\/02\/mononaftis-05-1200\u03a7900-768x576.jpg 768w, https:\/\/www.diversclub-crete.gr\/wp-content\/uploads\/2021\/02\/mononaftis-05-1200\u03a7900.jpg 1200w\" sizes=\"(max-width: 445px) 100vw, 445px\" \/><\/a>\n\t\t\t<\/div><\/figure>\n\t\t<\/div>\n\n","protected":false},"excerpt":{"rendered":"<p>Mononaftis &#8220;Mononaftis&#8221; (einsamer Seemann) ist ein riesiger Felsen, der etwa 50 Meter vom Ufer entfernt aus dem Meer ragt. Dieses Gebiet bietet die gr\u00f6\u00dfte Anzahl und Vielfalt an Fischen und Pflanzen rund um Agia Pelagia auf Kreta. Zertifizierte Taucher Level 1 Level 2 oder h\u00f6her Passend f\u00fcr: \u2713 \u2713 Tiefe: 18m 32m Als gr\u00f6\u00dfter unserer &#8230; <a title=\"Mononaftis Tauchplatz\" class=\"read-more\" href=\"https:\/\/www.diversclub-crete.gr\/de\/sites-mononaftis-ger\/\" aria-label=\"Read more about Mononaftis Tauchplatz\">Read more<\/a><\/p>\n","protected":false},"author":2,"featured_media":0,"parent":0,"menu_order":0,"comment_status":"closed","ping_status":"closed","template":"","meta":{"footnotes":""},"class_list":["post-981","page","type-page","status-publish"],"_links":{"self":[{"href":"https:\/\/www.diversclub-crete.gr\/de\/wp-json\/wp\/v2\/pages\/981","targetHints":{"allow":["GET"]}}],"collection":[{"href":"https:\/\/www.diversclub-crete.gr\/de\/wp-json\/wp\/v2\/pages"}],"about":[{"href":"https:\/\/www.diversclub-crete.gr\/de\/wp-json\/wp\/v2\/types\/page"}],"author":[{"embeddable":true,"href":"https:\/\/www.diversclub-crete.gr\/de\/wp-json\/wp\/v2\/users\/2"}],"replies":[{"embeddable":true,"href":"https:\/\/www.diversclub-crete.gr\/de\/wp-json\/wp\/v2\/comments?post=981"}],"version-history":[{"count":0,"href":"https:\/\/www.diversclub-crete.gr\/de\/wp-json\/wp\/v2\/pages\/981\/revisions"}],"wp:attachment":[{"href":"https:\/\/www.diversclub-crete.gr\/de\/wp-json\/wp\/v2\/media?parent=981"}],"curies":[{"name":"wp","href":"https:\/\/api.w.org\/{rel}","templated":true}]}}