{"id":975,"date":"2019-02-26T15:21:36","date_gmt":"2019-02-26T13:21:36","guid":{"rendered":"https:\/\/divers.testix.eu\/sites-elgrecoreef\/"},"modified":"2023-09-22T16:36:18","modified_gmt":"2023-09-22T13:36:18","slug":"sites-elgrecoreef-ger","status":"publish","type":"page","link":"https:\/\/www.diversclub-crete.gr\/de\/sites-elgrecoreef-ger\/","title":{"rendered":"El Greco Riff Tauchplatz"},"content":{"rendered":"<h1>El Greco Riff<\/h1>\n<p>Dieser Tauchplatz bietet M\u00f6glichkeiten f\u00fcr tiefes Multilevel-Tauchen (max. Tiefe 40 Meter), sowie f\u00fcr flaches Tauchen (max. Tiefe 18 Meter).<\/p>\n<table class=\"tg\" width=\"300\">\n<tbody>\n<tr>\n<th class=\"tg-kn0u\">Zertifizierte Taucher<\/th>\n<th class=\"tg-o098\"><a href=\"https:\/\/www.diversclub-crete.gr\/de\/tauchkurse\/#open-water-diver\"><span style=\"font-weight: normal;\">Level 1<\/span><\/a><\/th>\n<th class=\"tg-t0da\"><span style=\"font-weight: normal;\"><a href=\"https:\/\/www.diversclub-crete.gr\/de\/tauchkurse\/#advanced-open-water\">Level 2<\/a> oder h\u00f6her<\/span><\/th>\n<\/tr>\n<tr>\n<td class=\"tg-krdq\">Passend f\u00fcr:<\/td>\n<td class=\"tg-o098\" style=\"text-align: center;\">\u2713<\/td>\n<td class=\"tg-t0da\" style=\"text-align: center;\">\u2713<\/td>\n<\/tr>\n<tr>\n<td class=\"tg-krdq\" style=\"text-align: left;\">Tiefe:<\/td>\n<td class=\"tg-o098\" style=\"text-align: center;\">18m<\/td>\n<td class=\"tg-t0da\" style=\"text-align: center;\">40m<\/td>\n<\/tr>\n<\/tbody>\n<\/table>\n<p>Beim Abstieg entlang der Ankerleine befinden sich die Taucher inmitten einer beeindruckenden Konfiguration aus gigantischen Felsen. Hier bietet das Meer eine hervorragende Sicht, die meistens mehr als 25 Meter betr\u00e4gt.<\/p>\n<p>Der folgende Kurs f\u00fchrt uns zum <strong>El Greco Riff<\/strong>. Gleich zu Beginn befindet sich eine faszinierende H\u00f6hle voller Pflanzen, die durch ihre Vielfalt an Formen und Farben das Auge beeindrucken.<\/p>\n<p>Eine weitere, kleinere H\u00f6hle mit Sandboden kann auf unserem Weg beobachtet werden. Die H\u00f6hle ist gro\u00df genug f\u00fcr vier Taucher. Obwohl reichlich Sonnenlicht das H\u00f6hleninnere mit einer Fackel erhellt, k\u00f6nnen Sie sich auf Entdeckungstour zu H\u00f6hlen, L\u00f6chern und Felsvorspr\u00fcngen und ihren interessanten Meeresbewohnern begeben.<\/p>\n<p>Rund um das Riff treffen Sie auf Zackenbarsche, Kraken, Hummer, Thunfische, Mur\u00e4nen sowie Seeanemonen, Spirographen und eine gro\u00dfe Vielfalt an Schw\u00e4mmen und Muscheln. Die faszinierende Kombination aus H\u00f6hle und Riff macht das El Greco Riff f\u00fcr viele Taucher so attraktiv.<\/p>\n<p>Weitere Informationen zu unseren Programmen f\u00fcr zertifizierte Taucher und die M\u00f6glichkeit zur Reservierung finden Sie <a href=\"https:\/\/www.diversclub-crete.gr\/de\/cert-divers-ger\/\">hier<\/a>.<\/p>\n<p>* unsere Tauchpl\u00e4tze: <a href=\"https:\/\/www.diversclub-crete.gr\/de\/sites-elgrecocave-ger\/\">El Greco H\u00f6hle<\/a> \u2013 <a href=\"https:\/\/www.diversclub-crete.gr\/de\/sites-elgrecoreef-ger\/\">El Greco Riff<\/a> \u2013 <a href=\"https:\/\/www.diversclub-crete.gr\/de\/sites-stavros-ger\/\">Stavros Cape<\/a> \u2013 <a href=\"https:\/\/www.diversclub-crete.gr\/de\/sites-dias-rock\/\">Dia\u2019s Rock<\/a> \u2013 <a href=\"https:\/\/www.diversclub-crete.gr\/de\/sites-neptunes-rock\/\">Neptune\u2019s Rock<\/a> \u2013 <a href=\"https:\/\/www.diversclub-crete.gr\/de\/sites-mononaftis-ger\/\">Mononaftis<\/a> \u2013 <a href=\"https:\/\/www.diversclub-crete.gr\/de\/sites-lygaria\/\">Lygaria<\/a> \u2013 <a href=\"https:\/\/www.diversclub-crete.gr\/de\/sites-anchor-ger\/\">Big Anchor<\/a> \u2013 <a href=\"https:\/\/www.diversclub-crete.gr\/de\/sites-bluecave\/\">Blue Cave<\/a> \u2013 <a href=\"https:\/\/www.diversclub-crete.gr\/de\/sites-daedalos-ger\/\">Daedalos<\/a> \u2013 <a href=\"https:\/\/www.diversclub-crete.gr\/de\/sites-shipwrecks\/\">Schiffswracks<\/a> \u2013 <a href=\"https:\/\/www.diversclub-crete.gr\/de\/sites-wreck-ger\/\">Messerschmitt Wrack<\/a><\/p>\n<div id='gallery-1' class='gallery galleryid-975 gallery-columns-3 gallery-size-medium'><figure class='gallery-item'>\n\t\t\t<div class='gallery-icon landscape'>\n\t\t\t\t<a href='https:\/\/www.diversclub-crete.gr\/wp-content\/uploads\/2021\/02\/el-greco-reef-01-1200X800.jpg'><img decoding=\"async\" width=\"500\" height=\"334\" src=\"https:\/\/www.diversclub-crete.gr\/wp-content\/uploads\/2021\/02\/el-greco-reef-01-1200X800-500x334.jpg\" class=\"attachment-medium size-medium\" alt=\"diving in el greco reef in crete\" srcset=\"https:\/\/www.diversclub-crete.gr\/wp-content\/uploads\/2021\/02\/el-greco-reef-01-1200X800-500x334.jpg 500w, https:\/\/www.diversclub-crete.gr\/wp-content\/uploads\/2021\/02\/el-greco-reef-01-1200X800-1000x668.jpg 1000w, https:\/\/www.diversclub-crete.gr\/wp-content\/uploads\/2021\/02\/el-greco-reef-01-1200X800-768x512.jpg 768w, https:\/\/www.diversclub-crete.gr\/wp-content\/uploads\/2021\/02\/el-greco-reef-01-1200X800.jpg 1200w\" sizes=\"(max-width: 500px) 100vw, 500px\" \/><\/a>\n\t\t\t<\/div><\/figure><figure class='gallery-item'>\n\t\t\t<div class='gallery-icon landscape'>\n\t\t\t\t<a href='https:\/\/www.diversclub-crete.gr\/wp-content\/uploads\/2021\/02\/el-greco-reef-02-1200X800-1.jpg'><img decoding=\"async\" width=\"500\" height=\"334\" src=\"https:\/\/www.diversclub-crete.gr\/wp-content\/uploads\/2021\/02\/el-greco-reef-02-1200X800-1-500x334.jpg\" class=\"attachment-medium size-medium\" alt=\"diving in el greco reef in crete\" srcset=\"https:\/\/www.diversclub-crete.gr\/wp-content\/uploads\/2021\/02\/el-greco-reef-02-1200X800-1-500x334.jpg 500w, https:\/\/www.diversclub-crete.gr\/wp-content\/uploads\/2021\/02\/el-greco-reef-02-1200X800-1-1000x668.jpg 1000w, https:\/\/www.diversclub-crete.gr\/wp-content\/uploads\/2021\/02\/el-greco-reef-02-1200X800-1-768x512.jpg 768w, https:\/\/www.diversclub-crete.gr\/wp-content\/uploads\/2021\/02\/el-greco-reef-02-1200X800-1.jpg 1200w\" sizes=\"(max-width: 500px) 100vw, 500px\" \/><\/a>\n\t\t\t<\/div><\/figure><figure class='gallery-item'>\n\t\t\t<div class='gallery-icon landscape'>\n\t\t\t\t<a href='https:\/\/www.diversclub-crete.gr\/wp-content\/uploads\/2021\/02\/el-greco-reef-03-1200X800.jpg'><img decoding=\"async\" width=\"500\" height=\"334\" src=\"https:\/\/www.diversclub-crete.gr\/wp-content\/uploads\/2021\/02\/el-greco-reef-03-1200X800-500x334.jpg\" class=\"attachment-medium size-medium\" alt=\"diving in el greco reef in crete\" srcset=\"https:\/\/www.diversclub-crete.gr\/wp-content\/uploads\/2021\/02\/el-greco-reef-03-1200X800-500x334.jpg 500w, https:\/\/www.diversclub-crete.gr\/wp-content\/uploads\/2021\/02\/el-greco-reef-03-1200X800-1000x668.jpg 1000w, https:\/\/www.diversclub-crete.gr\/wp-content\/uploads\/2021\/02\/el-greco-reef-03-1200X800-768x512.jpg 768w, https:\/\/www.diversclub-crete.gr\/wp-content\/uploads\/2021\/02\/el-greco-reef-03-1200X800.jpg 1200w\" sizes=\"(max-width: 500px) 100vw, 500px\" \/><\/a>\n\t\t\t<\/div><\/figure>\n\t\t<\/div>\n\n","protected":false},"excerpt":{"rendered":"<p>El Greco Riff Dieser Tauchplatz bietet M\u00f6glichkeiten f\u00fcr tiefes Multilevel-Tauchen (max. Tiefe 40 Meter), sowie f\u00fcr flaches Tauchen (max. Tiefe 18 Meter). Zertifizierte Taucher Level 1 Level 2 oder h\u00f6her Passend f\u00fcr: \u2713 \u2713 Tiefe: 18m 40m Beim Abstieg entlang der Ankerleine befinden sich die Taucher inmitten einer beeindruckenden Konfiguration aus gigantischen Felsen. Hier bietet &#8230; <a title=\"El Greco Riff Tauchplatz\" class=\"read-more\" href=\"https:\/\/www.diversclub-crete.gr\/de\/sites-elgrecoreef-ger\/\" aria-label=\"Read more about El Greco Riff Tauchplatz\">Read more<\/a><\/p>\n","protected":false},"author":2,"featured_media":0,"parent":0,"menu_order":0,"comment_status":"closed","ping_status":"closed","template":"","meta":{"footnotes":""},"class_list":["post-975","page","type-page","status-publish"],"_links":{"self":[{"href":"https:\/\/www.diversclub-crete.gr\/de\/wp-json\/wp\/v2\/pages\/975","targetHints":{"allow":["GET"]}}],"collection":[{"href":"https:\/\/www.diversclub-crete.gr\/de\/wp-json\/wp\/v2\/pages"}],"about":[{"href":"https:\/\/www.diversclub-crete.gr\/de\/wp-json\/wp\/v2\/types\/page"}],"author":[{"embeddable":true,"href":"https:\/\/www.diversclub-crete.gr\/de\/wp-json\/wp\/v2\/users\/2"}],"replies":[{"embeddable":true,"href":"https:\/\/www.diversclub-crete.gr\/de\/wp-json\/wp\/v2\/comments?post=975"}],"version-history":[{"count":0,"href":"https:\/\/www.diversclub-crete.gr\/de\/wp-json\/wp\/v2\/pages\/975\/revisions"}],"wp:attachment":[{"href":"https:\/\/www.diversclub-crete.gr\/de\/wp-json\/wp\/v2\/media?parent=975"}],"curies":[{"name":"wp","href":"https:\/\/api.w.org\/{rel}","templated":true}]}}