{"id":972,"date":"2019-02-26T13:37:43","date_gmt":"2019-02-26T11:37:43","guid":{"rendered":"https:\/\/divers.testix.eu\/sites-elgrecocave\/"},"modified":"2023-09-22T16:35:05","modified_gmt":"2023-09-22T13:35:05","slug":"sites-elgrecocave-ger","status":"publish","type":"page","link":"https:\/\/www.diversclub-crete.gr\/de\/sites-elgrecocave-ger\/","title":{"rendered":"El Greco H\u00f6hlentauchen"},"content":{"rendered":"<h1>El Greco H\u00f6hlentauchen<\/h1>\n<p>Bist du ein fortgeschrittener Taucher mit Erfahrung im H\u00f6hlentauchen? Dann ist <strong>El Greco Cave<\/strong> der ideale Tauchgang f\u00fcr Sie!<\/p>\n<p>Der Tauchgang beginnt neben der Wand im blauen Wasser von <strong>El Greco<\/strong>. Wir erreichen den Eingang dieser faszinierenden Meeresh\u00f6hle in einer Tiefe von 17 Metern.<\/p>\n<p>Die H\u00f6hle ist ungef\u00e4hr 30 Meter lang, mit einer \u00d6ffnungsh\u00f6he von 8 m und einer Breite von 5 m und einer Kernh\u00f6he und -tiefe von ungef\u00e4hr 7 m. Diese allm\u00e4hliche Passage in die H\u00f6hle erm\u00f6glicht sowohl neuen als auch erfahrenen H\u00f6hlentauchern, sich an ihre neue Umgebung zu gew\u00f6hnen und einen erstaunlichen Anblick f\u00fcr die Augen zu genie\u00dfen, wenn wir auf die unglaubliche Vielfalt an farbenfroher Fauna und Flora sto\u00dfen, die sie zu bieten hat.<\/p>\n<p>Sch\u00f6ne Stalagmiten und Stalaktiten sind zu finden. An anderen Stellen schwimmt frisches Wasser von der Decke und erzeugt beim Kontakt mit dem Salzwasser ein wirklich faszinierendes optisches Schillern.<\/p>\n<p>Am hinteren Ende finden Sie einen vertikalen Siphon (\u00d6ffnung). Mit einem Seil steigen Sie durch den Tunnel auf, bis Sie die Spitze der H\u00f6hle erreichen, die einen luftgef\u00fcllten Raum enth\u00e4lt. Hier k\u00f6nnen Sie sich sogar hinsetzen und die faszinierende Aussicht genie\u00dfen!<\/p>\n<table class=\"tg\" width=\"300\">\n<tbody>\n<tr>\n<th class=\"tg-krdq\">Zertifizierte Taucher<\/th>\n<th class=\"tg-o098\"><a href=\"https:\/\/www.diversclub-crete.gr\/de\/tauchkurse\/#open-water-diver\"><span style=\"font-weight: normal;\">Level 1<\/span><\/a><\/th>\n<th class=\"tg-t0da\"><span style=\"font-weight: normal;\"><a href=\"https:\/\/www.diversclub-crete.gr\/de\/tauchkurse\/#advanced-open-water\">Level 2<\/a> oder h\u00f6her<\/span><\/th>\n<\/tr>\n<tr>\n<td class=\"tg-krdq\">Passend f\u00fcr:<\/td>\n<td class=\"tg-o098\" style=\"text-align: center;\">x<\/td>\n<td class=\"tg-t0da\" style=\"text-align: center;\">\u2713<\/td>\n<\/tr>\n<tr>\n<td class=\"tg-krdq\" style=\"text-align: left;\">Tiefe:<\/td>\n<td class=\"tg-o098\" style=\"text-align: center;\">x<\/td>\n<td class=\"tg-t0da\" style=\"text-align: center;\">26m<\/td>\n<\/tr>\n<\/tbody>\n<\/table>\n<p>Diese H\u00f6hle ist auch ein idealer Einstieg f\u00fcr erfahrene fortgeschrittene Taucher mit Erfahrung im Nachttauchen, die sich f\u00fcr das H\u00f6hlentauchen interessieren:<\/p>\n<ol>\n<li>Die Gr\u00f6\u00dfe dieser H\u00f6hle erlaubt den gleichzeitigen Eintritt von mindestens 8 Tauchern.<\/li>\n<li>Der gerade Verlauf durch die H\u00f6hle erm\u00f6glicht nahezu von jedem Punkt innerhalb der H\u00f6hle einen st\u00e4ndigen optischen Kontakt zum Ausgang.<\/li>\n<li>Der Boden besteht aus hartem Steinsand, sodass die Sicht frei von aufgewirbeltem Sand bleibt.<\/li>\n<li>Es besteht keine Gefahr, dass der Taucher eingeklemmt oder verheddert wird.<br \/>\nWir beenden unseren Tauchgang au\u00dferhalb der H\u00f6hle, wo uns das Riff und die senkrechte Wand daneben viel zu bieten haben!<\/li>\n<\/ol>\n<p>Weitere Informationen zu unseren Programmen f\u00fcr zertifizierte Taucher und die M\u00f6glichkeit zur Reservierung finden Sie <a href=\"https:\/\/www.diversclub-crete.gr\/de\/cert-divers-ger\/\">hier<\/a>.<\/p>\n<p>* unsere Tauchpl\u00e4tze: <a href=\"https:\/\/www.diversclub-crete.gr\/de\/sites-elgrecocave-ger\/\">El Greco H\u00f6hle<\/a> \u2013 <a href=\"https:\/\/www.diversclub-crete.gr\/de\/sites-elgrecoreef-ger\/\">El Greco Riff<\/a> \u2013 <a href=\"https:\/\/www.diversclub-crete.gr\/de\/sites-stavros-ger\/\">Stavros Cape<\/a> \u2013 <a href=\"https:\/\/www.diversclub-crete.gr\/de\/sites-dias-rock\/\">Dia\u2019s Rock<\/a> \u2013 <a href=\"https:\/\/www.diversclub-crete.gr\/de\/sites-neptunes-rock\/\">Neptune\u2019s Rock<\/a> \u2013 <a href=\"https:\/\/www.diversclub-crete.gr\/de\/sites-mononaftis-ger\/\">Mononaftis<\/a> \u2013 <a href=\"https:\/\/www.diversclub-crete.gr\/de\/sites-lygaria\/\">Lygaria<\/a> \u2013 <a href=\"https:\/\/www.diversclub-crete.gr\/de\/sites-anchor-ger\/\">Big Anchor<\/a> \u2013 <a href=\"https:\/\/www.diversclub-crete.gr\/de\/sites-bluecave\/\">Blue Cave<\/a> \u2013 <a href=\"https:\/\/www.diversclub-crete.gr\/de\/sites-daedalos-ger\/\">Daedalos<\/a> \u2013 <a href=\"https:\/\/www.diversclub-crete.gr\/de\/sites-shipwrecks\/\">Schiffswracks<\/a> \u2013 <a href=\"https:\/\/www.diversclub-crete.gr\/de\/sites-wreck-ger\/\">Messerschmitt Wrack<\/a><\/p>\n<div id='gallery-1' class='gallery galleryid-972 gallery-columns-3 gallery-size-medium'><figure class='gallery-item'>\n\t\t\t<div class='gallery-icon landscape'>\n\t\t\t\t<a href='https:\/\/www.diversclub-crete.gr\/wp-content\/uploads\/2021\/02\/el-greco-cave-02-1200X900.jpg'><img decoding=\"async\" width=\"445\" height=\"334\" src=\"https:\/\/www.diversclub-crete.gr\/wp-content\/uploads\/2021\/02\/el-greco-cave-02-1200X900-445x334.jpg\" class=\"attachment-medium size-medium\" alt=\"diving in el greco cave in crete\" srcset=\"https:\/\/www.diversclub-crete.gr\/wp-content\/uploads\/2021\/02\/el-greco-cave-02-1200X900-445x334.jpg 445w, https:\/\/www.diversclub-crete.gr\/wp-content\/uploads\/2021\/02\/el-greco-cave-02-1200X900-891x668.jpg 891w, https:\/\/www.diversclub-crete.gr\/wp-content\/uploads\/2021\/02\/el-greco-cave-02-1200X900-768x576.jpg 768w, https:\/\/www.diversclub-crete.gr\/wp-content\/uploads\/2021\/02\/el-greco-cave-02-1200X900.jpg 1200w\" sizes=\"(max-width: 445px) 100vw, 445px\" \/><\/a>\n\t\t\t<\/div><\/figure><figure class='gallery-item'>\n\t\t\t<div class='gallery-icon landscape'>\n\t\t\t\t<a href='https:\/\/www.diversclub-crete.gr\/wp-content\/uploads\/2021\/02\/el-greco-cave-04-1200X900.jpg'><img decoding=\"async\" width=\"445\" height=\"334\" src=\"https:\/\/www.diversclub-crete.gr\/wp-content\/uploads\/2021\/02\/el-greco-cave-04-1200X900-445x334.jpg\" class=\"attachment-medium size-medium\" alt=\"diving in el greco cave in crete\" srcset=\"https:\/\/www.diversclub-crete.gr\/wp-content\/uploads\/2021\/02\/el-greco-cave-04-1200X900-445x334.jpg 445w, https:\/\/www.diversclub-crete.gr\/wp-content\/uploads\/2021\/02\/el-greco-cave-04-1200X900-891x668.jpg 891w, https:\/\/www.diversclub-crete.gr\/wp-content\/uploads\/2021\/02\/el-greco-cave-04-1200X900-768x576.jpg 768w, https:\/\/www.diversclub-crete.gr\/wp-content\/uploads\/2021\/02\/el-greco-cave-04-1200X900.jpg 1200w\" sizes=\"(max-width: 445px) 100vw, 445px\" \/><\/a>\n\t\t\t<\/div><\/figure><figure class='gallery-item'>\n\t\t\t<div class='gallery-icon landscape'>\n\t\t\t\t<a href='https:\/\/www.diversclub-crete.gr\/wp-content\/uploads\/2021\/02\/el-greco-cave-05-1200X900.jpg'><img decoding=\"async\" width=\"445\" height=\"334\" src=\"https:\/\/www.diversclub-crete.gr\/wp-content\/uploads\/2021\/02\/el-greco-cave-05-1200X900-445x334.jpg\" class=\"attachment-medium size-medium\" alt=\"cave diving in crete\" srcset=\"https:\/\/www.diversclub-crete.gr\/wp-content\/uploads\/2021\/02\/el-greco-cave-05-1200X900-445x334.jpg 445w, https:\/\/www.diversclub-crete.gr\/wp-content\/uploads\/2021\/02\/el-greco-cave-05-1200X900-891x668.jpg 891w, https:\/\/www.diversclub-crete.gr\/wp-content\/uploads\/2021\/02\/el-greco-cave-05-1200X900-768x576.jpg 768w, https:\/\/www.diversclub-crete.gr\/wp-content\/uploads\/2021\/02\/el-greco-cave-05-1200X900.jpg 1200w\" sizes=\"(max-width: 445px) 100vw, 445px\" \/><\/a>\n\t\t\t<\/div><\/figure>\n\t\t<\/div>\n\n","protected":false},"excerpt":{"rendered":"<p>El Greco H\u00f6hlentauchen Bist du ein fortgeschrittener Taucher mit Erfahrung im H\u00f6hlentauchen? Dann ist El Greco Cave der ideale Tauchgang f\u00fcr Sie! Der Tauchgang beginnt neben der Wand im blauen Wasser von El Greco. Wir erreichen den Eingang dieser faszinierenden Meeresh\u00f6hle in einer Tiefe von 17 Metern. Die H\u00f6hle ist ungef\u00e4hr 30 Meter lang, mit &#8230; <a title=\"El Greco H\u00f6hlentauchen\" class=\"read-more\" href=\"https:\/\/www.diversclub-crete.gr\/de\/sites-elgrecocave-ger\/\" aria-label=\"Read more about El Greco H\u00f6hlentauchen\">Read more<\/a><\/p>\n","protected":false},"author":2,"featured_media":0,"parent":0,"menu_order":0,"comment_status":"closed","ping_status":"closed","template":"","meta":{"footnotes":""},"class_list":["post-972","page","type-page","status-publish"],"_links":{"self":[{"href":"https:\/\/www.diversclub-crete.gr\/de\/wp-json\/wp\/v2\/pages\/972","targetHints":{"allow":["GET"]}}],"collection":[{"href":"https:\/\/www.diversclub-crete.gr\/de\/wp-json\/wp\/v2\/pages"}],"about":[{"href":"https:\/\/www.diversclub-crete.gr\/de\/wp-json\/wp\/v2\/types\/page"}],"author":[{"embeddable":true,"href":"https:\/\/www.diversclub-crete.gr\/de\/wp-json\/wp\/v2\/users\/2"}],"replies":[{"embeddable":true,"href":"https:\/\/www.diversclub-crete.gr\/de\/wp-json\/wp\/v2\/comments?post=972"}],"version-history":[{"count":0,"href":"https:\/\/www.diversclub-crete.gr\/de\/wp-json\/wp\/v2\/pages\/972\/revisions"}],"wp:attachment":[{"href":"https:\/\/www.diversclub-crete.gr\/de\/wp-json\/wp\/v2\/media?parent=972"}],"curies":[{"name":"wp","href":"https:\/\/api.w.org\/{rel}","templated":true}]}}