{"id":873,"date":"2019-02-05T16:00:53","date_gmt":"2019-02-05T16:00:53","guid":{"rendered":"https:\/\/divers.testix.eu\/?page_id=873"},"modified":"2026-03-02T23:33:39","modified_gmt":"2026-03-02T21:33:39","slug":"nitrox-ger","status":"publish","type":"page","link":"https:\/\/www.diversclub-crete.gr\/de\/nitrox-ger\/","title":{"rendered":"Nitroxtauchen in Kreta"},"content":{"rendered":"<h1>Nitrox Tauchen auf Kreta<\/h1>\n<p><strong>Nitrox<\/strong>, ein Wort, das die meisten Taucher immer noch mit Tech Diving assoziieren, h\u00e4lt Einzug in das Sporttauchen. Seit 2002 sind wir vom Diver&#8217;s Club Crete eines der bahnbrechenden Tauchzentren auf Kreta, das die Entwicklung von Nitrox im Freizeittauchen anf\u00fchrt.<\/p>\n<h3>Tauchen mit Nitrox erh\u00f6ht Ihre Sicherheit<\/h3>\n<p>Willkommen zu einem der beliebtesten Spezialgebiete \u2013 dem<strong>\u00a0Enriched Air Diver<\/strong> Kurs. Durch Tauchen mit <strong>Enriched Air Nitrox<\/strong> k\u00f6nnen Sie Ihre Tauchzeit sicher \u00fcber die Nullzeitgrenzen f\u00fcr Luft hinaus verl\u00e4ngern. Tauchen mit angereicherter Luft bedeutet Sicherheit und mehr Zeit unter Wasser. Nitrox ist ein Gas, in dem der Sauerstoffanteil h\u00f6her ist als in normaler Luft. Daher reduziert <strong>Nitrox<\/strong> die Stickstoffs\u00e4ttigung w\u00e4hrend eines Tauchgangs erheblich.<\/p>\n<p>Der <strong>EANx Diver<\/strong> Kurs wurde entwickelt, um Freizeittaucher f\u00fcr die Verwendung von angereicherter Luft f\u00fcr das Freizeittauchen ohne Dekostopps zu qualifizieren. Das Programm befasst sich mit der Verwendung von angereicherter Luft mit 22 % bis 40 % Sauerstoff, wobei der Schwerpunkt auf angereicherter Luft mit 32 % und 36 % Sauerstoff liegt.<\/p>\n<p>Der <strong>EANx Diver<\/strong> Kurs betont die theoretische und praktische Praxis des Tauchens mit angereicherter Luft. Neben dem theoretischen Unterricht und den schriftlichen Pr\u00fcfungen beinhaltet der <strong>Nitrox<\/strong>-Kurs Schulungen zur Gasanalyse und zur Identifizierung und Markierung von <strong>Nitrox<\/strong>-Flaschen!<\/p>\n<p>Um sich f\u00fcr den <strong>Enriched Air Diver<\/strong> Kurs zu qualifizieren, muss ein Taucher:<\/p>\n<ul>\n<li>Als <strong>Open Water Diver<\/strong> zertifiziert sein oder eine qualifizierende Zertifizierung von einer anderen anerkannten Ausbildungsorganisation haben.<\/li>\n<li>12 Jahre oder \u00e4lter sein.<\/li>\n<\/ul>\n<p>Der <strong>Nitrox<\/strong>-Kurs ist ein theoretischer Kurs, der per <strong>eLearning<\/strong>, von Ihrem Computer oder Mobilger\u00e4t (Smartphone oder Tablet) und sogar vor Ihrer Ankunft in unserer Tauchbasis absolviert werden kann.<\/p>\n<div class=\"bookbutton\"><a href=\"https:\/\/diversclubcrete.bloowatch.com\/booking?categoryId=12067\" target=\"_blank\" rel=\"noopener\">Book Now<\/a><\/div>\n<p><a href=\"https:\/\/www.diversclub-crete.gr\/wp-content\/uploads\/2026\/03\/price-list-2026-diversclub-crete.pdf\">Preisliste<\/a> &#8211; <a href=\"https:\/\/www.diversclub-crete.gr\/de\/taucher-medizincheck-kandidaten-fragebogen\/\">Taucher Medizincheck<\/a>\u00a0\u2013\u00a0<a href=\"https:\/\/www.diversclub-crete.gr\/de\/stornierungsbedingungen\/\">Stornierungsbedingungen<\/a><\/p>\n","protected":false},"excerpt":{"rendered":"<p>Nitrox Tauchen auf Kreta Nitrox, ein Wort, das die meisten Taucher immer noch mit Tech Diving assoziieren, h\u00e4lt Einzug in das Sporttauchen. Seit 2002 sind wir vom Diver&#8217;s Club Crete eines der bahnbrechenden Tauchzentren auf Kreta, das die Entwicklung von Nitrox im Freizeittauchen anf\u00fchrt. Tauchen mit Nitrox erh\u00f6ht Ihre Sicherheit Willkommen zu einem der beliebtesten &#8230; <a title=\"Nitroxtauchen in Kreta\" class=\"read-more\" href=\"https:\/\/www.diversclub-crete.gr\/de\/nitrox-ger\/\" aria-label=\"Read more about Nitroxtauchen in Kreta\">Read more<\/a><\/p>\n","protected":false},"author":2,"featured_media":0,"parent":0,"menu_order":0,"comment_status":"closed","ping_status":"closed","template":"","meta":{"footnotes":""},"class_list":["post-873","page","type-page","status-publish"],"_links":{"self":[{"href":"https:\/\/www.diversclub-crete.gr\/de\/wp-json\/wp\/v2\/pages\/873","targetHints":{"allow":["GET"]}}],"collection":[{"href":"https:\/\/www.diversclub-crete.gr\/de\/wp-json\/wp\/v2\/pages"}],"about":[{"href":"https:\/\/www.diversclub-crete.gr\/de\/wp-json\/wp\/v2\/types\/page"}],"author":[{"embeddable":true,"href":"https:\/\/www.diversclub-crete.gr\/de\/wp-json\/wp\/v2\/users\/2"}],"replies":[{"embeddable":true,"href":"https:\/\/www.diversclub-crete.gr\/de\/wp-json\/wp\/v2\/comments?post=873"}],"version-history":[{"count":3,"href":"https:\/\/www.diversclub-crete.gr\/de\/wp-json\/wp\/v2\/pages\/873\/revisions"}],"predecessor-version":[{"id":7772,"href":"https:\/\/www.diversclub-crete.gr\/de\/wp-json\/wp\/v2\/pages\/873\/revisions\/7772"}],"wp:attachment":[{"href":"https:\/\/www.diversclub-crete.gr\/de\/wp-json\/wp\/v2\/media?parent=873"}],"curies":[{"name":"wp","href":"https:\/\/api.w.org\/{rel}","templated":true}]}}