{"id":853,"date":"2019-02-05T15:56:39","date_gmt":"2019-02-05T15:56:39","guid":{"rendered":"https:\/\/divers.testix.eu\/?page_id=853"},"modified":"2026-03-02T23:25:57","modified_gmt":"2026-03-02T21:25:57","slug":"cert-divers-ger","status":"publish","type":"page","link":"https:\/\/www.diversclub-crete.gr\/de\/cert-divers-ger\/","title":{"rendered":"Ger\u00e4tetauchen f\u00fcr zertifizierte Taucher"},"content":{"rendered":"\n<p>Genie\u00dfen Sie die wundervolle Unterwasserwelt Kretas mit <strong>Diver&#8217;s Club Crete<\/strong>. Es gibt kein gr\u00f6\u00dferes Abenteuer als Tauchen. Ob es Ihr erster Tauchgang ist oder Sie seit zwanzig Jahren tauchen, in der Sch\u00f6nheit der Tiefe liegt immer etwas Neues, Aufregendes und Magisches.<\/p>\n<p>Diver&#8217;s Club Crete bietet zertifizierten Tauchern aller weltweit anerkannten Tauchorganisationen (SSI, PADI, YMCA, NAUI, CMAS, IANTD, etc.) die M\u00f6glichkeit zum Tauchen in Tiefen von 6-40 Metern. Wir haben viele verschiedene <a href=\"https:\/\/www.diversclub-crete.gr\/de\/dive-sites-ger\/\">Tauchpl\u00e4tze<\/a> ausgew\u00e4hlt, die sich durch ihre Sch\u00f6nheit und verschiedene Arten von Meeresb\u00f6den auszeichnen. Alle Tauchpl\u00e4tze befinden sich entlang der Nordk\u00fcste Kretas in einer maximalen Entfernung von 20 Kilometern von Agia Pelagia-Heraklion.<\/p>\n<p>Wir bieten t\u00e4glich 2 Bootstauchg\u00e4nge an verschiedenen Tauchpl\u00e4tzen an.<\/p>\n<p>Ein Tauchgang am Morgen um 9:30 Uhr (Treffpunktzeit) und ein Tauchgang am Nachmittag um 12:30 Uhr (Treffpunktzeit) mit einer Pause zur\u00fcck zur Tauchbasis dazwischen. F\u00fcr den ersten Tauchgang brechen wir um 10:30 Uhr auf und kehren um 12:00 \u2013 12:30 Uhr zur Tauchbasis zur\u00fcck. F\u00fcr den zweiten Tauchgang starten wir um 13:15 \u2013 13:30 Uhr und kehren um 15:00 \u2013 15:30 Uhr zur\u00fcck.<\/p>\n<div style=\"position: relative; aspect-ratio: 9\/16; max-width: 500px; margin-left: auto; margin-right: auto; margin-bottom: 30px;\"><iframe style=\"border: none; position: absolute; top: 0; left: 0; height: 100%; width: 100%;\" title=\"Gumlet video player\" src=\"https:\/\/play.gumlet.io\/embed\/67a1cacec9afcbb7ca6f876f\"><br \/>\n<\/iframe><\/div>\n\n<h4>Viele verschiedene Tauchpl\u00e4tze auf Kreta f\u00fcr zertifizierte Taucher<\/h4>\n<p>Unser professionell ausgebildetes Team f\u00fchrt Sie durch die reiche Vielfalt an Tauchpl\u00e4tzen entlang der Nordk\u00fcste Kretas und ist bestrebt, einen Tauchplatz und ein Ziel auszuw\u00e4hlen, das Ihrer Erfahrung, Ihrem Trainingsbedarf und Ihren Tauchw\u00fcnschen entspricht.<\/p>\n<p>F\u00fcr Taucher, die in den letzten 12 Monaten nicht die Gelegenheit hatten zu tauchen, oder etwas weniger erfahrene Taucher, bieten wir Ihnen einen schnellen Auffrischungskurs vom Strand aus an, der nur 3 Stunden Ihrer Zeit in Anspruch nimmt und Ihnen die M\u00f6glichkeit gibt, sich unseren sehr erfahrenen Tauchern anzuschlie\u00dfen Team f\u00fcr einen fantastischen Tauchgang von einem unserer Tauchboote am Nachmittag.<\/p>\n<p>Das kristallklare Wasser des Kretischen Meeres, die idealen Wassertemperaturen (Mai 20\u00b0C, Juni 22\u00b0C, Juli 24\u00b0C, August 27\u00b0C, September 25\u00b0C) und die hervorragende Sicht (15-30 Meter) machen es aus optimale Tauchbedingungen.<\/p>\n<p>Unsere beiden Boote bringen die Taucher vor der K\u00fcste zu den Tauchpl\u00e4tzen. Die Meeresflora und -fauna, auf die Sie sto\u00dfen werden, besteht aus Seeanemonen, Schw\u00e4mmen, kleinen Korallen, Seesternen, Schwarzfischen, Felsenfischen, Tintenfischen, Mur\u00e4nen, Felsenbarschen, Hummer, Nacktschnecken usw. Dar\u00fcber hinaus k\u00f6nnen Sie stolpern Sie \u00fcber alte, versunkene Anker und Fragmente antiker Amphoren.<\/p>\n<p>Alle Tauchexpeditionen finden unter Anleitung eines Divemasters statt. Spezielle Tauchpakete sind verf\u00fcgbar.<\/p>\n<div class=\"bookbutton\"><a href=\"https:\/\/diversclubcrete.bloowatch.com\/booking?categoryId=11533\" target=\"_blank\" rel=\"noopener\">Book Now<\/a><\/div>\n<p><a href=\"https:\/\/www.diversclub-crete.gr\/wp-content\/uploads\/2026\/03\/price-list-2026-diversclub-crete.pdf\">Preisliste<\/a> &#8211; <a href=\"https:\/\/www.diversclub-crete.gr\/de\/taucher-medizincheck-kandidaten-fragebogen\/\">Taucher Medizincheck<\/a>\u00a0\u2013\u00a0<a href=\"https:\/\/www.diversclub-crete.gr\/de\/stornierungsbedingungen\/\">Stornierungsbedingungen<\/a><\/p>\n","protected":false},"excerpt":{"rendered":"<p>Genie\u00dfen Sie die wundervolle Unterwasserwelt Kretas mit Diver&#8217;s Club Crete. Es gibt kein gr\u00f6\u00dferes Abenteuer als Tauchen. Ob es Ihr erster Tauchgang ist oder Sie seit zwanzig Jahren tauchen, in der Sch\u00f6nheit der Tiefe liegt immer etwas Neues, Aufregendes und Magisches. Diver&#8217;s Club Crete bietet zertifizierten Tauchern aller weltweit anerkannten Tauchorganisationen (SSI, PADI, YMCA, NAUI, &#8230; <a title=\"Ger\u00e4tetauchen f\u00fcr zertifizierte Taucher\" class=\"read-more\" href=\"https:\/\/www.diversclub-crete.gr\/de\/cert-divers-ger\/\" aria-label=\"Read more about Ger\u00e4tetauchen f\u00fcr zertifizierte Taucher\">Read more<\/a><\/p>\n","protected":false},"author":2,"featured_media":0,"parent":0,"menu_order":0,"comment_status":"closed","ping_status":"closed","template":"","meta":{"footnotes":""},"class_list":["post-853","page","type-page","status-publish"],"_links":{"self":[{"href":"https:\/\/www.diversclub-crete.gr\/de\/wp-json\/wp\/v2\/pages\/853","targetHints":{"allow":["GET"]}}],"collection":[{"href":"https:\/\/www.diversclub-crete.gr\/de\/wp-json\/wp\/v2\/pages"}],"about":[{"href":"https:\/\/www.diversclub-crete.gr\/de\/wp-json\/wp\/v2\/types\/page"}],"author":[{"embeddable":true,"href":"https:\/\/www.diversclub-crete.gr\/de\/wp-json\/wp\/v2\/users\/2"}],"replies":[{"embeddable":true,"href":"https:\/\/www.diversclub-crete.gr\/de\/wp-json\/wp\/v2\/comments?post=853"}],"version-history":[{"count":4,"href":"https:\/\/www.diversclub-crete.gr\/de\/wp-json\/wp\/v2\/pages\/853\/revisions"}],"predecessor-version":[{"id":7761,"href":"https:\/\/www.diversclub-crete.gr\/de\/wp-json\/wp\/v2\/pages\/853\/revisions\/7761"}],"wp:attachment":[{"href":"https:\/\/www.diversclub-crete.gr\/de\/wp-json\/wp\/v2\/media?parent=853"}],"curies":[{"name":"wp","href":"https:\/\/api.w.org\/{rel}","templated":true}]}}