{"id":848,"date":"2019-02-05T15:55:27","date_gmt":"2019-02-05T15:55:27","guid":{"rendered":"https:\/\/divers.testix.eu\/?page_id=848"},"modified":"2026-03-02T23:24:11","modified_gmt":"2026-03-02T21:24:11","slug":"non-divers-ger","status":"publish","type":"page","link":"https:\/\/www.diversclub-crete.gr\/de\/non-divers-ger\/","title":{"rendered":"Tauchen f\u00fcr Anf\u00e4nger"},"content":{"rendered":"<h1>Tauchen f\u00fcr Anf\u00e4nger<\/h1>\n<p>F\u00fcr alle, die das tiefblaue Meer anzieht, aber noch nie die Gelegenheit hatten, der Magie der Unterwasserwelt ganz nahe zu kommen, gibt es jetzt die M\u00f6glichkeit, den Nervenkitzel des Sporttauchens, das Abenteuer, die Freiheit und die Ruhe des kretischen Meeres zu entdecken.<\/p>\n\n<p class=\"textinimage\">Try Scuba Diving<\/p>\n\n<h2>Try Scuba Diving<\/h2>\n<ul>\n<li>Das <strong>Try Scuba Diving-Programm<\/strong> dauert etwa anderthalb Stunden, einschlie\u00dflich einer 30-min\u00fctigen Theoriestunde, die von einem unserer Profis geleitet wird. Darauf folgt ein Tauchgang in unserem Pool oder in begrenztem Wasser (flaches Wasser vor unserem Tauchzentrum), bei dem die Taucher einige grundlegende Tauchfertigkeiten \u00fcben. Dann beinhaltet das Programm einen Tauchgang in begrenztem Wasser bis zu einer maximalen Tiefe von 5 Metern f\u00fcr etwa 30 Minuten.<\/li>\n<\/ul>\n<p>Mit dem <strong>Try Scuba Diving-Programm<\/strong> k\u00f6nnen Sie den Nervenkitzel des Tauchens unter der Aufsicht eines SSI-Tauchlehrers unter idealen Bedingungen erleben.<\/p>\n<ul>\n<li>Das Programm \u201e<strong>Try Scuba Kids<\/strong>\u201c f\u00fchrt Kinder im Alter von 8 bis 10 Jahren in das Sporttauchen ein und erm\u00f6glicht ihnen, die Unterwasserwelt kennenzulernen. Es macht Spa\u00df, ist einfach und sicher!<\/li>\n<\/ul>\n<p>Unter genauer Aufsicht eines SSI-Profis schwimmen die Teilnehmer mit Tauchger\u00e4ten in flachem, begrenztem Wasser von maximal 2 m Tiefe umher. Der Tauchgang findet in der Bucht von Agia Pelagia statt, direkt vor unserem Tauchzentrum, und das gesamte Programm dauert etwa eine Stunde.<\/p>\n<p>&nbsp;<\/p>\n<p><!-- \/wp:post-content -->\n\n<!-- wp:html --><\/p>\n<div class=\"attention\">\n<p><strong>Try Scuba Diving<\/strong>: Preis 65\u20ac inklusive Tauchausr\u00fcstungsverleih und DAN-Tauchversicherung<\/p>\n<p><strong>Try Scuba Kids<\/strong>: Preis 65\u20ac inklusive Tauchausr\u00fcstungsverleih und DAN-Tauchversicherung<\/p>\n<div class=\"bookbutton\"><a href=\"https:\/\/diversclubcrete.bloowatch.com\/booking?categoryId=12066\" target=\"_blank\" rel=\"noopener\">Book Now<\/a><\/div>\n<p><a href=\"https:\/\/www.diversclub-crete.gr\/wp-content\/uploads\/2026\/03\/price-list-2026-diversclub-crete.pdf\">Preisliste<\/a> &#8211; <a href=\"https:\/\/www.diversclub-crete.gr\/de\/taucher-medizincheck-kandidaten-fragebogen\/\">Taucher Medizincheck<\/a>\u00a0\u2013\u00a0<a href=\"https:\/\/www.diversclub-crete.gr\/de\/stornierungsbedingungen\/\">Stornierungsbedingungen<\/a><\/p>\n<\/div>\n\n<p class=\"textinimage\">Basic Diver<\/p>\n\n<h2>Basic Diver<\/h2>\n<ul>\n<li>Das <strong>Basic Diver-Programm<\/strong> wird zweimal t\u00e4glich durchgef\u00fchrt, um 09.30 Uhr und dann um 12.45 Uhr, und wird nur drei Stunden Ihrer Zeit in Anspruch nehmen. Es umfasst eine 30-min\u00fctige Unterrichtseinheit in den Grundprinzipien des Tauchens und der Verwendung der erforderlichen Grundausr\u00fcstung.<\/li>\n<\/ul>\n<p>Anschlie\u00dfend folgt ein Tauchgang in unserem Pool oder in begrenztem Freiwasser (flaches Wasser vor unserem Tauchzentrum), bei dem die Taucher einige grundlegende Tauchfertigkeiten \u00fcben. Anschlie\u00dfend umfasst das Programm einen Freiwassertauchgang bis zu einer Tiefe von maximal 10 Metern f\u00fcr etwa 45 Minuten.<\/p>\n<p>Das <strong>Basic Diver-Erlebnis<\/strong> ist eine gro\u00dfartige M\u00f6glichkeit, sich einen Vorsprung bei Ihrer <strong>Scuba Diver<\/strong> oder <strong>Open Water Diver-Zertifizierung<\/strong> zu verschaffen.<\/p>\n<ul>\n<li><strong>Basic Diver plus Boat<\/strong> ist die perfekte Wahl, wenn Sie einen Tag voller Tauchg\u00e4nge genie\u00dfen m\u00f6chten.<\/li>\n<\/ul>\n<p>Dieses Programm ist dasselbe wie das <strong>Basic Diver<\/strong> und bietet Ihnen zus\u00e4tzlich die M\u00f6glichkeit, einen Bootstauchgang an einem unserer wundersch\u00f6nen Riffe in einer maximalen Tiefe von 12 Metern zu machen.<\/p>\n<p>Die h\u00e4ufigsten Tauchpl\u00e4tze, die ein Anf\u00e4nger nach Abschluss des <strong>Basic Diver-Programms<\/strong> besuchen kann, sind <a href=\"https:\/\/www.diversclub-crete.gr\/de\/sites-daedalos-ger\/\">Daedalos<\/a>, <a href=\"https:\/\/www.diversclub-crete.gr\/de\/sites-mononaftis-ger\/\">Mononaftis<\/a> oder <a href=\"https:\/\/www.diversclub-crete.gr\/de\/sites-lygaria\/\">Lygaria<\/a>.<\/p>\n<div class=\"attention\">\n<p><strong>Basic Diver<\/strong>: Preis 85\u20ac inklusive Tauchausr\u00fcstungsverleih und DAN-Tauchversicherung<\/p>\n<p><strong>Basic Diver + Boot<\/strong>: Preis 160\u20ac inklusive Tauchausr\u00fcstungsverleih und DAN-Tauchversicherung<\/p>\n<div class=\"bookbutton\"><a href=\"https:\/\/diversclubcrete.bloowatch.com\/booking?categoryId=12066\" target=\"_blank\" rel=\"noopener\">Book Now<\/a><\/div>\n<p><a href=\"https:\/\/www.diversclub-crete.gr\/wp-content\/uploads\/2026\/03\/price-list-2026-diversclub-crete.pdf\">Preisliste<\/a> &#8211; <a href=\"https:\/\/www.diversclub-crete.gr\/de\/taucher-medizincheck-kandidaten-fragebogen\/\">Taucher Medizincheck<\/a>\u00a0\u2013\u00a0<a href=\"https:\/\/www.diversclub-crete.gr\/de\/stornierungsbedingungen\/\">Stornierungsbedingungen<\/a><\/p>\n<\/div>\n\n","protected":false},"excerpt":{"rendered":"<p>Tauchen f\u00fcr Anf\u00e4nger F\u00fcr alle, die das tiefblaue Meer anzieht, aber noch nie die Gelegenheit hatten, der Magie der Unterwasserwelt ganz nahe zu kommen, gibt es jetzt die M\u00f6glichkeit, den Nervenkitzel des Sporttauchens, das Abenteuer, die Freiheit und die Ruhe des kretischen Meeres zu entdecken. Try Scuba Diving Try Scuba Diving Das Try Scuba Diving-Programm &#8230; <a title=\"Tauchen f\u00fcr Anf\u00e4nger\" class=\"read-more\" href=\"https:\/\/www.diversclub-crete.gr\/de\/non-divers-ger\/\" aria-label=\"Read more about Tauchen f\u00fcr Anf\u00e4nger\">Read more<\/a><\/p>\n","protected":false},"author":2,"featured_media":0,"parent":0,"menu_order":0,"comment_status":"closed","ping_status":"closed","template":"","meta":{"footnotes":""},"class_list":["post-848","page","type-page","status-publish"],"_links":{"self":[{"href":"https:\/\/www.diversclub-crete.gr\/de\/wp-json\/wp\/v2\/pages\/848","targetHints":{"allow":["GET"]}}],"collection":[{"href":"https:\/\/www.diversclub-crete.gr\/de\/wp-json\/wp\/v2\/pages"}],"about":[{"href":"https:\/\/www.diversclub-crete.gr\/de\/wp-json\/wp\/v2\/types\/page"}],"author":[{"embeddable":true,"href":"https:\/\/www.diversclub-crete.gr\/de\/wp-json\/wp\/v2\/users\/2"}],"replies":[{"embeddable":true,"href":"https:\/\/www.diversclub-crete.gr\/de\/wp-json\/wp\/v2\/comments?post=848"}],"version-history":[{"count":4,"href":"https:\/\/www.diversclub-crete.gr\/de\/wp-json\/wp\/v2\/pages\/848\/revisions"}],"predecessor-version":[{"id":7758,"href":"https:\/\/www.diversclub-crete.gr\/de\/wp-json\/wp\/v2\/pages\/848\/revisions\/7758"}],"wp:attachment":[{"href":"https:\/\/www.diversclub-crete.gr\/de\/wp-json\/wp\/v2\/media?parent=848"}],"curies":[{"name":"wp","href":"https:\/\/api.w.org\/{rel}","templated":true}]}}