{"id":842,"date":"2019-04-20T13:10:29","date_gmt":"2019-04-20T10:10:29","guid":{"rendered":"https:\/\/divers.testix.eu\/?page_id=842"},"modified":"2025-12-25T13:12:51","modified_gmt":"2025-12-25T11:12:51","slug":"dive-sites-ger","status":"publish","type":"page","link":"https:\/\/www.diversclub-crete.gr\/de\/dive-sites-ger\/","title":{"rendered":"Tauchpl\u00e4tze in Kreta"},"content":{"rendered":"\n<p>Genie\u00dfen Sie mit DIVER&#8217;S CLUB die wunderbare Unterwasserwelt Kretas. Es gibt kein gr\u00f6\u00dferes Abenteuer als Tauchen. Ob es Ihr erster Tauchgang ist oder Sie schon seit vielen Jahren tauchen, es gibt immer etwas Neues, Aufregendes und Magisches in der Sch\u00f6nheit der Tiefe.<\/p>\n<p>Zusammen mit unserem Team zeigen wir Ihnen die wundersch\u00f6nen Tauchpl\u00e4tze entlang Kretas Nordk\u00fcste, die eine hervorragende Abwechslung f\u00fcr Taucher bieten. W\u00e4hrend One-Dive-Trips oder unseren t\u00e4glichen Bootstouren bringen wir die Taucher vor der K\u00fcste zu vielen verschiedenen Tauchpl\u00e4tzen.<\/p>\n<h3>Unsere Tauchpl\u00e4tze auf Kreta<\/h3>\n<p>W\u00e4hlen Sie einen Tauchplatz aus der Liste unten, um mehr dar\u00fcber zu erfahren:<\/p>\n<div  class=\"lgc-column lgc-grid-parent lgc-grid-50 lgc-tablet-grid-50 lgc-mobile-grid-100 lgc-equal-heights \"><div  class=\"inside-grid-column\">\n<p><a href=\"https:\/\/www.diversclub-crete.gr\/de\/sites-elgrecocave-ger\/\">El Greco H\u00f6hle<\/a><\/p>\n<p><a href=\"https:\/\/www.diversclub-crete.gr\/de\/sites-elgrecoreef-ger\/\">El Greco Riff<\/a><\/p>\n<p><a href=\"https:\/\/www.diversclub-crete.gr\/de\/sites-stavros-ger\/\">Stavros Cape<\/a><\/p>\n<p><a href=\"https:\/\/www.diversclub-crete.gr\/de\/sites-dias-rock\/\">Dia&#8217;s Rock<\/a><\/p>\n<p><a href=\"https:\/\/www.diversclub-crete.gr\/de\/sites-neptunes-rock\/\">Neptune&#8217;s Rock<\/a><\/p>\n<p><a href=\"https:\/\/www.diversclub-crete.gr\/de\/sites-mononaftis-ger\/\">Mononaftis<\/a><\/p>\n<p><\/p><\/div><\/div>\n<p><a href=\"https:\/\/www.diversclub-crete.gr\/de\/sites-lygaria\/\">Lygaria<\/a><\/p>\n<p><a href=\"https:\/\/www.diversclub-crete.gr\/de\/sites-anchor-ger\/\">Big Anchor<\/a><\/p>\n<p><a href=\"https:\/\/www.diversclub-crete.gr\/de\/sites-bluecave\/\">Blue Cave<\/a><\/p>\n<p><a href=\"https:\/\/www.diversclub-crete.gr\/de\/sites-daedalos-ger\/\">Daedalos<\/a><\/p>\n<p><a href=\"https:\/\/www.diversclub-crete.gr\/de\/sites-shipwrecks\/\">Schiffswracks<\/a><\/p>\n<p><a href=\"https:\/\/www.diversclub-crete.gr\/de\/sites-wreck-ger\/\">Messerschmitt Wrack<\/a><\/p>\n<h2>Dienstleistungen und Tauchprogramme<\/h2>\n<ul>\n<li><a href=\"https:\/\/www.diversclub-crete.gr\/de\/non-divers-ger\/\">Tauchen f\u00fcr Anf\u00e4nger<\/a><\/li>\n<li><a href=\"https:\/\/www.diversclub-crete.gr\/de\/cert-divers-ger\/\">Tauchen f\u00fcr zertifizierte Taucher<\/a><\/li>\n<li><a href=\"https:\/\/www.diversclub-crete.gr\/de\/tauchkurse\/\">Tauchkurse<\/a><\/li>\n<\/ul>\n","protected":false},"excerpt":{"rendered":"<p>Genie\u00dfen Sie mit DIVER&#8217;S CLUB die wunderbare Unterwasserwelt Kretas. Es gibt kein gr\u00f6\u00dferes Abenteuer als Tauchen. Ob es Ihr erster Tauchgang ist oder Sie schon seit vielen Jahren tauchen, es gibt immer etwas Neues, Aufregendes und Magisches in der Sch\u00f6nheit der Tiefe. Zusammen mit unserem Team zeigen wir Ihnen die wundersch\u00f6nen Tauchpl\u00e4tze entlang Kretas Nordk\u00fcste, &#8230; <a title=\"Tauchpl\u00e4tze in Kreta\" class=\"read-more\" href=\"https:\/\/www.diversclub-crete.gr\/de\/dive-sites-ger\/\" aria-label=\"Read more about Tauchpl\u00e4tze in Kreta\">Read more<\/a><\/p>\n","protected":false},"author":2,"featured_media":0,"parent":0,"menu_order":0,"comment_status":"closed","ping_status":"closed","template":"","meta":{"footnotes":""},"class_list":["post-842","page","type-page","status-publish"],"_links":{"self":[{"href":"https:\/\/www.diversclub-crete.gr\/de\/wp-json\/wp\/v2\/pages\/842","targetHints":{"allow":["GET"]}}],"collection":[{"href":"https:\/\/www.diversclub-crete.gr\/de\/wp-json\/wp\/v2\/pages"}],"about":[{"href":"https:\/\/www.diversclub-crete.gr\/de\/wp-json\/wp\/v2\/types\/page"}],"author":[{"embeddable":true,"href":"https:\/\/www.diversclub-crete.gr\/de\/wp-json\/wp\/v2\/users\/2"}],"replies":[{"embeddable":true,"href":"https:\/\/www.diversclub-crete.gr\/de\/wp-json\/wp\/v2\/comments?post=842"}],"version-history":[{"count":2,"href":"https:\/\/www.diversclub-crete.gr\/de\/wp-json\/wp\/v2\/pages\/842\/revisions"}],"predecessor-version":[{"id":7720,"href":"https:\/\/www.diversclub-crete.gr\/de\/wp-json\/wp\/v2\/pages\/842\/revisions\/7720"}],"wp:attachment":[{"href":"https:\/\/www.diversclub-crete.gr\/de\/wp-json\/wp\/v2\/media?parent=842"}],"curies":[{"name":"wp","href":"https:\/\/api.w.org\/{rel}","templated":true}]}}