{"id":811,"date":"2019-04-20T11:27:24","date_gmt":"2019-04-20T08:27:24","guid":{"rendered":"https:\/\/divers.testix.eu\/?page_id=811"},"modified":"2025-10-30T11:48:27","modified_gmt":"2025-10-30T09:48:27","slug":"dive-tours-ger","status":"publish","type":"page","link":"https:\/\/www.diversclub-crete.gr\/de\/dive-tours-ger\/","title":{"rendered":"Bootstauchg\u00e4nge in Kreta"},"content":{"rendered":"<p>Mit drei speziell f\u00fcr Tauchtouren ausger\u00fcsteten Booten bringen wir unsere G\u00e4ste bequem und sicher an die Tauchpl\u00e4tze.<\/p>\n\n<p>Genie\u00dfen Sie t\u00e4gliche Tauchtouren auf unserem neuen Kreuzfahrtschiff entlang der Nordk\u00fcste Kretas und zur Insel Dia! Dies ist ein 10 m langes und 3,5 m breites, speziell konstruiertes Tauchboot. Es hat eine Kapazit\u00e4t von 16 Tauchern und ist so konzipiert, dass es modernen Komfort bietet und unseren Tauchern eine sichere und angenehme Reise garantiert.<\/p>\n<p>Angetrieben von einem <strong>IVECO AIFO<\/strong>-Innenbord-Turbodieselmotor f\u00e4hrt das Boot jeden Tag schnell zu verschiedenen Zielen bis zu einer maximalen Entfernung von 20 Meilen (f\u00fcr t\u00e4gliche Touren von 10:00 bis 16:00 Uhr).<\/p>\n<p>Alle Ausfl\u00fcge werden entlang der Nordk\u00fcste Kretas in K\u00fcstenn\u00e4he navigiert, wo wir problemlos an vielen verschiedenen Tauchpl\u00e4tzen ankern und tauchen k\u00f6nnen. Mit diesem Boot besuchen wir auch die Insel Dia w\u00e4hrend eines Tagesausflugs von 10 bis 16 Uhr, wo wir an 2 verschiedenen Tauchpl\u00e4tzen tauchen. Je nach Wetter besteht die M\u00f6glichkeit, in 2 verschiedenen Wracks und vielen verschiedenen Riffen zu tauchen!<\/p>\n<p>Bootstauchtouren beginnen am Ufer, direkt vor der Tauchbasis. Treffpunkt ist um 09:15 Uhr morgens, Abfahrtszeit um ca. 10:00 Uhr mit voraussichtlicher R\u00fcckkehrzeit um ca. 16:00 Uhr<\/p>\n<p>Weitere Informationen zu unseren Programmen f\u00fcr zertifizierte Taucher finden Sie <a href=\"https:\/\/www.diversclub-crete.gr\/de\/cert-divers-ger\/\">hier<\/a> und zu unseren Schnorchelausfl\u00fcgen, die wir <a href=\"https:\/\/www.diversclub-crete.gr\/de\/snorkeling-in-agia-pelagia-crete\/\">hier<\/a> anbieten.<\/p>\n<p class=\"textinimage\">Nereida<\/p>\n<h2>Tauchen Sie komfortabel und stilvoll mit Nereida!<\/h2>\n<div style=\"position: relative; aspect-ratio: 16\/9;\"><iframe style=\"border: none; position: absolute; top: 0; left: 0; height: 100%; width: 100%;\" title=\"Gumlet video player\" src=\"https:\/\/play.gumlet.io\/embed\/67a1c7f2b1df5bb4939c13c2\"><br \/>\n<\/iframe><\/div>\n<p>&nbsp;<\/p>\n<p>Unser neues (2024) 8 Meter langes Hartdeck-Schnellboot Nereida ist bereit, Sie auf unvergessliche Unterwasserreisen mitzunehmen. Nereida wurde von erfahrenen griechischen Bootsbauern gebaut und bietet ein ger\u00e4umiges Design, in dem bis zu 12 Taucher bequem Platz finden. Mit einem leistungsstarken Yamaha-Motor mit 300 PS bringen wir Sie in k\u00fcrzester Zeit zu den spektakul\u00e4rsten Tauchpl\u00e4tzen.<\/p>\n<p>Nereida ist mehr als nur ein Tauchboot; es ist Ihr Tor zur Unterwassererkundung. Von aufregenden Tauchausfl\u00fcgen und umfassenden Tauchkursen bis hin zu entspannenden Schnorchelausfl\u00fcgen sorgt Nereida f\u00fcr ein sicheres, komfortables und angenehmes Erlebnis f\u00fcr alle.<\/p>\n<p>Weitere Informationen zu unseren Programmen f\u00fcr zertifizierte Taucher finden Sie <a href=\"https:\/\/www.diversclub-crete.gr\/de\/cert-divers-ger\/\">hier<\/a> und zu unseren Schnorchelausfl\u00fcgen, die wir <a href=\"https:\/\/www.diversclub-crete.gr\/de\/snorkeling-in-agia-pelagia-crete\/\">hier<\/a> anbieten.<\/p>\n\n<h2>Schnellboot &#8220;Iro&#8221;<\/h2>\n<p>Unser Schnellboot misst 7,5 m L\u00e4nge und ist mit einem brandneuen 4-Takt-Au\u00dfenbordmotor von Mercury mit 150 PS ausgestattet. Das Boot kann bis zu 9 zertifizierte Taucher oder Anf\u00e4nger bef\u00f6rdern und ist auch ideal f\u00fcr die Ausbildung zum <a href=\"https:\/\/www.diversclub-crete.gr\/de\/padi-tauchkurse\/#open-water-diver\">Open Water Diver<\/a>.<\/p>\n<p>Das Schnellboot f\u00e4hrt zweimal t\u00e4glich zu verschiedenen Orten zum Tauchen oder Schnorcheln. Der erste Tauchgang des Tages ist um 10:00 Uhr und der zweite Tauchgang um 13:00 Uhr geplant. Alle Taucher m\u00fcssen 30 Minuten vor Abflug in der Tauchbasis sein, um alle Formalit\u00e4ten vor dem Tauchgang zu erledigen und am Tauchbriefing teilzunehmen.<\/p>\n<p>Weitere Informationen zu unseren Programmen f\u00fcr zertifizierte Taucher finden Sie <a href=\"https:\/\/www.diversclub-crete.gr\/de\/cert-divers-ger\/\">hier<\/a> und zu unseren Schnorchelausfl\u00fcgen, die wir <a href=\"https:\/\/www.diversclub-crete.gr\/de\/snorkeling-in-agia-pelagia-crete\/\">hier<\/a> anbieten.<\/p>\n","protected":false},"excerpt":{"rendered":"<p>Mit drei speziell f\u00fcr Tauchtouren ausger\u00fcsteten Booten bringen wir unsere G\u00e4ste bequem und sicher an die Tauchpl\u00e4tze. Genie\u00dfen Sie t\u00e4gliche Tauchtouren auf unserem neuen Kreuzfahrtschiff entlang der Nordk\u00fcste Kretas und zur Insel Dia! Dies ist ein 10 m langes und 3,5 m breites, speziell konstruiertes Tauchboot. Es hat eine Kapazit\u00e4t von 16 Tauchern und ist &#8230; <a title=\"Bootstauchg\u00e4nge in Kreta\" class=\"read-more\" href=\"https:\/\/www.diversclub-crete.gr\/de\/dive-tours-ger\/\" aria-label=\"Read more about Bootstauchg\u00e4nge in Kreta\">Read more<\/a><\/p>\n","protected":false},"author":2,"featured_media":0,"parent":0,"menu_order":0,"comment_status":"closed","ping_status":"closed","template":"","meta":{"footnotes":""},"class_list":["post-811","page","type-page","status-publish"],"_links":{"self":[{"href":"https:\/\/www.diversclub-crete.gr\/de\/wp-json\/wp\/v2\/pages\/811","targetHints":{"allow":["GET"]}}],"collection":[{"href":"https:\/\/www.diversclub-crete.gr\/de\/wp-json\/wp\/v2\/pages"}],"about":[{"href":"https:\/\/www.diversclub-crete.gr\/de\/wp-json\/wp\/v2\/types\/page"}],"author":[{"embeddable":true,"href":"https:\/\/www.diversclub-crete.gr\/de\/wp-json\/wp\/v2\/users\/2"}],"replies":[{"embeddable":true,"href":"https:\/\/www.diversclub-crete.gr\/de\/wp-json\/wp\/v2\/comments?post=811"}],"version-history":[{"count":1,"href":"https:\/\/www.diversclub-crete.gr\/de\/wp-json\/wp\/v2\/pages\/811\/revisions"}],"predecessor-version":[{"id":7714,"href":"https:\/\/www.diversclub-crete.gr\/de\/wp-json\/wp\/v2\/pages\/811\/revisions\/7714"}],"wp:attachment":[{"href":"https:\/\/www.diversclub-crete.gr\/de\/wp-json\/wp\/v2\/media?parent=811"}],"curies":[{"name":"wp","href":"https:\/\/api.w.org\/{rel}","templated":true}]}}