{"id":7589,"date":"2025-06-25T18:09:23","date_gmt":"2025-06-25T15:09:23","guid":{"rendered":"https:\/\/www.diversclub-crete.gr\/transfers\/"},"modified":"2025-06-25T18:20:56","modified_gmt":"2025-06-25T15:20:56","slug":"transfers","status":"publish","type":"page","link":"https:\/\/www.diversclub-crete.gr\/de\/transfers\/","title":{"rendered":"Transfers"},"content":{"rendered":"<h1>Transferservice<\/h1>\n<p>Wir bieten Ihnen einen kostenlosen Transferservice von\/zu folgenden Orten:<br \/>\nAgia Pelagia, Ammoudara, Analipsi, Anissaras, Fodele, Gouves, Heraklion, Hersonissos, Karteros, Kokkini Hani, Koutouloufari, Lygaria, Made, Malia, Mononaftis, Piskopiano und Stalis.<\/p>\n<p>F\u00fcr G\u00e4ste, die im Dorf Sissi \u00fcbernachten, bieten wir einen Transferservice gegen einen Aufpreis von 15 \u20ac pro Person an.<\/p>\n<p>Der Abholservice startet t\u00e4glich um 8:00 Uhr (je nach Ort), die R\u00fcckfahrt zu Ihrer Unterkunft erfolgt gegen 15:30 Uhr. G\u00e4ste, die in den Orten Agia Pelagia, Made, Mononaftis, Lygaria und Fodele \u00fcbernachten, k\u00f6nnen gegen 13:00 Uhr zu ihrem Hotel\/Abholpunkt zur\u00fcckkehren.<\/p>\n<p>Wir holen Sie von allen wichtigen Hotels sowie von vielen weiteren Abholpunkten in den oben genannten Gebieten ab. Nachdem Sie eine Tauchaktivit\u00e4t bei uns gebucht haben, erhalten Sie eine Best\u00e4tigungs-E-Mail mit Informationen zum Abholort und zur Abholzeit.<\/p>\n<p>Jeder Tauchgang dauert etwa 3 Stunden. Wenn Sie also nur einen Tauchgang gebucht haben, haben Sie freie Zeit, die wundersch\u00f6ne Bucht von Agia Pelagia mit ihrem sch\u00f6nen Sandstrand und kristallklarem Wasser zu genie\u00dfen.<\/p>\n<p>Wir stellen Ihnen kostenlos Schnorchelausr\u00fcstung zur Verf\u00fcgung, damit Sie die Sch\u00f6nheit unserer Bucht auf eigene Faust erkunden k\u00f6nnen.<br \/>\nSie haben au\u00dferdem die M\u00f6glichkeit, einen Snack, ein Getr\u00e4nk oder sogar eine Mahlzeit in einem der gem\u00fctlichen Caf\u00e9-Restaurants mit herrlichem Meerblick zu genie\u00dfen oder einfach am Strand zu entspannen und Sonne und Meer zu genie\u00dfen!<\/p>\n","protected":false},"excerpt":{"rendered":"<p>Transferservice Wir bieten Ihnen einen kostenlosen Transferservice von\/zu folgenden Orten: Agia Pelagia, Ammoudara, Analipsi, Anissaras, Fodele, Gouves, Heraklion, Hersonissos, Karteros, Kokkini Hani, Koutouloufari, Lygaria, Made, Malia, Mononaftis, Piskopiano und Stalis. F\u00fcr G\u00e4ste, die im Dorf Sissi \u00fcbernachten, bieten wir einen Transferservice gegen einen Aufpreis von 15 \u20ac pro Person an. Der Abholservice startet t\u00e4glich um &#8230; <a title=\"Transfers\" class=\"read-more\" href=\"https:\/\/www.diversclub-crete.gr\/de\/transfers\/\" aria-label=\"Read more about Transfers\">Read more<\/a><\/p>\n","protected":false},"author":2,"featured_media":0,"parent":0,"menu_order":0,"comment_status":"closed","ping_status":"closed","template":"","meta":{"footnotes":""},"class_list":["post-7589","page","type-page","status-publish"],"_links":{"self":[{"href":"https:\/\/www.diversclub-crete.gr\/de\/wp-json\/wp\/v2\/pages\/7589","targetHints":{"allow":["GET"]}}],"collection":[{"href":"https:\/\/www.diversclub-crete.gr\/de\/wp-json\/wp\/v2\/pages"}],"about":[{"href":"https:\/\/www.diversclub-crete.gr\/de\/wp-json\/wp\/v2\/types\/page"}],"author":[{"embeddable":true,"href":"https:\/\/www.diversclub-crete.gr\/de\/wp-json\/wp\/v2\/users\/2"}],"replies":[{"embeddable":true,"href":"https:\/\/www.diversclub-crete.gr\/de\/wp-json\/wp\/v2\/comments?post=7589"}],"version-history":[{"count":3,"href":"https:\/\/www.diversclub-crete.gr\/de\/wp-json\/wp\/v2\/pages\/7589\/revisions"}],"predecessor-version":[{"id":7601,"href":"https:\/\/www.diversclub-crete.gr\/de\/wp-json\/wp\/v2\/pages\/7589\/revisions\/7601"}],"wp:attachment":[{"href":"https:\/\/www.diversclub-crete.gr\/de\/wp-json\/wp\/v2\/media?parent=7589"}],"curies":[{"name":"wp","href":"https:\/\/api.w.org\/{rel}","templated":true}]}}