{"id":6013,"date":"2019-02-05T12:29:03","date_gmt":"2019-02-05T12:29:03","guid":{"rendered":"https:\/\/www.diversclub-crete.gr\/agia-pelagia-diving-center\/"},"modified":"2025-10-30T11:18:04","modified_gmt":"2025-10-30T09:18:04","slug":"agia-pelagia-tauchen-de","status":"publish","type":"page","link":"https:\/\/www.diversclub-crete.gr\/de\/agia-pelagia-tauchen-de\/","title":{"rendered":"Agia Pelagia Tauchzentrum"},"content":{"rendered":"<h1 class=\"entry-title\">Agia Pelagia Tauchzentrum<\/h1>\n<p>Seit 1995 befindet sich der DIVER\u2019S CLUB CRETE 20 km westlich von der Stadt Heraklion im Dorf Agia Pelagia, einem der sch\u00f6nsten Orte zum Tauchen auf Kreta.<\/p>\n<p>Im April 2007 sind wir in unsere neue Tauchbasis umgezogen, die mitten am Hauptstrand von Agia Pelagia liegt, nur 5 Meter vom Meer entfernt. Die Tauchbasis hat einen einfachen Zugang und der \u00f6ffentliche Parkplatz ist nur 100 Meter entfernt.<\/p>\n<p>\u00a0<\/p>\n<div style=\"position:relative;aspect-ratio:16\/9;\">\n      <iframe \n            loading=\"lazy\" title=\"Gumlet video player\"\n            src=\"https:\/\/play.gumlet.io\/embed\/67e12bfdd03bc5330d21516f?preload=false&#038;autoplay=false&#038;loop=true&#038;background=false&#038;disable_player_controls=false\"\n            style=\"border:none; position: absolute; top: 0; left: 0; height: 100%; width: 100%;\"\n          allow=\"accelerometer; gyroscope; autoplay; encrypted-media; picture-in-picture; fullscreen;\"><br \/>\n      <\/iframe>\n<\/div>\n<p>\u00a0<\/p>\n<p>Unser Tauchzentrum Agia Pelagia ist von April bis Ende Oktober oder Anfang November ge\u00f6ffnet. Taucher werden von einem unserer beiden Tauchboote zu den Tauchpl\u00e4tzen gebracht.<\/p>\n<p>Das \u201eHausriff\u201c wird zum Tauchen f\u00fcr Anf\u00e4nger (Nichttaucher), unerfahrene Taucher, Tauchausbildung, Fortgeschrittenentauchkurse und Nachttauchg\u00e4nge angeboten.<\/p>\n<p>* unsere Tauchpl\u00e4tze: <a href=\"https:\/\/www.diversclub-crete.gr\/de\/sites-elgrecocave-ger\/\">El Greco H\u00f6hle<\/a> \u2013 <a href=\"https:\/\/www.diversclub-crete.gr\/de\/sites-elgrecoreef-ger\/\">El Greco Riff<\/a> \u2013 <a href=\"https:\/\/www.diversclub-crete.gr\/de\/sites-stavros-ger\/\">Stavros Cape<\/a> \u2013 <a href=\"https:\/\/www.diversclub-crete.gr\/de\/sites-dias-rock\/\">Dia\u2019s Rock<\/a> \u2013 <a href=\"https:\/\/www.diversclub-crete.gr\/de\/sites-neptunes-rock\/\">Neptune\u2019s Rock<\/a> \u2013 <a href=\"https:\/\/www.diversclub-crete.gr\/de\/sites-mononaftis-ger\/\">Mononaftis<\/a> \u2013 <a href=\"https:\/\/www.diversclub-crete.gr\/de\/sites-lygaria\/\">Lygaria<\/a> \u2013 <a href=\"https:\/\/www.diversclub-crete.gr\/de\/sites-anchor-ger\/\">Big Anchor<\/a> \u2013 <a href=\"https:\/\/www.diversclub-crete.gr\/de\/sites-bluecave\/\">Blue Cave<\/a> \u2013 <a href=\"https:\/\/www.diversclub-crete.gr\/de\/sites-daedalos-ger\/\">Daedalos<\/a> \u2013 <a href=\"https:\/\/www.diversclub-crete.gr\/de\/sites-shipwrecks\/\">Schiffswracks<\/a> \u2013 <a href=\"https:\/\/www.diversclub-crete.gr\/de\/sites-wreck-ger\/\">Messerschmitt Wrack<\/a><\/p>\n<p>Agia Pelagia hat einen sch\u00f6nen, gut organisierten Strand und eine gro\u00dfe Auswahl an Caf\u00e9s, Restaurants, Tavernen und Bars. Es gibt auch ein paar kleinere Str\u00e4nde in der N\u00e4he und viele Annehmlichkeiten im Dorf Agia Pelagia selbst.<\/p>\n<p>Ausfl\u00fcge zu Sehensw\u00fcrdigkeiten rund um die Insel Kreta k\u00f6nnen bei einem der \u00f6rtlichen Reiseb\u00fcros gebucht werden. Dazu geh\u00f6ren Besuche in historischen Museen und arch\u00e4ologischen St\u00e4tten sowie in anderen St\u00e4dten.<\/p>\n<p>TRANSFERSERVICE: Zwischen den D\u00f6rfern Malia und Fodele bieten wir kostenlose Transfers zum\/vom Tauchzentrum an. Taucher werden morgens abgeholt und sind je nach Unterkunft zwischen 16:30 und 17:30 Uhr zur\u00fcck im Hotel.<\/p>\n<h3>Entfernungen von unserer Tauchbasis in Agia Pelagia<\/h3>\n<div  class=\"lgc-column lgc-grid-parent lgc-grid-25 lgc-tablet-grid-30 lgc-mobile-grid-100 lgc-equal-heights \"><div  class=\"inside-grid-column\">\n<p><strong>Westlich von Agia Pelagia:<\/strong><\/p>\n<p>Fodele: 7 km<br \/>\nBali: 20 km<br \/>\nPanormo: 30 km<br \/>\nRethymno: 55 km<br \/>\nChania: 110 km<\/p>\n<p><\/p><\/div><\/div>\n<div  class=\"lgc-column lgc-grid-parent lgc-grid-50 lgc-tablet-grid-40 lgc-mobile-grid-100 lgc-equal-heights \"><div  class=\"inside-grid-column\">\n<p><img decoding=\"async\" class=\"aligncenter size-full wp-image-89\" src=\"https:\/\/www.diversclub-crete.gr\/wp-content\/uploads\/2019\/01\/map-transfer.gif\" alt=\"crete transfer map\" width=\"420\" height=\"358\" \/><\/p>\n<p><\/p><\/div><\/div>\n<div  class=\"lgc-column lgc-grid-parent lgc-grid-25 lgc-tablet-grid-30 lgc-mobile-grid-100 lgc-equal-heights \"><div  class=\"inside-grid-column\">\n<p><strong>\u00d6stlich von Agia Pelagia:<\/strong><\/p>\n<p>Heraklion Airport: 25 km<br \/>\nHeraklion: 23 km<br \/>\nKnossos: 25 km<br \/>\nAmoudara: 12 km<br \/>\nKokini Hani: 30 km<br \/>\nGouves: 36 km<br \/>\nHersonissos: 48 km<br \/>\nMalia: 53 km<br \/>\nSissi: 55 km<br \/>\nAgios Nikolaos: 80km<\/p>\n<p><\/p><\/div><\/div><div class=\"lgc-clear\"><\/div>\n<h4>Lage des Agia Pelagia Tauchzentrums<\/h4>\n<p><iframe style=\"border: 0;\" src=\"https:\/\/www.google.com\/maps\/embed?pb=!1m14!1m8!1m3!1d540.9313569106546!2d25.018194!3d35.406748!3m2!1i1024!2i768!4f13.1!3m3!1m2!1s0x149a51996ae90c85%3A0x6241d136e5555e38!2sDivers+Club+Crete!5e1!3m2!1sen!2sgr!4v1552039755850\" width=\"100%\" height=\"450\" frameborder=\"0\" allowfullscreen=\"allowfullscreen\" data-mce-fragment=\"1\"><\/iframe><\/p>\n<h3>Bilder von unserer Tauchbasis in Agia Pelagia<\/h3>\n<div id='gallery-1' class='gallery galleryid-6013 gallery-columns-3 gallery-size-medium'><figure class='gallery-item'>\n\t\t\t<div class='gallery-icon landscape'>\n\t\t\t\t<a href='https:\/\/www.diversclub-crete.gr\/wp-content\/uploads\/2025\/10\/1761380858102-diversclub-crete-scaled.jpg'><img decoding=\"async\" width=\"500\" height=\"247\" src=\"https:\/\/www.diversclub-crete.gr\/wp-content\/uploads\/2025\/10\/1761380858102-diversclub-crete-500x247.jpg\" class=\"attachment-medium size-medium\" alt=\"\" srcset=\"https:\/\/www.diversclub-crete.gr\/wp-content\/uploads\/2025\/10\/1761380858102-diversclub-crete-500x247.jpg 500w, https:\/\/www.diversclub-crete.gr\/wp-content\/uploads\/2025\/10\/1761380858102-diversclub-crete-1000x494.jpg 1000w, https:\/\/www.diversclub-crete.gr\/wp-content\/uploads\/2025\/10\/1761380858102-diversclub-crete-768x380.jpg 768w, https:\/\/www.diversclub-crete.gr\/wp-content\/uploads\/2025\/10\/1761380858102-diversclub-crete-1536x760.jpg 1536w, https:\/\/www.diversclub-crete.gr\/wp-content\/uploads\/2025\/10\/1761380858102-diversclub-crete-2048x1013.jpg 2048w\" sizes=\"(max-width: 500px) 100vw, 500px\" \/><\/a>\n\t\t\t<\/div><\/figure><figure class='gallery-item'>\n\t\t\t<div class='gallery-icon landscape'>\n\t\t\t\t<a href='https:\/\/www.diversclub-crete.gr\/wp-content\/uploads\/2023\/01\/img-20220923-103651-diversclub-crete.jpg'><img decoding=\"async\" width=\"446\" height=\"334\" src=\"https:\/\/www.diversclub-crete.gr\/wp-content\/uploads\/2023\/01\/img-20220923-103651-diversclub-crete-446x334.jpg\" class=\"attachment-medium size-medium\" alt=\"\" srcset=\"https:\/\/www.diversclub-crete.gr\/wp-content\/uploads\/2023\/01\/img-20220923-103651-diversclub-crete-446x334.jpg 446w, https:\/\/www.diversclub-crete.gr\/wp-content\/uploads\/2023\/01\/img-20220923-103651-diversclub-crete-893x668.jpg 893w, https:\/\/www.diversclub-crete.gr\/wp-content\/uploads\/2023\/01\/img-20220923-103651-diversclub-crete-768x575.jpg 768w, https:\/\/www.diversclub-crete.gr\/wp-content\/uploads\/2023\/01\/img-20220923-103651-diversclub-crete.jpg 1280w\" sizes=\"(max-width: 446px) 100vw, 446px\" \/><\/a>\n\t\t\t<\/div><\/figure><figure class='gallery-item'>\n\t\t\t<div class='gallery-icon landscape'>\n\t\t\t\t<a href='https:\/\/www.diversclub-crete.gr\/wp-content\/uploads\/2023\/01\/img-20220923-103613-diversclub-crete.jpg'><img decoding=\"async\" width=\"334\" height=\"334\" src=\"https:\/\/www.diversclub-crete.gr\/wp-content\/uploads\/2023\/01\/img-20220923-103613-diversclub-crete-334x334.jpg\" class=\"attachment-medium size-medium\" alt=\"\" srcset=\"https:\/\/www.diversclub-crete.gr\/wp-content\/uploads\/2023\/01\/img-20220923-103613-diversclub-crete-334x334.jpg 334w, https:\/\/www.diversclub-crete.gr\/wp-content\/uploads\/2023\/01\/img-20220923-103613-diversclub-crete-668x668.jpg 668w, https:\/\/www.diversclub-crete.gr\/wp-content\/uploads\/2023\/01\/img-20220923-103613-diversclub-crete-150x150.jpg 150w, https:\/\/www.diversclub-crete.gr\/wp-content\/uploads\/2023\/01\/img-20220923-103613-diversclub-crete-768x768.jpg 768w, https:\/\/www.diversclub-crete.gr\/wp-content\/uploads\/2023\/01\/img-20220923-103613-diversclub-crete.jpg 900w\" sizes=\"(max-width: 334px) 100vw, 334px\" \/><\/a>\n\t\t\t<\/div><\/figure><figure class='gallery-item'>\n\t\t\t<div class='gallery-icon landscape'>\n\t\t\t\t<a href='https:\/\/www.diversclub-crete.gr\/wp-content\/uploads\/2021\/02\/agia-pelagia-diving-center-04.jpg'><img decoding=\"async\" width=\"445\" height=\"334\" src=\"https:\/\/www.diversclub-crete.gr\/wp-content\/uploads\/2021\/02\/agia-pelagia-diving-center-04-445x334.jpg\" class=\"attachment-medium size-medium\" alt=\"diving center in agia pelagia crete\" srcset=\"https:\/\/www.diversclub-crete.gr\/wp-content\/uploads\/2021\/02\/agia-pelagia-diving-center-04-445x334.jpg 445w, https:\/\/www.diversclub-crete.gr\/wp-content\/uploads\/2021\/02\/agia-pelagia-diving-center-04-891x668.jpg 891w, https:\/\/www.diversclub-crete.gr\/wp-content\/uploads\/2021\/02\/agia-pelagia-diving-center-04-768x576.jpg 768w, https:\/\/www.diversclub-crete.gr\/wp-content\/uploads\/2021\/02\/agia-pelagia-diving-center-04.jpg 1200w\" sizes=\"(max-width: 445px) 100vw, 445px\" \/><\/a>\n\t\t\t<\/div><\/figure><figure class='gallery-item'>\n\t\t\t<div class='gallery-icon landscape'>\n\t\t\t\t<a href='https:\/\/www.diversclub-crete.gr\/wp-content\/uploads\/2025\/10\/1761380858091-diversclub-crete-scaled.jpg'><img decoding=\"async\" width=\"500\" height=\"165\" src=\"https:\/\/www.diversclub-crete.gr\/wp-content\/uploads\/2025\/10\/1761380858091-diversclub-crete-500x165.jpg\" class=\"attachment-medium size-medium\" alt=\"\" srcset=\"https:\/\/www.diversclub-crete.gr\/wp-content\/uploads\/2025\/10\/1761380858091-diversclub-crete-500x165.jpg 500w, https:\/\/www.diversclub-crete.gr\/wp-content\/uploads\/2025\/10\/1761380858091-diversclub-crete-1000x331.jpg 1000w, https:\/\/www.diversclub-crete.gr\/wp-content\/uploads\/2025\/10\/1761380858091-diversclub-crete-768x254.jpg 768w, https:\/\/www.diversclub-crete.gr\/wp-content\/uploads\/2025\/10\/1761380858091-diversclub-crete-1536x508.jpg 1536w, https:\/\/www.diversclub-crete.gr\/wp-content\/uploads\/2025\/10\/1761380858091-diversclub-crete-2048x678.jpg 2048w\" sizes=\"(max-width: 500px) 100vw, 500px\" \/><\/a>\n\t\t\t<\/div><\/figure><figure class='gallery-item'>\n\t\t\t<div class='gallery-icon landscape'>\n\t\t\t\t<a href='https:\/\/www.diversclub-crete.gr\/wp-content\/uploads\/2023\/01\/img-20220923-103859-diversclub-crete.jpg'><img decoding=\"async\" width=\"446\" height=\"334\" src=\"https:\/\/www.diversclub-crete.gr\/wp-content\/uploads\/2023\/01\/img-20220923-103859-diversclub-crete-446x334.jpg\" class=\"attachment-medium size-medium\" alt=\"\" srcset=\"https:\/\/www.diversclub-crete.gr\/wp-content\/uploads\/2023\/01\/img-20220923-103859-diversclub-crete-446x334.jpg 446w, https:\/\/www.diversclub-crete.gr\/wp-content\/uploads\/2023\/01\/img-20220923-103859-diversclub-crete-893x668.jpg 893w, https:\/\/www.diversclub-crete.gr\/wp-content\/uploads\/2023\/01\/img-20220923-103859-diversclub-crete-768x575.jpg 768w, https:\/\/www.diversclub-crete.gr\/wp-content\/uploads\/2023\/01\/img-20220923-103859-diversclub-crete.jpg 1280w\" sizes=\"(max-width: 446px) 100vw, 446px\" \/><\/a>\n\t\t\t<\/div><\/figure><figure class='gallery-item'>\n\t\t\t<div class='gallery-icon landscape'>\n\t\t\t\t<a href='https:\/\/www.diversclub-crete.gr\/wp-content\/uploads\/2023\/01\/img-20220923-103955-diversclub-crete.jpg'><img decoding=\"async\" width=\"446\" height=\"334\" src=\"https:\/\/www.diversclub-crete.gr\/wp-content\/uploads\/2023\/01\/img-20220923-103955-diversclub-crete-446x334.jpg\" class=\"attachment-medium size-medium\" alt=\"\" srcset=\"https:\/\/www.diversclub-crete.gr\/wp-content\/uploads\/2023\/01\/img-20220923-103955-diversclub-crete-446x334.jpg 446w, https:\/\/www.diversclub-crete.gr\/wp-content\/uploads\/2023\/01\/img-20220923-103955-diversclub-crete-893x668.jpg 893w, https:\/\/www.diversclub-crete.gr\/wp-content\/uploads\/2023\/01\/img-20220923-103955-diversclub-crete-768x575.jpg 768w, https:\/\/www.diversclub-crete.gr\/wp-content\/uploads\/2023\/01\/img-20220923-103955-diversclub-crete.jpg 1280w\" sizes=\"(max-width: 446px) 100vw, 446px\" \/><\/a>\n\t\t\t<\/div><\/figure><figure class='gallery-item'>\n\t\t\t<div class='gallery-icon landscape'>\n\t\t\t\t<a href='https:\/\/www.diversclub-crete.gr\/wp-content\/uploads\/2023\/01\/img-20220923-104139-diversclub-crete.jpg'><img decoding=\"async\" width=\"446\" height=\"334\" src=\"https:\/\/www.diversclub-crete.gr\/wp-content\/uploads\/2023\/01\/img-20220923-104139-diversclub-crete-446x334.jpg\" class=\"attachment-medium size-medium\" alt=\"\" srcset=\"https:\/\/www.diversclub-crete.gr\/wp-content\/uploads\/2023\/01\/img-20220923-104139-diversclub-crete-446x334.jpg 446w, https:\/\/www.diversclub-crete.gr\/wp-content\/uploads\/2023\/01\/img-20220923-104139-diversclub-crete-893x668.jpg 893w, https:\/\/www.diversclub-crete.gr\/wp-content\/uploads\/2023\/01\/img-20220923-104139-diversclub-crete-768x575.jpg 768w, https:\/\/www.diversclub-crete.gr\/wp-content\/uploads\/2023\/01\/img-20220923-104139-diversclub-crete.jpg 1280w\" sizes=\"(max-width: 446px) 100vw, 446px\" \/><\/a>\n\t\t\t<\/div><\/figure><figure class='gallery-item'>\n\t\t\t<div class='gallery-icon landscape'>\n\t\t\t\t<a href='https:\/\/www.diversclub-crete.gr\/wp-content\/uploads\/2023\/01\/img-20220923-104201-diversclub-crete.jpg'><img decoding=\"async\" width=\"446\" height=\"334\" src=\"https:\/\/www.diversclub-crete.gr\/wp-content\/uploads\/2023\/01\/img-20220923-104201-diversclub-crete-446x334.jpg\" class=\"attachment-medium size-medium\" alt=\"\" srcset=\"https:\/\/www.diversclub-crete.gr\/wp-content\/uploads\/2023\/01\/img-20220923-104201-diversclub-crete-446x334.jpg 446w, https:\/\/www.diversclub-crete.gr\/wp-content\/uploads\/2023\/01\/img-20220923-104201-diversclub-crete-893x668.jpg 893w, https:\/\/www.diversclub-crete.gr\/wp-content\/uploads\/2023\/01\/img-20220923-104201-diversclub-crete-768x575.jpg 768w, https:\/\/www.diversclub-crete.gr\/wp-content\/uploads\/2023\/01\/img-20220923-104201-diversclub-crete.jpg 1280w\" sizes=\"(max-width: 446px) 100vw, 446px\" \/><\/a>\n\t\t\t<\/div><\/figure><figure class='gallery-item'>\n\t\t\t<div class='gallery-icon landscape'>\n\t\t\t\t<a href='https:\/\/www.diversclub-crete.gr\/wp-content\/uploads\/2023\/01\/img-20220923-104224-diversclub-crete.jpg'><img decoding=\"async\" width=\"446\" height=\"334\" src=\"https:\/\/www.diversclub-crete.gr\/wp-content\/uploads\/2023\/01\/img-20220923-104224-diversclub-crete-446x334.jpg\" class=\"attachment-medium size-medium\" alt=\"\" srcset=\"https:\/\/www.diversclub-crete.gr\/wp-content\/uploads\/2023\/01\/img-20220923-104224-diversclub-crete-446x334.jpg 446w, https:\/\/www.diversclub-crete.gr\/wp-content\/uploads\/2023\/01\/img-20220923-104224-diversclub-crete-893x668.jpg 893w, https:\/\/www.diversclub-crete.gr\/wp-content\/uploads\/2023\/01\/img-20220923-104224-diversclub-crete-768x575.jpg 768w, https:\/\/www.diversclub-crete.gr\/wp-content\/uploads\/2023\/01\/img-20220923-104224-diversclub-crete.jpg 1280w\" sizes=\"(max-width: 446px) 100vw, 446px\" \/><\/a>\n\t\t\t<\/div><\/figure><figure class='gallery-item'>\n\t\t\t<div class='gallery-icon landscape'>\n\t\t\t\t<a href='https:\/\/www.diversclub-crete.gr\/wp-content\/uploads\/2023\/01\/img-20220923-104316-diversclub-crete.jpg'><img decoding=\"async\" width=\"446\" height=\"334\" src=\"https:\/\/www.diversclub-crete.gr\/wp-content\/uploads\/2023\/01\/img-20220923-104316-diversclub-crete-446x334.jpg\" class=\"attachment-medium size-medium\" alt=\"\" srcset=\"https:\/\/www.diversclub-crete.gr\/wp-content\/uploads\/2023\/01\/img-20220923-104316-diversclub-crete-446x334.jpg 446w, https:\/\/www.diversclub-crete.gr\/wp-content\/uploads\/2023\/01\/img-20220923-104316-diversclub-crete-893x668.jpg 893w, https:\/\/www.diversclub-crete.gr\/wp-content\/uploads\/2023\/01\/img-20220923-104316-diversclub-crete-768x575.jpg 768w, https:\/\/www.diversclub-crete.gr\/wp-content\/uploads\/2023\/01\/img-20220923-104316-diversclub-crete.jpg 1280w\" sizes=\"(max-width: 446px) 100vw, 446px\" \/><\/a>\n\t\t\t<\/div><\/figure><figure class='gallery-item'>\n\t\t\t<div class='gallery-icon landscape'>\n\t\t\t\t<a href='https:\/\/www.diversclub-crete.gr\/wp-content\/uploads\/2023\/01\/img-20220923-104426-diversclub-crete.jpg'><img decoding=\"async\" width=\"446\" height=\"334\" src=\"https:\/\/www.diversclub-crete.gr\/wp-content\/uploads\/2023\/01\/img-20220923-104426-diversclub-crete-446x334.jpg\" class=\"attachment-medium size-medium\" alt=\"\" srcset=\"https:\/\/www.diversclub-crete.gr\/wp-content\/uploads\/2023\/01\/img-20220923-104426-diversclub-crete-446x334.jpg 446w, https:\/\/www.diversclub-crete.gr\/wp-content\/uploads\/2023\/01\/img-20220923-104426-diversclub-crete-893x668.jpg 893w, https:\/\/www.diversclub-crete.gr\/wp-content\/uploads\/2023\/01\/img-20220923-104426-diversclub-crete-768x575.jpg 768w, https:\/\/www.diversclub-crete.gr\/wp-content\/uploads\/2023\/01\/img-20220923-104426-diversclub-crete.jpg 1280w\" sizes=\"(max-width: 446px) 100vw, 446px\" \/><\/a>\n\t\t\t<\/div><\/figure><figure class='gallery-item'>\n\t\t\t<div class='gallery-icon landscape'>\n\t\t\t\t<a href='https:\/\/www.diversclub-crete.gr\/wp-content\/uploads\/2021\/02\/dive-boats-01-750X1000.jpg'><img decoding=\"async\" width=\"445\" height=\"334\" src=\"https:\/\/www.diversclub-crete.gr\/wp-content\/uploads\/2021\/02\/dive-boats-01-750X1000-445x334.jpg\" class=\"attachment-medium size-medium\" alt=\"divers on our speed boat\" srcset=\"https:\/\/www.diversclub-crete.gr\/wp-content\/uploads\/2021\/02\/dive-boats-01-750X1000-445x334.jpg 445w, https:\/\/www.diversclub-crete.gr\/wp-content\/uploads\/2021\/02\/dive-boats-01-750X1000-891x668.jpg 891w, https:\/\/www.diversclub-crete.gr\/wp-content\/uploads\/2021\/02\/dive-boats-01-750X1000-768x576.jpg 768w, https:\/\/www.diversclub-crete.gr\/wp-content\/uploads\/2021\/02\/dive-boats-01-750X1000.jpg 1200w\" sizes=\"(max-width: 445px) 100vw, 445px\" \/><\/a>\n\t\t\t<\/div><\/figure>\n\t\t<\/div>\n\n","protected":false},"excerpt":{"rendered":"<p>Agia Pelagia Tauchzentrum Seit 1995 befindet sich der DIVER\u2019S CLUB CRETE 20 km westlich von der Stadt Heraklion im Dorf Agia Pelagia, einem der sch\u00f6nsten Orte zum Tauchen auf Kreta. Im April 2007 sind wir in unsere neue Tauchbasis umgezogen, die mitten am Hauptstrand von Agia Pelagia liegt, nur 5 Meter vom Meer entfernt. Die &#8230; <a title=\"Agia Pelagia Tauchzentrum\" class=\"read-more\" href=\"https:\/\/www.diversclub-crete.gr\/de\/agia-pelagia-tauchen-de\/\" aria-label=\"Read more about Agia Pelagia Tauchzentrum\">Read more<\/a><\/p>\n","protected":false},"author":1,"featured_media":0,"parent":0,"menu_order":0,"comment_status":"closed","ping_status":"closed","template":"","meta":{"footnotes":""},"class_list":["post-6013","page","type-page","status-publish"],"_links":{"self":[{"href":"https:\/\/www.diversclub-crete.gr\/de\/wp-json\/wp\/v2\/pages\/6013","targetHints":{"allow":["GET"]}}],"collection":[{"href":"https:\/\/www.diversclub-crete.gr\/de\/wp-json\/wp\/v2\/pages"}],"about":[{"href":"https:\/\/www.diversclub-crete.gr\/de\/wp-json\/wp\/v2\/types\/page"}],"author":[{"embeddable":true,"href":"https:\/\/www.diversclub-crete.gr\/de\/wp-json\/wp\/v2\/users\/1"}],"replies":[{"embeddable":true,"href":"https:\/\/www.diversclub-crete.gr\/de\/wp-json\/wp\/v2\/comments?post=6013"}],"version-history":[{"count":2,"href":"https:\/\/www.diversclub-crete.gr\/de\/wp-json\/wp\/v2\/pages\/6013\/revisions"}],"predecessor-version":[{"id":7677,"href":"https:\/\/www.diversclub-crete.gr\/de\/wp-json\/wp\/v2\/pages\/6013\/revisions\/7677"}],"wp:attachment":[{"href":"https:\/\/www.diversclub-crete.gr\/de\/wp-json\/wp\/v2\/media?parent=6013"}],"curies":[{"name":"wp","href":"https:\/\/api.w.org\/{rel}","templated":true}]}}