{"id":1858,"date":"2021-02-12T17:30:57","date_gmt":"2021-02-12T15:30:57","guid":{"rendered":"https:\/\/divers.testix.eu\/anfrage-fuer-anfaengerprogramm-gesendet\/"},"modified":"2021-02-12T17:40:59","modified_gmt":"2021-02-12T15:40:59","slug":"anfrage-fuer-anfaengerprogramm-gesendet","status":"publish","type":"page","link":"https:\/\/www.diversclub-crete.gr\/de\/anfrage-fuer-anfaengerprogramm-gesendet\/","title":{"rendered":"Anfrage f\u00fcr Anf\u00e4ngerprogramm gesendet"},"content":{"rendered":"<div style=\"font-size: 20px;\">\n<p>Vielen Dank f\u00fcr Ihre Buchungsanfrage!<\/p>\n<p>Wir antworten normalerweise innerhalb von 24 Stunden.<\/p>\n<p><strong>Wenn Sie nach 48 Stunden nichts von uns h\u00f6ren, \u00fcberpr\u00fcfen Sie bitte Ihren Spam-Ordner auf eine Nachricht von @diversclub-crete.gr, oder kontaktieren Sie uns noch einmal.<\/strong><\/p>\n<\/div>\n","protected":false},"excerpt":{"rendered":"<p>Vielen Dank f\u00fcr Ihre Buchungsanfrage! Wir antworten normalerweise innerhalb von 24 Stunden. Wenn Sie nach 48 Stunden nichts von uns h\u00f6ren, \u00fcberpr\u00fcfen Sie bitte Ihren Spam-Ordner auf eine Nachricht von @diversclub-crete.gr, oder kontaktieren Sie uns noch einmal.<\/p>\n","protected":false},"author":1,"featured_media":0,"parent":0,"menu_order":0,"comment_status":"closed","ping_status":"closed","template":"","meta":{"footnotes":""},"class_list":["post-1858","page","type-page","status-publish"],"_links":{"self":[{"href":"https:\/\/www.diversclub-crete.gr\/de\/wp-json\/wp\/v2\/pages\/1858","targetHints":{"allow":["GET"]}}],"collection":[{"href":"https:\/\/www.diversclub-crete.gr\/de\/wp-json\/wp\/v2\/pages"}],"about":[{"href":"https:\/\/www.diversclub-crete.gr\/de\/wp-json\/wp\/v2\/types\/page"}],"author":[{"embeddable":true,"href":"https:\/\/www.diversclub-crete.gr\/de\/wp-json\/wp\/v2\/users\/1"}],"replies":[{"embeddable":true,"href":"https:\/\/www.diversclub-crete.gr\/de\/wp-json\/wp\/v2\/comments?post=1858"}],"version-history":[{"count":0,"href":"https:\/\/www.diversclub-crete.gr\/de\/wp-json\/wp\/v2\/pages\/1858\/revisions"}],"wp:attachment":[{"href":"https:\/\/www.diversclub-crete.gr\/de\/wp-json\/wp\/v2\/media?parent=1858"}],"curies":[{"name":"wp","href":"https:\/\/api.w.org\/{rel}","templated":true}]}}