{"id":1801,"date":"2021-02-11T12:56:36","date_gmt":"2021-02-11T10:56:36","guid":{"rendered":"https:\/\/divers.testix.eu\/?page_id=1801"},"modified":"2023-09-15T12:02:50","modified_gmt":"2023-09-15T09:02:50","slug":"stornierungsbedingungen","status":"publish","type":"page","link":"https:\/\/www.diversclub-crete.gr\/de\/stornierungsbedingungen\/","title":{"rendered":"Stornierungsbedingungen"},"content":{"rendered":"<h1>Stornierungsbedingungen<\/h1>\n<p>Unsere Regeln zur Stornierung von Reservierungen sind:<\/p>\n<ul>\n<li>Erfolgt die Stornierung mehr als 48 Stunden vor der Aktivit\u00e4t (09:30 Uhr), werden Ihnen die vollen Kosten des von Ihnen gebuchten Programms zur\u00fcckerstattet (ohne eLearning-Kosten, die nicht erstattungsf\u00e4hig sind).<\/li>\n<li>Wenn die Stornierung zwischen 48 und 24 Stunden vor der Aktivit\u00e4t (09:30 Uhr) erfolgt, werden Ihnen 50 % der Kosten des von Ihnen gebuchten Programms zur\u00fcckerstattet (ohne eLearning-Kosten, die nicht erstattungsf\u00e4hig sind).<\/li>\n<li>Erfolgt die Stornierung weniger als 24 Stunden vor der Aktivit\u00e4t (09:30 Uhr), unabh\u00e4ngig vom Grund, haben Sie keinen Anspruch auf R\u00fcckerstattung.<\/li>\n<li>Wenn Sie Ihren Kurs (SD, OWD, AOWD usw.) mehr als 7 Tage vor Beginn (09:30 Uhr) stornieren, werden Ihnen die Kurskosten zur\u00fcckerstattet (ausgenommen eLearning-Kosten, die nicht erstattungsf\u00e4hig sind). Wenn Sie Ihren Kurs weniger als 7 Tage im Voraus stornieren, haben Sie keinen Anspruch auf R\u00fcckerstattung.<\/li>\n<li>Erfolgt die Stornierung durch uns wegen schlechten Wetters, technischer Defekte, h\u00f6herer Gewalt oder anderer unvorhergesehener Ereignisse, die einen geregelten Tauchablauf unm\u00f6glich machen, wird der volle Betrag einer get\u00e4tigten Vorauszahlung erstattet.<\/li>\n<li>Erfolgt die Stornierung durch uns, jedoch aufgrund eines Fehlverhaltens des Klienten z.B., Gebrauch von Alkohol oder anderer Drogen, Fehlverhalten gegen\u00fcber unseren Mitarbeitern oder G\u00e4sten, Nichtbefolgung der Tauch-Sicherheitsregeln, Tauchunf\u00e4higkeit aus physiologischen oder psychologischen Gr\u00fcnden (Stress, Erk\u00e4ltung, Unf\u00e4higkeit zum Druckausgleich, usw.), erfolgt keine Erstattung.<\/li>\n<\/ul>\n<p>In keinem Fall erfolgt eine h\u00f6here Erstattung als die get\u00e4tigte Vorauszahlung.<\/p>\n","protected":false},"excerpt":{"rendered":"<p>Stornierungsbedingungen Unsere Regeln zur Stornierung von Reservierungen sind: Erfolgt die Stornierung mehr als 48 Stunden vor der Aktivit\u00e4t (09:30 Uhr), werden Ihnen die vollen Kosten des von Ihnen gebuchten Programms zur\u00fcckerstattet (ohne eLearning-Kosten, die nicht erstattungsf\u00e4hig sind). Wenn die Stornierung zwischen 48 und 24 Stunden vor der Aktivit\u00e4t (09:30 Uhr) erfolgt, werden Ihnen 50 % &#8230; <a title=\"Stornierungsbedingungen\" class=\"read-more\" href=\"https:\/\/www.diversclub-crete.gr\/de\/stornierungsbedingungen\/\" aria-label=\"Read more about Stornierungsbedingungen\">Read more<\/a><\/p>\n","protected":false},"author":1,"featured_media":0,"parent":0,"menu_order":0,"comment_status":"closed","ping_status":"closed","template":"","meta":{"footnotes":""},"class_list":["post-1801","page","type-page","status-publish"],"_links":{"self":[{"href":"https:\/\/www.diversclub-crete.gr\/de\/wp-json\/wp\/v2\/pages\/1801","targetHints":{"allow":["GET"]}}],"collection":[{"href":"https:\/\/www.diversclub-crete.gr\/de\/wp-json\/wp\/v2\/pages"}],"about":[{"href":"https:\/\/www.diversclub-crete.gr\/de\/wp-json\/wp\/v2\/types\/page"}],"author":[{"embeddable":true,"href":"https:\/\/www.diversclub-crete.gr\/de\/wp-json\/wp\/v2\/users\/1"}],"replies":[{"embeddable":true,"href":"https:\/\/www.diversclub-crete.gr\/de\/wp-json\/wp\/v2\/comments?post=1801"}],"version-history":[{"count":0,"href":"https:\/\/www.diversclub-crete.gr\/de\/wp-json\/wp\/v2\/pages\/1801\/revisions"}],"wp:attachment":[{"href":"https:\/\/www.diversclub-crete.gr\/de\/wp-json\/wp\/v2\/media?parent=1801"}],"curies":[{"name":"wp","href":"https:\/\/api.w.org\/{rel}","templated":true}]}}