{"id":1750,"date":"2021-02-09T12:43:45","date_gmt":"2021-02-09T10:43:45","guid":{"rendered":"https:\/\/divers.testix.eu\/?page_id=1750"},"modified":"2023-02-22T00:46:07","modified_gmt":"2023-02-21T22:46:07","slug":"taucher-medizincheck-kandidaten-fragebogen","status":"publish","type":"page","link":"https:\/\/www.diversclub-crete.gr\/de\/taucher-medizincheck-kandidaten-fragebogen\/","title":{"rendered":"Taucher Medizincheck | Kandidaten-Fragebogen"},"content":{"rendered":"<h1 class=\"entry-title\">Taucher Medizincheck | Kandidaten-Fragebogen<\/h1>\n<p>Sporttauchen und Freitauchen erfordert eine gute k\u00f6rperliche und geistige Gesundheit. Es gibt einige wenige medizinische Bedingungen, die beim Tauchen ein Risiko darstellen k\u00f6nnen und unten aufgef\u00fchrt sind. Personen, die an einer dieser Erkrankungen leiden oder daf\u00fcr pr\u00e4disponiert sind, sollten von einem Arzt untersucht werden. Dieser medizinische Teilnehmer-Fragebogen f\u00fcr Taucher bietet die Grundlage f\u00fcr die Entscheidung, ob Sie sich um diese Untersuchung bem\u00fchen sollten. Wenn Sie Bedenken bez\u00fcglich Ihrer Tauchtauglichkeit haben, die sich nicht aus diesem Formular erschlie\u00dfen, sollten Sie sich vor dem Tauchen mit Ihrem Arzt beraten.<\/p>\n<p>Wenn Sie sich krank f\u00fchlen, vermeiden Sie das Tauchen. Wenn Sie glauben, dass Sie m\u00f6glicherweise an einer ansteckenden Krankheit leiden, sch\u00fctzen Sie sich und andere, indem Sie nicht an der Tauchausbildung und\/oder an Tauchaktivit\u00e4ten teilnehmen. Bezugnahmen auf \u201cTauchen\u201d auf diesem Formular umfassen sowohl Sporttauchen als auch Freitauchen. Beantworten Sie zu Ihrer Sicherheit und der Sicherheit anderer, die mit Ihnen tauchen, alle Fragen ehrlich und verstehen Sie, dass Sie die Verantwortung f\u00fcr alle Konsequenzen \u00fcbernehmen m\u00fcssen, die sich aus Fragen ergeben, die Sie m\u00f6glicherweise ungenau beantwortet haben, oder f\u00fcr Ihr Vers\u00e4umnis, bestehende oder fr\u00fchere Gesundheitszust\u00e4nde offenzulegen .<\/p>\n<p><em>* Der folgende Text ist ein Beispiel aus dem &#8220;Taucher Medizincheck | Kandidaten-Fragebogen&#8221;, den Sie vor dem Tauchen im Tauchcenter lesen und unterschreiben m\u00fcssen.<\/em><\/p>\n<p><strong>Hinweis f\u00fcr Frauen: <\/strong>Wenn Sie schwanger sind oder versuchen, schwanger zu werden, tauchen Sie nicht.<\/p>\n<h5>1. Ich hatte Probleme mit Lunge\/Atmung, Herz, Blut, die meine normale k\u00f6rperliche oder geistige Leistungsf\u00e4higkeit beeintr\u00e4chtigten.<\/h5>\n<p>Ich habbe \/ hatte:<\/p>\n<ul>\n<li>Thoraxchirurgie, Herzchirurgie, Herzklappenoperation, Stentimplantation oder einen Pneumothorax (kollabierte Lunge).<\/li>\n<li>Asthma, Keuchen, schwere Allergien, Heuschnupfen oder verstopfte Atemwege innerhalb der letzten 12 Monate, die meine k\u00f6rperliche Aktivit\u00e4t\/Training einschr\u00e4nken.<\/li>\n<li>Ein Problem oder eine Krankheit, die mein Herz betrifft, wie z.B.: Angina pectoris, Brustschmerzen bei Anstrengung, Herzinsuffizienz, Immersions-Lungen\u00f6dem, Herzinfarkt oder Schlaganfall, ODER ich nehme Medikamente gegen eine Herzerkrankung ein.<\/li>\n<li>Wiederholt Bronchitis und derzeit Husten innerhalb der letzten 12 Monate ODER es wurde ein Emphysem diagnostiziert.<\/li>\n<li>Beschwerden an Lunge, Atmung, Herz und\/oder Blut in den letzten 30 Tagen, die meine k\u00f6rperliche oder geistige Leistungsf\u00e4higkeit beeintr\u00e4chtigen<\/li>\n<\/ul>\n<h5>2. Ich bin \u00fcber 45 Jahre alt und:<\/h5>\n<ul>\n<li>Derzeit rauche oder inhaliere ich Nikotin mit anderen Mitteln.<\/li>\n<li>Ich habe einen hohen Cholesterinspiegel.<\/li>\n<li>Ich habe hohen Blutdruck.<\/li>\n<li>Ich hatte einen pl\u00f6tzlichen Tod eines nahen Blutsverwandten oder eine Herzkrankheit oder einen Schlaganfall vor meinem 50. Lebensjahr ODER<\/li>\n<li>ich habe eine famili\u00e4re Vorgeschichte mit Herzkrankheiten vor dem 50. Lebensjahr (einschlie\u00dflich abnormaler Herzrhythmen, koronarer Herzkrankheit<\/li>\n<li>oder Erkrankung des Herzmuskels).<\/li>\n<\/ul>\n<h5>3. Ich habe M\u00fche, mich m\u00e4\u00dfig zu bewegen (z.B. 1,6 Kilometer\/eine Meile in 14 Minuten laufen oder 200 Meter\/Yard schwimmen, ohne mich auszuruhen) ODER ich war in den letzten 12 Monaten aus Fitness- oder Gesundheitsgr\u00fcnden nicht in der Lage, an einer normalen k\u00f6rperlichen Aktivit\u00e4t teilzunehmen.<\/h5>\n<h5>4. Ich habe Probleme mit meinen Augen, Ohren oder Naseng\u00e4nge\/Nasennebenh\u00f6hlen gehabt.<\/h5>\n<p>Ich habbe \/ hatte:<\/p>\n<ul>\n<li>Innerhalb der letzten 6 Monate eine Operation der Nasennebenh\u00f6hlen.<\/li>\n<li>Ohrkrankheit oder Ohrchirurgie, H\u00f6rverlust oder Gleichgewichtsst\u00f6rungen.<\/li>\n<li>Wiederkehrend Entz\u00fcndungen der Nasennebenh\u00f6hlen innerhalb der letzten 12 Monate.<\/li>\n<li>Augenoperation innerhalb der letzten 3 Monate.<\/li>\n<\/ul>\n<h5>5. Ich bin in den letzten 12 Monaten operiert worden ODER ich habe anhaltende Probleme im Zusammenhang mit fr\u00fcheren Operationen.<\/h5>\n<h5>6. Ich habe das Bewusstsein verloren, hatte Migr\u00e4ne, Krampfanf\u00e4lle, einen Schlaganfall, eine schwere Kopfverletzung oder leide an einer anhaltenden neurologischen Verletzung oder Erkrankung.<\/h5>\n<p>Ich habbe \/ hatte:<\/p>\n<ul>\n<li>Kopfverletzung mit Bewusstseinsverlust innerhalb der letzten 5 Jahre.<\/li>\n<li>Anhaltende neurologische Verletzung oder Erkrankung.<\/li>\n<li>Wiederkehrende Migr\u00e4nekopfschmerzen innerhalb der letzten 12 Monate oder Einnahme von Medikamenten zu deren Verhinderung.<\/li>\n<li>Blackouts oder Ohnmachtsanf\u00e4lle (vollst\u00e4ndiger\/teilweiser Bewusstseinsverlust) innerhalb der letzten 5 Jahre.<\/li>\n<li>Epilepsie, epileptische Anf\u00e4lle oder Krampfanf\u00e4lle ODER nehme Medikamente ein, um sie zu verhindern.<\/li>\n<\/ul>\n<h5>7. Ich befinde mich derzeit wegen psychologischer Probleme, Pers\u00f6nlichkeitsst\u00f6rungen, Panikattacken, Drogen- oder Alkoholabh\u00e4ngigkeit in Behandlung (oder habe in den letzten f\u00fcnf Jahren eine Behandlung ben\u00f6tigt) oder es wurde bei mir eine Lernbehinderung diagnostiziert.<\/h5>\n<p>Ich habbe \/ hatte:<\/p>\n<ul>\n<li>Psychische, psychologische Probleme oder im Gesundheitsverhalten, die eine medizinische\/psychiatrische Behandlung erfordern.<\/li>\n<li>Schwere Depressionen, Selbstmordgedanken, Panikattacken, unkontrollierte bipolare St\u00f6rung, die eine medikament\u00f6se\/psychiatrische Behandlung<\/li>\n<li>Es wurde ein psychischer Gesundheitszustand oder eine Lern-\/Entwicklungsst\u00f6rung diagnostiziert, die eine kontinuierliche Betreuung erfordert.<\/li>\n<li>Eine Drogen- oder Alkoholabh\u00e4ngigkeit, die innerhalb der letzten 5 Jahre behandelt werden musste.<\/li>\n<\/ul>\n<h5>8. Ich habe R\u00fcckenprobleme, Leistenbruch, Geschw\u00fcre (Ulcus) oder Diabetes gehabt.<\/h5>\n<p>Ich habbe \/ hatte:<\/p>\n<ul>\n<li>Wiederkehrende R\u00fcckenprobleme in den letzten 6 Monaten, die meine t\u00e4gliche Routineaktivit\u00e4t einschr\u00e4nken.<\/li>\n<li>R\u00fccken- oder Wirbels\u00e4ulenoperationen innerhalb der letzten 12 Monate.<\/li>\n<li>Diabetes, entweder medikament\u00f6s oder Di\u00e4t-eingestellt ODER Schwangerschaftsdiabetes innerhalb der letzten 12 Monate.<\/li>\n<li>Einen nicht operierten Leistenbruch, der meine k\u00f6rperlichen F\u00e4higkeiten einschr\u00e4nkt.<\/li>\n<li>Akute oder unbehandelte Geschw\u00fcre (Ulkus), Problemwunden oder Geschw\u00fcroperationen innerhalb der letzten 6 Monate.<\/li>\n<\/ul>\n<h5>9. Ich habe Magen- oder Darmprobleme gehabt, darunter auch k\u00fcrzlich Durchfall.<\/h5>\n<p>Ich habbe \/ hatte:<\/p>\n<ul>\n<li>Stoma-Operation und keine \u00e4rztliche Erlaubnis zum Schwimmen oder zur k\u00f6rperlichen Bet\u00e4tigung.<\/li>\n<li>Dehydrierung, die innerhalb der letzten 7 Tage eine medizinische Ma\u00dfnahme erforderte.<\/li>\n<li>Aktive oder unbehandelte Magen- oder Darmgeschw\u00fcre oder diesbez\u00fcgliche Operationen innerhalb der letzten 6 Monate.<\/li>\n<li>H\u00e4ufiges Sodbrennen, Aufsto\u00dfen oder gastro\u00f6sophageale Refluxkrankheit (GERD).<\/li>\n<li>Aktive oder unkontrollierte Colitis ulcerosa oder Morbus Crohn.<\/li>\n<li>Adipositas Operationen innerhalb der letzten 12 Monate.<\/li>\n<\/ul>\n<h5>10. Ich nehme verschreibungspflichtige Medikamente ein (mit Ausnahme von Antibabypillen oder Malariamitteln au\u00dfer Mefloquin (Lariam).<\/h5>\n<hr \/>\n<p><strong>Wenn Sie alle 10 obigen Fragen mit NEIN beantwortet haben<\/strong>, ist eine medizinische Beurteilung nicht erforderlich und Sie m\u00fcssen das Originaldokument zu diesem Zeitpunkt <strong>nicht<\/strong> ausf\u00fcllen und unterschreiben.<\/p>\n<p><strong>Wenn Sie eine der Unterfragen mit JA beantwortet haben, <\/strong>drucken Sie bitte die <strong><a href=\"https:\/\/drive.google.com\/file\/d\/1ZRLsAVSIJZCy2jHvoEaXvku4iQWPKivV\/view?usp=sharing\" target=\"_blank\" rel=\"noopener noreferrer\">Originalerkl\u00e4rung<\/a> <\/strong>aus, unterschreiben Sie sie, datieren Sie sie und bringen Sie alle drei Seiten dieses Formulars <strong>(Kandidatenfragebogen und Formular f\u00fcr die \u00e4rztliche Beurteilung) <\/strong>zu Ihrem Arzt f\u00fcr eine medizinische Beurteilung. F\u00fcr die Teilnahme an einer Tauchaktivit\u00e4t ist die Zustimmung Ihres Arztes erforderlich.<\/p>\n<p><a href=\"https:\/\/drive.google.com\/file\/d\/1ZRLsAVSIJZCy2jHvoEaXvku4iQWPKivV\/view?usp=sharing\" target=\"_blank\" rel=\"noopener noreferrer\"><em>Open the actual Diver Medical | Participant Questionnaire\u00a0 (pdf)<\/em><\/a><\/p>\n","protected":false},"excerpt":{"rendered":"<p>Taucher Medizincheck | Kandidaten-Fragebogen Sporttauchen und Freitauchen erfordert eine gute k\u00f6rperliche und geistige Gesundheit. Es gibt einige wenige medizinische Bedingungen, die beim Tauchen ein Risiko darstellen k\u00f6nnen und unten aufgef\u00fchrt sind. Personen, die an einer dieser Erkrankungen leiden oder daf\u00fcr pr\u00e4disponiert sind, sollten von einem Arzt untersucht werden. Dieser medizinische Teilnehmer-Fragebogen f\u00fcr Taucher bietet die &#8230; <a title=\"Taucher Medizincheck | Kandidaten-Fragebogen\" class=\"read-more\" href=\"https:\/\/www.diversclub-crete.gr\/de\/taucher-medizincheck-kandidaten-fragebogen\/\" aria-label=\"Read more about Taucher Medizincheck | Kandidaten-Fragebogen\">Read more<\/a><\/p>\n","protected":false},"author":1,"featured_media":0,"parent":0,"menu_order":0,"comment_status":"closed","ping_status":"closed","template":"","meta":{"footnotes":""},"class_list":["post-1750","page","type-page","status-publish"],"_links":{"self":[{"href":"https:\/\/www.diversclub-crete.gr\/de\/wp-json\/wp\/v2\/pages\/1750","targetHints":{"allow":["GET"]}}],"collection":[{"href":"https:\/\/www.diversclub-crete.gr\/de\/wp-json\/wp\/v2\/pages"}],"about":[{"href":"https:\/\/www.diversclub-crete.gr\/de\/wp-json\/wp\/v2\/types\/page"}],"author":[{"embeddable":true,"href":"https:\/\/www.diversclub-crete.gr\/de\/wp-json\/wp\/v2\/users\/1"}],"replies":[{"embeddable":true,"href":"https:\/\/www.diversclub-crete.gr\/de\/wp-json\/wp\/v2\/comments?post=1750"}],"version-history":[{"count":0,"href":"https:\/\/www.diversclub-crete.gr\/de\/wp-json\/wp\/v2\/pages\/1750\/revisions"}],"wp:attachment":[{"href":"https:\/\/www.diversclub-crete.gr\/de\/wp-json\/wp\/v2\/media?parent=1750"}],"curies":[{"name":"wp","href":"https:\/\/api.w.org\/{rel}","templated":true}]}}