{"id":1376,"date":"2019-12-09T16:54:29","date_gmt":"2019-12-09T14:54:29","guid":{"rendered":"https:\/\/divers.testix.eu\/sites-lygaria\/"},"modified":"2023-09-22T16:38:25","modified_gmt":"2023-09-22T13:38:25","slug":"sites-lygaria","status":"publish","type":"page","link":"https:\/\/www.diversclub-crete.gr\/de\/sites-lygaria\/","title":{"rendered":"Lygaria Tauchplatz"},"content":{"rendered":"<h1>Lygaria<\/h1>\n<p><strong>Lygaria<\/strong> ist einer der sch\u00f6nsten Tauchpl\u00e4tze in unserer Gegend und nur 0,8 Seemeilen von unserer Tauchbasis in Agia Pelagia entfernt. Unser Tauchgang wird rund um die kleine Halbinsel des Gebiets Lygaria durchgef\u00fchrt und bietet eine gro\u00dfe Artenvielfalt mit gro\u00dfen Mengen an kleinen und auch gr\u00f6\u00dferen Fischen.<\/p>\n<table class=\"tg\" width=\"300\">\n<tbody>\n<tr>\n<th class=\"tg-kn0u\">Zertifizierte Taucher<\/th>\n<th class=\"tg-o098\"><a href=\"https:\/\/www.diversclub-crete.gr\/de\/tauchkurse\/#open-water-diver\"><span style=\"font-weight: normal;\">Level 1<\/span><\/a><\/th>\n<th class=\"tg-t0da\"><span style=\"font-weight: normal;\"><a href=\"https:\/\/www.diversclub-crete.gr\/de\/tauchkurse\/#advanced-open-water\">Level 2<\/a> oder h\u00f6her<\/span><\/th>\n<\/tr>\n<tr>\n<td class=\"tg-krdq\">Passend f\u00fcr:<\/td>\n<td class=\"tg-o098\" style=\"text-align: center;\">\u2713<\/td>\n<td class=\"tg-t0da\" style=\"text-align: center;\">\u2713<\/td>\n<\/tr>\n<tr>\n<td class=\"tg-krdq\">Tiefe:<\/td>\n<td class=\"tg-o098\" style=\"text-align: center;\">18m<\/td>\n<td class=\"tg-t0da\" style=\"text-align: center;\">24m<\/td>\n<\/tr>\n<\/tbody>\n<\/table>\n<p>Das Riff rund um die Halbinsel bildet verschiedene Ebenen, so etwas wie \u201eStufen\u201c, beginnend bei 6 Metern, wo wir unser Boot ankern, dann 12 und schlie\u00dflich bei 18 Metern. Der tiefste Teil dieses Tauchplatzes liegt auf 24 Metern an der Nordwestseite, an der Ecke des Riffs.<\/p>\n<p>Nach dem Wenden um die Ecke bewegen wir uns n\u00e4her und parallel zur Wand in einer Tiefe von 14 Metern, wo wir auf einen Durchschwimmer treffen. Beim Durchschwimmen k\u00f6nnen wir Mur\u00e4nen, Krabben, Skorpionfische und je nach Jahreszeit gelegentlich Hummer sehen.<\/p>\n<p>Der Eingang dieses Tunnels liegt bei 14 Metern und der Ausgang bei 8 Metern. Er ist breit genug, dass jeweils eine Person sicher durchpasst. Es ist einer der aufregendsten Teile dieses Tauchplatzes und selbst f\u00fcr Taucher mit minimaler Erfahrung einfach genug.<\/p>\n<p>Nach dem Verlassen des Durchschwimmens folgen wir dem gleichen Weg zur\u00fcck zu unserem Boot, aber in flacherem Wasser. Auf dem R\u00fcckweg bleiben wir zwischen 10 und 12 Meter nahe an der Riffwand, wo wir auf viele kleine Fische wie Riffbarsche, verschiedene Arten von Seebrassen und gelegentlich gr\u00f6\u00dfere Fische wie Bernsteinmakrelen treffen, die gro\u00dfe Gruppen bilden und sind eine angenehme Gesellschaft gegen Ende unseres Tauchgangs. Kurz bevor wir zu unserem Boot zur\u00fcckkehren und unseren Sicherheitsstopp machen, k\u00f6nnen wir 3 Bomben aus dem Zweiten Weltkrieg sehen, die in 11 Metern Tiefe lagen.<\/p>\n<p>W\u00e4hrend unseres gesamten Tauchgangs treffen wir auch auf Zackenbarsche unterschiedlicher Gr\u00f6\u00dfe, Mur\u00e4nen, Anemonen, verschiedene Arten von Nacktschnecken und in den vielen kleinen und gr\u00f6\u00dferen L\u00f6chern k\u00f6nnen wir Krabben, Hummer, Drachenk\u00f6pfe und Tintenfische und Kolonien kleiner roter Korallen sehen.<\/p>\n<p>Weitere Informationen zu unseren Programmen f\u00fcr zertifizierte Taucher und die M\u00f6glichkeit zur Reservierung finden Sie <a href=\"https:\/\/www.diversclub-crete.gr\/de\/cert-divers-ger\/\">hier<\/a>.<\/p>\n<p>* unsere Tauchpl\u00e4tze: <a href=\"https:\/\/www.diversclub-crete.gr\/de\/sites-elgrecocave-ger\/\">El Greco H\u00f6hle<\/a> \u2013 <a href=\"https:\/\/www.diversclub-crete.gr\/de\/sites-elgrecoreef-ger\/\">El Greco Riff<\/a> \u2013 <a href=\"https:\/\/www.diversclub-crete.gr\/de\/sites-stavros-ger\/\">Stavros Cape<\/a> \u2013 <a href=\"https:\/\/www.diversclub-crete.gr\/de\/sites-dias-rock\/\">Dia\u2019s Rock<\/a> \u2013 <a href=\"https:\/\/www.diversclub-crete.gr\/de\/sites-neptunes-rock\/\">Neptune\u2019s Rock<\/a> \u2013 <a href=\"https:\/\/www.diversclub-crete.gr\/de\/sites-mononaftis-ger\/\">Mononaftis<\/a> \u2013 <a href=\"https:\/\/www.diversclub-crete.gr\/de\/sites-lygaria\/\">Lygaria<\/a> \u2013 <a href=\"https:\/\/www.diversclub-crete.gr\/de\/sites-anchor-ger\/\">Big Anchor<\/a> \u2013 <a href=\"https:\/\/www.diversclub-crete.gr\/de\/sites-bluecave\/\">Blue Cave<\/a> \u2013 <a href=\"https:\/\/www.diversclub-crete.gr\/de\/sites-daedalos-ger\/\">Daedalos<\/a> \u2013 <a href=\"https:\/\/www.diversclub-crete.gr\/de\/sites-shipwrecks\/\">Schiffswracks<\/a> \u2013 <a href=\"https:\/\/www.diversclub-crete.gr\/de\/sites-wreck-ger\/\">Messerschmitt Wrack<\/a><\/p>\n<div id='gallery-1' class='gallery galleryid-1376 gallery-columns-3 gallery-size-medium'><figure class='gallery-item'>\n\t\t\t<div class='gallery-icon landscape'>\n\t\t\t\t<a href='https:\/\/www.diversclub-crete.gr\/wp-content\/uploads\/2021\/02\/lygaria-01-1200X900.jpg'><img decoding=\"async\" width=\"445\" height=\"334\" src=\"https:\/\/www.diversclub-crete.gr\/wp-content\/uploads\/2021\/02\/lygaria-01-1200X900-445x334.jpg\" class=\"attachment-medium size-medium\" alt=\"jellyfish in lygaria crete\" srcset=\"https:\/\/www.diversclub-crete.gr\/wp-content\/uploads\/2021\/02\/lygaria-01-1200X900-445x334.jpg 445w, https:\/\/www.diversclub-crete.gr\/wp-content\/uploads\/2021\/02\/lygaria-01-1200X900-891x668.jpg 891w, https:\/\/www.diversclub-crete.gr\/wp-content\/uploads\/2021\/02\/lygaria-01-1200X900-768x576.jpg 768w, https:\/\/www.diversclub-crete.gr\/wp-content\/uploads\/2021\/02\/lygaria-01-1200X900.jpg 1200w\" sizes=\"(max-width: 445px) 100vw, 445px\" \/><\/a>\n\t\t\t<\/div><\/figure><figure class='gallery-item'>\n\t\t\t<div class='gallery-icon landscape'>\n\t\t\t\t<a href='https:\/\/www.diversclub-crete.gr\/wp-content\/uploads\/2021\/02\/lygaria-02-1200X900.jpg'><img decoding=\"async\" width=\"445\" height=\"334\" src=\"https:\/\/www.diversclub-crete.gr\/wp-content\/uploads\/2021\/02\/lygaria-02-1200X900-445x334.jpg\" class=\"attachment-medium size-medium\" alt=\"diving in lygaria crete\" srcset=\"https:\/\/www.diversclub-crete.gr\/wp-content\/uploads\/2021\/02\/lygaria-02-1200X900-445x334.jpg 445w, https:\/\/www.diversclub-crete.gr\/wp-content\/uploads\/2021\/02\/lygaria-02-1200X900-891x668.jpg 891w, https:\/\/www.diversclub-crete.gr\/wp-content\/uploads\/2021\/02\/lygaria-02-1200X900-768x576.jpg 768w, https:\/\/www.diversclub-crete.gr\/wp-content\/uploads\/2021\/02\/lygaria-02-1200X900.jpg 1200w\" sizes=\"(max-width: 445px) 100vw, 445px\" \/><\/a>\n\t\t\t<\/div><\/figure><figure class='gallery-item'>\n\t\t\t<div class='gallery-icon landscape'>\n\t\t\t\t<a href='https:\/\/www.diversclub-crete.gr\/wp-content\/uploads\/2021\/02\/lygaria-03-1200X900.jpg'><img decoding=\"async\" width=\"445\" height=\"334\" src=\"https:\/\/www.diversclub-crete.gr\/wp-content\/uploads\/2021\/02\/lygaria-03-1200X900-445x334.jpg\" class=\"attachment-medium size-medium\" alt=\"diving in lygaria crete\" srcset=\"https:\/\/www.diversclub-crete.gr\/wp-content\/uploads\/2021\/02\/lygaria-03-1200X900-445x334.jpg 445w, https:\/\/www.diversclub-crete.gr\/wp-content\/uploads\/2021\/02\/lygaria-03-1200X900-891x668.jpg 891w, https:\/\/www.diversclub-crete.gr\/wp-content\/uploads\/2021\/02\/lygaria-03-1200X900-768x576.jpg 768w, https:\/\/www.diversclub-crete.gr\/wp-content\/uploads\/2021\/02\/lygaria-03-1200X900.jpg 1200w\" sizes=\"(max-width: 445px) 100vw, 445px\" \/><\/a>\n\t\t\t<\/div><\/figure>\n\t\t<\/div>\n\n","protected":false},"excerpt":{"rendered":"<p>Lygaria Lygaria ist einer der sch\u00f6nsten Tauchpl\u00e4tze in unserer Gegend und nur 0,8 Seemeilen von unserer Tauchbasis in Agia Pelagia entfernt. Unser Tauchgang wird rund um die kleine Halbinsel des Gebiets Lygaria durchgef\u00fchrt und bietet eine gro\u00dfe Artenvielfalt mit gro\u00dfen Mengen an kleinen und auch gr\u00f6\u00dferen Fischen. Zertifizierte Taucher Level 1 Level 2 oder h\u00f6her &#8230; <a title=\"Lygaria Tauchplatz\" class=\"read-more\" href=\"https:\/\/www.diversclub-crete.gr\/de\/sites-lygaria\/\" aria-label=\"Read more about Lygaria Tauchplatz\">Read more<\/a><\/p>\n","protected":false},"author":2,"featured_media":0,"parent":0,"menu_order":0,"comment_status":"closed","ping_status":"closed","template":"","meta":{"footnotes":""},"class_list":["post-1376","page","type-page","status-publish"],"_links":{"self":[{"href":"https:\/\/www.diversclub-crete.gr\/de\/wp-json\/wp\/v2\/pages\/1376","targetHints":{"allow":["GET"]}}],"collection":[{"href":"https:\/\/www.diversclub-crete.gr\/de\/wp-json\/wp\/v2\/pages"}],"about":[{"href":"https:\/\/www.diversclub-crete.gr\/de\/wp-json\/wp\/v2\/types\/page"}],"author":[{"embeddable":true,"href":"https:\/\/www.diversclub-crete.gr\/de\/wp-json\/wp\/v2\/users\/2"}],"replies":[{"embeddable":true,"href":"https:\/\/www.diversclub-crete.gr\/de\/wp-json\/wp\/v2\/comments?post=1376"}],"version-history":[{"count":0,"href":"https:\/\/www.diversclub-crete.gr\/de\/wp-json\/wp\/v2\/pages\/1376\/revisions"}],"wp:attachment":[{"href":"https:\/\/www.diversclub-crete.gr\/de\/wp-json\/wp\/v2\/media?parent=1376"}],"curies":[{"name":"wp","href":"https:\/\/api.w.org\/{rel}","templated":true}]}}