{"id":1341,"date":"2020-01-25T07:59:51","date_gmt":"2020-01-25T05:59:51","guid":{"rendered":"https:\/\/divers.testix.eu\/?page_id=1341"},"modified":"2023-05-16T14:42:05","modified_gmt":"2023-05-16T11:42:05","slug":"preisliste","status":"publish","type":"page","link":"https:\/\/www.diversclub-crete.gr\/de\/preisliste\/","title":{"rendered":"Preise f\u00fcr Tauchprogramme und Kurse auf Kreta"},"content":{"rendered":"<h2>Preise f\u00fcr Tauchprogramme und -kurse auf Kreta<\/h2>\n<ul>\n<li>Rabatt bis zu 25% auf Bootstauchg\u00e4nge!<\/li>\n<li>Sonderpreise f\u00fcr Gruppen (6+ Taucher) <em>*<\/em><\/li>\n<\/ul>\n<p><em>* Keine Rabatte oder Sonderpreise f\u00fcr Juli und August. Diese Rabatte k\u00f6nnen nicht kombiniert werden.<\/em><\/p>\n<blockquote style=\"font-size: 1.2em;\"><p><em>F&amp;B = Flasche und Blei<br \/>\n<\/em><em>K.A. = Kompletter Ausr\u00fcstung<\/em><\/p><\/blockquote>\n<h3>Bootstauchg\u00e4nge f\u00fcr zertifizierte Taucher<\/h3>\n<ul class=\"pricelist\">\n<li><strong>1 Tauchgang<\/strong> : 40 \u20ac (F&amp;B)<\/li>\n<li><strong>2-3 Tauchg\u00e4nge<\/strong> : 37,5 \u20ac \/ Tauchgang (F&amp;B)<\/li>\n<li><strong>4-5 Tauchg\u00e4nge<\/strong> : 35 \u20ac \/ Tauchgang (F&amp;B)<\/li>\n<li><strong>6-9 Tauchg\u00e4nge<\/strong> : 33 \u20ac \/ Tauchgang (F&amp;B)<\/li>\n<li><strong>10+ Tauchg\u00e4nge<\/strong> : 30 \u20ac \/ Tauchgang (F&amp;B)<\/li>\n<\/ul>\n<h3>Pakete f\u00fcr Bootstauchg\u00e4nge f\u00fcr zertifizierte Taucher<\/h3>\n<ul class=\"pricelist\">\n<li><strong>1 Tauchgang<\/strong> : 40 \u20ac (<em>F&amp;B)<\/em> \/ 60 \u20ac (K.A.)<\/li>\n<li><strong>2 Tauchg\u00e4nge<\/strong> : 75 \u20ac (<em>F&amp;B) \/<\/em> 100 \u20ac (K.A.)<\/li>\n<li><strong>4 Tauchg\u00e4nge<\/strong> : 140 \u20ac (<em>F&amp;B)<\/em> \/ 190 \u20ac (K.A.)<\/li>\n<li><strong>6 Tauchg\u00e4nge<\/strong> : 200 \u20ac (F&amp;B) \/ 275 \u20ac (K.A.)<\/li>\n<li><strong>8 Tauchg\u00e4nge<\/strong> : 265 \u20ac (F&amp;B) \/ 345 \u20ac (K.A.)<\/li>\n<li><strong>10 Tauchg\u00e4nge<\/strong> : 300 \u20ac (F&amp;B) \/ 400 \u20ac (K.A.)<\/li>\n<\/ul>\n<p><em>Der Ausr\u00fcstungsverleih beinhaltet Jaket, Lungenautomat (komplett), Neoprenanzug. Maske, Stiefel und Flossen sind kostenlos.<\/em><\/p>\n<p><em>Extras: Tauchcomputer 10 \u20ac pro Tag, Taschenlampe 5 \u20ac pro Tauchgang, Nitrox 7.5 \u20ac pro Tauchgang, U \/ W-Kamera 20 \u20ac pro Tag<\/em><\/p>\n<h3>Auffrischungskurs<\/h3>\n<ul class=\"pricelist\">\n<li><strong>Auffrischungskurs<\/strong> (Theorie, Geschicklichkeitspraxis, 1 Strandtauchgang): 70 \u20ac<\/li>\n<li><strong>Auffrischungskurs Plus<\/strong>\u00a0<strong>1 Bootstauchgang<\/strong>: 120 \u20ac<\/li>\n<li><strong>SSI Scuba Skills Update \/ PADI ReActivate <\/strong>*inklusive Zertifizierung: 100 \u20ac \/ 125 \u20ac<\/li>\n<li><strong>SSI Scuba Skills Update \/ PADI ReActivate Plus<\/strong>\u00a0<strong>1 <\/strong><em><strong>Bootstauchgang<\/strong>: 150 \u20ac<\/em>\u00a0\/ 175 \u20ac<\/li>\n<\/ul>\n<h3>Ausr\u00fcstungsverleih<\/h3>\n<ul>\n<li><strong>Neoprenanzug<\/strong> &#8211; 1 Tauchgang 7 \u20ac \/ 1-3 Tage 9 \u20ac \/ 4 Tage oder mehr 7 \u20ac<\/li>\n<li><strong>B.C.D.<\/strong> &#8211; 1 Tauchgang 7 \u20ac \/ 1-3 Tage 9 \u20ac \/ 4 Tage oder mehr 7 \u20ac<\/li>\n<li><strong>Atemregler (komplettes Set)<\/strong> &#8211; 1 Tauchgang 6 \u20ac \/ 1-3 Tage 7 \u20ac \/ 4 Tage oder mehr 6 \u20ac<\/li>\n<\/ul>\n<h5>Extras<\/h5>\n<ul class=\"pricelist\">\n<li><strong>Tauchcomputer<\/strong> <strong>(pro Tag)<\/strong> &#8211; 10 \u20ac<\/li>\n<li><strong>U\/W Digitalkamera (pro Tag)<\/strong> &#8211; 20 \u20ac<\/li>\n<li><strong>Taschenlampe (pro Tauchgang)<\/strong> &#8211; 5 \u20ac<\/li>\n<li><strong>Nitrox-Tank 32%<\/strong> &#8211; 7,5 \u20ac<\/li>\n<li><strong>Nachttauchen<\/strong> &#8211; (Lampenverleih nicht inbegriffen): 15 \u20ac<\/li>\n<li><strong>Dia Island Ganztagesausflug<\/strong> &#8211; 2 Tauchg\u00e4nge (inkl. Erfrischungsgetr\u00e4nke, Obst, Wasser): 50 \u20ac<\/li>\n<li><strong>Messerschmitt Wrack Ganztagesausflug<\/strong> &#8211; 1 Tauchgange (inkl. Erfrischungsgetr\u00e4nke, Obst, Wasser): 150 \u20ac<\/li>\n<\/ul>\n<h3>Anf\u00e4ngerprogramme (Ausr\u00fcstungsverleih inbegriffen)<\/h3>\n<ul class=\"pricelist\">\n<li><strong>Bubblemaker<\/strong> (Pool \/ begrenztes Wasser): 60 \u20ac<\/li>\n<li><strong>Discover Scuba Diving<\/strong> (1 Strandtauchen): 70 \u20ac<\/li>\n<li><strong>Discover Scuba Diving Plus<\/strong> (1 Strand + 1 Bootstauchen): 140 \u20ac<\/li>\n<\/ul>\n<p>Die oben genannten Preise beinhalten den Ausr\u00fcstungsverleih und die DAN-Tauchversicherung<\/p>\n<h3>Kurse SSI \/ PADI<\/h3>\n<ul class=\"pricelist\">\n<li><strong>Scuba Diver<\/strong> (K.A.):\u00a0 330 \u20ac \/ 360 \u20ac<\/li>\n<li><strong>Open Water Diver<\/strong> (K.A.):\u00a0 460 \u20ac \/ 490 \u20ac<\/li>\n<li><strong>Advanced Diver<\/strong> Ausr\u00fcstungskosten 60\u20ac:\u00a0 300 \u20ac &#8211; 330 \u20ac<\/li>\n<li><strong>Stress &amp; Rescue \/ Rescue Diver<\/strong> Ausr\u00fcstungskosten 80\u20ac:\u00a0 360 \u20ac &#8211; 390 \u20ac<\/li>\n<li><strong>React Right \/ Emergency First Response<\/strong> : 130 \u20ac \/ 160 \u20ac<\/li>\n<\/ul>\n<h3>Upgrades SSI \/ PADI<\/h3>\n<ul class=\"pricelist\">\n<li><strong>Open Water Diver<\/strong> (nach dem Scuba Diver):\u00a0 330 \u20ac \/ 360 \u20ac (K.A.)<\/li>\n<li><strong>Open Water Diver<\/strong> (Referral 4 OWD):\u00a0 240 \u20ac (K.A.)<\/li>\n<li><strong>Open Water Diver<\/strong> (Referral 2 OWD):\u00a0 140 \u20ac (K.A.)<\/li>\n<\/ul>\n<p>Wenn Sie keinen PADI eLearning-Code besitzen, betr\u00e4gt die Zertifizierungsgeb\u00fchr 90 \u20ac<\/p>\n<p><em> * ANMERKUNGEN:<\/em><\/p>\n<ol>\n<li>\u00a0Die Preise beinhalten die PADI e-Learning-Geb\u00fchren und gelten nur, wenn Sie das e-Learning \u00fcber uns erwerben.<\/li>\n<li><em>Komplette Ausr\u00fcstungsverleih beinhaltet: Tauchanzug, Jaket, Lungenautomat (komplett), Tauchcomputer, Maske, Flossen<\/em><\/li>\n<\/ol>\n<hr \/>\n<h3>Spezialit\u00e4ten SSI \/ PADI<\/h3>\n<ul class=\"pricelist\">\n<li><strong>Tieftauchen<\/strong> , 3-4 Tauchg\u00e4nge:\u00a0 300 \u20ac \/ 330 \u20ac<\/li>\n<li><strong>Nachttauchen,<\/strong> 2-3 Tauchg\u00e4nge:\u00a0 250 \u20ac \/ 280 \u20ac<\/li>\n<li><strong>Nitrox Diver<\/strong> , 1 Tauchgang:\u00a0 160 \u20ac \/ 190 \u20ac<\/li>\n<li><strong>Perfect Buoyancy \/ Peak Performance Bouoyancy<\/strong> , 2 Tauchg\u00e4nge:\u00a0 200 \u20ac \/ 230 \u20ac<\/li>\n<li><strong>Suche und Bergen<\/strong> , 3-4 Tauchg\u00e4nge:\u00a0 300 \u20ac \/ 330 \u20ac<\/li>\n<li><strong>U\/W Navigator<\/strong> , 2-3 Tauchg\u00e4nge:\u00a0 250 \u20ac \/ 280 \u20ac<\/li>\n<li><strong>U\/W Fotografie<\/strong> , 2 Tauchg\u00e4nge:\u00a0 200 \u20ac \/ 230 \u20ac<\/li>\n<li><strong>Diver Propulsion Vehicle\u00a0<\/strong>,\u00a02 Tauchg\u00e4nge:\u00a0 300 \u20ac \/ 330 \u20ac<\/li>\n<\/ul>\n<hr \/>\n<ol>\n<li><em> Alle oben genannten Preise enthalten die gesetzliche Mehrwertsteuer und gelten nur f\u00fcr Barzahlung!<\/em><\/li>\n<li><em>Die Preise k\u00f6nnen ohne vorherige Ank\u00fcndigung ge\u00e4ndert werden.<\/em><\/li>\n<li>Die <a href=\"https:\/\/www.diversclub-crete.gr\/wp-content\/uploads\/2023\/05\/price-list-2023-ger-diversclub-crete.pdf\" target=\"_blank\" rel=\"noopener\">Preise f\u00fcr Kredit-\/Debitkartenzahlung finden Sie hier<\/a>.<\/li>\n<\/ol>\n","protected":false},"excerpt":{"rendered":"<p>Preise f\u00fcr Tauchprogramme und -kurse auf Kreta Rabatt bis zu 25% auf Bootstauchg\u00e4nge! Sonderpreise f\u00fcr Gruppen (6+ Taucher) * * Keine Rabatte oder Sonderpreise f\u00fcr Juli und August. Diese Rabatte k\u00f6nnen nicht kombiniert werden. F&amp;B = Flasche und Blei K.A. = Kompletter Ausr\u00fcstung Bootstauchg\u00e4nge f\u00fcr zertifizierte Taucher 1 Tauchgang : 40 \u20ac (F&amp;B) 2-3 Tauchg\u00e4nge &#8230; <a title=\"Preise f\u00fcr Tauchprogramme und Kurse auf Kreta\" class=\"read-more\" href=\"https:\/\/www.diversclub-crete.gr\/de\/preisliste\/\" aria-label=\"Read more about Preise f\u00fcr Tauchprogramme und Kurse auf Kreta\">Read more<\/a><\/p>\n","protected":false},"author":2,"featured_media":0,"parent":0,"menu_order":0,"comment_status":"closed","ping_status":"closed","template":"","meta":{"footnotes":""},"class_list":["post-1341","page","type-page","status-publish"],"_links":{"self":[{"href":"https:\/\/www.diversclub-crete.gr\/de\/wp-json\/wp\/v2\/pages\/1341","targetHints":{"allow":["GET"]}}],"collection":[{"href":"https:\/\/www.diversclub-crete.gr\/de\/wp-json\/wp\/v2\/pages"}],"about":[{"href":"https:\/\/www.diversclub-crete.gr\/de\/wp-json\/wp\/v2\/types\/page"}],"author":[{"embeddable":true,"href":"https:\/\/www.diversclub-crete.gr\/de\/wp-json\/wp\/v2\/users\/2"}],"replies":[{"embeddable":true,"href":"https:\/\/www.diversclub-crete.gr\/de\/wp-json\/wp\/v2\/comments?post=1341"}],"version-history":[{"count":0,"href":"https:\/\/www.diversclub-crete.gr\/de\/wp-json\/wp\/v2\/pages\/1341\/revisions"}],"wp:attachment":[{"href":"https:\/\/www.diversclub-crete.gr\/de\/wp-json\/wp\/v2\/media?parent=1341"}],"curies":[{"name":"wp","href":"https:\/\/api.w.org\/{rel}","templated":true}]}}