{"id":1323,"date":"2020-01-25T07:49:08","date_gmt":"2020-01-25T05:49:08","guid":{"rendered":"https:\/\/divers.testix.eu\/?page_id=1323"},"modified":"2020-05-12T21:27:45","modified_gmt":"2020-05-12T18:27:45","slug":"message-sent","status":"publish","type":"page","link":"https:\/\/www.diversclub-crete.gr\/de\/message-sent\/","title":{"rendered":"Nachricht wird gesendet"},"content":{"rendered":"<div style=\"font-size: 20px;\">\n<p>Danke, dass Sie uns kontaktiert haben.<\/p>\n<p>Wir antworten normalerweise innerhalb von 24 Stunden.<\/p>\n<p><strong>Wenn Sie nach 48 Stunden nichts von uns geh\u00f6rt haben, \u00fcberpr\u00fcfen Sie den Spam-Ordner auf eine Nachricht von @diversclub-crete.gr<\/strong><\/p>\n<\/div>\n","protected":false},"excerpt":{"rendered":"<p>Danke, dass Sie uns kontaktiert haben. Wir antworten normalerweise innerhalb von 24 Stunden. Wenn Sie nach 48 Stunden nichts von uns geh\u00f6rt haben, \u00fcberpr\u00fcfen Sie den Spam-Ordner auf eine Nachricht von @diversclub-crete.gr<\/p>\n","protected":false},"author":1,"featured_media":0,"parent":0,"menu_order":0,"comment_status":"closed","ping_status":"closed","template":"","meta":{"footnotes":""},"class_list":["post-1323","page","type-page","status-publish"],"_links":{"self":[{"href":"https:\/\/www.diversclub-crete.gr\/de\/wp-json\/wp\/v2\/pages\/1323","targetHints":{"allow":["GET"]}}],"collection":[{"href":"https:\/\/www.diversclub-crete.gr\/de\/wp-json\/wp\/v2\/pages"}],"about":[{"href":"https:\/\/www.diversclub-crete.gr\/de\/wp-json\/wp\/v2\/types\/page"}],"author":[{"embeddable":true,"href":"https:\/\/www.diversclub-crete.gr\/de\/wp-json\/wp\/v2\/users\/1"}],"replies":[{"embeddable":true,"href":"https:\/\/www.diversclub-crete.gr\/de\/wp-json\/wp\/v2\/comments?post=1323"}],"version-history":[{"count":0,"href":"https:\/\/www.diversclub-crete.gr\/de\/wp-json\/wp\/v2\/pages\/1323\/revisions"}],"wp:attachment":[{"href":"https:\/\/www.diversclub-crete.gr\/de\/wp-json\/wp\/v2\/media?parent=1323"}],"curies":[{"name":"wp","href":"https:\/\/api.w.org\/{rel}","templated":true}]}}