{"id":1189,"date":"2019-12-09T17:42:23","date_gmt":"2019-12-09T15:42:23","guid":{"rendered":"https:\/\/divers.testix.eu\/sites-shipwrecks\/"},"modified":"2023-09-22T16:39:48","modified_gmt":"2023-09-22T13:39:48","slug":"sites-shipwrecks","status":"publish","type":"page","link":"https:\/\/www.diversclub-crete.gr\/de\/sites-shipwrecks\/","title":{"rendered":"Schiffswracks"},"content":{"rendered":"<h4>Spezieller Tagesausflug zum Schiffswracktauchen<\/h4>\n<p>Wenn die Wetterbedingungen besonders gut sind und wir gen\u00fcgend interessierte Taucher haben, organisieren wir einen speziellen Schiffswracktauch-Tagesausflug. <strong>Die 2 Tauchg\u00e4nge finden am Wrack eines Frachtschiffes und eines Dampfers<\/strong> in der N\u00e4he einer kleinen Insel vor der K\u00fcste Nordkretas statt.<\/p>\n<h1>Wrack eines Frachtschiffs<\/h1>\n<p>Das <strong>Frachtschiffswrack<\/strong> ist je nach Wetterlage 30 bis 40 Minuten mit dem Boot von unserer Tauchbasis entfernt. Unser Boot ankert in einer kleinen Bucht in 20 Metern Tiefe.<\/p>\n<table class=\"tg\" width=\"300\">\n<tbody>\n<tr>\n<th class=\"tg-kn0u\">Zertifizierte Taucher<\/th>\n<th class=\"tg-o098\"><a href=\"https:\/\/www.diversclub-crete.gr\/de\/tauchkurse\/#open-water-diver\"><span style=\"font-weight: normal;\">Level 1<\/span><\/a><\/th>\n<th class=\"tg-t0da\"><span style=\"font-weight: normal;\"><a href=\"https:\/\/www.diversclub-crete.gr\/de\/tauchkurse\/#advanced-open-water\">Level 2<\/a> oder h\u00f6her<\/span><\/th>\n<\/tr>\n<tr>\n<td class=\"tg-krdq\">Passend f\u00fcr:<\/td>\n<td class=\"tg-o098\" style=\"text-align: center;\">&#8211;<\/td>\n<td class=\"tg-t0da\" style=\"text-align: center;\">\u2713<\/td>\n<\/tr>\n<tr>\n<td class=\"tg-krdq\">Depth:<\/td>\n<td class=\"tg-o098\" style=\"text-align: center;\">&#8211;<\/td>\n<td class=\"tg-t0da\" style=\"text-align: center;\">30m<\/td>\n<\/tr>\n<\/tbody>\n<\/table>\n<p>Wir beginnen unseren Tauchgang aus 5 Metern, wo wir die ersten kleineren Teile des Frachtschiffs finden, das in zwei H\u00e4lften zerbrochen ist. Wir steigen dann direkt auf 22 Meter ab, wo ein gro\u00dfer Teil der Schiffshalle einen etwa 15 Meter langen Durchgang bildet. Nachdem wir unter der gro\u00dfen Metallplatte hindurchgefahren sind, k\u00f6nnen wir das hintere Ende des Schiffes sehen, das in einer Tiefe von 37 Metern liegt.<\/p>\n<p>Das Schiff liegt auf der linken Seite und kommt bis zu 27 Meter hoch. Dieser Teil ist ungef\u00e4hr 30 Meter lang und fast intakt, was bedeutet, dass die meisten seiner mechanischen Komponenten wie ein Kran, der gr\u00f6\u00dfte Teil der Br\u00fccke und eine Sirene\/Glocke und sogar einige Glasfenster noch vorhanden sind. Leider gibt es keinen Zugang zum Inneren des Schiffes, aber die meisten funktionellen Teile davon sind immer noch von au\u00dfen sichtbar.<\/p>\n<p>Nachdem wir ein paar Minuten am Wrack verbracht haben, bewegen wir uns in Richtung Riff, wo wir zwischen 10 und 14 Metern bleiben, w\u00e4hrend wir zur\u00fcck zu unserem Boot schwimmen. Auf dieser flacheren Seite des Riffs treffen wir auf viele zerbrochene Teile des Schiffes und seiner Ausr\u00fcstung sowie auf eine der gro\u00dfen Klampen, die zum Andocken des Schiffes verwendet wurden.<\/p>\n<p>Von diesem Punkt aus steigen wir in 5 Meter Tiefe auf, wo wir unseren Sicherheitsstopp machen, bevor wir wieder die Oberfl\u00e4che erreichen. An diesem Tauchplatz treffen wir normalerweise auf gro\u00dfe Zackenbarsche, gro\u00dfe Sardinenschw\u00e4rme, Dorade und Riffbarsche sowie einige verschiedene Arten von Nacktschnecken.<\/p>\n<h3><\/h3>\n<h1>Wrack des Dampfschiffes<\/h1>\n<p>Das <strong>Dampfschiff Schiffswrack<\/strong> ist 20 Minuten vom <strong>das Frachtschiffswrack<\/strong> entfernt und liegt in einer wundersch\u00f6nen Bucht mit kristallklarem Wasser und einer Sichtweite von bis zu 40 Metern. Das Riff beginnt bei 5 Metern, wo es ein gro\u00dfes Plateau bildet und dessen Seiten bis zu einer Tiefe von 20 Metern auf der Westseite und 50 Metern auf der Ostseite abfallen.<\/p>\n<table class=\"tg\" width=\"300\">\n<tbody>\n<tr>\n<th class=\"tg-kn0u\">Zertifizierte Taucher<\/th>\n<th class=\"tg-o098\"><a href=\"https:\/\/www.diversclub-crete.gr\/de\/tauchkurse\/#open-water-diver\"><span style=\"font-weight: normal;\">Level 1<\/span><\/a><\/th>\n<th class=\"tg-t0da\"><span style=\"font-weight: normal;\"><a href=\"https:\/\/www.diversclub-crete.gr\/de\/tauchkurse\/#advanced-open-water\">Level 2<\/a> oder h\u00f6her<\/span><\/th>\n<\/tr>\n<tr>\n<td class=\"tg-krdq\">Passend f\u00fcr:<\/td>\n<td class=\"tg-o098\" style=\"text-align: center;\">x<\/td>\n<td class=\"tg-t0da\" style=\"text-align: center;\">\u2713<\/td>\n<\/tr>\n<tr>\n<td class=\"tg-krdq\">Tiefe:<\/td>\n<td class=\"tg-o098\" style=\"text-align: center;\">x<\/td>\n<td class=\"tg-t0da\" style=\"text-align: center;\">20-26m<\/td>\n<\/tr>\n<\/tbody>\n<\/table>\n<p>Das Dampfschiff befindet sich auf der Westseite des Riffs, beginnt bei 10 Metern und geht allm\u00e4hlich bis auf 19 zur\u00fcck. Es ist ungef\u00e4hr 5-6 Meter breit und 25 Meter lang. Dieses Schiff war aus Holz, aber da es \u00fcber 130 Jahre alt ist, sehen wir nur noch seinen Metallrahmen, den vorderen Teil, wo sich fr\u00fcher die Kohlemaschine befand, und eine Metallleiter, die uns seine fr\u00fchere Form und Sch\u00f6nheit erahnen l\u00e4sst. Um das Wrack herum finden wir noch viele Kohlest\u00fccke, und auf dem Ger\u00fcst finden wir normalerweise viele Nacktschnecken und einige Tintenfische und gr\u00f6\u00dfere Fische.<\/p>\n<p>Nach dem Wrack bewegen wir uns weiter, um den Rest des wundersch\u00f6nen Riffs in Tiefen zwischen 18 und 12 Metern zu sehen. Dieser Teil des Riffs beherbergt einige sehr gro\u00dfe Schw\u00e4mme, Zackenbarsche, Mur\u00e4nen und gr\u00f6\u00dfere Fischschw\u00e4rme. Auf diesem besonderen Teil der Insel lebt auch die gro\u00dfe Synaptiden-Seegurke (Familie Synaptidae), die wir in flacherem Wasser sehen k\u00f6nnen und die bis zu 50 Zentimeter lang werden kann. Auf dem Weg nach Osten \u00fcber das Riff k\u00f6nnen wir auch viele Scherben antiker T\u00f6pferwaren sehen. Der Sicherheitsstopp beginnt an der Spitze des steilen Abhangs, der auf 50 Meter abf\u00e4llt und eine wundersch\u00f6ne Landschaft schafft, und wir beenden unseren Tauchgang im wundersch\u00f6nen t\u00fcrkisfarbenen Wasser der seichten Bucht.<\/p>\n<p>F\u00fcr diesen Tagesausflug ben\u00f6tigen wir gute Seebedingungen und eine Mindestanzahl von 6 Tauchern.<br \/>\nDie Treffpunktzeit in der Tauchbasis f\u00fcr diesen Ausflug ist gegen 09:00 Uhr und die R\u00fcckkehrzeit zur Tauchbasis ist gegen 16:00 Uhr. F\u00fcr diesen Tagesausflug fallen zus\u00e4tzliche Kosten von 30 \u20ac pro Person an, die Wasser, Erfrischungen und Obst enthalten, jedoch keine Mahlzeit. Taucher k\u00f6nnen den Minik\u00fchlschrank und die Kabine des Bootes nutzen, um zus\u00e4tzliche Lebensmittel und Getr\u00e4nke aufzubewahren, die sie auf die Reise mitnehmen m\u00f6chten.<\/p>\n<p>Weitere Informationen zu unseren Programmen f\u00fcr zertifizierte Taucher und die M\u00f6glichkeit zur Reservierung finden Sie <a href=\"https:\/\/www.diversclub-crete.gr\/de\/cert-divers-ger\/\">hier<\/a>.<\/p>\n<p>* unsere Tauchpl\u00e4tze: <a href=\"https:\/\/www.diversclub-crete.gr\/de\/sites-elgrecocave-ger\/\">El Greco H\u00f6hle<\/a> \u2013 <a href=\"https:\/\/www.diversclub-crete.gr\/de\/sites-elgrecoreef-ger\/\">El Greco Riff<\/a> \u2013 <a href=\"https:\/\/www.diversclub-crete.gr\/de\/sites-stavros-ger\/\">Stavros Cape<\/a> \u2013 <a href=\"https:\/\/www.diversclub-crete.gr\/de\/sites-dias-rock\/\">Dia\u2019s Rock<\/a> \u2013 <a href=\"https:\/\/www.diversclub-crete.gr\/de\/sites-neptunes-rock\/\">Neptune\u2019s Rock<\/a> \u2013 <a href=\"https:\/\/www.diversclub-crete.gr\/de\/sites-mononaftis-ger\/\">Mononaftis<\/a> \u2013 <a href=\"https:\/\/www.diversclub-crete.gr\/de\/sites-lygaria\/\">Lygaria<\/a> \u2013 <a href=\"https:\/\/www.diversclub-crete.gr\/de\/sites-anchor-ger\/\">Big Anchor<\/a> \u2013 <a href=\"https:\/\/www.diversclub-crete.gr\/de\/sites-bluecave\/\">Blue Cave<\/a> \u2013 <a href=\"https:\/\/www.diversclub-crete.gr\/de\/sites-daedalos-ger\/\">Daedalos<\/a> \u2013 <a href=\"https:\/\/www.diversclub-crete.gr\/de\/sites-shipwrecks\/\">Schiffswracks<\/a> \u2013 <a href=\"https:\/\/www.diversclub-crete.gr\/de\/sites-wreck-ger\/\">Messerschmitt Wrack<\/a><\/p>\n<div id='gallery-1' class='gallery galleryid-1189 gallery-columns-3 gallery-size-medium'><figure class='gallery-item'>\n\t\t\t<div class='gallery-icon landscape'>\n\t\t\t\t<a href='https:\/\/www.diversclub-crete.gr\/wp-content\/uploads\/2021\/02\/ship-wreck-cargo-01-1200X900.jpg'><img decoding=\"async\" width=\"445\" height=\"334\" src=\"https:\/\/www.diversclub-crete.gr\/wp-content\/uploads\/2021\/02\/ship-wreck-cargo-01-1200X900-445x334.jpg\" class=\"attachment-medium size-medium\" alt=\"shipwreck cargo in crete\" srcset=\"https:\/\/www.diversclub-crete.gr\/wp-content\/uploads\/2021\/02\/ship-wreck-cargo-01-1200X900-445x334.jpg 445w, https:\/\/www.diversclub-crete.gr\/wp-content\/uploads\/2021\/02\/ship-wreck-cargo-01-1200X900-891x668.jpg 891w, https:\/\/www.diversclub-crete.gr\/wp-content\/uploads\/2021\/02\/ship-wreck-cargo-01-1200X900-768x576.jpg 768w, https:\/\/www.diversclub-crete.gr\/wp-content\/uploads\/2021\/02\/ship-wreck-cargo-01-1200X900.jpg 1200w\" sizes=\"(max-width: 445px) 100vw, 445px\" \/><\/a>\n\t\t\t<\/div><\/figure><figure class='gallery-item'>\n\t\t\t<div class='gallery-icon landscape'>\n\t\t\t\t<a href='https:\/\/www.diversclub-crete.gr\/wp-content\/uploads\/2021\/02\/ship-wreck-cargo-02-1200X900.jpg'><img decoding=\"async\" width=\"445\" height=\"334\" src=\"https:\/\/www.diversclub-crete.gr\/wp-content\/uploads\/2021\/02\/ship-wreck-cargo-02-1200\u03a7900-445x334.jpg\" class=\"attachment-medium size-medium\" alt=\"shipwreck cargo in crete\" srcset=\"https:\/\/www.diversclub-crete.gr\/wp-content\/uploads\/2021\/02\/ship-wreck-cargo-02-1200\u03a7900-445x334.jpg 445w, https:\/\/www.diversclub-crete.gr\/wp-content\/uploads\/2021\/02\/ship-wreck-cargo-02-1200\u03a7900-891x668.jpg 891w, https:\/\/www.diversclub-crete.gr\/wp-content\/uploads\/2021\/02\/ship-wreck-cargo-02-1200\u03a7900-768x576.jpg 768w, https:\/\/www.diversclub-crete.gr\/wp-content\/uploads\/2021\/02\/ship-wreck-cargo-02-1200\u03a7900.jpg 1200w\" sizes=\"(max-width: 445px) 100vw, 445px\" \/><\/a>\n\t\t\t<\/div><\/figure><figure class='gallery-item'>\n\t\t\t<div class='gallery-icon landscape'>\n\t\t\t\t<a href='https:\/\/www.diversclub-crete.gr\/wp-content\/uploads\/2021\/02\/ship-wreck-cargo-03-1200X900.jpg'><img decoding=\"async\" width=\"445\" height=\"334\" src=\"https:\/\/www.diversclub-crete.gr\/wp-content\/uploads\/2021\/02\/ship-wreck-cargo-03-1200X900-445x334.jpg\" class=\"attachment-medium size-medium\" alt=\"shipwreck cargo in crete\" srcset=\"https:\/\/www.diversclub-crete.gr\/wp-content\/uploads\/2021\/02\/ship-wreck-cargo-03-1200X900-445x334.jpg 445w, https:\/\/www.diversclub-crete.gr\/wp-content\/uploads\/2021\/02\/ship-wreck-cargo-03-1200X900-891x668.jpg 891w, https:\/\/www.diversclub-crete.gr\/wp-content\/uploads\/2021\/02\/ship-wreck-cargo-03-1200X900-768x576.jpg 768w, https:\/\/www.diversclub-crete.gr\/wp-content\/uploads\/2021\/02\/ship-wreck-cargo-03-1200X900.jpg 1200w\" sizes=\"(max-width: 445px) 100vw, 445px\" \/><\/a>\n\t\t\t<\/div><\/figure><figure class='gallery-item'>\n\t\t\t<div class='gallery-icon landscape'>\n\t\t\t\t<a href='https:\/\/www.diversclub-crete.gr\/wp-content\/uploads\/2021\/02\/ship-wreck-steam-02-1200X900.jpg'><img decoding=\"async\" width=\"445\" height=\"334\" src=\"https:\/\/www.diversclub-crete.gr\/wp-content\/uploads\/2021\/02\/ship-wreck-steam-02-1200X900-445x334.jpg\" class=\"attachment-medium size-medium\" alt=\"shipwreck steamboat in crete\" srcset=\"https:\/\/www.diversclub-crete.gr\/wp-content\/uploads\/2021\/02\/ship-wreck-steam-02-1200X900-445x334.jpg 445w, https:\/\/www.diversclub-crete.gr\/wp-content\/uploads\/2021\/02\/ship-wreck-steam-02-1200X900-891x668.jpg 891w, https:\/\/www.diversclub-crete.gr\/wp-content\/uploads\/2021\/02\/ship-wreck-steam-02-1200X900-768x576.jpg 768w, https:\/\/www.diversclub-crete.gr\/wp-content\/uploads\/2021\/02\/ship-wreck-steam-02-1200X900.jpg 1200w\" sizes=\"(max-width: 445px) 100vw, 445px\" \/><\/a>\n\t\t\t<\/div><\/figure><figure class='gallery-item'>\n\t\t\t<div class='gallery-icon landscape'>\n\t\t\t\t<a href='https:\/\/www.diversclub-crete.gr\/wp-content\/uploads\/2021\/02\/ship-wreck-steam-03-1200X900.jpg'><img decoding=\"async\" width=\"445\" height=\"334\" src=\"https:\/\/www.diversclub-crete.gr\/wp-content\/uploads\/2021\/02\/ship-wreck-steam-03-1200X900-445x334.jpg\" class=\"attachment-medium size-medium\" alt=\"shipwreck steamboat in crete\" srcset=\"https:\/\/www.diversclub-crete.gr\/wp-content\/uploads\/2021\/02\/ship-wreck-steam-03-1200X900-445x334.jpg 445w, https:\/\/www.diversclub-crete.gr\/wp-content\/uploads\/2021\/02\/ship-wreck-steam-03-1200X900-891x668.jpg 891w, https:\/\/www.diversclub-crete.gr\/wp-content\/uploads\/2021\/02\/ship-wreck-steam-03-1200X900-768x576.jpg 768w, https:\/\/www.diversclub-crete.gr\/wp-content\/uploads\/2021\/02\/ship-wreck-steam-03-1200X900.jpg 1200w\" sizes=\"(max-width: 445px) 100vw, 445px\" \/><\/a>\n\t\t\t<\/div><\/figure><figure class='gallery-item'>\n\t\t\t<div class='gallery-icon landscape'>\n\t\t\t\t<a href='https:\/\/www.diversclub-crete.gr\/wp-content\/uploads\/2021\/02\/ship-wreck-steam-04-1200X900.jpg'><img decoding=\"async\" width=\"445\" height=\"334\" src=\"https:\/\/www.diversclub-crete.gr\/wp-content\/uploads\/2021\/02\/ship-wreck-steam-04-1200X900-445x334.jpg\" class=\"attachment-medium size-medium\" alt=\"shipwreck steamboat in crete\" srcset=\"https:\/\/www.diversclub-crete.gr\/wp-content\/uploads\/2021\/02\/ship-wreck-steam-04-1200X900-445x334.jpg 445w, https:\/\/www.diversclub-crete.gr\/wp-content\/uploads\/2021\/02\/ship-wreck-steam-04-1200X900-891x668.jpg 891w, https:\/\/www.diversclub-crete.gr\/wp-content\/uploads\/2021\/02\/ship-wreck-steam-04-1200X900-768x576.jpg 768w, https:\/\/www.diversclub-crete.gr\/wp-content\/uploads\/2021\/02\/ship-wreck-steam-04-1200X900.jpg 1200w\" sizes=\"(max-width: 445px) 100vw, 445px\" \/><\/a>\n\t\t\t<\/div><\/figure>\n\t\t<\/div>\n\n","protected":false},"excerpt":{"rendered":"<p>Spezieller Tagesausflug zum Schiffswracktauchen Wenn die Wetterbedingungen besonders gut sind und wir gen\u00fcgend interessierte Taucher haben, organisieren wir einen speziellen Schiffswracktauch-Tagesausflug. Die 2 Tauchg\u00e4nge finden am Wrack eines Frachtschiffes und eines Dampfers in der N\u00e4he einer kleinen Insel vor der K\u00fcste Nordkretas statt. Wrack eines Frachtschiffs Das Frachtschiffswrack ist je nach Wetterlage 30 bis 40 &#8230; <a title=\"Schiffswracks\" class=\"read-more\" href=\"https:\/\/www.diversclub-crete.gr\/de\/sites-shipwrecks\/\" aria-label=\"Read more about Schiffswracks\">Read more<\/a><\/p>\n","protected":false},"author":2,"featured_media":0,"parent":0,"menu_order":0,"comment_status":"closed","ping_status":"closed","template":"","meta":{"footnotes":""},"class_list":["post-1189","page","type-page","status-publish"],"_links":{"self":[{"href":"https:\/\/www.diversclub-crete.gr\/de\/wp-json\/wp\/v2\/pages\/1189","targetHints":{"allow":["GET"]}}],"collection":[{"href":"https:\/\/www.diversclub-crete.gr\/de\/wp-json\/wp\/v2\/pages"}],"about":[{"href":"https:\/\/www.diversclub-crete.gr\/de\/wp-json\/wp\/v2\/types\/page"}],"author":[{"embeddable":true,"href":"https:\/\/www.diversclub-crete.gr\/de\/wp-json\/wp\/v2\/users\/2"}],"replies":[{"embeddable":true,"href":"https:\/\/www.diversclub-crete.gr\/de\/wp-json\/wp\/v2\/comments?post=1189"}],"version-history":[{"count":0,"href":"https:\/\/www.diversclub-crete.gr\/de\/wp-json\/wp\/v2\/pages\/1189\/revisions"}],"wp:attachment":[{"href":"https:\/\/www.diversclub-crete.gr\/de\/wp-json\/wp\/v2\/media?parent=1189"}],"curies":[{"name":"wp","href":"https:\/\/api.w.org\/{rel}","templated":true}]}}