{"id":1184,"date":"2019-12-09T17:21:02","date_gmt":"2019-12-09T15:21:02","guid":{"rendered":"https:\/\/divers.testix.eu\/sites-neptunes-rock\/"},"modified":"2023-09-22T16:37:49","modified_gmt":"2023-09-22T13:37:49","slug":"sites-neptunes-rock","status":"publish","type":"page","link":"https:\/\/www.diversclub-crete.gr\/de\/sites-neptunes-rock\/","title":{"rendered":"Neptune\u2019s Rock Tauchplatz"},"content":{"rendered":"<h1>Neptune&#8217;s Rock<\/h1>\n<p><strong>Neptune\u2019s Rock<\/strong> ist ein ganz anderer Tauchplatz als alle anderen Tauchpl\u00e4tze in unserer Gegend. Dieser Ort hat eine reinere und wildere Art von Sch\u00f6nheit. Die Tiefen an diesem Tauchplatz variieren zwischen maximal 18 Metern f\u00fcr Anf\u00e4nger und 28 Metern f\u00fcr erfahrenere Taucher.<\/p>\n<table class=\"tg\" width=\"300\">\n<tbody>\n<tr>\n<th class=\"tg-kn0u\">Zertifizierte Taucher<\/th>\n<th class=\"tg-o098\"><a href=\"https:\/\/www.diversclub-crete.gr\/de\/tauchkurse\/#open-water-diver\"><span style=\"font-weight: normal;\">Level 1<\/span><\/a><\/th>\n<th class=\"tg-t0da\"><span style=\"font-weight: normal;\"><a href=\"https:\/\/www.diversclub-crete.gr\/de\/tauchkurse\/#advanced-open-water\">Level 2<\/a> oder h\u00f6her<\/span><\/th>\n<\/tr>\n<tr>\n<td class=\"tg-krdq\">Passend f\u00fcr:<\/td>\n<td class=\"tg-o098\" style=\"text-align: center;\">\u2713<\/td>\n<td class=\"tg-t0da\" style=\"text-align: center;\">\u2713<\/td>\n<\/tr>\n<tr>\n<td class=\"tg-krdq\">Tiefe:<\/td>\n<td class=\"tg-o098\" style=\"text-align: center;\">18m<\/td>\n<td class=\"tg-t0da\" style=\"text-align: center;\">28m<\/td>\n<\/tr>\n<\/tbody>\n<\/table>\n<p>Der erste Teil unseres Tauchgangs wird durch viele gro\u00dfe und kleinere Felsen gef\u00fchrt, die auf dem Sandboden liegen und den perfekten Lebensraum f\u00fcr Zackenbarsche sowie kleinere Fische und Anemonen schaffen. Sobald wir 18 Meter Tiefe erreicht haben, kommen wir an ein steiler Hang, wo wir Neptune&#8217;s Rock treffen. Dieser massive Felsen ist 25 Meter breit und fast 20 Meter hoch, beginnend in einer Tiefe von 28 Metern und bis zu etwa 8 Metern. Rund um den Felsen gibt es viele H\u00f6hlen, in denen Hummer, Krabben, Garnelen, Mur\u00e4nen, Anemonen und mehr Meer leben Tiere leben. Dieser Ort ist auch die Heimat von Zackenbarschen, Tintenfischen und farbenfrohen Nacktschnecken.<\/p>\n<p>Auf dem R\u00fcckweg folgen wir der gleichen Route \u00fcber die Riffwand in 12 Metern Tiefe in Richtung unseres Bootes. Am Ende unseres Tauchgangs betreten wir einen nat\u00fcrlich geformten runden Hafen mit einer maximalen Tiefe von 7 Metern, der einem See mit gro\u00dfer Sicht und sehr ruhigem Wasser \u00e4hnelt. Dieser Teil ist aufgrund der sch\u00f6nen Farben auf den vielen Felsen in verschiedenen Formen und Gr\u00f6\u00dfen und der dort lebenden Gruppen kleiner Fische perfekt, um Ihren Geist zu entspannen, w\u00e4hrend Sie unseren Sicherheitsstopp machen.<\/p>\n<p>Weitere Informationen zu unseren Programmen f\u00fcr zertifizierte Taucher und die M\u00f6glichkeit zur Reservierung finden Sie <a href=\"https:\/\/www.diversclub-crete.gr\/de\/cert-divers-ger\/\">hier<\/a>.<\/p>\n<p>* unsere Tauchpl\u00e4tze: <a href=\"https:\/\/www.diversclub-crete.gr\/de\/sites-elgrecocave-ger\/\">El Greco H\u00f6hle<\/a> \u2013 <a href=\"https:\/\/www.diversclub-crete.gr\/de\/sites-elgrecoreef-ger\/\">El Greco Riff<\/a> \u2013 <a href=\"https:\/\/www.diversclub-crete.gr\/de\/sites-stavros-ger\/\">Stavros Cape<\/a> \u2013 <a href=\"https:\/\/www.diversclub-crete.gr\/de\/sites-dias-rock\/\">Dia\u2019s Rock<\/a> \u2013 <a href=\"https:\/\/www.diversclub-crete.gr\/de\/sites-neptunes-rock\/\">Neptune\u2019s Rock<\/a> \u2013 <a href=\"https:\/\/www.diversclub-crete.gr\/de\/sites-mononaftis-ger\/\">Mononaftis<\/a> \u2013 <a href=\"https:\/\/www.diversclub-crete.gr\/de\/sites-lygaria\/\">Lygaria<\/a> \u2013 <a href=\"https:\/\/www.diversclub-crete.gr\/de\/sites-anchor-ger\/\">Big Anchor<\/a> \u2013 <a href=\"https:\/\/www.diversclub-crete.gr\/de\/sites-bluecave\/\">Blue Cave<\/a> \u2013 <a href=\"https:\/\/www.diversclub-crete.gr\/de\/sites-daedalos-ger\/\">Daedalos<\/a> \u2013 <a href=\"https:\/\/www.diversclub-crete.gr\/de\/sites-shipwrecks\/\">Schiffswracks<\/a> \u2013 <a href=\"https:\/\/www.diversclub-crete.gr\/de\/sites-wreck-ger\/\">Messerschmitt Wrack<\/a><\/p>\n<div id='gallery-1' class='gallery galleryid-1184 gallery-columns-3 gallery-size-medium'><figure class='gallery-item'>\n\t\t\t<div class='gallery-icon landscape'>\n\t\t\t\t<a href='https:\/\/www.diversclub-crete.gr\/wp-content\/uploads\/2021\/02\/neptunes-rock-04-1200X900.jpg'><img decoding=\"async\" width=\"445\" height=\"334\" src=\"https:\/\/www.diversclub-crete.gr\/wp-content\/uploads\/2021\/02\/neptunes-rock-04-1200X900-445x334.jpg\" class=\"attachment-medium size-medium\" alt=\"diving at neptune\u2019s rock\" srcset=\"https:\/\/www.diversclub-crete.gr\/wp-content\/uploads\/2021\/02\/neptunes-rock-04-1200X900-445x334.jpg 445w, https:\/\/www.diversclub-crete.gr\/wp-content\/uploads\/2021\/02\/neptunes-rock-04-1200X900-891x668.jpg 891w, https:\/\/www.diversclub-crete.gr\/wp-content\/uploads\/2021\/02\/neptunes-rock-04-1200X900-768x576.jpg 768w, https:\/\/www.diversclub-crete.gr\/wp-content\/uploads\/2021\/02\/neptunes-rock-04-1200X900.jpg 1200w\" sizes=\"(max-width: 445px) 100vw, 445px\" \/><\/a>\n\t\t\t<\/div><\/figure><figure class='gallery-item'>\n\t\t\t<div class='gallery-icon landscape'>\n\t\t\t\t<a href='https:\/\/www.diversclub-crete.gr\/wp-content\/uploads\/2021\/02\/neptunes-rock-05-1200X900.jpg'><img decoding=\"async\" width=\"445\" height=\"334\" src=\"https:\/\/www.diversclub-crete.gr\/wp-content\/uploads\/2021\/02\/neptunes-rock-05-1200X900-445x334.jpg\" class=\"attachment-medium size-medium\" alt=\"diving at neptune\u2019s rock\" srcset=\"https:\/\/www.diversclub-crete.gr\/wp-content\/uploads\/2021\/02\/neptunes-rock-05-1200X900-445x334.jpg 445w, https:\/\/www.diversclub-crete.gr\/wp-content\/uploads\/2021\/02\/neptunes-rock-05-1200X900-891x668.jpg 891w, https:\/\/www.diversclub-crete.gr\/wp-content\/uploads\/2021\/02\/neptunes-rock-05-1200X900-768x576.jpg 768w, https:\/\/www.diversclub-crete.gr\/wp-content\/uploads\/2021\/02\/neptunes-rock-05-1200X900.jpg 1200w\" sizes=\"(max-width: 445px) 100vw, 445px\" \/><\/a>\n\t\t\t<\/div><\/figure><figure class='gallery-item'>\n\t\t\t<div class='gallery-icon landscape'>\n\t\t\t\t<a href='https:\/\/www.diversclub-crete.gr\/wp-content\/uploads\/2021\/02\/octopus-dp361990018-1200X900.jpg'><img decoding=\"async\" width=\"445\" height=\"334\" src=\"https:\/\/www.diversclub-crete.gr\/wp-content\/uploads\/2021\/02\/octopus-dp361990018-1200X900-445x334.jpg\" class=\"attachment-medium size-medium\" alt=\"octopus at neptune\u2019s rock\" srcset=\"https:\/\/www.diversclub-crete.gr\/wp-content\/uploads\/2021\/02\/octopus-dp361990018-1200X900-445x334.jpg 445w, https:\/\/www.diversclub-crete.gr\/wp-content\/uploads\/2021\/02\/octopus-dp361990018-1200X900-891x668.jpg 891w, https:\/\/www.diversclub-crete.gr\/wp-content\/uploads\/2021\/02\/octopus-dp361990018-1200X900-768x576.jpg 768w, https:\/\/www.diversclub-crete.gr\/wp-content\/uploads\/2021\/02\/octopus-dp361990018-1200X900.jpg 1200w\" sizes=\"(max-width: 445px) 100vw, 445px\" \/><\/a>\n\t\t\t<\/div><\/figure>\n\t\t<\/div>\n\n","protected":false},"excerpt":{"rendered":"<p>Neptune&#8217;s Rock Neptune\u2019s Rock ist ein ganz anderer Tauchplatz als alle anderen Tauchpl\u00e4tze in unserer Gegend. Dieser Ort hat eine reinere und wildere Art von Sch\u00f6nheit. Die Tiefen an diesem Tauchplatz variieren zwischen maximal 18 Metern f\u00fcr Anf\u00e4nger und 28 Metern f\u00fcr erfahrenere Taucher. Zertifizierte Taucher Level 1 Level 2 oder h\u00f6her Passend f\u00fcr: \u2713 &#8230; <a title=\"Neptune\u2019s Rock Tauchplatz\" class=\"read-more\" href=\"https:\/\/www.diversclub-crete.gr\/de\/sites-neptunes-rock\/\" aria-label=\"Read more about Neptune\u2019s Rock Tauchplatz\">Read more<\/a><\/p>\n","protected":false},"author":2,"featured_media":0,"parent":0,"menu_order":0,"comment_status":"closed","ping_status":"closed","template":"","meta":{"footnotes":""},"class_list":["post-1184","page","type-page","status-publish"],"_links":{"self":[{"href":"https:\/\/www.diversclub-crete.gr\/de\/wp-json\/wp\/v2\/pages\/1184","targetHints":{"allow":["GET"]}}],"collection":[{"href":"https:\/\/www.diversclub-crete.gr\/de\/wp-json\/wp\/v2\/pages"}],"about":[{"href":"https:\/\/www.diversclub-crete.gr\/de\/wp-json\/wp\/v2\/types\/page"}],"author":[{"embeddable":true,"href":"https:\/\/www.diversclub-crete.gr\/de\/wp-json\/wp\/v2\/users\/2"}],"replies":[{"embeddable":true,"href":"https:\/\/www.diversclub-crete.gr\/de\/wp-json\/wp\/v2\/comments?post=1184"}],"version-history":[{"count":0,"href":"https:\/\/www.diversclub-crete.gr\/de\/wp-json\/wp\/v2\/pages\/1184\/revisions"}],"wp:attachment":[{"href":"https:\/\/www.diversclub-crete.gr\/de\/wp-json\/wp\/v2\/media?parent=1184"}],"curies":[{"name":"wp","href":"https:\/\/api.w.org\/{rel}","templated":true}]}}