{"id":1136,"date":"2019-12-09T17:16:36","date_gmt":"2019-12-09T15:16:36","guid":{"rendered":"https:\/\/divers.testix.eu\/sites-dias-rock\/"},"modified":"2023-09-22T16:37:35","modified_gmt":"2023-09-22T13:37:35","slug":"sites-dias-rock","status":"publish","type":"page","link":"https:\/\/www.diversclub-crete.gr\/de\/sites-dias-rock\/","title":{"rendered":"Dia\u2019s Rock Tauchplatz"},"content":{"rendered":"<h1>Dia\u2019s Rock<\/h1>\n<p><strong>Dia\u2019s Rock<\/strong> liegt in einer kleinen Bucht, 1,5 Seemeilen von unserer Tauchbasis in Agia Pelagia entfernt. Das Riff innerhalb der Bucht geht allm\u00e4hlich von 5 Metern auf 18 Meter nach unten, und auf der Au\u00dfenseite erzeugt es einen Hang, der bei 8 Metern beginnt und bis zu 25 Meter tief werden kann.<\/p>\n<table class=\"tg\" width=\"300\">\n<tbody>\n<tr>\n<th class=\"tg-kn0u\">Zertifizierte Taucher<\/th>\n<th class=\"tg-o098\"><a href=\"https:\/\/www.diversclub-crete.gr\/de\/tauchkurse\/#open-water-diver\"><span style=\"font-weight: normal;\">Level 1<\/span><\/a><\/th>\n<th class=\"tg-t0da\"><span style=\"font-weight: normal;\"><a href=\"https:\/\/www.diversclub-crete.gr\/de\/tauchkurse\/#advanced-open-water\">Level 2<\/a> oder h\u00f6her<\/span><\/th>\n<\/tr>\n<tr>\n<td class=\"tg-krdq\">Passend f\u00fcr:<\/td>\n<td class=\"tg-o098\" style=\"text-align: center;\">\u2713<\/td>\n<td class=\"tg-t0da\" style=\"text-align: center;\">\u2713<\/td>\n<\/tr>\n<tr>\n<td class=\"tg-krdq\">Tiefe:<\/td>\n<td class=\"tg-o098\" style=\"text-align: center;\">18m<\/td>\n<td class=\"tg-t0da\" style=\"text-align: center;\">25m<\/td>\n<\/tr>\n<\/tbody>\n<\/table>\n<p>Unser Boot ankert nahe der K\u00fcste in flachen und ruhigen Gew\u00e4ssern in einer Tiefe von 5 Metern, was unseren Abstieg sehr einfach macht. Wir beginnen unseren Tauchgang entlang des Riffs, das uns zur Ecke der Bucht in einer Tiefe von 18 Metern f\u00fchrt. Kurz vor der Ecke in einer Tiefe von 16 Metern, unter einem Felsen, befinden sich kleine Metallteile und die H\u00fclle einer Mine aus dem Zweiten Weltkrieg.<\/p>\n<p>Nach der Mine biegen wir aus der Bucht ab, was uns zu einem Ort mit vielen H\u00f6hlen f\u00fchrt, wo wir Zackenbarsche und Mur\u00e4nen finden k\u00f6nnen. Diese Ecke ist die Heimat vieler Sardinen, Seebrassen und Riffbarsche, die oft eine sch\u00f6ne Wolke in verschiedenen Farben bilden.<\/p>\n<p>Im tieferen Teil des Riffs k\u00f6nnen wir normalerweise gr\u00f6\u00dfere Zackenbarsche, Dentex und andere gr\u00f6\u00dfere Fische beobachten, die nach ihrem Gebet jagen. Sobald wir uns auf den Weg zur\u00fcck zum Boot machen, beginnen wir mit dem Aufstieg in flacheres Wasser, das sich der Wand des Riffs auf 12 Meter n\u00e4hert.<\/p>\n<p>Hier treffen wir wieder auf die gro\u00dfen Gruppen kleinerer Fische sowie Krabben, Nacktschnecken und gelegentlich Trompetenfische und Barrakudas. Wir beenden unseren Tauchgang mit dem Sicherheitsstopp unter unserem Boot im kristallklaren Wasser dieser wundersch\u00f6nen Bucht, wo wir Oktopusse finden k\u00f6nnen, die sich in kleinen L\u00f6chern in den Felsen verstecken.<\/p>\n<p>Weitere Informationen zu unseren Programmen f\u00fcr zertifizierte Taucher und die M\u00f6glichkeit zur Reservierung finden Sie <a href=\"https:\/\/www.diversclub-crete.gr\/de\/cert-divers-ger\/\">hier<\/a>.<\/p>\n<p>* unsere Tauchpl\u00e4tze: <a href=\"https:\/\/www.diversclub-crete.gr\/de\/sites-elgrecocave-ger\/\">El Greco H\u00f6hle<\/a> \u2013 <a href=\"https:\/\/www.diversclub-crete.gr\/de\/sites-elgrecoreef-ger\/\">El Greco Riff<\/a> \u2013 <a href=\"https:\/\/www.diversclub-crete.gr\/de\/sites-stavros-ger\/\">Stavros Cape<\/a> \u2013 <a href=\"https:\/\/www.diversclub-crete.gr\/de\/sites-dias-rock\/\">Dia\u2019s Rock<\/a> \u2013 <a href=\"https:\/\/www.diversclub-crete.gr\/de\/sites-neptunes-rock\/\">Neptune\u2019s Rock<\/a> \u2013 <a href=\"https:\/\/www.diversclub-crete.gr\/de\/sites-mononaftis-ger\/\">Mononaftis<\/a> \u2013 <a href=\"https:\/\/www.diversclub-crete.gr\/de\/sites-lygaria\/\">Lygaria<\/a> \u2013 <a href=\"https:\/\/www.diversclub-crete.gr\/de\/sites-anchor-ger\/\">Big Anchor<\/a> \u2013 <a href=\"https:\/\/www.diversclub-crete.gr\/de\/sites-bluecave\/\">Blue Cave<\/a> \u2013 <a href=\"https:\/\/www.diversclub-crete.gr\/de\/sites-daedalos-ger\/\">Daedalos<\/a> \u2013 <a href=\"https:\/\/www.diversclub-crete.gr\/de\/sites-shipwrecks\/\">Schiffswracks<\/a> \u2013 <a href=\"https:\/\/www.diversclub-crete.gr\/de\/sites-wreck-ger\/\">Messerschmitt Wrack<\/a><\/p>\n<div id='gallery-1' class='gallery galleryid-1136 gallery-columns-3 gallery-size-medium'><figure class='gallery-item'>\n\t\t\t<div class='gallery-icon landscape'>\n\t\t\t\t<a href='https:\/\/www.diversclub-crete.gr\/wp-content\/uploads\/2021\/02\/dias-rock-04-1200X900.jpg'><img decoding=\"async\" width=\"445\" height=\"334\" src=\"https:\/\/www.diversclub-crete.gr\/wp-content\/uploads\/2021\/02\/dias-rock-04-1200\u03a7900-445x334.jpg\" class=\"attachment-medium size-medium\" alt=\"fish at ntia\u2019s rock\" srcset=\"https:\/\/www.diversclub-crete.gr\/wp-content\/uploads\/2021\/02\/dias-rock-04-1200\u03a7900-445x334.jpg 445w, https:\/\/www.diversclub-crete.gr\/wp-content\/uploads\/2021\/02\/dias-rock-04-1200\u03a7900-891x668.jpg 891w, https:\/\/www.diversclub-crete.gr\/wp-content\/uploads\/2021\/02\/dias-rock-04-1200\u03a7900-768x576.jpg 768w, https:\/\/www.diversclub-crete.gr\/wp-content\/uploads\/2021\/02\/dias-rock-04-1200\u03a7900.jpg 1200w\" sizes=\"(max-width: 445px) 100vw, 445px\" \/><\/a>\n\t\t\t<\/div><\/figure><figure class='gallery-item'>\n\t\t\t<div class='gallery-icon landscape'>\n\t\t\t\t<a href='https:\/\/www.diversclub-crete.gr\/wp-content\/uploads\/2021\/02\/dias-rock-05-1200X900.jpg'><img decoding=\"async\" width=\"445\" height=\"334\" src=\"https:\/\/www.diversclub-crete.gr\/wp-content\/uploads\/2021\/02\/dias-rock-05-1200\u03a7900-445x334.jpg\" class=\"attachment-medium size-medium\" alt=\"ntia\u2019s rock\" srcset=\"https:\/\/www.diversclub-crete.gr\/wp-content\/uploads\/2021\/02\/dias-rock-05-1200\u03a7900-445x334.jpg 445w, https:\/\/www.diversclub-crete.gr\/wp-content\/uploads\/2021\/02\/dias-rock-05-1200\u03a7900-891x668.jpg 891w, https:\/\/www.diversclub-crete.gr\/wp-content\/uploads\/2021\/02\/dias-rock-05-1200\u03a7900-768x576.jpg 768w, https:\/\/www.diversclub-crete.gr\/wp-content\/uploads\/2021\/02\/dias-rock-05-1200\u03a7900.jpg 1200w\" sizes=\"(max-width: 445px) 100vw, 445px\" \/><\/a>\n\t\t\t<\/div><\/figure><figure class='gallery-item'>\n\t\t\t<div class='gallery-icon landscape'>\n\t\t\t\t<a href='https:\/\/www.diversclub-crete.gr\/wp-content\/uploads\/2021\/02\/dias-rock-03-1200X900.jpg'><img decoding=\"async\" width=\"445\" height=\"334\" src=\"https:\/\/www.diversclub-crete.gr\/wp-content\/uploads\/2021\/02\/dias-rock-03-1200\u03a7900-445x334.jpg\" class=\"attachment-medium size-medium\" alt=\"fish at ntia\u2019s rock\" srcset=\"https:\/\/www.diversclub-crete.gr\/wp-content\/uploads\/2021\/02\/dias-rock-03-1200\u03a7900-445x334.jpg 445w, https:\/\/www.diversclub-crete.gr\/wp-content\/uploads\/2021\/02\/dias-rock-03-1200\u03a7900-891x668.jpg 891w, https:\/\/www.diversclub-crete.gr\/wp-content\/uploads\/2021\/02\/dias-rock-03-1200\u03a7900-768x576.jpg 768w, https:\/\/www.diversclub-crete.gr\/wp-content\/uploads\/2021\/02\/dias-rock-03-1200\u03a7900.jpg 1200w\" sizes=\"(max-width: 445px) 100vw, 445px\" \/><\/a>\n\t\t\t<\/div><\/figure>\n\t\t<\/div>\n\n","protected":false},"excerpt":{"rendered":"<p>Dia\u2019s Rock Dia\u2019s Rock liegt in einer kleinen Bucht, 1,5 Seemeilen von unserer Tauchbasis in Agia Pelagia entfernt. Das Riff innerhalb der Bucht geht allm\u00e4hlich von 5 Metern auf 18 Meter nach unten, und auf der Au\u00dfenseite erzeugt es einen Hang, der bei 8 Metern beginnt und bis zu 25 Meter tief werden kann. Zertifizierte &#8230; <a title=\"Dia\u2019s Rock Tauchplatz\" class=\"read-more\" href=\"https:\/\/www.diversclub-crete.gr\/de\/sites-dias-rock\/\" aria-label=\"Read more about Dia\u2019s Rock Tauchplatz\">Read more<\/a><\/p>\n","protected":false},"author":2,"featured_media":0,"parent":0,"menu_order":0,"comment_status":"closed","ping_status":"closed","template":"","meta":{"footnotes":""},"class_list":["post-1136","page","type-page","status-publish"],"_links":{"self":[{"href":"https:\/\/www.diversclub-crete.gr\/de\/wp-json\/wp\/v2\/pages\/1136","targetHints":{"allow":["GET"]}}],"collection":[{"href":"https:\/\/www.diversclub-crete.gr\/de\/wp-json\/wp\/v2\/pages"}],"about":[{"href":"https:\/\/www.diversclub-crete.gr\/de\/wp-json\/wp\/v2\/types\/page"}],"author":[{"embeddable":true,"href":"https:\/\/www.diversclub-crete.gr\/de\/wp-json\/wp\/v2\/users\/2"}],"replies":[{"embeddable":true,"href":"https:\/\/www.diversclub-crete.gr\/de\/wp-json\/wp\/v2\/comments?post=1136"}],"version-history":[{"count":0,"href":"https:\/\/www.diversclub-crete.gr\/de\/wp-json\/wp\/v2\/pages\/1136\/revisions"}],"wp:attachment":[{"href":"https:\/\/www.diversclub-crete.gr\/de\/wp-json\/wp\/v2\/media?parent=1136"}],"curies":[{"name":"wp","href":"https:\/\/api.w.org\/{rel}","templated":true}]}}