{"id":1007,"date":"2019-03-27T16:17:23","date_gmt":"2019-03-27T14:17:23","guid":{"rendered":"https:\/\/divers.testix.eu\/refresher-course\/"},"modified":"2026-03-02T23:32:33","modified_gmt":"2026-03-02T21:32:33","slug":"refresher-course","status":"publish","type":"page","link":"https:\/\/www.diversclub-crete.gr\/de\/refresher-course\/","title":{"rendered":"Auffrischungskurs"},"content":{"rendered":"<h4>Warst du in letzter Zeit nicht tauchen?<\/h4>\n<p>Deine Zertifizierung l\u00e4uft nicht ab. Die Teilnahme an einem <strong>Refresher-Programm<\/strong> ist nicht obligatorisch, wird jedoch als einfache M\u00f6glichkeit empfohlen, Ihre grundlegenden Kenntnisse und F\u00e4higkeiten zur Tauchsicherheit aufzufrischen, wenn Sie eine Weile nicht getaucht sind.<\/p>\n<p>Wir bieten Ihnen drei verschiedene Optionen, um die f\u00fcr Sie am besten geeignete auszuw\u00e4hlen!<\/p>\n<h1>Auffrischungskurs<\/h1>\n<p>Das <strong>Refresher-Programm<\/strong> ist der perfekte Weg, um deine Tauchf\u00e4higkeiten und -kenntnisse aus dem Open Water Diver-Kurs auf den neuesten Stand zu bringen, bevor du wieder ins Wasser springst. Es ist schnell und einfach und eine gute M\u00f6glichkeit, sich auf Ihren n\u00e4chsten SSI Kurs vorzubereiten oder sich auf einen Bootstauchgang vorzubereiten.<\/p>\n<p>Zusammen mit einem unserer SSI Profis wiederholst du die Grundkenntnisse des Ger\u00e4tetauchens, \u00fcbst das Zusammenstellen deiner Ausr\u00fcstung und machst einen Sicherheitscheck vor dem Tauchgang. Im Wasser wiederholen Sie alle grundlegenden und wichtigsten Tauchf\u00e4higkeiten, wobei Sie sich auf eine gute Tarierung konzentrieren, einschlie\u00dflich Maskenfreigabe, Freigabe und Wiederherstellung des Atemreglers, Verwendung von Oktopussen usw. und einen kurzen Tauchgang nach Abschluss der Fertigkeiten. Das Programm findet vom Ufer aus und in einer maximalen Tiefe von 10 Metern statt.<\/p>\n<p>Wir starten dieses Programm normalerweise morgens, was etwa zweieinhalb bis drei Stunden dauert und mit einem zus\u00e4tzlichen Bootstauchgang am Nachmittag kombiniert werden kann!<\/p>\n<div class=\"attention\">\n<p><strong>Preis des Auffrischungskurses:<\/strong> 60\u20ac Ausr\u00fcstungsmiete nicht inbegriffen<\/p>\n<p><strong>Auffrischungskurs + 1 zus\u00e4tzlicher Bootstauchgang Preis:<\/strong> 105\u20ac Ausr\u00fcstungsmiete nicht inbegriffen<\/p>\n<\/div>\n<div class=\"bookbutton\"><a href=\"https:\/\/diversclubcrete.bloowatch.com\/booking?categoryId=11533\" target=\"_blank\" rel=\"noopener\">Book Now<\/a><\/div>\n<p><a href=\"https:\/\/www.diversclub-crete.gr\/wp-content\/uploads\/2026\/03\/price-list-2026-diversclub-crete.pdf\">Preisliste<\/a> &#8211; <a href=\"https:\/\/www.diversclub-crete.gr\/de\/taucher-medizincheck-kandidaten-fragebogen\/\">Taucher Medizincheck<\/a>\u00a0\u2013\u00a0<a href=\"https:\/\/www.diversclub-crete.gr\/de\/stornierungsbedingungen\/\">Stornierungsbedingungen<\/a><\/p>\n<h1>Beach-Check-Tauchgang<\/h1>\n<p>Wenn Sie eine Weile nicht getaucht sind, aber der Meinung sind, dass Sie keine Theorie- und Tauchfertigkeitspr\u00fcfung ben\u00f6tigen, dann ist dies die richtige Option, um wieder mit dem Tauchen zu beginnen, bevor Sie sich auf einen anspruchsvolleren Bootstauchgang st\u00fcrzen.<\/p>\n<p>Zusammen mit Ihrem Tauchlehrer bauen Sie Ihre Tauchausr\u00fcstung auf und nach einer kurzen Einweisung steigen Sie f\u00fcr einen 40-min\u00fctigen Tauchgang vom Ufer ins Wasser in einer maximalen Tiefe von 12 Metern. Bevor Sie jedoch Ihren Tauchgang beginnen, haben Sie die M\u00f6glichkeit, im flachen Wasser drei grundlegende Tauchfertigkeiten zu \u00fcben: Maskenfreigabe, Freigabe des Atemreglers und Wiederherstellung des Atemreglers!<\/p>\n<p>Wir kontaktieren dieses Programm normalerweise morgens und Sie k\u00f6nnen es mit einem zus\u00e4tzlichen Bootstauchgang am Nachmittag kombinieren!<\/p>\n<div class=\"attention\">\n<p><strong>Beach Check Dive Preis:<\/strong> 40\u20ac Ausr\u00fcstungsmiete nicht inbegriffen<\/p>\n<\/div>\n<div class=\"bookbutton\"><a href=\"https:\/\/diversclubcrete.bloowatch.com\/booking?categoryId=11533\" target=\"_blank\" rel=\"noopener\">Book Now<\/a><\/div>\n<p><a href=\"https:\/\/www.diversclub-crete.gr\/wp-content\/uploads\/2026\/03\/price-list-2026-diversclub-crete.pdf\">Preisliste<\/a> &#8211; <a href=\"https:\/\/www.diversclub-crete.gr\/de\/taucher-medizincheck-kandidaten-fragebogen\/\">Taucher Medizincheck<\/a>\u00a0\u2013\u00a0<a href=\"https:\/\/www.diversclub-crete.gr\/de\/stornierungsbedingungen\/\">Stornierungsbedingungen<\/a><\/p>\n","protected":false},"excerpt":{"rendered":"<p>Warst du in letzter Zeit nicht tauchen? Deine Zertifizierung l\u00e4uft nicht ab. Die Teilnahme an einem Refresher-Programm ist nicht obligatorisch, wird jedoch als einfache M\u00f6glichkeit empfohlen, Ihre grundlegenden Kenntnisse und F\u00e4higkeiten zur Tauchsicherheit aufzufrischen, wenn Sie eine Weile nicht getaucht sind. Wir bieten Ihnen drei verschiedene Optionen, um die f\u00fcr Sie am besten geeignete auszuw\u00e4hlen! &#8230; <a title=\"Auffrischungskurs\" class=\"read-more\" href=\"https:\/\/www.diversclub-crete.gr\/de\/refresher-course\/\" aria-label=\"Read more about Auffrischungskurs\">Read more<\/a><\/p>\n","protected":false},"author":2,"featured_media":0,"parent":0,"menu_order":0,"comment_status":"closed","ping_status":"closed","template":"","meta":{"footnotes":""},"class_list":["post-1007","page","type-page","status-publish"],"_links":{"self":[{"href":"https:\/\/www.diversclub-crete.gr\/de\/wp-json\/wp\/v2\/pages\/1007","targetHints":{"allow":["GET"]}}],"collection":[{"href":"https:\/\/www.diversclub-crete.gr\/de\/wp-json\/wp\/v2\/pages"}],"about":[{"href":"https:\/\/www.diversclub-crete.gr\/de\/wp-json\/wp\/v2\/types\/page"}],"author":[{"embeddable":true,"href":"https:\/\/www.diversclub-crete.gr\/de\/wp-json\/wp\/v2\/users\/2"}],"replies":[{"embeddable":true,"href":"https:\/\/www.diversclub-crete.gr\/de\/wp-json\/wp\/v2\/comments?post=1007"}],"version-history":[{"count":3,"href":"https:\/\/www.diversclub-crete.gr\/de\/wp-json\/wp\/v2\/pages\/1007\/revisions"}],"predecessor-version":[{"id":7770,"href":"https:\/\/www.diversclub-crete.gr\/de\/wp-json\/wp\/v2\/pages\/1007\/revisions\/7770"}],"wp:attachment":[{"href":"https:\/\/www.diversclub-crete.gr\/de\/wp-json\/wp\/v2\/media?parent=1007"}],"curies":[{"name":"wp","href":"https:\/\/api.w.org\/{rel}","templated":true}]}}